{"id":1755,"date":"2022-10-27T12:55:03","date_gmt":"2022-10-27T10:55:03","guid":{"rendered":"https:\/\/www.v-valley.com\/?page_id=1755"},"modified":"2022-10-30T10:05:17","modified_gmt":"2022-10-30T09:05:17","slug":"veeam","status":"publish","type":"page","link":"https:\/\/www.v-valley.com\/it\/vendor\/veeam\/","title":{"rendered":"Veeam"},"content":{"rendered":"\n\n\t\t\t\t<img loading=\"lazy\" decoding=\"async\" src=\"https:\/\/statics.v-valley.com\/prod\/2022\/10\/logo_veeam.gif\" alt=\"logo_veeam\" itemprop=\"image\" height=\"48\" width=\"128\" title=\"logo_veeam\" onerror=\"this.style.display='none'\"  \/>\n<h2>\n\t\tCHI \u00c8 VEEAM?\n\t<\/h2>\n\t<p>Veeam Software \u00e8 una societ\u00e0 informatica statunitense a capitale privato, con un team di leadership con base negli Stati Uniti. Fondata nel 2006 aveva inizialmente come focus la semplificazione dei backup per macchine virtuali. Oggi Veeam \u00e8 il leader nelle soluzioni di backup, ripristino e gestione dei dati che forniscono la Modern Data Protection.<\/p>\n<h2>\n\t\tI PRODOTTI DI VEEAM\n\t<\/h2>\n\t<p>Veeam sviluppa soluzioni di backup, Disaster recovery e Intelligent data management per le infrastrutture virtuali, fisiche e multi-cloud. Veeam offre la gestione delle proprie soluzioni tramite un&#8217;unica piattaforma per ambienti cloud, virtuali, fisici, SaaS e Kubernetes.<\/p>\n\t<p>Backup &amp; Recovery<\/p>\n\t<p>Data management<\/p>\n\t<p>Soluzioni Cloud<\/p>\n\n","protected":false},"excerpt":{"rendered":"<p>CHI \u00c8 VEEAM? Veeam Software \u00e8 una societ\u00e0 informatica statunitense a capitale privato, con un team di leadership con base negli Stati Uniti. Fondata nel 2006 aveva inizialmente come focus la semplificazione dei backup per macchine virtuali. Oggi Veeam \u00e8 il leader nelle soluzioni di backup, ripristino e gestione dei dati che forniscono la Modern [&hellip;]<\/p>\n","protected":false},"author":7,"featured_media":0,"parent":465,"menu_order":0,"comment_status":"closed","ping_status":"closed","template":"templates\/template-vendor-category.php","meta":{"_acf_changed":false,"_genesis_hide_title":false,"_genesis_hide_breadcrumbs":false,"_genesis_hide_singular_image":false,"_genesis_hide_footer_widgets":false,"_genesis_custom_body_class":"","_genesis_custom_post_class":"","_genesis_layout":"","footnotes":""},"class_list":{"0":"post-1755","1":"page","2":"type-page","3":"status-publish","5":"entry"},"acf":[],"_links":{"self":[{"href":"https:\/\/www.v-valley.com\/it\/wp-json\/wp\/v2\/pages\/1755","targetHints":{"allow":["GET"]}}],"collection":[{"href":"https:\/\/www.v-valley.com\/it\/wp-json\/wp\/v2\/pages"}],"about":[{"href":"https:\/\/www.v-valley.com\/it\/wp-json\/wp\/v2\/types\/page"}],"author":[{"embeddable":true,"href":"https:\/\/www.v-valley.com\/it\/wp-json\/wp\/v2\/users\/7"}],"replies":[{"embeddable":true,"href":"https:\/\/www.v-valley.com\/it\/wp-json\/wp\/v2\/comments?post=1755"}],"version-history":[{"count":0,"href":"https:\/\/www.v-valley.com\/it\/wp-json\/wp\/v2\/pages\/1755\/revisions"}],"up":[{"embeddable":true,"href":"https:\/\/www.v-valley.com\/it\/wp-json\/wp\/v2\/pages\/465"}],"wp:attachment":[{"href":"https:\/\/www.v-valley.com\/it\/wp-json\/wp\/v2\/media?parent=1755"}],"curies":[{"name":"wp","href":"https:\/\/api.w.org\/{rel}","templated":true}]}}