{"id":1739,"date":"2022-10-27T12:44:15","date_gmt":"2022-10-27T10:44:15","guid":{"rendered":"https:\/\/www.v-valley.com\/?page_id=1739"},"modified":"2022-11-07T12:14:53","modified_gmt":"2022-11-07T11:14:53","slug":"microsoft","status":"publish","type":"page","link":"https:\/\/www.v-valley.com\/it\/vendor\/microsoft\/","title":{"rendered":"Microsoft"},"content":{"rendered":"\n\n\t\t\t\t<img loading=\"lazy\" decoding=\"async\" src=\"https:\/\/statics.v-valley.com\/prod\/2022\/11\/logo_Microsoft.gif\" alt=\"logo_Microsoft\" itemprop=\"image\" height=\"55\" width=\"140\" title=\"logo_Microsoft\" onerror=\"this.style.display='none'\"  \/>\n<h2>\n\t\tCHI \u00c8 MICROSOFT?\n\t<\/h2>\n\t<p>Microsoft si pone come obiettivo principale quello di promuovere il progresso dei singoli individui e delle organizzazioni attraverso la progettazione e la distribuzione di soluzioni innovative, con un focus particolare sull&#8217;ambito Cloud. Microsoft offre soluzioni Cloud e on-premise in molteplici ambiti: sistemi operativi, applicazioni server per ambienti informatici distribuiti, applicativi per la produttivit\u00e0, la collaborazione e la comunicazione, soluzioni di gestione dispositivi e sicurezza avanzata, strumenti di gestione desktop e server, strumenti di sviluppo software, videogiochi oltre a dispositivi hardware (Surface), console di gioco e accessori. Il suo focus \u00e8 sulle soluzioni Cloud, le quali forniscono ai clienti software, servizi e contenuti tramite risorse di elaborazione condivise situate in Data Center centralizzati. <\/p>\n<h2>\n\t\tI PRODOTTI DI MICROSOFT\n\t<\/h2>\n\t<p>Microsoft fornisce soluzioni Cloud e on-premise volte a consentire alle persone e alle aziende di tutto il mondo di realizzare il loro pieno potenziale attraverso tecnologie che trasformano il modo in cui le persone lavorano, giocano e comunicano. Sviluppa e commercializza software, servizi e dispositivi hardware che offrono nuove opportunit\u00e0, maggiore praticit\u00e0 e maggiore valore per la vita e l&#8217;attivit\u00e0 lavorativa delle persone. Le sue soluzioni e i suoi prodotti vengono quotidianamente utilizzati dalle organizzazioni sia pubbliche che private. In particolare, le sue soluzioni Cloud sono progettate per ottimizzare la produttivit\u00e0 degli individui e migliorare la collaborazione e la comunicazione tra team. I prodotti principali in ambito produttivit\u00e0 sono le suite Microsoft 365, distribuite come sottoscrizioni Cloud. Inoltre la piattaforma Microsoft Azure offre servizi di cloud computing in vari ambiti: risorse di elaborazione, archiviazione, memorizzazione, trasmissione dati e interconnessione di reti, analisi, AI, apprendimento automatico, sicurezza e gestione delle identit\u00e0, monitoraggio e gestione, nonch\u00e9 servizi per lo sviluppo di applicazioni. Inoltre, Microsoft fornisce le Suite di Office in versione boxata e in versione ESD (licenza elettronica), il miglior modo per abbinare la produttivit\u00e0 ai Device. Fornisce inoltre i Sistemi Operativi Client (windows) sia in versione boxata che in OEM, prodotto specifico per assemblatori e system builders. In OEM anche Sistemi Operativi Server con relative CAL.<\/p>\n\t<p>Soluzioni Cloud<\/p>\n\t<p>Sistemi Operativi Client &amp; Server<\/p>\n\t<p>Office Suite<\/p>\n\t<p>Infrastruttura Cloud<\/p>\n\t<p>Backup &amp; Recovery<\/p>\n\t<p>Cyber Protection<\/p>\n\t<p>End Point Protection<\/p>\n\t<p>Database \/ Data Management<\/p>\n\t<p>CRM\/ERP<\/p>\n\t<p>Gestione Documenti<\/p>\n\t<p>Collaboration<\/p>\n\t<p>File Hosting<\/p>\n\t<p>Soluzioni di virtualizzazione del Desktop<\/p>\n\n","protected":false},"excerpt":{"rendered":"<p>CHI \u00c8 MICROSOFT? Microsoft si pone come obiettivo principale quello di promuovere il progresso dei singoli individui e delle organizzazioni attraverso la progettazione e la distribuzione di soluzioni innovative, con un focus particolare sull&#8217;ambito Cloud. Microsoft offre soluzioni Cloud e on-premise in molteplici ambiti: sistemi operativi, applicazioni server per ambienti informatici distribuiti, applicativi per la [&hellip;]<\/p>\n","protected":false},"author":7,"featured_media":0,"parent":465,"menu_order":0,"comment_status":"closed","ping_status":"closed","template":"templates\/template-vendor-category.php","meta":{"_acf_changed":false,"_genesis_hide_title":false,"_genesis_hide_breadcrumbs":false,"_genesis_hide_singular_image":false,"_genesis_hide_footer_widgets":false,"_genesis_custom_body_class":"","_genesis_custom_post_class":"","_genesis_layout":"","footnotes":""},"class_list":{"0":"post-1739","1":"page","2":"type-page","3":"status-publish","5":"entry"},"acf":[],"_links":{"self":[{"href":"https:\/\/www.v-valley.com\/it\/wp-json\/wp\/v2\/pages\/1739","targetHints":{"allow":["GET"]}}],"collection":[{"href":"https:\/\/www.v-valley.com\/it\/wp-json\/wp\/v2\/pages"}],"about":[{"href":"https:\/\/www.v-valley.com\/it\/wp-json\/wp\/v2\/types\/page"}],"author":[{"embeddable":true,"href":"https:\/\/www.v-valley.com\/it\/wp-json\/wp\/v2\/users\/7"}],"replies":[{"embeddable":true,"href":"https:\/\/www.v-valley.com\/it\/wp-json\/wp\/v2\/comments?post=1739"}],"version-history":[{"count":0,"href":"https:\/\/www.v-valley.com\/it\/wp-json\/wp\/v2\/pages\/1739\/revisions"}],"up":[{"embeddable":true,"href":"https:\/\/www.v-valley.com\/it\/wp-json\/wp\/v2\/pages\/465"}],"wp:attachment":[{"href":"https:\/\/www.v-valley.com\/it\/wp-json\/wp\/v2\/media?parent=1739"}],"curies":[{"name":"wp","href":"https:\/\/api.w.org\/{rel}","templated":true}]}}