{"id":1709,"date":"2022-10-27T12:14:30","date_gmt":"2022-10-27T10:14:30","guid":{"rendered":"https:\/\/www.v-valley.com\/?page_id=1709"},"modified":"2022-10-30T09:29:35","modified_gmt":"2022-10-30T08:29:35","slug":"yamaha","status":"publish","type":"page","link":"https:\/\/www.v-valley.com\/it\/vendor\/yamaha\/","title":{"rendered":"Yamaha"},"content":{"rendered":"\n\n\t\t\t\t<img loading=\"lazy\" decoding=\"async\" src=\"https:\/\/statics.v-valley.com\/prod\/2022\/10\/logo_yamaha.gif\" alt=\"logo_yamaha\" itemprop=\"image\" height=\"55\" width=\"140\" title=\"logo_yamaha\" onerror=\"this.style.display='none'\"  \/>\n<h2>\n\t\tCHI \u00c8 YAMAHA?\n\t<\/h2>\n\t<p>La storia di Yamaha inizi\u00f2 quando il suo fondatore, Torakusu Yamaha, ripar\u00f2 un organo ad ancia rotto nel 1887. Poco dopo complet\u00f2 con successo il primo organo ad ancia costruito in Giappone. Da allora, Yamaha ha continuato a produrre prodotti di alta qualit\u00e0 unendo l&#8217;artigianato tradizionale con l&#8217;avanzata tecnologia digitale. La qualit\u00e0 del suono prodotto da uno strumento musicale Yamaha riflette i lunghi anni di esperienza tecnica accumulata e l&#8217;abilit\u00e0 artigianale dell&#8217;Azienda. Con questa esperienza e sensibilit\u00e0 uniche, acquisite dalla nostra devozione al suono e alla musica, il Gruppo si impegna a creare entusiasmo e ispirazione culturale insieme a persone in tutto il mondo.<\/p>\n<h2>\n\t\tI PRODOTTI DI YAMAHA\n\t<\/h2>\n\t<p>Le soluzioni audio e videoconferenza di Yamaha semplificano la collaborazione e aumentano la produttivit\u00e0 in ogni ambiente. Grazie a queste tecnologie si annullano le distanze e le difficolt\u00e0 di comunicazione, cos\u00ec da poter condividere liberamente i progetti. La decennale esperienza di Yamaha nella realizzazione di sistemi microfonici, conference phone e video-soundbar garantisce qualit\u00e0 audio eccezionale, grande flessibilit\u00e0 e connettivit\u00e0 semplificata per ogni campo di utilizzo. Le opzioni cablate e wireless si adattano a qualunque esigenza di comunicazione aziendale. Yamaha applica al mondo Unified Communications la stessa passione per il suono e la qualit\u00e0 dei suoi strumenti, che \u00e8 stata fonte di ispirazione nel mercato musicale per oltre 130 anni.<\/p>\n\t<p>Audio e Videoconferenza &#8211; Sistemi<\/p>\n\t<p>Sistemi audio di sala<\/p>\n\n","protected":false},"excerpt":{"rendered":"<p>CHI \u00c8 YAMAHA? La storia di Yamaha inizi\u00f2 quando il suo fondatore, Torakusu Yamaha, ripar\u00f2 un organo ad ancia rotto nel 1887. Poco dopo complet\u00f2 con successo il primo organo ad ancia costruito in Giappone. Da allora, Yamaha ha continuato a produrre prodotti di alta qualit\u00e0 unendo l&#8217;artigianato tradizionale con l&#8217;avanzata tecnologia digitale. La qualit\u00e0 [&hellip;]<\/p>\n","protected":false},"author":7,"featured_media":0,"parent":465,"menu_order":0,"comment_status":"closed","ping_status":"closed","template":"templates\/template-vendor-category.php","meta":{"_acf_changed":false,"_genesis_hide_title":false,"_genesis_hide_breadcrumbs":false,"_genesis_hide_singular_image":false,"_genesis_hide_footer_widgets":false,"_genesis_custom_body_class":"","_genesis_custom_post_class":"","_genesis_layout":"","footnotes":""},"class_list":{"0":"post-1709","1":"page","2":"type-page","3":"status-publish","5":"entry"},"acf":[],"_links":{"self":[{"href":"https:\/\/www.v-valley.com\/it\/wp-json\/wp\/v2\/pages\/1709","targetHints":{"allow":["GET"]}}],"collection":[{"href":"https:\/\/www.v-valley.com\/it\/wp-json\/wp\/v2\/pages"}],"about":[{"href":"https:\/\/www.v-valley.com\/it\/wp-json\/wp\/v2\/types\/page"}],"author":[{"embeddable":true,"href":"https:\/\/www.v-valley.com\/it\/wp-json\/wp\/v2\/users\/7"}],"replies":[{"embeddable":true,"href":"https:\/\/www.v-valley.com\/it\/wp-json\/wp\/v2\/comments?post=1709"}],"version-history":[{"count":0,"href":"https:\/\/www.v-valley.com\/it\/wp-json\/wp\/v2\/pages\/1709\/revisions"}],"up":[{"embeddable":true,"href":"https:\/\/www.v-valley.com\/it\/wp-json\/wp\/v2\/pages\/465"}],"wp:attachment":[{"href":"https:\/\/www.v-valley.com\/it\/wp-json\/wp\/v2\/media?parent=1709"}],"curies":[{"name":"wp","href":"https:\/\/api.w.org\/{rel}","templated":true}]}}