{"id":1701,"date":"2022-10-27T12:10:15","date_gmt":"2022-10-27T10:10:15","guid":{"rendered":"https:\/\/www.v-valley.com\/?page_id=1701"},"modified":"2022-10-27T18:04:26","modified_gmt":"2022-10-27T16:04:26","slug":"yealink","status":"publish","type":"page","link":"https:\/\/www.v-valley.com\/it\/vendor\/yealink\/","title":{"rendered":"Yealink"},"content":{"rendered":"\n\n\t\t\t\t<img loading=\"lazy\" decoding=\"async\" src=\"https:\/\/statics.v-valley.com\/prod\/2022\/10\/logo_yealink.gif\" alt=\"logo_yealink\" itemprop=\"image\" height=\"55\" width=\"140\" title=\"logo_yealink\" onerror=\"this.style.display='none'\"  \/>\n\t\t\t\t<img decoding=\"async\" src=\"https:\/\/www.v-valley.com\/wp-content\/plugins\/bb-plugin\/img\/pixel.png\" alt=\"\" itemprop=\"image\" onerror=\"this.style.display='none'\"  \/>\n<h2>\n\t\tCHI \u00c8 YEALINK?\n\t<\/h2>\n\t<p>Yealink \u00e8 un brand specializzato in telefoni VoIP professionali, attivo nel mercato dal 2001. La compatibilit\u00e0 dei telefoni Yealink con lo standard SIP permette l&#8217;interoperabilit\u00e0 con i maggiori centralini SIP based presenti sul mercato. I telefoni VoIP Yealink dispongono di numerose funzionalit\u00e0 atte a semplificare la comunicazione con standard di sicurezza e qualit\u00e0 ottimali, e sono ideati e sviluppati per garantire la massima compatibilit\u00e0 con un gran numero di IP-PBX che supportano il protocollo SIP. Yealink \u00e8 un brand che si adatta alle esigenze del mercato: continua sempre a rinnovarsi, ad esempio lanciando il nuovo sistema multicella W80 e soluzioni ideali per lo smart-working, come le cuffie UH36.<\/p>\n<h2>\n\t\tI PRODOTTI DI YEALINK\n\t<\/h2>\n\t<p>Yealink produce telefoni VOIP e sistemi DECT in grado di adattarsi a tutte le situazioni ed esigenze, dalla gamma entrylevel ai prodotti pi\u00f9 avanzati. Offre device USB e sistemi di audioconferenza e videoconferenza, anche certificati per Microsoft Teams.<\/p>\n\t<p>Sistemi DECT &#8211; Celle<\/p>\n\t<p>Sistemi DECT &#8211; Telefoni<\/p>\n\t<p>Telefoni IP e VOIP<\/p>\n\t<p>Speakerphone<\/p>\n\t<p>Cuffie con cavo<\/p>\n\t<p>Audio e Videoconferenza &#8211; Sistemi<\/p>\n\n","protected":false},"excerpt":{"rendered":"<p>CHI \u00c8 YEALINK? Yealink \u00e8 un brand specializzato in telefoni VoIP professionali, attivo nel mercato dal 2001. La compatibilit\u00e0 dei telefoni Yealink con lo standard SIP permette l&#8217;interoperabilit\u00e0 con i maggiori centralini SIP based presenti sul mercato. I telefoni VoIP Yealink dispongono di numerose funzionalit\u00e0 atte a semplificare la comunicazione con standard di sicurezza e [&hellip;]<\/p>\n","protected":false},"author":7,"featured_media":0,"parent":465,"menu_order":0,"comment_status":"closed","ping_status":"closed","template":"templates\/template-vendor-category.php","meta":{"_acf_changed":false,"_genesis_hide_title":false,"_genesis_hide_breadcrumbs":false,"_genesis_hide_singular_image":false,"_genesis_hide_footer_widgets":false,"_genesis_custom_body_class":"","_genesis_custom_post_class":"","_genesis_layout":"","footnotes":""},"class_list":{"0":"post-1701","1":"page","2":"type-page","3":"status-publish","5":"entry"},"acf":[],"_links":{"self":[{"href":"https:\/\/www.v-valley.com\/it\/wp-json\/wp\/v2\/pages\/1701","targetHints":{"allow":["GET"]}}],"collection":[{"href":"https:\/\/www.v-valley.com\/it\/wp-json\/wp\/v2\/pages"}],"about":[{"href":"https:\/\/www.v-valley.com\/it\/wp-json\/wp\/v2\/types\/page"}],"author":[{"embeddable":true,"href":"https:\/\/www.v-valley.com\/it\/wp-json\/wp\/v2\/users\/7"}],"replies":[{"embeddable":true,"href":"https:\/\/www.v-valley.com\/it\/wp-json\/wp\/v2\/comments?post=1701"}],"version-history":[{"count":0,"href":"https:\/\/www.v-valley.com\/it\/wp-json\/wp\/v2\/pages\/1701\/revisions"}],"up":[{"embeddable":true,"href":"https:\/\/www.v-valley.com\/it\/wp-json\/wp\/v2\/pages\/465"}],"wp:attachment":[{"href":"https:\/\/www.v-valley.com\/it\/wp-json\/wp\/v2\/media?parent=1701"}],"curies":[{"name":"wp","href":"https:\/\/api.w.org\/{rel}","templated":true}]}}