{"id":1697,"date":"2022-10-27T11:57:58","date_gmt":"2022-10-27T09:57:58","guid":{"rendered":"https:\/\/www.v-valley.com\/?page_id=1697"},"modified":"2024-07-24T09:44:42","modified_gmt":"2024-07-24T07:44:42","slug":"snom","status":"publish","type":"page","link":"https:\/\/www.v-valley.com\/it\/vendor\/snom\/","title":{"rendered":"Snom"},"content":{"rendered":"\n\n\t\t\t\t<img loading=\"lazy\" decoding=\"async\" src=\"https:\/\/statics.v-valley.com\/prod\/2022\/10\/logo_snom.gif\" alt=\"logo_snom\" itemprop=\"image\" height=\"55\" width=\"140\" title=\"logo_snom\" onerror=\"this.style.display='none'\"  \/>\n<h2>\n\t\tCHI \u00c8 SNOM?\n\t<\/h2>\n\t<p>Fondata a Berlino nel 1997, Snom si \u00e8 affermata quale pioniere per terminali e soluzioni VoIP (voice over IP) professionali. Dal 2016, Snom fa parte del gruppo VTech, il pi\u00f9 grande produttore mondiale di telefoni cordless. Universalmente compatibili con le principali piattaforme PBX, si propone con un approccio consapevole alla qualit\u00e0 attraverso lo sviluppo e il controllo interno di tutti i prodotti e servizi, vantando oltre 4.000 partner e oltre 7 milioni di installazioni a livello globale.<\/p>\n<h2>\n\t\tI PRODOTTI DI SNOM\n\t<\/h2>\n\tLeader in soluzioni DECT e Desktop in ambito VoIP, Snom offre qualit\u00e0, sicurezza, interoperabilit\u00e0, design, e, soprattutto, funzionalit\u00e0 che rispondono alle esigenze della moderna comunicazione aziendale tra cui garanzia di 36 mesi sui prodotti della serie D3xx, D7xx, PAx, Mxx e cuffie.<br \/>\nTutti gli apparati IP sono compatibili con i principali IP-PBX, tra cui Kalliope PBX, 3CX, Asterisk, Boradsoft, Epygi, Yeastar e altri ancora.\n\t<p>Sistemi DECT &#8211; Celle<\/p>\n\t<p>Sistemi DECT &#8211; Telefoni<\/p>\n\t<p>Telefoni IP e VOIP<\/p>\n\t<p>Speakerphone<\/p>\n\t<p>Cuffie con cavo<\/p>\n\n","protected":false},"excerpt":{"rendered":"<p>CHI \u00c8 SNOM? Fondata a Berlino nel 1997, Snom si \u00e8 affermata quale pioniere per terminali e soluzioni VoIP (voice over IP) professionali. Dal 2016, Snom fa parte del gruppo VTech, il pi\u00f9 grande produttore mondiale di telefoni cordless. Universalmente compatibili con le principali piattaforme PBX, si propone con un approccio consapevole alla qualit\u00e0 attraverso [&hellip;]<\/p>\n","protected":false},"author":7,"featured_media":0,"parent":465,"menu_order":0,"comment_status":"closed","ping_status":"closed","template":"templates\/template-vendor-category.php","meta":{"_acf_changed":false,"_genesis_hide_title":false,"_genesis_hide_breadcrumbs":false,"_genesis_hide_singular_image":false,"_genesis_hide_footer_widgets":false,"_genesis_custom_body_class":"","_genesis_custom_post_class":"","_genesis_layout":"","footnotes":""},"class_list":{"0":"post-1697","1":"page","2":"type-page","3":"status-publish","5":"entry"},"acf":[],"_links":{"self":[{"href":"https:\/\/www.v-valley.com\/it\/wp-json\/wp\/v2\/pages\/1697","targetHints":{"allow":["GET"]}}],"collection":[{"href":"https:\/\/www.v-valley.com\/it\/wp-json\/wp\/v2\/pages"}],"about":[{"href":"https:\/\/www.v-valley.com\/it\/wp-json\/wp\/v2\/types\/page"}],"author":[{"embeddable":true,"href":"https:\/\/www.v-valley.com\/it\/wp-json\/wp\/v2\/users\/7"}],"replies":[{"embeddable":true,"href":"https:\/\/www.v-valley.com\/it\/wp-json\/wp\/v2\/comments?post=1697"}],"version-history":[{"count":1,"href":"https:\/\/www.v-valley.com\/it\/wp-json\/wp\/v2\/pages\/1697\/revisions"}],"predecessor-version":[{"id":589338,"href":"https:\/\/www.v-valley.com\/it\/wp-json\/wp\/v2\/pages\/1697\/revisions\/589338"}],"up":[{"embeddable":true,"href":"https:\/\/www.v-valley.com\/it\/wp-json\/wp\/v2\/pages\/465"}],"wp:attachment":[{"href":"https:\/\/www.v-valley.com\/it\/wp-json\/wp\/v2\/media?parent=1697"}],"curies":[{"name":"wp","href":"https:\/\/api.w.org\/{rel}","templated":true}]}}