{"id":1677,"date":"2022-10-27T11:49:08","date_gmt":"2022-10-27T09:49:08","guid":{"rendered":"https:\/\/www.v-valley.com\/?page_id=1677"},"modified":"2022-10-31T20:31:33","modified_gmt":"2022-10-31T19:31:33","slug":"alcatel-business","status":"publish","type":"page","link":"https:\/\/www.v-valley.com\/it\/vendor\/alcatel-business\/","title":{"rendered":"Alcatel Business"},"content":{"rendered":"\n\n\t\t\t\t<img loading=\"lazy\" decoding=\"async\" src=\"https:\/\/statics.v-valley.com\/prod\/2022\/10\/logo_Alcatel_business.gif\" alt=\"logo_Alcatel_business\" itemprop=\"image\" height=\"55\" width=\"140\" title=\"logo_Alcatel_business\" onerror=\"this.style.display='none'\"  \/>\n<h2>\n\t\tCHI \u00c8 ALCATEL BUSINESS?\n\t<\/h2>\n\tDai privati alle aziende, Alcatel Home &amp; Business sviluppa e commercializza gamme di prodotti progettati per soddisfare i consumatori e gli utenti pi\u00f9 esigenti grazie alla loro qualit\u00e0, al design vario e alla facilit\u00e0 d&#8217;uso.<br \/>\nAlcatel Home &amp; Business si impegna ad offrirvi telefoni fissi (cordless e con filo) ma anche prodotti Voice over IP e soluzioni per audioconferenze al miglior rapporto qualit\u00e0\/prezzo.\n<h2>\n\t\tI PRODOTTI DI ALCATEL BUSINESS\n\t<\/h2>\n\t<p>Alcatel Home &amp; Business produce telefoni analogici e VoIP (SIP) con o senza filo, insieme a soluzioni di audioconferenza progettate per soddisfare le esigenze di aziende, PMI e SoHo.<\/p>\n\t<p>Telefoni analogici<\/p>\n\t<p>Telefoni IP e VOIP<\/p>\n\t<p>Audioconferenza<\/p>\n\n","protected":false},"excerpt":{"rendered":"<p>CHI \u00c8 ALCATEL BUSINESS? Dai privati alle aziende, Alcatel Home &amp; Business sviluppa e commercializza gamme di prodotti progettati per soddisfare i consumatori e gli utenti pi\u00f9 esigenti grazie alla loro qualit\u00e0, al design vario e alla facilit\u00e0 d&#8217;uso. Alcatel Home &amp; Business si impegna ad offrirvi telefoni fissi (cordless e con filo) ma anche [&hellip;]<\/p>\n","protected":false},"author":7,"featured_media":0,"parent":465,"menu_order":0,"comment_status":"closed","ping_status":"closed","template":"templates\/template-vendor-category.php","meta":{"_acf_changed":false,"_genesis_hide_title":false,"_genesis_hide_breadcrumbs":false,"_genesis_hide_singular_image":false,"_genesis_hide_footer_widgets":false,"_genesis_custom_body_class":"","_genesis_custom_post_class":"","_genesis_layout":"","footnotes":""},"class_list":{"0":"post-1677","1":"page","2":"type-page","3":"status-publish","5":"entry"},"acf":[],"_links":{"self":[{"href":"https:\/\/www.v-valley.com\/it\/wp-json\/wp\/v2\/pages\/1677","targetHints":{"allow":["GET"]}}],"collection":[{"href":"https:\/\/www.v-valley.com\/it\/wp-json\/wp\/v2\/pages"}],"about":[{"href":"https:\/\/www.v-valley.com\/it\/wp-json\/wp\/v2\/types\/page"}],"author":[{"embeddable":true,"href":"https:\/\/www.v-valley.com\/it\/wp-json\/wp\/v2\/users\/7"}],"replies":[{"embeddable":true,"href":"https:\/\/www.v-valley.com\/it\/wp-json\/wp\/v2\/comments?post=1677"}],"version-history":[{"count":0,"href":"https:\/\/www.v-valley.com\/it\/wp-json\/wp\/v2\/pages\/1677\/revisions"}],"up":[{"embeddable":true,"href":"https:\/\/www.v-valley.com\/it\/wp-json\/wp\/v2\/pages\/465"}],"wp:attachment":[{"href":"https:\/\/www.v-valley.com\/it\/wp-json\/wp\/v2\/media?parent=1677"}],"curies":[{"name":"wp","href":"https:\/\/api.w.org\/{rel}","templated":true}]}}