{"id":1668,"date":"2022-10-27T11:41:27","date_gmt":"2022-10-27T09:41:27","guid":{"rendered":"https:\/\/www.v-valley.com\/?page_id=1668"},"modified":"2025-08-26T12:08:57","modified_gmt":"2025-08-26T10:08:57","slug":"3cx","status":"publish","type":"page","link":"https:\/\/www.v-valley.com\/it\/vendor\/3cx\/","title":{"rendered":"3CX"},"content":{"rendered":"\r\n<p><img loading=\"lazy\" decoding=\"async\" title=\"logo_3CX\" src=\"https:\/\/statics.v-valley.com\/prod\/2022\/10\/logo_3CX.gif\" alt=\"logo_3CX\" width=\"140\" height=\"55\" \/><\/p>\r\n<h2>CHI \u00c8 3CX?<\/h2>\r\n<p>3CX \u00e8 una societ\u00e0 di canale al 100% ed \u00e8 lo sviluppatore di 3CX Phone System, un IP PBX software a standard aperto che innova le comunicazioni e sostituisce il PBX proprietario. Il centralino telefonico 3CX riduce i costi di telecomunicazione e aumenta la produttivit\u00e0 e la mobilit\u00e0 aziendale. Grazie all&#8217;integrazione della conferenza, i softphone per Windows e i client smartphone per i telefoni Android, iOS e Windows, 3CX Phone System offrono alle aziende un pacchetto completo di Unified Communications.<\/p>\r\n<h2>I PRODOTTI DI 3CX<\/h2>\r\n<p>3CX \u00e8 una centrale IP PBX su standard SIP con piattaforma aperta che lavora con innumerevoli telefoni IP e trunk SIP, sia on-premise che in cloud.<br \/>Rappresenta una soluzione di comunicazione unificata e offre, oltre alle pi\u00f9 consuete funzionalit\u00e0 call center, diversi strumenti di Collaboration, dalla ricezione di chiamate in mobilit\u00e0 al web meeting, al modulo Hotel.<br \/>Tre principali edizioni Standard, Professional ed Enterprise, insieme alla scelta del numero di chiamate simultanee, consentono di scegliere il formato migliore in base alle esigenze.<br \/>Le licenze annuali offrono il maggior numero di possibilit\u00e0 a cui accedere dalle 4 alle 1024 chiamate simultanee (intese come chiamate fra interni, da esterno verso l&#8217;interno e dall&#8217;interno verso l&#8217;esterno).<\/p>\r\n<p>IP-PBX<\/p>\r\n<p>Piattaforma UCC<\/p>\r\n","protected":false},"excerpt":{"rendered":"<p>CHI \u00c8 3CX? 3CX \u00e8 una societ\u00e0 di canale al 100% ed \u00e8 lo sviluppatore di 3CX Phone System, un IP PBX software a standard aperto che innova le comunicazioni e sostituisce il PBX proprietario. Il centralino telefonico 3CX riduce i costi di telecomunicazione e aumenta la produttivit\u00e0 e la mobilit\u00e0 aziendale. Grazie all&#8217;integrazione della [&hellip;]<\/p>\n","protected":false},"author":7,"featured_media":0,"parent":465,"menu_order":0,"comment_status":"closed","ping_status":"closed","template":"templates\/template-vendor-category.php","meta":{"_acf_changed":false,"_genesis_hide_title":false,"_genesis_hide_breadcrumbs":false,"_genesis_hide_singular_image":false,"_genesis_hide_footer_widgets":false,"_genesis_custom_body_class":"","_genesis_custom_post_class":"","_genesis_layout":"","footnotes":""},"class_list":{"0":"post-1668","1":"page","2":"type-page","3":"status-publish","5":"entry"},"acf":[],"_links":{"self":[{"href":"https:\/\/www.v-valley.com\/it\/wp-json\/wp\/v2\/pages\/1668","targetHints":{"allow":["GET"]}}],"collection":[{"href":"https:\/\/www.v-valley.com\/it\/wp-json\/wp\/v2\/pages"}],"about":[{"href":"https:\/\/www.v-valley.com\/it\/wp-json\/wp\/v2\/types\/page"}],"author":[{"embeddable":true,"href":"https:\/\/www.v-valley.com\/it\/wp-json\/wp\/v2\/users\/7"}],"replies":[{"embeddable":true,"href":"https:\/\/www.v-valley.com\/it\/wp-json\/wp\/v2\/comments?post=1668"}],"version-history":[{"count":1,"href":"https:\/\/www.v-valley.com\/it\/wp-json\/wp\/v2\/pages\/1668\/revisions"}],"predecessor-version":[{"id":589201,"href":"https:\/\/www.v-valley.com\/it\/wp-json\/wp\/v2\/pages\/1668\/revisions\/589201"}],"up":[{"embeddable":true,"href":"https:\/\/www.v-valley.com\/it\/wp-json\/wp\/v2\/pages\/465"}],"wp:attachment":[{"href":"https:\/\/www.v-valley.com\/it\/wp-json\/wp\/v2\/media?parent=1668"}],"curies":[{"name":"wp","href":"https:\/\/api.w.org\/{rel}","templated":true}]}}