{"id":1660,"date":"2022-10-27T11:36:08","date_gmt":"2022-10-27T09:36:08","guid":{"rendered":"https:\/\/www.v-valley.com\/?page_id=1660"},"modified":"2024-07-24T09:41:27","modified_gmt":"2024-07-24T07:41:27","slug":"innovaphone","status":"publish","type":"page","link":"https:\/\/www.v-valley.com\/it\/vendor\/innovaphone\/","title":{"rendered":"Innovaphone"},"content":{"rendered":"\n\n\t\t\t\t<img loading=\"lazy\" decoding=\"async\" src=\"https:\/\/statics.v-valley.com\/prod\/2022\/10\/logo_innovaphone.gif\" alt=\"logo_innovaphone\" itemprop=\"image\" height=\"55\" width=\"140\" title=\"logo_innovaphone\" onerror=\"this.style.display='none'\"  \/>\n<h2>\n\t\tCHI \u00c8 INNOVAPHONE?\n\t<\/h2>\n\tInnovaphone offre soluzioni di comunicazione professionale personalizzabili e user friendly.<br \/>\nTutti i prodotti nascono nel reparto sviluppo in Germania e sono prodotti in Europa.<br \/>\nIl sistema operativo proprietario garantisce affidabilit\u00e0 e sicurezza.<br \/>\nIl Client di comunicazione Innovaphone myApps soddisfa tutte le funzioni di un UC Client e funziona allo stesso modo su tutti i dispositivi, con un&#8217;unica interfaccia utente. myApps semplifica la gestione dell&#8217;Innovaphone PBX e integra perfettamente la comunicazione nei processi di lavoro grazie alle numerose funzionalit\u00e0 UC accessibili sotto forma di singole applicazioni.\n<h2>\n\t\tI PRODOTTI DI INNOVAPHONE\n\t<\/h2>\n\tInnovaphone progetta il tuo ambiente di lavoro del futuro: flessibile, potente, accessibile da ogni dispositivo, in cui telefonia IP e Unified Communication e Collaboration sono perfettamente integrate. La premessa ottimale per la nuova modalit\u00e0 di lavoro ibrido.<br \/>\nLa sicurezza \u00e8 la nostra massima priorit\u00e0 ed \u00e8 garantita dal sistema operativo proprietario innovaphone e dall&#8217;implementazione di tutti i meccanismi di sicurezza rilevanti. Le nostre soluzioni portano i marchi di qualit\u00e0 &#8220;IT Security made in Germany&#8221; e &#8220;IT Security made in Europe&#8221;.\n\t<p>Gateway<\/p>\n\t<p>Centrali Telefoniche &#8211; Centrali Ibride<\/p>\n\t<p>IP-PBX<\/p>\n\t<p>Sistemi DECT &#8211; Telefoni<\/p>\n\t<p>Telefoni IP e VOIP<\/p>\n\n","protected":false},"excerpt":{"rendered":"<p>CHI \u00c8 INNOVAPHONE? Innovaphone offre soluzioni di comunicazione professionale personalizzabili e user friendly. Tutti i prodotti nascono nel reparto sviluppo in Germania e sono prodotti in Europa. Il sistema operativo proprietario garantisce affidabilit\u00e0 e sicurezza. Il Client di comunicazione Innovaphone myApps soddisfa tutte le funzioni di un UC Client e funziona allo stesso modo su [&hellip;]<\/p>\n","protected":false},"author":7,"featured_media":0,"parent":465,"menu_order":0,"comment_status":"closed","ping_status":"closed","template":"templates\/template-vendor-category.php","meta":{"_acf_changed":false,"_genesis_hide_title":false,"_genesis_hide_breadcrumbs":false,"_genesis_hide_singular_image":false,"_genesis_hide_footer_widgets":false,"_genesis_custom_body_class":"","_genesis_custom_post_class":"","_genesis_layout":"","footnotes":""},"class_list":{"0":"post-1660","1":"page","2":"type-page","3":"status-publish","5":"entry"},"acf":[],"_links":{"self":[{"href":"https:\/\/www.v-valley.com\/it\/wp-json\/wp\/v2\/pages\/1660","targetHints":{"allow":["GET"]}}],"collection":[{"href":"https:\/\/www.v-valley.com\/it\/wp-json\/wp\/v2\/pages"}],"about":[{"href":"https:\/\/www.v-valley.com\/it\/wp-json\/wp\/v2\/types\/page"}],"author":[{"embeddable":true,"href":"https:\/\/www.v-valley.com\/it\/wp-json\/wp\/v2\/users\/7"}],"replies":[{"embeddable":true,"href":"https:\/\/www.v-valley.com\/it\/wp-json\/wp\/v2\/comments?post=1660"}],"version-history":[{"count":1,"href":"https:\/\/www.v-valley.com\/it\/wp-json\/wp\/v2\/pages\/1660\/revisions"}],"predecessor-version":[{"id":589315,"href":"https:\/\/www.v-valley.com\/it\/wp-json\/wp\/v2\/pages\/1660\/revisions\/589315"}],"up":[{"embeddable":true,"href":"https:\/\/www.v-valley.com\/it\/wp-json\/wp\/v2\/pages\/465"}],"wp:attachment":[{"href":"https:\/\/www.v-valley.com\/it\/wp-json\/wp\/v2\/media?parent=1660"}],"curies":[{"name":"wp","href":"https:\/\/api.w.org\/{rel}","templated":true}]}}