{"id":1648,"date":"2022-10-27T11:27:36","date_gmt":"2022-10-27T09:27:36","guid":{"rendered":"https:\/\/www.v-valley.com\/?page_id=1648"},"modified":"2022-10-29T13:08:38","modified_gmt":"2022-10-29T11:08:38","slug":"poly","status":"publish","type":"page","link":"https:\/\/www.v-valley.com\/it\/vendor\/poly\/","title":{"rendered":"Poly"},"content":{"rendered":"\r\n\r\n\t\t\t\t<img loading=\"lazy\" decoding=\"async\" src=\"https:\/\/statics.v-valley.com\/prod\/2022\/10\/logo_Poly.png\" alt=\"logo_Poly\" itemprop=\"image\" height=\"55\" width=\"140\" title=\"logo_Poly\" onerror=\"this.style.display='none'\"  \/>\r\n\t\t\t\t<img decoding=\"async\" src=\"https:\/\/www.v-valley.com\/wp-content\/plugins\/bb-plugin\/img\/pixel.png\" alt=\"\" itemprop=\"image\" onerror=\"this.style.display='none'\"  \/>\r\n<h2>\r\n\t\tCHI \u00c8 POLY?\r\n\t<\/h2>\r\n\t&#8220;Poly&#8221; (precedentemente Plantronics e Polycom) \u00e8 una societ\u00e0 di comunicazione globale che alimenta una significativa connessione e collaborazione umana.<br \/>\r\nPoly combina la leggendaria esperienza audio e le potenti funzionalit\u00e0 di video e conferenza per colmare le distrazioni, la complessit\u00e0 e la distanza che rendono difficile la comunicazione dentro e fuori dal luogo di lavoro.<br \/>\r\nPoly crede nelle soluzioni che semplificano la vita quando si lavora insieme e con i servizi dei partner.<br \/>\r\nI nostri auricolari, software, desk phone, audio e videoconferenza, analytics e servizi sono utilizzati in tutto il mondo e rappresentano la scelta migliore per ogni tipo di spazio di lavoro.\r\n<h2>\r\n\t\tI PRODOTTI DI POLY\r\n\t<\/h2>\r\n\tLe soluzioni Poly semplificano le comunicazioni audio e video.<br \/>\r\nGrazie alle nostre cuffie, auricolari e speakerphone, i professionisti possono concentrarsi semplicemente sul messaggio che devono trasmettere senza preoccuparsi del dispositivo che utilizzano per trasferirlo.\r\n\t<p>Cuffie professionali con cavo<\/p>\r\n\t<p>Cuffie e auricolari professionali Bluetooth<\/p>\r\n\t<p>Cuffie e auricolari professionali wireless<\/p>\r\n\t<p>Speakerphone<\/p>\r\n\t<p>Apparati videoconferenza<\/p>\r\n\r\n","protected":false},"excerpt":{"rendered":"<p>CHI \u00c8 POLY? &#8220;Poly&#8221; (precedentemente Plantronics e Polycom) \u00e8 una societ\u00e0 di comunicazione globale che alimenta una significativa connessione e collaborazione umana. Poly combina la leggendaria esperienza audio e le potenti funzionalit\u00e0 di video e conferenza per colmare le distrazioni, la complessit\u00e0 e la distanza che rendono difficile la comunicazione dentro e fuori dal luogo [&hellip;]<\/p>\n","protected":false},"author":7,"featured_media":0,"parent":465,"menu_order":0,"comment_status":"closed","ping_status":"closed","template":"templates\/template-vendor-category.php","meta":{"_acf_changed":false,"_genesis_hide_title":false,"_genesis_hide_breadcrumbs":false,"_genesis_hide_singular_image":false,"_genesis_hide_footer_widgets":false,"_genesis_custom_body_class":"","_genesis_custom_post_class":"","_genesis_layout":"","footnotes":""},"class_list":{"0":"post-1648","1":"page","2":"type-page","3":"status-publish","5":"entry"},"acf":[],"_links":{"self":[{"href":"https:\/\/www.v-valley.com\/it\/wp-json\/wp\/v2\/pages\/1648","targetHints":{"allow":["GET"]}}],"collection":[{"href":"https:\/\/www.v-valley.com\/it\/wp-json\/wp\/v2\/pages"}],"about":[{"href":"https:\/\/www.v-valley.com\/it\/wp-json\/wp\/v2\/types\/page"}],"author":[{"embeddable":true,"href":"https:\/\/www.v-valley.com\/it\/wp-json\/wp\/v2\/users\/7"}],"replies":[{"embeddable":true,"href":"https:\/\/www.v-valley.com\/it\/wp-json\/wp\/v2\/comments?post=1648"}],"version-history":[{"count":0,"href":"https:\/\/www.v-valley.com\/it\/wp-json\/wp\/v2\/pages\/1648\/revisions"}],"up":[{"embeddable":true,"href":"https:\/\/www.v-valley.com\/it\/wp-json\/wp\/v2\/pages\/465"}],"wp:attachment":[{"href":"https:\/\/www.v-valley.com\/it\/wp-json\/wp\/v2\/media?parent=1648"}],"curies":[{"name":"wp","href":"https:\/\/api.w.org\/{rel}","templated":true}]}}