{"id":1550,"date":"2022-10-26T22:32:23","date_gmt":"2022-10-26T20:32:23","guid":{"rendered":"https:\/\/www.v-valley.com\/?page_id=1550"},"modified":"2022-10-27T17:52:01","modified_gmt":"2022-10-27T15:52:01","slug":"aten","status":"publish","type":"page","link":"https:\/\/www.v-valley.com\/it\/vendor\/aten\/","title":{"rendered":"ATEN"},"content":{"rendered":"\n\n\t\t\t\t<img loading=\"lazy\" decoding=\"async\" src=\"https:\/\/statics.v-valley.com\/prod\/2022\/10\/logo_aten.gif\" alt=\"logo_aten\" itemprop=\"image\" height=\"55\" width=\"140\" title=\"logo_aten\" onerror=\"this.style.display='none'\"  \/>\n<h2>\n\t\tCHI \u00c8 ATEN?\n\t<\/h2>\n\t<p>ATEN \u00e8 un&#8217;azienda specializzata in soluzioni di connettivit\u00e0 e gestione e tecnologie di accesso e condivisione. ATEN comprende soluzioni innovative applicate alla connettivit\u00e0, all&#8217;audio\/video professionale e alle energie pulite per consumatori, professionisti (SOHO), piccole e medie imprese (PMI) e grandi aziende.<\/p>\n<h2>\n\t\tI PRODOTTI DI ATEN\n\t<\/h2>\n\t<p>Le soluzioni SOHO e PMI di ATEN offrono una serie di prodotti KVM cablati, KVM desktop e LCD. Le soluzioni per grandi imprese offrono una serie di prodotti Over IP che consentono di gestire in maniera efficace l&#8217;infrastruttura informatica ovunque nel mondo. La linea audio\/video professionale offre soluzioni video intergrate per l&#8217;utilizzo casalingo e professionale tra cui applicazioni aziendali, educative, ospedaliere, commerciali e di home theater. La recente linea energia pulita offre soluzioni di risparmio energetico per data center con una gamma di PDU intelligenti in grado di fornire gestione energetica in tempo reale e indicatori di prestazioni locali e remote.<\/p>\n<p>ATEN \u00e8 specializzata in soluzioni di connettivit\u00e0 e gestione. I nostri prodotti vengono distribuiti attraverso una rete globale di vendita per soddisfare le esigenze di una vasta clientela. ATEN mantiene le promesse e rispetta i clienti. Siamo impegnati per fornire la miglior assistenza clienti del settore.<\/p>\n\t<p>Accessori monitor<\/p>\n\t<p>Accessori networking<\/p>\n\t<p>Accessori notebook<\/p>\n\t<p>Accessori rack<\/p>\n\t<p>Accessori tablet e ebook reader<\/p>\n\t<p>Adattatori<\/p>\n\t<p>KVM switch<\/p>\n\t<p>PDU<\/p>\n\t<p>Software box<\/p>\n\t<p>Switch<\/p>\n\t<p>Accessori sicurezza e monitoraggio ambientale<\/p>\n\n","protected":false},"excerpt":{"rendered":"<p>CHI \u00c8 ATEN? ATEN \u00e8 un&#8217;azienda specializzata in soluzioni di connettivit\u00e0 e gestione e tecnologie di accesso e condivisione. ATEN comprende soluzioni innovative applicate alla connettivit\u00e0, all&#8217;audio\/video professionale e alle energie pulite per consumatori, professionisti (SOHO), piccole e medie imprese (PMI) e grandi aziende. I PRODOTTI DI ATEN Le soluzioni SOHO e PMI di ATEN [&hellip;]<\/p>\n","protected":false},"author":7,"featured_media":0,"parent":465,"menu_order":0,"comment_status":"closed","ping_status":"closed","template":"templates\/template-vendor-category.php","meta":{"_acf_changed":false,"_genesis_hide_title":false,"_genesis_hide_breadcrumbs":false,"_genesis_hide_singular_image":false,"_genesis_hide_footer_widgets":false,"_genesis_custom_body_class":"","_genesis_custom_post_class":"","_genesis_layout":"","footnotes":""},"class_list":{"0":"post-1550","1":"page","2":"type-page","3":"status-publish","5":"entry"},"acf":[],"_links":{"self":[{"href":"https:\/\/www.v-valley.com\/it\/wp-json\/wp\/v2\/pages\/1550","targetHints":{"allow":["GET"]}}],"collection":[{"href":"https:\/\/www.v-valley.com\/it\/wp-json\/wp\/v2\/pages"}],"about":[{"href":"https:\/\/www.v-valley.com\/it\/wp-json\/wp\/v2\/types\/page"}],"author":[{"embeddable":true,"href":"https:\/\/www.v-valley.com\/it\/wp-json\/wp\/v2\/users\/7"}],"replies":[{"embeddable":true,"href":"https:\/\/www.v-valley.com\/it\/wp-json\/wp\/v2\/comments?post=1550"}],"version-history":[{"count":0,"href":"https:\/\/www.v-valley.com\/it\/wp-json\/wp\/v2\/pages\/1550\/revisions"}],"up":[{"embeddable":true,"href":"https:\/\/www.v-valley.com\/it\/wp-json\/wp\/v2\/pages\/465"}],"wp:attachment":[{"href":"https:\/\/www.v-valley.com\/it\/wp-json\/wp\/v2\/media?parent=1550"}],"curies":[{"name":"wp","href":"https:\/\/api.w.org\/{rel}","templated":true}]}}