{"id":1508,"date":"2022-10-26T21:50:28","date_gmt":"2022-10-26T19:50:28","guid":{"rendered":"https:\/\/www.v-valley.com\/?page_id=1508"},"modified":"2022-10-28T17:25:26","modified_gmt":"2022-10-28T15:25:26","slug":"datwyler","status":"publish","type":"page","link":"https:\/\/www.v-valley.com\/it\/vendor\/datwyler\/","title":{"rendered":"Datwyler"},"content":{"rendered":"\r\n\r\n\t\t\t\t<img loading=\"lazy\" decoding=\"async\" src=\"https:\/\/statics.v-valley.com\/prod\/2022\/10\/logo_datwyler.gif\" alt=\"logo_datwyler\" itemprop=\"image\" height=\"55\" width=\"140\" title=\"logo_datwyler\" onerror=\"this.style.display='none'\"  \/>\r\n<h2>\r\n\t\tCHI \u00c8 DATWYLER?\r\n\t<\/h2>\r\n\t<p>Datwyler IT Infra \u00e8 una realt\u00e0 internazionale con sede centrale in Svizzera e filiali in Europa, Medio Oriente e Asia. Datwyler consente alle organizzazioni di tutto il mondo di eseguire le proprie infrastrutture IT in modo trasparente e di scalare il proprio business con facilit\u00e0.<\/p>\r\n<h2>\r\n\t\tI PRODOTTI DI DATWYLER\r\n\t<\/h2>\r\n\tDatwyler fornisce dal singolo componente\u00a0\u00a0alla soluzione &#8220;chiavi in mano&#8221;.<br \/>\r\nFornisce in modo efficiente consulenza per il vostro progetto futuro, garantisce un puntuale avvio e offre un enorme potenziale di risparmio.<br \/>\r\nI dispositivi e le tecnologie sono costantemente in evoluzione, con intervalli di sviluppo sempre pi\u00f9 brevi. Perci\u00f2 le soluzioni di cablaggio Datwyler sono progettate per le applicazioni future. Questo garantisce la redditivit\u00e0 dei vostri investimenti a lungo termine.<br \/>\r\nLe soluzioni innovative di Datwyler non sono solo conformi agli standard internazionali, ma stabiliscono spesso nuovi parametri di riferimento.\r\n\t<p>Accessori patch panel<\/p>\r\n\t<p>Accessori presa utente<\/p>\r\n\t<p>Accessori rack<\/p>\r\n\t<p>Cablaggio in fibra ottica<\/p>\r\n\t<p>Cablaggio in rame<\/p>\r\n\t<p>Cavo in rame<\/p>\r\n\t<p>Cavo in fibra ottica<\/p>\r\n\t<p>Consolidation point<\/p>\r\n\t<p>PDU<\/p>\r\n\t<p>Presa utente<\/p>\r\n\t<p>Rack<\/p>\r\n\t<p>Utensili<\/p>\r\n\r\n","protected":false},"excerpt":{"rendered":"<p>CHI \u00c8 DATWYLER? Datwyler IT Infra \u00e8 una realt\u00e0 internazionale con sede centrale in Svizzera e filiali in Europa, Medio Oriente e Asia. Datwyler consente alle organizzazioni di tutto il mondo di eseguire le proprie infrastrutture IT in modo trasparente e di scalare il proprio business con facilit\u00e0. I PRODOTTI DI DATWYLER Datwyler fornisce dal [&hellip;]<\/p>\n","protected":false},"author":7,"featured_media":0,"parent":465,"menu_order":0,"comment_status":"closed","ping_status":"closed","template":"templates\/template-vendor-category.php","meta":{"_acf_changed":false,"_genesis_hide_title":false,"_genesis_hide_breadcrumbs":false,"_genesis_hide_singular_image":false,"_genesis_hide_footer_widgets":false,"_genesis_custom_body_class":"","_genesis_custom_post_class":"","_genesis_layout":"","footnotes":""},"class_list":{"0":"post-1508","1":"page","2":"type-page","3":"status-publish","5":"entry"},"acf":[],"_links":{"self":[{"href":"https:\/\/www.v-valley.com\/it\/wp-json\/wp\/v2\/pages\/1508","targetHints":{"allow":["GET"]}}],"collection":[{"href":"https:\/\/www.v-valley.com\/it\/wp-json\/wp\/v2\/pages"}],"about":[{"href":"https:\/\/www.v-valley.com\/it\/wp-json\/wp\/v2\/types\/page"}],"author":[{"embeddable":true,"href":"https:\/\/www.v-valley.com\/it\/wp-json\/wp\/v2\/users\/7"}],"replies":[{"embeddable":true,"href":"https:\/\/www.v-valley.com\/it\/wp-json\/wp\/v2\/comments?post=1508"}],"version-history":[{"count":0,"href":"https:\/\/www.v-valley.com\/it\/wp-json\/wp\/v2\/pages\/1508\/revisions"}],"up":[{"embeddable":true,"href":"https:\/\/www.v-valley.com\/it\/wp-json\/wp\/v2\/pages\/465"}],"wp:attachment":[{"href":"https:\/\/www.v-valley.com\/it\/wp-json\/wp\/v2\/media?parent=1508"}],"curies":[{"name":"wp","href":"https:\/\/api.w.org\/{rel}","templated":true}]}}