{"id":1503,"date":"2022-10-26T21:47:00","date_gmt":"2022-10-26T19:47:00","guid":{"rendered":"https:\/\/www.v-valley.com\/?page_id=1503"},"modified":"2022-10-28T17:18:24","modified_gmt":"2022-10-28T15:18:24","slug":"prysmian-group","status":"publish","type":"page","link":"https:\/\/www.v-valley.com\/it\/vendor\/prysmian-group\/","title":{"rendered":"Prysmian Group"},"content":{"rendered":"\r\n\r\n\t\t\t\t<img loading=\"lazy\" decoding=\"async\" src=\"https:\/\/statics.v-valley.com\/prod\/2022\/10\/logo_prysmiangroup.gif\" alt=\"logo_prysmiangroup\" itemprop=\"image\" height=\"55\" width=\"140\" title=\"logo_prysmiangroup\" onerror=\"this.style.display='none'\"  \/>\r\n<h2>\r\n\t\tCHI \u00c8 PRYSMIAN GROUP?\r\n\t<\/h2>\r\n\tL&#8217;innovazione \u00e8 e sar\u00e0 sempre al centro delle attivit\u00e0 di Prysmian. Anticipiamo le necessit\u00e0 dei nostri clienti e soddisfiamo le loro richieste con soluzioni all&#8217;avanguardia.<br \/>\r\nCreiamo i collegamenti essenziali per assicurare il trasferimento efficace ed efficiente di energia e informazioni ovunque sia necessario.<br \/>\r\nNel 2012 sono state unite due aziende leader di mercato,\u00a0Prysmian e Draka, per dare vita a un campione globale nel settore dei cavi per la trasmissione di energia e per le telecomunicazioni:\u00a0il Gruppo Prysmian.<br \/>\r\nNel 2018 l&#8217;unione con\u00a0General Cable\u00a0assicura ancora una volta la B3posizione di leadership nel settore dei cavi.\r\n<h2>\r\n\t\tI PRODOTTI DI PRYSMIAN GROUP\r\n\t<\/h2>\r\n\tLa comunicazione \u00e8 al centro dello sviluppo globale. E la\u00a0business unit Telecoms\u00a0di Prysmian \u00e8 al centro dell&#8217;attivit\u00e0 di molti tra i maggiori operatori di telecomunicazioni internazionali.<br \/>\r\nPrysmian \u00e8 un gruppo\u00a0leader mondiale\u00a0nell&#8217;ambito dei cavi e dei prodotti di connettivit\u00e0 per la trasmissione video, voce e dati.<br \/>\r\nChe si tratti di fibra ottica e di cavi ottici e in rame, o di componenti e accessori per la connettivit\u00e0, contribuiamo a mettere in collegamento e ad avvicinare le comunit\u00e0, i continenti e le nazioni a livelli mai raggiunti prima.<br \/>\r\nIndipendentemente dal fatto che si tratti di applicazioni comuni o destinate ad essere utilizzate in contesti pi\u00f9 specifici, complessi o inaccessibili, Prysmian produce sistematicamente tecnologie di cablaggio per telecomunicazioni all&#8217;avanguardia, che trasmettono informazioni dove e quando \u00e8 necessario, con la massima\u00a0velocit\u00e0.\r\n\t<p>Cavo in rame<\/p>\r\n\t<p>Cavo in fibra ottica<\/p>\r\n\r\n","protected":false},"excerpt":{"rendered":"<p>CHI \u00c8 PRYSMIAN GROUP? L&#8217;innovazione \u00e8 e sar\u00e0 sempre al centro delle attivit\u00e0 di Prysmian. Anticipiamo le necessit\u00e0 dei nostri clienti e soddisfiamo le loro richieste con soluzioni all&#8217;avanguardia. Creiamo i collegamenti essenziali per assicurare il trasferimento efficace ed efficiente di energia e informazioni ovunque sia necessario. Nel 2012 sono state unite due aziende leader [&hellip;]<\/p>\n","protected":false},"author":7,"featured_media":0,"parent":465,"menu_order":0,"comment_status":"closed","ping_status":"closed","template":"templates\/template-vendor-category.php","meta":{"_acf_changed":false,"_genesis_hide_title":false,"_genesis_hide_breadcrumbs":false,"_genesis_hide_singular_image":false,"_genesis_hide_footer_widgets":false,"_genesis_custom_body_class":"","_genesis_custom_post_class":"","_genesis_layout":"","footnotes":""},"class_list":{"0":"post-1503","1":"page","2":"type-page","3":"status-publish","5":"entry"},"acf":[],"_links":{"self":[{"href":"https:\/\/www.v-valley.com\/it\/wp-json\/wp\/v2\/pages\/1503","targetHints":{"allow":["GET"]}}],"collection":[{"href":"https:\/\/www.v-valley.com\/it\/wp-json\/wp\/v2\/pages"}],"about":[{"href":"https:\/\/www.v-valley.com\/it\/wp-json\/wp\/v2\/types\/page"}],"author":[{"embeddable":true,"href":"https:\/\/www.v-valley.com\/it\/wp-json\/wp\/v2\/users\/7"}],"replies":[{"embeddable":true,"href":"https:\/\/www.v-valley.com\/it\/wp-json\/wp\/v2\/comments?post=1503"}],"version-history":[{"count":0,"href":"https:\/\/www.v-valley.com\/it\/wp-json\/wp\/v2\/pages\/1503\/revisions"}],"up":[{"embeddable":true,"href":"https:\/\/www.v-valley.com\/it\/wp-json\/wp\/v2\/pages\/465"}],"wp:attachment":[{"href":"https:\/\/www.v-valley.com\/it\/wp-json\/wp\/v2\/media?parent=1503"}],"curies":[{"name":"wp","href":"https:\/\/api.w.org\/{rel}","templated":true}]}}