{"id":1495,"date":"2022-10-26T21:35:56","date_gmt":"2022-10-26T19:35:56","guid":{"rendered":"https:\/\/www.v-valley.com\/?page_id=1495"},"modified":"2022-10-28T16:46:40","modified_gmt":"2022-10-28T14:46:40","slug":"riello","status":"publish","type":"page","link":"https:\/\/www.v-valley.com\/it\/vendor\/riello\/","title":{"rendered":"Riello"},"content":{"rendered":"\r\n\r\n\t\t\t\t<img loading=\"lazy\" decoding=\"async\" src=\"https:\/\/statics.v-valley.com\/prod\/2022\/10\/logo_riello.gif\" alt=\"logo_riello\" itemprop=\"image\" height=\"55\" width=\"140\" title=\"logo_riello\" onerror=\"this.style.display='none'\"  \/>\r\n<h2>\r\n\t\tCHI \u00c8 RIELLO?\r\n\t<\/h2>\r\n\tRiello UPS si presenta con una vasta offerta, strutturata su ben 23 linee di gruppi statici di continuit\u00e0 (UPS), basati su pi\u00f9 architetture tecnologiche.<br \/>\r\nProgetta e produce i suoi UPS in Italia, per avere un controllo diretto sulla qualit\u00e0 e sull&#8217;affidabilit\u00e0, seguendone da vicino tutto il ciclo di produzione, vendita e assistenza post vendita. \r\n<h2>\r\n\t\tI PRODOTTI DI RIELLO\r\n\t<\/h2>\r\n\tRiello UPS offre una vasta gamma di gruppi di continuit\u00e0.<br \/>\r\nLa sua offerta comprende UPS monofase e trifase.<br \/>\r\nQuesti prodotti sono l&#8217;ideale dall&#8217;utilizzo domestico fino ai grandi impianti industriali come i data center.\r\n\t<p>UPS<\/p>\r\n\t<p>PDU<\/p>\r\n\t<p>Accessori vari<\/p>\r\n\r\n","protected":false},"excerpt":{"rendered":"<p>CHI \u00c8 RIELLO? Riello UPS si presenta con una vasta offerta, strutturata su ben 23 linee di gruppi statici di continuit\u00e0 (UPS), basati su pi\u00f9 architetture tecnologiche. Progetta e produce i suoi UPS in Italia, per avere un controllo diretto sulla qualit\u00e0 e sull&#8217;affidabilit\u00e0, seguendone da vicino tutto il ciclo di produzione, vendita e assistenza [&hellip;]<\/p>\n","protected":false},"author":7,"featured_media":0,"parent":465,"menu_order":0,"comment_status":"closed","ping_status":"closed","template":"templates\/template-vendor-category.php","meta":{"_acf_changed":false,"_genesis_hide_title":false,"_genesis_hide_breadcrumbs":false,"_genesis_hide_singular_image":false,"_genesis_hide_footer_widgets":false,"_genesis_custom_body_class":"","_genesis_custom_post_class":"","_genesis_layout":"","footnotes":""},"class_list":{"0":"post-1495","1":"page","2":"type-page","3":"status-publish","5":"entry"},"acf":[],"_links":{"self":[{"href":"https:\/\/www.v-valley.com\/it\/wp-json\/wp\/v2\/pages\/1495","targetHints":{"allow":["GET"]}}],"collection":[{"href":"https:\/\/www.v-valley.com\/it\/wp-json\/wp\/v2\/pages"}],"about":[{"href":"https:\/\/www.v-valley.com\/it\/wp-json\/wp\/v2\/types\/page"}],"author":[{"embeddable":true,"href":"https:\/\/www.v-valley.com\/it\/wp-json\/wp\/v2\/users\/7"}],"replies":[{"embeddable":true,"href":"https:\/\/www.v-valley.com\/it\/wp-json\/wp\/v2\/comments?post=1495"}],"version-history":[{"count":1,"href":"https:\/\/www.v-valley.com\/it\/wp-json\/wp\/v2\/pages\/1495\/revisions"}],"predecessor-version":[{"id":589333,"href":"https:\/\/www.v-valley.com\/it\/wp-json\/wp\/v2\/pages\/1495\/revisions\/589333"}],"up":[{"embeddable":true,"href":"https:\/\/www.v-valley.com\/it\/wp-json\/wp\/v2\/pages\/465"}],"wp:attachment":[{"href":"https:\/\/www.v-valley.com\/it\/wp-json\/wp\/v2\/media?parent=1495"}],"curies":[{"name":"wp","href":"https:\/\/api.w.org\/{rel}","templated":true}]}}