{"id":1490,"date":"2022-10-26T21:29:08","date_gmt":"2022-10-26T19:29:08","guid":{"rendered":"https:\/\/www.v-valley.com\/?page_id=1490"},"modified":"2022-10-28T16:10:00","modified_gmt":"2022-10-28T14:10:00","slug":"wp-europe","status":"publish","type":"page","link":"https:\/\/www.v-valley.com\/it\/vendor\/wp-europe\/","title":{"rendered":"WP Europe"},"content":{"rendered":"\r\n\r\n\t\t\t\t<img loading=\"lazy\" decoding=\"async\" src=\"https:\/\/statics.v-valley.com\/prod\/2022\/10\/logo_wpe.gif\" alt=\"logo_wpe\" itemprop=\"image\" height=\"55\" width=\"140\" title=\"logo_wpe\" onerror=\"this.style.display='none'\"  \/>\r\n<h2>\r\n\t\tCHI \u00c8 WP EUROPE?\r\n\t<\/h2>\r\n\tWP RACK &amp; CABLING \u00e8 una societ\u00e0 high-tech che integra la ricerca, lo sviluppo, la produzione e la commercializzazione di armadi rack, PDU, cavi, accessori.<br \/>\r\nL&#8217;azienda si avvale di professionisti nel marketing, nella tecnologia, nella produzione e controllo qualit\u00e0 e nella logistica partecipando attivamente al progetto del cliente dall&#8217;inizio alla fine.\r\n<h2>\r\n\t\tI PRODOTTI DI WP EUROPE\r\n\t<\/h2>\r\n\tLa gamma WP RACK di armadi da pavimento network o server e da parete offre un rapporto qualit\u00e0 \/ prezzo senza precedenti. Offrono una gamma di armadi per server adatti a ogni scenario di installazione, sia che si tratti di un piccolo rack server indipendente o integrato in una sala server sofisticata e all&#8217;avanguardia.<br \/>\r\nLa gamma WP RACK \u00e8 adatta per le seguenti applicazioni: piccola, media e grande rete aziendale o domestica; Protezione delle apparecchiature di rete protette come DVR, switch e router; Montaggio di patch panel e accessori di cablaggio; Apparecchiature di comunicazione di rete, come sistemi telefonici, PABX, ecc; e altre attrezzature sensibili installabili su rack 19&#8243;&#8221;.<br \/>\r\nLa gamma WP CABLING di cablaggio strutturato in rame \u00e8 conforme ai requisiti delle normative di riferimento ISO\/IEC 11801, EN50173 e TIA\/EIA 568-B. Grazie allo sviluppo costante propone soluzioni alle esigenze installative richieste dalle nuove tecnologie garantendo un rapporto qualit\u00e0 \/ prezzo senza precedenti.\r\n\t<p>Accessori giunzioni in fibra ottica<\/p>\r\n\t<p>Accessori patch panel<\/p>\r\n\t<p>Accessori rack<\/p>\r\n\t<p>Cablaggio in fibra ottica<\/p>\r\n\t<p>Cablaggio in rame<\/p>\r\n\t<p>Muffole ed accessori<\/p>\r\n\t<p>PDU<\/p>\r\n\t<p>Presa utente<\/p>\r\n\t<p>Rack<\/p>\r\n\t<p>Strumenti per verifica rame<\/p>\r\n\t<p>Utensili<\/p>\r\n\r\n","protected":false},"excerpt":{"rendered":"<p>CHI \u00c8 WP EUROPE? WP RACK &amp; CABLING \u00e8 una societ\u00e0 high-tech che integra la ricerca, lo sviluppo, la produzione e la commercializzazione di armadi rack, PDU, cavi, accessori. L&#8217;azienda si avvale di professionisti nel marketing, nella tecnologia, nella produzione e controllo qualit\u00e0 e nella logistica partecipando attivamente al progetto del cliente dall&#8217;inizio alla fine. [&hellip;]<\/p>\n","protected":false},"author":7,"featured_media":0,"parent":465,"menu_order":0,"comment_status":"closed","ping_status":"closed","template":"templates\/template-vendor-category.php","meta":{"_acf_changed":false,"_genesis_hide_title":false,"_genesis_hide_breadcrumbs":false,"_genesis_hide_singular_image":false,"_genesis_hide_footer_widgets":false,"_genesis_custom_body_class":"","_genesis_custom_post_class":"","_genesis_layout":"","footnotes":""},"class_list":{"0":"post-1490","1":"page","2":"type-page","3":"status-publish","5":"entry"},"acf":[],"_links":{"self":[{"href":"https:\/\/www.v-valley.com\/it\/wp-json\/wp\/v2\/pages\/1490","targetHints":{"allow":["GET"]}}],"collection":[{"href":"https:\/\/www.v-valley.com\/it\/wp-json\/wp\/v2\/pages"}],"about":[{"href":"https:\/\/www.v-valley.com\/it\/wp-json\/wp\/v2\/types\/page"}],"author":[{"embeddable":true,"href":"https:\/\/www.v-valley.com\/it\/wp-json\/wp\/v2\/users\/7"}],"replies":[{"embeddable":true,"href":"https:\/\/www.v-valley.com\/it\/wp-json\/wp\/v2\/comments?post=1490"}],"version-history":[{"count":0,"href":"https:\/\/www.v-valley.com\/it\/wp-json\/wp\/v2\/pages\/1490\/revisions"}],"up":[{"embeddable":true,"href":"https:\/\/www.v-valley.com\/it\/wp-json\/wp\/v2\/pages\/465"}],"wp:attachment":[{"href":"https:\/\/www.v-valley.com\/it\/wp-json\/wp\/v2\/media?parent=1490"}],"curies":[{"name":"wp","href":"https:\/\/api.w.org\/{rel}","templated":true}]}}