{"id":1484,"date":"2022-10-26T21:05:07","date_gmt":"2022-10-26T19:05:07","guid":{"rendered":"https:\/\/www.v-valley.com\/?page_id=1484"},"modified":"2022-10-27T18:03:21","modified_gmt":"2022-10-27T16:03:21","slug":"legrand","status":"publish","type":"page","link":"https:\/\/www.v-valley.com\/it\/vendor\/legrand\/","title":{"rendered":"Legrand"},"content":{"rendered":"\n\n\t\t\t\t<img loading=\"lazy\" decoding=\"async\" src=\"https:\/\/statics.v-valley.com\/prod\/2022\/10\/logo_legrand.gif\" alt=\"logo_legrand\" itemprop=\"image\" height=\"55\" width=\"140\" title=\"logo_legrand\" onerror=\"this.style.display='none'\"  \/>\n<h2>\n\t\tCHI \u00c8 LEGRAND?\n\t<\/h2>\n\t<p>Legrand \u00e8 leader di mercato nell&#8217;industria della componentistica elettrica, noto per la qualit\u00e0 e l&#8217;affidabilit\u00e0 dei suoi prodotti, in grado di aiutare i suoi clienti nel realizzare le pi\u00f9 azanzat reti informatiche e i pi\u00f9 moderni datacenter. Tutte le soluzioni si caratterizzano per un elevato livello di performance e contenuto tecnologico.<\/p>\n<h2>\n\t\tI PRODOTTI DI LEGRAND\n\t<\/h2>\n\tLegrand grazie al suo ricco portafoglio di prodotti e soluzioni ed al suo personale qualificato, insieme a V-Valley pu\u00f2 offrirti la miglior competenza per realizzare al meglio il tuo progetto, seguendoti in ogni sua fase; dalla progettazione alla costruzione e dalla messa in servizio all&#8217;assistenza post vendita.<br \/>\nLegrand \u00e8 il tuo partner ideale ed il tuo UNICO INTERLOCUTORE, che ti segue passo-passo in tutte le fasi del progetto e ti fa sentire sicuro e tranquillo.\n<p>Le soluzioni rispondono ai requisisti delle reti locali (LAN) come a quelle dei data center che richiedono velocit\u00e0, alta densit\u00e0, scalabilit\u00e0 e la garanzia di continuit\u00e0 di servizio.<\/p>\n<p>L&#8217;offerta racchiude un importante portafoglio di soluzioni dall&#8217;offerta per il contenimento server e UPS (Gruppi di Continuit\u00e0), PDU intelligenti (Power Distribution Units) e KVM Raritan, sistemi di contenimento e condizionamento Minkels, fornendo alle reti e alle infrastrutture IT prestazioni, scalabilit\u00e0 e maggior efficienza.<\/p>\n\t<p>Moduli e connettori in rame<\/p>\n\t<p>Rack<\/p>\n\t<p>UPS<\/p>\n\t<p>PDU<\/p>\n\t<p>Cavo in fibra ottica<\/p>\n\t<p>Cavo in rame<\/p>\n\t<p>Patch cord in rame<\/p>\n\t<p>Patch panel in fibra ottica<\/p>\n\t<p>Patch panel in rame<\/p>\n\t<p>Infrastrutture di ricarica<\/p>\n\t<p>Moduli per switch<\/p>\n\t<p>Fascette<\/p>\n\t<p>Canaline<\/p>\n\t<p>Pigtail in fibra ottica<\/p>\n\t<p>Serie civili &#8211; presa energia<\/p>\n\t<p>Protezione per server<\/p>\n\t<p>Protezione per PC<\/p>\n\t<p>Protezione per data center<\/p>\n\t<p>Batterie per UPS<\/p>\n\t<p>Moduli per UPS<\/p>\n\t<p>Accessori per UPS<\/p>\n\t<p>Software per UPS<\/p>\n\t<p>Gestione cavi<\/p>\n\t<p>Ventilazione<\/p>\n\t<p>Accessori per rack<\/p>\n\t<p>Ripiani<\/p>\n\t<p>Porte di ricambio<\/p>\n\t<p>Passacavi<\/p>\n\n","protected":false},"excerpt":{"rendered":"<p>CHI \u00c8 LEGRAND? Legrand \u00e8 leader di mercato nell&#8217;industria della componentistica elettrica, noto per la qualit\u00e0 e l&#8217;affidabilit\u00e0 dei suoi prodotti, in grado di aiutare i suoi clienti nel realizzare le pi\u00f9 azanzat reti informatiche e i pi\u00f9 moderni datacenter. Tutte le soluzioni si caratterizzano per un elevato livello di performance e contenuto tecnologico. I [&hellip;]<\/p>\n","protected":false},"author":7,"featured_media":0,"parent":465,"menu_order":0,"comment_status":"closed","ping_status":"closed","template":"templates\/template-vendor-category.php","meta":{"_acf_changed":false,"_genesis_hide_title":false,"_genesis_hide_breadcrumbs":false,"_genesis_hide_singular_image":false,"_genesis_hide_footer_widgets":false,"_genesis_custom_body_class":"","_genesis_custom_post_class":"","_genesis_layout":"","footnotes":""},"class_list":{"0":"post-1484","1":"page","2":"type-page","3":"status-publish","5":"entry"},"acf":[],"_links":{"self":[{"href":"https:\/\/www.v-valley.com\/it\/wp-json\/wp\/v2\/pages\/1484","targetHints":{"allow":["GET"]}}],"collection":[{"href":"https:\/\/www.v-valley.com\/it\/wp-json\/wp\/v2\/pages"}],"about":[{"href":"https:\/\/www.v-valley.com\/it\/wp-json\/wp\/v2\/types\/page"}],"author":[{"embeddable":true,"href":"https:\/\/www.v-valley.com\/it\/wp-json\/wp\/v2\/users\/7"}],"replies":[{"embeddable":true,"href":"https:\/\/www.v-valley.com\/it\/wp-json\/wp\/v2\/comments?post=1484"}],"version-history":[{"count":0,"href":"https:\/\/www.v-valley.com\/it\/wp-json\/wp\/v2\/pages\/1484\/revisions"}],"up":[{"embeddable":true,"href":"https:\/\/www.v-valley.com\/it\/wp-json\/wp\/v2\/pages\/465"}],"wp:attachment":[{"href":"https:\/\/www.v-valley.com\/it\/wp-json\/wp\/v2\/media?parent=1484"}],"curies":[{"name":"wp","href":"https:\/\/api.w.org\/{rel}","templated":true}]}}