{"id":1464,"date":"2022-10-26T19:18:09","date_gmt":"2022-10-26T17:18:09","guid":{"rendered":"https:\/\/www.v-valley.com\/?page_id=1464"},"modified":"2022-10-27T17:50:56","modified_gmt":"2022-10-27T15:50:56","slug":"apc","status":"publish","type":"page","link":"https:\/\/www.v-valley.com\/it\/vendor\/apc\/","title":{"rendered":"APC"},"content":{"rendered":"\n\n\t\t\t\t<img loading=\"lazy\" decoding=\"async\" src=\"https:\/\/statics.v-valley.com\/prod\/2022\/10\/logo_apc.gif\" alt=\"logo_apc\" itemprop=\"image\" height=\"55\" width=\"140\" title=\"logo_apc\" onerror=\"this.style.display='none'\"  \/>\n<h2>\n\t\tCHI \u00c8 APC?\n\t<\/h2>\n\t<p>APC \u00e8 un riferimento in ambito IT grazie alla sua affidabilit\u00e0 dell&#8217;infrastruttura fisica e dell&#8217;alimentazione. APC \u00e8 stata fondata nel 1981, nel corso degli anni &#8217;90 ha prodotto il primo UPS modulare del settore per poi ampliare la sua gamma prodotti espandendo l&#8217;offerta anche al mercato residenziale. Nel 2007 \u00e8 stata acquisita da Schneider Electric, azienda multinazionale europea, riconosciuta per le sue competenze nella gestione dell&#8217;energia e nell&#8217;automazione.<\/p>\n<h2>\n\t\tI PRODOTTI DI APC\n\t<\/h2>\n\t<p>APC \u00e8 conosciuta per la sua ampia offerta di UPS monofase e trifase, offre una soluzione aperta e adattabile grazie all&#8217;integrazione di alimentazione, raffreddamento, rack, gestione e assistenza. Ultimamente sono state ampliate le competenze di settore per offire soluzioni di edge computing e micro data center per qualsiasi mercato.<\/p>\n\t<p>UPS<\/p>\n\t<p>Rack<\/p>\n\t<p>PDU<\/p>\n\t<p>Accessori vari<\/p>\n\t<p>KVM Switch<\/p>\n\t<p>Filtraggio sovratensioni<\/p>\n\t<p>Sicurezza e monitoraggio ambientale<\/p>\n\n","protected":false},"excerpt":{"rendered":"<p>CHI \u00c8 APC? APC \u00e8 un riferimento in ambito IT grazie alla sua affidabilit\u00e0 dell&#8217;infrastruttura fisica e dell&#8217;alimentazione. APC \u00e8 stata fondata nel 1981, nel corso degli anni &#8217;90 ha prodotto il primo UPS modulare del settore per poi ampliare la sua gamma prodotti espandendo l&#8217;offerta anche al mercato residenziale. Nel 2007 \u00e8 stata acquisita [&hellip;]<\/p>\n","protected":false},"author":7,"featured_media":0,"parent":465,"menu_order":0,"comment_status":"closed","ping_status":"closed","template":"templates\/template-vendor-category.php","meta":{"_acf_changed":false,"_genesis_hide_title":false,"_genesis_hide_breadcrumbs":false,"_genesis_hide_singular_image":false,"_genesis_hide_footer_widgets":false,"_genesis_custom_body_class":"","_genesis_custom_post_class":"","_genesis_layout":"","footnotes":""},"class_list":{"0":"post-1464","1":"page","2":"type-page","3":"status-publish","5":"entry"},"acf":[],"_links":{"self":[{"href":"https:\/\/www.v-valley.com\/it\/wp-json\/wp\/v2\/pages\/1464","targetHints":{"allow":["GET"]}}],"collection":[{"href":"https:\/\/www.v-valley.com\/it\/wp-json\/wp\/v2\/pages"}],"about":[{"href":"https:\/\/www.v-valley.com\/it\/wp-json\/wp\/v2\/types\/page"}],"author":[{"embeddable":true,"href":"https:\/\/www.v-valley.com\/it\/wp-json\/wp\/v2\/users\/7"}],"replies":[{"embeddable":true,"href":"https:\/\/www.v-valley.com\/it\/wp-json\/wp\/v2\/comments?post=1464"}],"version-history":[{"count":0,"href":"https:\/\/www.v-valley.com\/it\/wp-json\/wp\/v2\/pages\/1464\/revisions"}],"up":[{"embeddable":true,"href":"https:\/\/www.v-valley.com\/it\/wp-json\/wp\/v2\/pages\/465"}],"wp:attachment":[{"href":"https:\/\/www.v-valley.com\/it\/wp-json\/wp\/v2\/media?parent=1464"}],"curies":[{"name":"wp","href":"https:\/\/api.w.org\/{rel}","templated":true}]}}