{"id":1449,"date":"2022-10-26T19:08:11","date_gmt":"2022-10-26T17:08:11","guid":{"rendered":"https:\/\/www.v-valley.com\/?page_id=1449"},"modified":"2022-10-28T13:04:14","modified_gmt":"2022-10-28T11:04:14","slug":"zyxel","status":"publish","type":"page","link":"https:\/\/www.v-valley.com\/it\/vendor\/zyxel\/","title":{"rendered":"Zyxel"},"content":{"rendered":"\r\n\r\n\t\t\t\t<img loading=\"lazy\" decoding=\"async\" src=\"https:\/\/statics.v-valley.com\/prod\/2022\/10\/logo-zyxel.gif\" alt=\"logo-zyxel\" itemprop=\"image\" height=\"55\" width=\"140\" title=\"logo-zyxel\" onerror=\"this.style.display='none'\"  \/>\r\n<h2>\r\n\t\tCHI \u00c8 ZYXEL?\r\n\t<\/h2>\r\n\t<p>V-Valley insieme a Zyxel Networks mette in rete le aziende e gli utenti privati, puntando sull&#8217;innovazione e su un servizio incentrato sul cliente. Nel 1989, questo significava modem analogici. Oggi significa utilizzare l&#8217;intelligenza artificiale e il cloud per offrire soluzioni di rete rapide, affidabili e sicure.<\/p>\r\n<h2>\r\n\t\tI PRODOTTI DI ZYXEL\r\n\t<\/h2>\r\n\t<p>Nata dalla produzione di un dispositivo prototipo per convertire le informazioni in sistema digitale, Zyxel Networks continua ancora oggi a offrire soluzioni di connettivit\u00e0 all&#8217;avanguardia: switch, router, access point, firewall, cloud networking. Un&#8217;offerta tecnologica a 360 gradi per aiutare le aziende e gli utenti home a lavorare in modo pi\u00f9 intelligente, pi\u00f9 veloce e in pi\u00f9 luoghi con la massima tranquillit\u00e0. termini di connettivit\u00e0 e specialmente protezione. Zyxel \u00e9 pioniere nella produzione di Switch, Router, Acces Points, Cloud Networking, Firewall.<\/p>\r\n\r\n","protected":false},"excerpt":{"rendered":"<p>CHI \u00c8 ZYXEL? V-Valley insieme a Zyxel Networks mette in rete le aziende e gli utenti privati, puntando sull&#8217;innovazione e su un servizio incentrato sul cliente. Nel 1989, questo significava modem analogici. Oggi significa utilizzare l&#8217;intelligenza artificiale e il cloud per offrire soluzioni di rete rapide, affidabili e sicure. I PRODOTTI DI ZYXEL Nata dalla [&hellip;]<\/p>\n","protected":false},"author":7,"featured_media":0,"parent":465,"menu_order":0,"comment_status":"closed","ping_status":"closed","template":"templates\/template-vendor-category.php","meta":{"_acf_changed":false,"_genesis_hide_title":false,"_genesis_hide_breadcrumbs":false,"_genesis_hide_singular_image":false,"_genesis_hide_footer_widgets":false,"_genesis_custom_body_class":"","_genesis_custom_post_class":"","_genesis_layout":"","footnotes":""},"class_list":{"0":"post-1449","1":"page","2":"type-page","3":"status-publish","5":"entry"},"acf":[],"_links":{"self":[{"href":"https:\/\/www.v-valley.com\/it\/wp-json\/wp\/v2\/pages\/1449","targetHints":{"allow":["GET"]}}],"collection":[{"href":"https:\/\/www.v-valley.com\/it\/wp-json\/wp\/v2\/pages"}],"about":[{"href":"https:\/\/www.v-valley.com\/it\/wp-json\/wp\/v2\/types\/page"}],"author":[{"embeddable":true,"href":"https:\/\/www.v-valley.com\/it\/wp-json\/wp\/v2\/users\/7"}],"replies":[{"embeddable":true,"href":"https:\/\/www.v-valley.com\/it\/wp-json\/wp\/v2\/comments?post=1449"}],"version-history":[{"count":1,"href":"https:\/\/www.v-valley.com\/it\/wp-json\/wp\/v2\/pages\/1449\/revisions"}],"predecessor-version":[{"id":589343,"href":"https:\/\/www.v-valley.com\/it\/wp-json\/wp\/v2\/pages\/1449\/revisions\/589343"}],"up":[{"embeddable":true,"href":"https:\/\/www.v-valley.com\/it\/wp-json\/wp\/v2\/pages\/465"}],"wp:attachment":[{"href":"https:\/\/www.v-valley.com\/it\/wp-json\/wp\/v2\/media?parent=1449"}],"curies":[{"name":"wp","href":"https:\/\/api.w.org\/{rel}","templated":true}]}}