{"id":1439,"date":"2022-10-26T18:58:55","date_gmt":"2022-10-26T16:58:55","guid":{"rendered":"https:\/\/www.v-valley.com\/?page_id=1439"},"modified":"2024-07-24T09:41:07","modified_gmt":"2024-07-24T07:41:07","slug":"juniper","status":"publish","type":"page","link":"https:\/\/www.v-valley.com\/it\/vendor\/juniper\/","title":{"rendered":"Juniper"},"content":{"rendered":"\n\n\t\t\t\t<img loading=\"lazy\" decoding=\"async\" src=\"https:\/\/statics.v-valley.com\/prod\/2022\/10\/logo_juniper.gif\" alt=\"logo_juniper\" itemprop=\"image\" height=\"55\" width=\"140\" title=\"logo_juniper\" onerror=\"this.style.display='none'\"  \/>\n<h2>\n\t\tCHI \u00c8 JUNIPER?\n\t<\/h2>\n\tCon Juniper Networks, V-Valley rafforza il portfolio introducendo un brand leader nelle soluzioni di networking e security nell&#8217;era del Cloud + Intelligenza Artificiale + 5G.<br \/>\nDa Junos ad Apstra e Paragon a Mist AI, Juniper Networks si spinge oltre i limiti della prevedibilit\u00e0, programmabilit\u00e0, automazione e dei dati analitici. Se l&#8217;esperienza \u00e8 la priorit\u00e0 assoluta, \u00e8 possibile costruire reti agili che superano le aspettative dei clienti.<br \/>\nL&#8217;Intelligenza Artificiale di Juniper Networks, leader del settore, incrementa l&#8217;operativit\u00e0 e risolve i problemi ancora prima che si verifichino.\n<h2>\n\t\tI PRODOTTI DI JUNIPER\n\t<\/h2>\n\tLe soluzioni proposte si rivolgono sia al mercato Enterprise &#038; SMB sia ai Service Provider.<br \/>\nTramite la sua ampia offerta Juniper Networks e&#8217; in grado di aggiungere alle classiche linee di prodotto quali switch, router, firewall e access point l&#8217;innovazione dell&#8217;Intelligenza artificiale, del machine learnig, e dell&#8217; IoT.<br \/>\nLe soluzioni che ne derivano danno la possibilita&#8217; di poter realizzare progetti con una efficacia di altissimo livello, dai Datacenter business critical, alle soluzioni multicloud piu&#8217; avanzate fino all&#8217;automazione della gestione completa delle reti wired e wireless.\n\t<p>Switch<\/p>\n\t<p>Access Point<\/p>\n\t<p>Router<\/p>\n\t<p>Data Center<\/p>\n\t<p>SD WAN<\/p>\n\n","protected":false},"excerpt":{"rendered":"<p>CHI \u00c8 JUNIPER? Con Juniper Networks, V-Valley rafforza il portfolio introducendo un brand leader nelle soluzioni di networking e security nell&#8217;era del Cloud + Intelligenza Artificiale + 5G. Da Junos ad Apstra e Paragon a Mist AI, Juniper Networks si spinge oltre i limiti della prevedibilit\u00e0, programmabilit\u00e0, automazione e dei dati analitici. Se l&#8217;esperienza \u00e8 [&hellip;]<\/p>\n","protected":false},"author":7,"featured_media":0,"parent":465,"menu_order":0,"comment_status":"closed","ping_status":"closed","template":"templates\/template-vendor-category.php","meta":{"_acf_changed":false,"_genesis_hide_title":false,"_genesis_hide_breadcrumbs":false,"_genesis_hide_singular_image":false,"_genesis_hide_footer_widgets":false,"_genesis_custom_body_class":"","_genesis_custom_post_class":"","_genesis_layout":"","footnotes":""},"class_list":{"0":"post-1439","1":"page","2":"type-page","3":"status-publish","5":"entry"},"acf":[],"_links":{"self":[{"href":"https:\/\/www.v-valley.com\/it\/wp-json\/wp\/v2\/pages\/1439","targetHints":{"allow":["GET"]}}],"collection":[{"href":"https:\/\/www.v-valley.com\/it\/wp-json\/wp\/v2\/pages"}],"about":[{"href":"https:\/\/www.v-valley.com\/it\/wp-json\/wp\/v2\/types\/page"}],"author":[{"embeddable":true,"href":"https:\/\/www.v-valley.com\/it\/wp-json\/wp\/v2\/users\/7"}],"replies":[{"embeddable":true,"href":"https:\/\/www.v-valley.com\/it\/wp-json\/wp\/v2\/comments?post=1439"}],"version-history":[{"count":1,"href":"https:\/\/www.v-valley.com\/it\/wp-json\/wp\/v2\/pages\/1439\/revisions"}],"predecessor-version":[{"id":589316,"href":"https:\/\/www.v-valley.com\/it\/wp-json\/wp\/v2\/pages\/1439\/revisions\/589316"}],"up":[{"embeddable":true,"href":"https:\/\/www.v-valley.com\/it\/wp-json\/wp\/v2\/pages\/465"}],"wp:attachment":[{"href":"https:\/\/www.v-valley.com\/it\/wp-json\/wp\/v2\/media?parent=1439"}],"curies":[{"name":"wp","href":"https:\/\/api.w.org\/{rel}","templated":true}]}}