{"id":1433,"date":"2022-10-26T18:49:41","date_gmt":"2022-10-26T16:49:41","guid":{"rendered":"https:\/\/www.v-valley.com\/?page_id=1433"},"modified":"2026-03-30T10:36:08","modified_gmt":"2026-03-30T08:36:08","slug":"infrastruttura-e-data-center","status":"publish","type":"page","link":"https:\/\/www.v-valley.com\/it\/soluzioni\/infrastruttura-e-data-center\/","title":{"rendered":"Infrastruttura e Data Center"},"content":{"rendered":"\n<h2>\n\t\t\tLA MIGLIORE INFRASTRUTTURA TECNOLOGICA PER TE E I TUOI CLIENTI\t<\/h2>\n\t<p>Gli enormi flussi di dati su cui si basano le organizzazioni dell&#8217;economia moderna necessitano di un&#8217;infrastruttura IT all&#8217;altezza. V-Valley \u00e8 il distributore leader del mercato di infrastrutture e data center grazie alla partnership con i principali vendor del settore ed \u00e8 in grado di fornire soluzioni ottimizzate per diversi carichi di lavoro e complessit\u00e0 di applicazioni.<\/p>\n<p>I nostri data server center, server tower, armadi rack, e le soluzioni per la gestione dell&#8217;alimentazione e dello storage di dati soddisfano i pi\u00f9 alti standard del mercato in termini di data center infrastructure security, con un&#8217;ampia scelta di accessori e componenti. \u00c8 possibile anche una conservazione dei dati in ambienti virtuali, creando delle infrastrutture cloud data center.<\/p>\n<h3>\n\t\t\tUN&#8217;AMPIA GAMMA DI SOLUZIONI\t<\/h3>\n\t<p>Un catalogo ampio e completo di prodotti ti permette di creare l&#8217;infrastruttura di rete dati pi\u00f9 adatta alle tue esigenze, dai server pi\u00f9 complessi e performanti ai pi\u00f9 semplici dispositivi di storage, per soddisfare ogni esigenza di calcolo delle tue applicazioni.<\/p>\n<figure itemscope itemtype=\"https:\/\/schema.org\/ImageObject\">\n\t\t\t\t<img decoding=\"async\" src=\"https:\/\/statics.v-valley.com\/prod\/2022\/10\/img-soluzioni-infrastruttura-rete.jpg\" alt=\"img-soluzioni-infrastruttura-rete\" height=\"358\" width=\"557\" title=\"img-soluzioni-infrastruttura-rete\" onerror=\"this.style.display='none'\" loading=\"lazy\" \/>\n\t<\/figure>\n<figure itemscope itemtype=\"https:\/\/schema.org\/ImageObject\">\n\t\t\t\t<img decoding=\"async\" src=\"https:\/\/statics.v-valley.com\/prod\/2022\/10\/img-protezione-dati.jpg\" alt=\"img-protezione-dati\" height=\"358\" width=\"557\" title=\"img-protezione-dati\" onerror=\"this.style.display='none'\" loading=\"lazy\" \/>\n\t<\/figure>\n<h3>\n\t\t\tSICUREZZA AL PRIMO POSTO\t<\/h3>\n\t<p>Enormi quantit\u00e0 di dati gestiti in modo ottimale, soluzioni moderne e innovative per rispondere alle richieste del mercato in termini di sicurezza e protezione dei dati.<\/p>\n<h2>\n\t\t\tSCOPRI LE SOLUZIONI DI INFRASTRUTTURA E DATA CENTER DISPONIBILI CON V-VALLEY\t<\/h2>\n\t<p>V-Valley offre infrastrutture di rete tecnologicamente all&#8217;avanguardia.<\/p>\n<h4>\n\t\t\tServer Tower\t<\/h4>\n\t<p>Server facili da configurare, sicuri e ideali per un&#8217;azienda in crescita.<\/p>\n<h4>\n\t\t\tApparati iperconvergenti\t<\/h4>\n\t<p>Soluzioni che offrono virtualizzazione e ripristino istantaneo dei dati.<\/p>\n<h4>\n\t\t\tUPS per Rack e Power\t<\/h4>\n\t<p>Gruppi di continuit\u00e0 che proteggono server e dati da eventuali mancanze di corrente.<\/p>\n<h4>\n\t\t\tFiltraggio sovratensioni\t<\/h4>\n\t<p>Protezione dalle sovratensioni elettriche sulle linee di trasmissione dati.<\/p>\n<h4>\n\t\t\tRack\t<\/h4>\n\t<p>Armadi in materiale di alta qualit\u00e0 per contenere in modo ordinato e flessibile i server.<\/p>\n<h4>\n\t\t\tNAS archivio dati\t<\/h4>\n\t<p>I Network Attached Storage consentono agli utenti di comunicare e condividere dati attraverso la rete.<\/p>\n<h4>\n\t\t\tStorage Array\t<\/h4>\n\t<p>L&#8217;archiviazione Storage Array utilizza pi\u00f9 unit\u00e0 per migliorare la conservazione dei dati.<\/p>\n<h2>\n\t\t\tI NOSTRI PARTNER CHE OFFRONO SOLUZIONI DI INFRASTRUTTURA E DATA CENTER\t<\/h2>\n\t\t\t\t<a\n\t\t\thref=\"\"\n\t\t\ttarget=\"_self\" \n\t\t\ttitle=\"logo_apc\" \n\t\t\t\t\t\tdata-caption=\"\"\n\t\t\t\t\t\tdata-description=\"\" \n\t\t\titemprop=\"contentUrl\">\n\t\t\t<img loading=\"lazy\" decoding=\"async\" src=\"https:\/\/statics.v-valley.com\/prod\/2022\/10\/logo_apc.gif\" alt=\"logo_apc\" data-no-lazy=\"1\" itemprop=\"thumbnail\" width=\"140\" height=\"55\" \/>\n\t\t\t<!-- Overlay Wrapper -->\n\t\t\t <!-- Overlay Wrapper Closed -->\n\t\t\t\t<\/a>\n\t\t\t\t\t\t\t<meta itemprop=\"width\" content=\"140\" \/>\n\t\t\t<meta itemprop=\"height\" content=\"55\" \/>\n\t\t\t\t<a\n\t\t\thref=\"\"\n\t\t\ttarget=\"_self\" \n\t\t\ttitle=\"logo_aten\" \n\t\t\t\t\t\tdata-caption=\"\"\n\t\t\t\t\t\tdata-description=\"\" \n\t\t\titemprop=\"contentUrl\">\n\t\t\t<img loading=\"lazy\" decoding=\"async\" src=\"https:\/\/statics.v-valley.com\/prod\/2022\/10\/logo_aten.gif\" alt=\"logo_aten\" data-no-lazy=\"1\" itemprop=\"thumbnail\" width=\"140\" height=\"55\" \/>\n\t\t\t<!-- Overlay Wrapper -->\n\t\t\t <!-- Overlay Wrapper Closed -->\n\t\t\t\t<\/a>\n\t\t\t\t\t\t\t<meta itemprop=\"width\" content=\"140\" \/>\n\t\t\t<meta itemprop=\"height\" content=\"55\" \/>\n\t\t\t\t<a\n\t\t\thref=\"https:\/\/www.v-valley.com\/it\/vendor\/datwyler\/\"\n\t\t\ttarget=\"_self\" \n\t\t\ttitle=\"logo_datwyler\" \n\t\t\t\t\t\tdata-caption=\"\"\n\t\t\t\t\t\tdata-description=\"\" \n\t\t\titemprop=\"contentUrl\">\n\t\t\t<img loading=\"lazy\" decoding=\"async\" src=\"https:\/\/statics.v-valley.com\/prod\/2022\/10\/logo_datwyler.gif\" alt=\"logo_datwyler\" data-no-lazy=\"1\" itemprop=\"thumbnail\" width=\"140\" height=\"55\" \/>\n\t\t\t<!-- Overlay Wrapper -->\n\t\t\t <!-- Overlay Wrapper Closed -->\n\t\t\t\t<\/a>\n\t\t\t\t\t\t\t<meta itemprop=\"width\" content=\"140\" \/>\n\t\t\t<meta itemprop=\"height\" content=\"55\" \/>\n\t\t\t\t<a\n\t\t\thref=\"\"\n\t\t\ttarget=\"_self\" \n\t\t\ttitle=\"logo_dell_technologies\" \n\t\t\t\t\t\tdata-caption=\"\"\n\t\t\t\t\t\tdata-description=\"\" \n\t\t\titemprop=\"contentUrl\">\n\t\t\t<img loading=\"lazy\" decoding=\"async\" src=\"https:\/\/statics.v-valley.com\/prod\/2022\/10\/logo_dell_technologies.gif\" alt=\"logo_dell_technologies\" data-no-lazy=\"1\" itemprop=\"thumbnail\" width=\"140\" height=\"55\" \/>\n\t\t\t<!-- Overlay Wrapper -->\n\t\t\t <!-- Overlay Wrapper Closed -->\n\t\t\t\t<\/a>\n\t\t\t\t\t\t\t<meta itemprop=\"width\" content=\"140\" \/>\n\t\t\t<meta itemprop=\"height\" content=\"55\" \/>\n\t\t\t\t<a\n\t\t\thref=\"https:\/\/www.v-valley.com\/it\/vendor\/digitus\/\"\n\t\t\ttarget=\"_self\" \n\t\t\ttitle=\"logo_digitus\" \n\t\t\t\t\t\tdata-caption=\"\"\n\t\t\t\t\t\tdata-description=\"\" \n\t\t\titemprop=\"contentUrl\">\n\t\t\t<img loading=\"lazy\" decoding=\"async\" src=\"https:\/\/statics.v-valley.com\/prod\/2022\/10\/logo_digitus.gif\" alt=\"logo_digitus\" data-no-lazy=\"1\" itemprop=\"thumbnail\" width=\"140\" height=\"55\" \/>\n\t\t\t<!-- Overlay Wrapper -->\n\t\t\t <!-- Overlay Wrapper Closed -->\n\t\t\t\t<\/a>\n\t\t\t\t\t\t\t<meta itemprop=\"width\" content=\"140\" \/>\n\t\t\t<meta itemprop=\"height\" content=\"55\" \/>\n\t\t\t\t<a\n\t\t\thref=\"\"\n\t\t\ttarget=\"_self\" \n\t\t\ttitle=\"logo_eaton\" \n\t\t\t\t\t\tdata-caption=\"\"\n\t\t\t\t\t\tdata-description=\"\" \n\t\t\titemprop=\"contentUrl\">\n\t\t\t<img loading=\"lazy\" decoding=\"async\" src=\"https:\/\/statics.v-valley.com\/prod\/2022\/10\/logo_eaton.gif\" alt=\"logo_eaton\" data-no-lazy=\"1\" itemprop=\"thumbnail\" width=\"140\" height=\"55\" \/>\n\t\t\t<!-- Overlay Wrapper -->\n\t\t\t <!-- Overlay Wrapper Closed -->\n\t\t\t\t<\/a>\n\t\t\t\t\t\t\t<meta itemprop=\"width\" content=\"140\" \/>\n\t\t\t<meta itemprop=\"height\" content=\"55\" \/>\n\t\t\t\t<a\n\t\t\thref=\"https:\/\/www.v-valley.com\/es\/vendor\/hewlett-packard-enterprise\/\"\n\t\t\ttarget=\"_self\" \n\t\t\ttitle=\"logo_hpe\" \n\t\t\t\t\t\tdata-caption=\"\"\n\t\t\t\t\t\tdata-description=\"\" \n\t\t\titemprop=\"contentUrl\">\n\t\t\t<img loading=\"lazy\" decoding=\"async\" src=\"https:\/\/statics.v-valley.com\/prod\/2022\/10\/logo_hpe.gif\" alt=\"logo_hpe\" data-no-lazy=\"1\" itemprop=\"thumbnail\" width=\"140\" height=\"55\" \/>\n\t\t\t<!-- Overlay Wrapper -->\n\t\t\t <!-- Overlay Wrapper Closed -->\n\t\t\t\t<\/a>\n\t\t\t\t\t\t\t<meta itemprop=\"width\" content=\"140\" \/>\n\t\t\t<meta itemprop=\"height\" content=\"55\" \/>\n\t\t\t\t<a\n\t\t\thref=\"\"\n\t\t\ttarget=\"_self\" \n\t\t\ttitle=\"logo_hitachi\" \n\t\t\t\t\t\tdata-caption=\"\"\n\t\t\t\t\t\tdata-description=\"\" \n\t\t\titemprop=\"contentUrl\">\n\t\t\t<img loading=\"lazy\" decoding=\"async\" src=\"https:\/\/statics.v-valley.com\/prod\/2022\/10\/logo_hitachi.gif\" alt=\"logo_hitachi\" data-no-lazy=\"1\" itemprop=\"thumbnail\" width=\"140\" height=\"55\" \/>\n\t\t\t<!-- Overlay Wrapper -->\n\t\t\t <!-- Overlay Wrapper Closed -->\n\t\t\t\t<\/a>\n\t\t\t\t\t\t\t<meta itemprop=\"width\" content=\"140\" \/>\n\t\t\t<meta itemprop=\"height\" content=\"55\" \/>\n\t\t\t\t<a\n\t\t\thref=\"\"\n\t\t\ttarget=\"_self\" \n\t\t\ttitle=\"logo_itrack\" \n\t\t\t\t\t\tdata-caption=\"\"\n\t\t\t\t\t\tdata-description=\"\" \n\t\t\titemprop=\"contentUrl\">\n\t\t\t<img loading=\"lazy\" decoding=\"async\" src=\"https:\/\/statics.v-valley.com\/prod\/2022\/10\/logo_itrack.gif\" alt=\"logo_itrack\" data-no-lazy=\"1\" itemprop=\"thumbnail\" width=\"140\" height=\"55\" \/>\n\t\t\t<!-- Overlay Wrapper -->\n\t\t\t <!-- Overlay Wrapper Closed -->\n\t\t\t\t<\/a>\n\t\t\t\t\t\t\t<meta itemprop=\"width\" content=\"140\" \/>\n\t\t\t<meta itemprop=\"height\" content=\"55\" \/>\n\t\t\t\t<a\n\t\t\thref=\"https:\/\/www.v-valley.com\/it\/vendor\/legrand\/\"\n\t\t\ttarget=\"_self\" \n\t\t\ttitle=\"logo_legrand\" \n\t\t\t\t\t\tdata-caption=\"\"\n\t\t\t\t\t\tdata-description=\"\" \n\t\t\titemprop=\"contentUrl\">\n\t\t\t<img loading=\"lazy\" decoding=\"async\" src=\"https:\/\/statics.v-valley.com\/prod\/2022\/10\/logo_legrand.gif\" alt=\"logo_legrand\" data-no-lazy=\"1\" itemprop=\"thumbnail\" width=\"140\" height=\"55\" \/>\n\t\t\t<!-- Overlay Wrapper -->\n\t\t\t <!-- Overlay Wrapper Closed -->\n\t\t\t\t<\/a>\n\t\t\t\t\t\t\t<meta itemprop=\"width\" content=\"140\" \/>\n\t\t\t<meta itemprop=\"height\" content=\"55\" \/>\n\t\t\t\t<a\n\t\t\thref=\"https:\/\/www.v-valley.com\/it\/vendor\/lenovo\/\"\n\t\t\ttarget=\"_self\" \n\t\t\ttitle=\"logo_lenovo\" \n\t\t\t\t\t\tdata-caption=\"\"\n\t\t\t\t\t\tdata-description=\"\" \n\t\t\titemprop=\"contentUrl\">\n\t\t\t<img loading=\"lazy\" decoding=\"async\" src=\"https:\/\/statics.v-valley.com\/prod\/2022\/10\/logo_lenovo.gif\" alt=\"logo_lenovo\" data-no-lazy=\"1\" itemprop=\"thumbnail\" width=\"140\" height=\"55\" \/>\n\t\t\t<!-- Overlay Wrapper -->\n\t\t\t <!-- Overlay Wrapper Closed -->\n\t\t\t\t<\/a>\n\t\t\t\t\t\t\t<meta itemprop=\"width\" content=\"140\" \/>\n\t\t\t<meta itemprop=\"height\" content=\"55\" \/>\n\t\t\t\t<a\n\t\t\thref=\"https:\/\/www.v-valley.com\/it\/vendor\/panduit\/\"\n\t\t\ttarget=\"_self\" \n\t\t\ttitle=\"logo_panduit\" \n\t\t\t\t\t\tdata-caption=\"\"\n\t\t\t\t\t\tdata-description=\"\" \n\t\t\titemprop=\"contentUrl\">\n\t\t\t<img loading=\"lazy\" decoding=\"async\" src=\"https:\/\/statics.v-valley.com\/prod\/2022\/10\/logo_panduit.gif\" alt=\"logo_panduit\" data-no-lazy=\"1\" itemprop=\"thumbnail\" width=\"140\" height=\"55\" \/>\n\t\t\t<!-- Overlay Wrapper -->\n\t\t\t <!-- Overlay Wrapper Closed -->\n\t\t\t\t<\/a>\n\t\t\t\t\t\t\t<meta itemprop=\"width\" content=\"140\" \/>\n\t\t\t<meta itemprop=\"height\" content=\"55\" \/>\n\t\t\t\t<a\n\t\t\thref=\"\"\n\t\t\ttarget=\"_self\" \n\t\t\ttitle=\"logo_riello\" \n\t\t\t\t\t\tdata-caption=\"\"\n\t\t\t\t\t\tdata-description=\"\" \n\t\t\titemprop=\"contentUrl\">\n\t\t\t<img loading=\"lazy\" decoding=\"async\" src=\"https:\/\/statics.v-valley.com\/prod\/2022\/10\/logo_riello.gif\" alt=\"logo_riello\" data-no-lazy=\"1\" itemprop=\"thumbnail\" width=\"140\" height=\"55\" \/>\n\t\t\t<!-- Overlay Wrapper -->\n\t\t\t <!-- Overlay Wrapper Closed -->\n\t\t\t\t<\/a>\n\t\t\t\t\t\t\t<meta itemprop=\"width\" content=\"140\" \/>\n\t\t\t<meta itemprop=\"height\" content=\"55\" \/>\n\t\t\t\t<a\n\t\t\thref=\"\"\n\t\t\ttarget=\"_self\" \n\t\t\ttitle=\"logo_syneto\" \n\t\t\t\t\t\tdata-caption=\"\"\n\t\t\t\t\t\tdata-description=\"\" \n\t\t\titemprop=\"contentUrl\">\n\t\t\t<img loading=\"lazy\" decoding=\"async\" src=\"https:\/\/statics.v-valley.com\/prod\/2022\/10\/logo_syneto.gif\" alt=\"logo_syneto\" data-no-lazy=\"1\" itemprop=\"thumbnail\" width=\"140\" height=\"55\" \/>\n\t\t\t<!-- Overlay Wrapper -->\n\t\t\t <!-- Overlay Wrapper Closed -->\n\t\t\t\t<\/a>\n\t\t\t\t\t\t\t<meta itemprop=\"width\" content=\"140\" \/>\n\t\t\t<meta itemprop=\"height\" content=\"55\" \/>\n\t\t\t\t<a\n\t\t\thref=\"\"\n\t\t\ttarget=\"_self\" \n\t\t\ttitle=\"logo_tecnosteel\" \n\t\t\t\t\t\tdata-caption=\"\"\n\t\t\t\t\t\tdata-description=\"\" \n\t\t\titemprop=\"contentUrl\">\n\t\t\t<img loading=\"lazy\" decoding=\"async\" src=\"https:\/\/statics.v-valley.com\/prod\/2022\/10\/logo_tecnosteel.gif\" alt=\"logo_tecnosteel\" data-no-lazy=\"1\" itemprop=\"thumbnail\" width=\"140\" height=\"55\" \/>\n\t\t\t<!-- Overlay Wrapper -->\n\t\t\t <!-- Overlay Wrapper Closed -->\n\t\t\t\t<\/a>\n\t\t\t\t\t\t\t<meta itemprop=\"width\" content=\"140\" \/>\n\t\t\t<meta itemprop=\"height\" content=\"55\" \/>\n\t\t\t\t<a\n\t\t\thref=\"\"\n\t\t\ttarget=\"_self\" \n\t\t\ttitle=\"logo_vertiv\" \n\t\t\t\t\t\tdata-caption=\"\"\n\t\t\t\t\t\tdata-description=\"\" \n\t\t\titemprop=\"contentUrl\">\n\t\t\t<img loading=\"lazy\" decoding=\"async\" src=\"https:\/\/statics.v-valley.com\/prod\/2022\/11\/logo_vertiv.gif\" alt=\"logo_vertiv\" data-no-lazy=\"1\" itemprop=\"thumbnail\" width=\"140\" height=\"55\" \/>\n\t\t\t<!-- Overlay Wrapper -->\n\t\t\t <!-- Overlay Wrapper Closed -->\n\t\t\t\t<\/a>\n\t\t\t\t\t\t\t<meta itemprop=\"width\" content=\"140\" \/>\n\t\t\t<meta itemprop=\"height\" content=\"55\" \/>\n\t\t\t\t<a\n\t\t\thref=\"https:\/\/www.v-valley.com\/it\/vendor\/wp-europe\/\"\n\t\t\ttarget=\"_self\" \n\t\t\ttitle=\"logo_wpe\" \n\t\t\t\t\t\tdata-caption=\"\"\n\t\t\t\t\t\tdata-description=\"\" \n\t\t\titemprop=\"contentUrl\">\n\t\t\t<img loading=\"lazy\" decoding=\"async\" src=\"https:\/\/statics.v-valley.com\/prod\/2022\/10\/logo_wpe.gif\" alt=\"logo_wpe\" data-no-lazy=\"1\" itemprop=\"thumbnail\" width=\"140\" height=\"55\" \/>\n\t\t\t<!-- Overlay Wrapper -->\n\t\t\t <!-- Overlay Wrapper Closed -->\n\t\t\t\t<\/a>\n\t\t\t\t\t\t\t<meta itemprop=\"width\" content=\"140\" \/>\n\t\t\t<meta itemprop=\"height\" content=\"55\" \/>\n\t<h3>\n\t\t\tI NOSTRI SERVIZI INTEGRATIVI\t<\/h3>\n\t\t\t<a href=\"https:\/\/www.v-valley.com\/it\/servizi\/\"  target=\"_self\">\n\t\t\t\t\t\t\tTUTTI I NOSTRI SERVIZI\n\t\t\t\t\t<\/a>\n            <img decoding=\"async\" src=\"https:\/\/statics.v-valley.com\/prod\/2022\/10\/img-parti-di-ricambio.jpg\" alt=\"Installazione di tutte le componenti\" name=\"Installazione di tutte le componenti\"\/>\n                                <a href=\"https:\/\/www.v-valley.com\/it\/servizi\/parti-di-ricambio\/\">\n                    <h5>Installazione di tutte le componenti<\/h5>\n                <\/a>\n            <img decoding=\"async\" src=\"https:\/\/statics.v-valley.com\/prod\/2022\/10\/img-supporto.jpg\" alt=\"Supporto tecnico continuativo\" name=\"Supporto tecnico continuativo\"\/>\n                                <a href=\"https:\/\/www.v-valley.com\/it\/servizi\/supporto-tecnico-di-pre-vendita\/\">\n                    <h5>Supporto tecnico continuativo<\/h5>\n                <\/a>\n             <!-- end vvly more info cards -->\n <!-- end vvly more info cards container -->\n<style>\n    .vvly-more-info-cards-container .vvly-more-info-cards .vvly-more-info-card {\n        width: calc((100% - 45px) \/2);\n    }\n<\/style>\n\n","protected":false},"excerpt":{"rendered":"<p>Progettazione, creazione e supporto di ambienti data center completi in ogni singolo aspetto.<\/p>\n","protected":false},"author":7,"featured_media":0,"parent":93,"menu_order":0,"comment_status":"closed","ping_status":"closed","template":"templates\/template-solution-category.php","meta":{"_acf_changed":false,"_genesis_hide_title":false,"_genesis_hide_breadcrumbs":false,"_genesis_hide_singular_image":false,"_genesis_hide_footer_widgets":false,"_genesis_custom_body_class":"","_genesis_custom_post_class":"","_genesis_layout":"","footnotes":""},"class_list":{"0":"post-1433","1":"page","2":"type-page","3":"status-publish","5":"entry"},"acf":[],"_links":{"self":[{"href":"https:\/\/www.v-valley.com\/it\/wp-json\/wp\/v2\/pages\/1433","targetHints":{"allow":["GET"]}}],"collection":[{"href":"https:\/\/www.v-valley.com\/it\/wp-json\/wp\/v2\/pages"}],"about":[{"href":"https:\/\/www.v-valley.com\/it\/wp-json\/wp\/v2\/types\/page"}],"author":[{"embeddable":true,"href":"https:\/\/www.v-valley.com\/it\/wp-json\/wp\/v2\/users\/7"}],"replies":[{"embeddable":true,"href":"https:\/\/www.v-valley.com\/it\/wp-json\/wp\/v2\/comments?post=1433"}],"version-history":[{"count":2,"href":"https:\/\/www.v-valley.com\/it\/wp-json\/wp\/v2\/pages\/1433\/revisions"}],"predecessor-version":[{"id":625989,"href":"https:\/\/www.v-valley.com\/it\/wp-json\/wp\/v2\/pages\/1433\/revisions\/625989"}],"up":[{"embeddable":true,"href":"https:\/\/www.v-valley.com\/it\/wp-json\/wp\/v2\/pages\/93"}],"wp:attachment":[{"href":"https:\/\/www.v-valley.com\/it\/wp-json\/wp\/v2\/media?parent=1433"}],"curies":[{"name":"wp","href":"https:\/\/api.w.org\/{rel}","templated":true}]}}