{"id":1422,"date":"2022-10-26T18:43:28","date_gmt":"2022-10-26T16:43:28","guid":{"rendered":"https:\/\/www.v-valley.com\/?page_id=1422"},"modified":"2022-10-27T17:50:32","modified_gmt":"2022-10-27T15:50:32","slug":"huawei","status":"publish","type":"page","link":"https:\/\/www.v-valley.com\/it\/vendor\/huawei\/","title":{"rendered":"Huawei"},"content":{"rendered":"\n\n\t\t\t\t<img loading=\"lazy\" decoding=\"async\" src=\"https:\/\/statics.v-valley.com\/prod\/2022\/10\/logo_huawei.gif\" alt=\"logo_huawei\" itemprop=\"image\" height=\"55\" width=\"140\" title=\"logo_huawei\" onerror=\"this.style.display='none'\"  \/>\n<h2>\n\t\tCHI \u00c8 HUAWEI?\n\t<\/h2>\n\t<p>Huawei Enterprise leader mondiale per soluzioni di Networking, Server e Storage, \u00e8 presente in tutte le aree di business coinvolte nella ICT Technology. Impegnata nella realizzazioni di ecosistemi a supporto della trasformazione digitale, Huawei rappresenta il brand di riferimento per tutti i settori, dalla pubblica amministrazione alle banche, Hospitality, Healthcare. Huawei \u00e8 il partner ideale per incrementare il vostro business nel mondo delle telecomunicazioni.<\/p>\n<h2>\n\t\tI PRODOTTI DI HUAWEI\n\t<\/h2>\n\t<p>Huawei \u00e8 presente nel mondo Networking con soluzioni di switching ad alta versatilit\u00e0, routing con soluzioni per ogni necessit\u00e0 e wi-fi dove \u00e8 il leader per la soluzione wi-fi 6, che permettono di progettare reti Lan tecnologicamente avanzate. Leader mondiale per IT Technology dove \u00e8 il primo produttore di storage con il pi\u00f9 basso costo per Terabyte sul mercato. A supporto della tecnologia Storage propone una vasta gamma di server che rispondono a qualsiasi vostra esigenza di iperconvergenza e scalabilit\u00e0.<\/p>\n\n","protected":false},"excerpt":{"rendered":"<p>CHI \u00c8 HUAWEI? Huawei Enterprise leader mondiale per soluzioni di Networking, Server e Storage, \u00e8 presente in tutte le aree di business coinvolte nella ICT Technology. Impegnata nella realizzazioni di ecosistemi a supporto della trasformazione digitale, Huawei rappresenta il brand di riferimento per tutti i settori, dalla pubblica amministrazione alle banche, Hospitality, Healthcare. Huawei \u00e8 [&hellip;]<\/p>\n","protected":false},"author":7,"featured_media":0,"parent":465,"menu_order":0,"comment_status":"closed","ping_status":"closed","template":"templates\/template-vendor-category.php","meta":{"_acf_changed":false,"_genesis_hide_title":false,"_genesis_hide_breadcrumbs":false,"_genesis_hide_singular_image":false,"_genesis_hide_footer_widgets":false,"_genesis_custom_body_class":"","_genesis_custom_post_class":"","_genesis_layout":"","footnotes":""},"class_list":{"0":"post-1422","1":"page","2":"type-page","3":"status-publish","5":"entry"},"acf":[],"_links":{"self":[{"href":"https:\/\/www.v-valley.com\/it\/wp-json\/wp\/v2\/pages\/1422","targetHints":{"allow":["GET"]}}],"collection":[{"href":"https:\/\/www.v-valley.com\/it\/wp-json\/wp\/v2\/pages"}],"about":[{"href":"https:\/\/www.v-valley.com\/it\/wp-json\/wp\/v2\/types\/page"}],"author":[{"embeddable":true,"href":"https:\/\/www.v-valley.com\/it\/wp-json\/wp\/v2\/users\/7"}],"replies":[{"embeddable":true,"href":"https:\/\/www.v-valley.com\/it\/wp-json\/wp\/v2\/comments?post=1422"}],"version-history":[{"count":0,"href":"https:\/\/www.v-valley.com\/it\/wp-json\/wp\/v2\/pages\/1422\/revisions"}],"up":[{"embeddable":true,"href":"https:\/\/www.v-valley.com\/it\/wp-json\/wp\/v2\/pages\/465"}],"wp:attachment":[{"href":"https:\/\/www.v-valley.com\/it\/wp-json\/wp\/v2\/media?parent=1422"}],"curies":[{"name":"wp","href":"https:\/\/api.w.org\/{rel}","templated":true}]}}