{"id":1414,"date":"2022-10-26T18:39:22","date_gmt":"2022-10-26T16:39:22","guid":{"rendered":"https:\/\/www.v-valley.com\/?page_id=1414"},"modified":"2024-01-08T12:32:12","modified_gmt":"2024-01-08T11:32:12","slug":"cabling-e-energy-efficiency","status":"publish","type":"page","link":"https:\/\/www.v-valley.com\/it\/soluzioni\/cabling-e-energy-efficiency\/","title":{"rendered":"Cabling e Energy Efficiency"},"content":{"rendered":"\n<h2>\n\t\tMASSIMA CONNETTIVIT\u00c0 PER TUTTE LE APPLICAZIONI\n\t<\/h2>\n\t<p>V-Valley \u00e8 la risposta a un mercato che richiede sempre pi\u00f9 tecnologia, ma anche efficienza energetica, per ottimizzare tempo e risorse. Offriamo soluzioni di connettivit\u00e0 tecnologicamente avanzate e servizi di installazione di alta qualit\u00e0, oltre che prodotti atti a garantire un risparmio energetico effettivo, come ad esempio le luci a LED.<\/p>\n<p>Dall&#8217;ambiente pi\u00f9 piccolo ai grandi data center, il gruppo V-Valley fornisce sistemi di cabling in rame e in fibra, adatti a tutte le applicazioni, per accelerare l&#8217;innovazione e nel contempo\u00a0 guidare la fase di transizione energetica verso un uso pi\u00f9 responsabile ed efficiente delle risorse a disposizione.<\/p>\n<h3>\n\t\tCABLAGGIO ADATTO A OGNI ESIGENZA\n\t<\/h3>\n\t<p>Sistemi di cablaggio delle reti in rame e in fibra, oltre a una gamma completa di accessori dei migliori materiali, garantiscono una connettivit\u00e0 performante e sempre stabile della rete aziendale e l&#8217;interconnessione immediata dei diversi dispositivi elettronici al suo interno.<\/p>\n\t\t\t\t<img loading=\"lazy\" decoding=\"async\" src=\"https:\/\/statics.v-valley.com\/prod\/2022\/10\/img-cavo-rame.jpg\" alt=\"img-cavo-rame\" itemprop=\"image\" height=\"358\" width=\"557\" title=\"img-cavo-rame\" onerror=\"this.style.display='none'\"  \/>\n\t\t\t\t<img loading=\"lazy\" decoding=\"async\" src=\"https:\/\/statics.v-valley.com\/prod\/2022\/10\/img-cavo-fibra-ottica.jpg\" alt=\"img-cavo-fibra-ottica\" itemprop=\"image\" height=\"358\" width=\"557\" title=\"img-cavo-fibra-ottica\" onerror=\"this.style.display='none'\"  \/>\n<h3>\n\t\tPRODOTTI CHE PROMUOVONO L&#8217;EFFICIENZA ENERGETICA\n\t<\/h3>\n\t<p>Le soluzioni in fibra ottica permettono il trasferimento di enormi quantit\u00e0 di dati in poco tempo, migliorando complessivamente l&#8217;efficienza energetica dell&#8217;azienda, cos\u00ec come i sistemi di illuminazione a LED e le colonnine di ricarica per auto elettriche.<\/p>\n<h2>\n\t\tSCOPRI LE SOLUZIONI DI CABLING &#038; ENERGY EFFICIENCY  DISPONIBILI CON V-VALLEY\n\t<\/h2>\n\t<p>V-Valley offre una variet\u00e0 di soluzioni di cablaggio ed efficientamento energetico.<\/p>\n<h4>\n\t\tCavi in rame\n\t<\/h4>\n\t<p>Cablaggi fino a 1 Gb\/s per chi vuole ridurre i costi.<\/p>\n<h4>\n\t\tCavi in fibra ottica\n\t<\/h4>\n\t<p>Ideali per il trasferimento veloce di grandi quantit\u00e0 di dati.<\/p>\n<h4>\n\t\tFascette\n\t<\/h4>\n\t<p>Strumenti utilissimi per realizzare un ottimo cable management.<\/p>\n<h4>\n\t\tPatch Cord\n\t<\/h4>\n\t<p>Per interconnettere qualsiasi tipo di dispositivo elettronico all&#8217;interno di un ambiente di lavoro.<\/p>\n<h4>\n\t\tIlluminazione LED\n\t<\/h4>\n\t<p>Lampade di lunga durata che garantiscono un notevole risparmio energetico.<\/p>\n<h4>\n\t\tColonnine ricarica auto elettriche\n\t<\/h4>\n\t<p>Promuovere l&#8217;energy efficiency incentivando la diffusione della mobilit\u00e0 elettrica.<\/p>\n<h2>\n\t\tI NOSTRI PARTNER CHE OFFRONO SOLUZIONI DI CABLING E ENERGY EFFICIENCY\n\t<\/h2>\n\t\t\t\t<a href=\"https:\/\/www.v-valley.com\/it\/vendor\/belden\/\" target=\"_self\" title=\"logo_belden\" data-caption=\"\" data-description=\"\" itemprop=\"contentUrl\" rel=\"noopener\">\n\t\t\t<img loading=\"lazy\" decoding=\"async\" src=\"https:\/\/statics.v-valley.com\/prod\/2022\/10\/logo_belden.gif\" alt=\"logo_belden\" data-no-lazy=\"1\" itemprop=\"thumbnail\" width=\"140\" height=\"55\" \/>\n\t\t\t<!-- Overlay Wrapper -->\n\t\t\t <!-- Overlay Wrapper Closed -->\n\t\t\t\t<\/a>\n\t\t\t\t\t\t\t<meta itemprop=\"width\" content=\"140\" \/>\n\t\t\t<meta itemprop=\"height\" content=\"55\" \/>\n\t\t\t\t<a href=\"void(0)\" target=\"_self\" title=\"logo_CIS\" data-caption=\"\" data-description=\"\" itemprop=\"contentUrl\" rel=\"noopener\">\n\t\t\t<img loading=\"lazy\" decoding=\"async\" src=\"https:\/\/statics.v-valley.com\/prod\/2022\/11\/logo_CIS.gif\" alt=\"logo_CIS\" data-no-lazy=\"1\" itemprop=\"thumbnail\" width=\"140\" height=\"55\" \/>\n\t\t\t<!-- Overlay Wrapper -->\n\t\t\t <!-- Overlay Wrapper Closed -->\n\t\t\t\t<\/a>\n\t\t\t\t\t\t\t<meta itemprop=\"width\" content=\"140\" \/>\n\t\t\t<meta itemprop=\"height\" content=\"55\" \/>\n\t\t\t\t<a href=\"https:\/\/www.v-valley.com\/it\/vendor\/datwyler\/\" target=\"_self\" title=\"logo_datwyler\" data-caption=\"\" data-description=\"\" itemprop=\"contentUrl\" rel=\"noopener\">\n\t\t\t<img loading=\"lazy\" decoding=\"async\" src=\"https:\/\/statics.v-valley.com\/prod\/2022\/10\/logo_datwyler.gif\" alt=\"logo_datwyler\" data-no-lazy=\"1\" itemprop=\"thumbnail\" width=\"140\" height=\"55\" \/>\n\t\t\t<!-- Overlay Wrapper -->\n\t\t\t <!-- Overlay Wrapper Closed -->\n\t\t\t\t<\/a>\n\t\t\t\t\t\t\t<meta itemprop=\"width\" content=\"140\" \/>\n\t\t\t<meta itemprop=\"height\" content=\"55\" \/>\n\t\t\t\t<a href=\"https:\/\/www.v-valley.com\/it\/vendor\/digitus\/\" target=\"_self\" title=\"logo_digitus\" data-caption=\"\" data-description=\"\" itemprop=\"contentUrl\" rel=\"noopener\">\n\t\t\t<img loading=\"lazy\" decoding=\"async\" src=\"https:\/\/statics.v-valley.com\/prod\/2022\/10\/logo_digitus.gif\" alt=\"logo_digitus\" data-no-lazy=\"1\" itemprop=\"thumbnail\" width=\"140\" height=\"55\" \/>\n\t\t\t<!-- Overlay Wrapper -->\n\t\t\t <!-- Overlay Wrapper Closed -->\n\t\t\t\t<\/a>\n\t\t\t\t\t\t\t<meta itemprop=\"width\" content=\"140\" \/>\n\t\t\t<meta itemprop=\"height\" content=\"55\" \/>\n\t\t\t\t<a href=\"https:\/\/www.v-valley.com\/it\/vendor\/legrand\/\" target=\"_self\" title=\"logo_legrand\" data-caption=\"\" data-description=\"\" itemprop=\"contentUrl\" rel=\"noopener\">\n\t\t\t<img loading=\"lazy\" decoding=\"async\" src=\"https:\/\/statics.v-valley.com\/prod\/2022\/10\/logo_legrand.gif\" alt=\"logo_legrand\" data-no-lazy=\"1\" itemprop=\"thumbnail\" width=\"140\" height=\"55\" \/>\n\t\t\t<!-- Overlay Wrapper -->\n\t\t\t <!-- Overlay Wrapper Closed -->\n\t\t\t\t<\/a>\n\t\t\t\t\t\t\t<meta itemprop=\"width\" content=\"140\" \/>\n\t\t\t<meta itemprop=\"height\" content=\"55\" \/>\n\t\t\t\t<a href=\"https:\/\/www.v-valley.com\/it\/vendor\/leviton\/\" target=\"_self\" title=\"logo_leviton\" data-caption=\"\" data-description=\"\" itemprop=\"contentUrl\" rel=\"noopener\">\n\t\t\t<img loading=\"lazy\" decoding=\"async\" src=\"https:\/\/statics.v-valley.com\/prod\/2022\/10\/logo_leviton.gif\" alt=\"logo_leviton\" data-no-lazy=\"1\" itemprop=\"thumbnail\" width=\"140\" height=\"55\" \/>\n\t\t\t<!-- Overlay Wrapper -->\n\t\t\t <!-- Overlay Wrapper Closed -->\n\t\t\t\t<\/a>\n\t\t\t\t\t\t\t<meta itemprop=\"width\" content=\"140\" \/>\n\t\t\t<meta itemprop=\"height\" content=\"55\" \/>\n\t\t\t\t<a href=\"void(0)\" target=\"_self\" title=\"logo_Optoplast\" data-caption=\"\" data-description=\"\" itemprop=\"contentUrl\" rel=\"noopener\">\n\t\t\t<img loading=\"lazy\" decoding=\"async\" src=\"https:\/\/statics.v-valley.com\/prod\/2022\/10\/logo_Optoplast.gif\" alt=\"logo_Optoplast\" data-no-lazy=\"1\" itemprop=\"thumbnail\" width=\"140\" height=\"55\" \/>\n\t\t\t<!-- Overlay Wrapper -->\n\t\t\t <!-- Overlay Wrapper Closed -->\n\t\t\t\t<\/a>\n\t\t\t\t\t\t\t<meta itemprop=\"width\" content=\"140\" \/>\n\t\t\t<meta itemprop=\"height\" content=\"55\" \/>\n\t\t\t\t<a href=\"https:\/\/www.v-valley.com\/it\/vendor\/panduit\/\" target=\"_self\" title=\"logo_panduit\" data-caption=\"\" data-description=\"\" itemprop=\"contentUrl\" rel=\"noopener\">\n\t\t\t<img loading=\"lazy\" decoding=\"async\" src=\"https:\/\/statics.v-valley.com\/prod\/2022\/10\/logo_panduit.gif\" alt=\"logo_panduit\" data-no-lazy=\"1\" itemprop=\"thumbnail\" width=\"140\" height=\"55\" \/>\n\t\t\t<!-- Overlay Wrapper -->\n\t\t\t <!-- Overlay Wrapper Closed -->\n\t\t\t\t<\/a>\n\t\t\t\t\t\t\t<meta itemprop=\"width\" content=\"140\" \/>\n\t\t\t<meta itemprop=\"height\" content=\"55\" \/>\n\t\t\t\t<a href=\"https:\/\/www.v-valley.com\/it\/vendor\/prysmian-group\/\" target=\"_self\" title=\"logo_prysmiangroup\" data-caption=\"\" data-description=\"\" itemprop=\"contentUrl\" rel=\"noopener\">\n\t\t\t<img loading=\"lazy\" decoding=\"async\" src=\"https:\/\/statics.v-valley.com\/prod\/2022\/10\/logo_prysmiangroup.gif\" alt=\"logo_prysmiangroup\" data-no-lazy=\"1\" itemprop=\"thumbnail\" width=\"140\" height=\"55\" \/>\n\t\t\t<!-- Overlay Wrapper -->\n\t\t\t <!-- Overlay Wrapper Closed -->\n\t\t\t\t<\/a>\n\t\t\t\t\t\t\t<meta itemprop=\"width\" content=\"140\" \/>\n\t\t\t<meta itemprop=\"height\" content=\"55\" \/>\n\t\t\t\t<a href=\"https:\/\/www.v-valley.com\/it\/vendor\/wp-europe\/\" target=\"_self\" title=\"logo_wpe\" data-caption=\"\" data-description=\"\" itemprop=\"contentUrl\" rel=\"noopener\">\n\t\t\t<img loading=\"lazy\" decoding=\"async\" src=\"https:\/\/statics.v-valley.com\/prod\/2022\/10\/logo_wpe.gif\" alt=\"logo_wpe\" data-no-lazy=\"1\" itemprop=\"thumbnail\" width=\"140\" height=\"55\" \/>\n\t\t\t<!-- Overlay Wrapper -->\n\t\t\t <!-- Overlay Wrapper Closed -->\n\t\t\t\t<\/a>\n\t\t\t\t\t\t\t<meta itemprop=\"width\" content=\"140\" \/>\n\t\t\t<meta itemprop=\"height\" content=\"55\" \/>\n\t<h3>\n\t\tI NOSTRI SERVIZI INTEGRATIVI\n\t<\/h3>\n\t\t\t<a href=\"https:\/\/www.v-valley.com\/it\/servizi\/\" target=\"_self\" role=\"button\" rel=\"noopener\">\n\t\t\t\t\t\t\tTUTTI I NOSTRI SERVIZI\n\t\t\t\t\t<\/a>\n            <img decoding=\"async\" src=\"https:\/\/statics.v-valley.com\/prod\/2022\/10\/img-parti-di-ricambio.jpg\" alt=\"Installazione di tutte le componenti\" name=\"Installazione di tutte le componenti\"\/>\n                                <a href=\"https:\/\/www.v-valley.com\/it\/servizi\/parti-di-ricambio\/\">\n                    <h5>Installazione di tutte le componenti<\/h5>\n                <\/a>\n            <img decoding=\"async\" src=\"https:\/\/statics.v-valley.com\/prod\/2022\/10\/img-supporto.jpg\" alt=\"Supporto tecnico continuativo\" name=\"Supporto tecnico continuativo\"\/>\n                                <a href=\"https:\/\/www.v-valley.com\/it\/servizi\/supporto-tecnico-di-pre-vendita\/\">\n                    <h5>Supporto tecnico continuativo<\/h5>\n                <\/a>\n             <!-- end vvly more info cards -->\n <!-- end vvly more info cards container -->\n<style>\n    .vvly-more-info-cards-container .vvly-more-info-cards .vvly-more-info-card {\n        width: calc((100% - 45px) \/2);\n    }\n<\/style>\n\n","protected":false},"excerpt":{"rendered":"<p>Soluzioni di connettivit\u00e0 avanzate per tutti gli ambienti e progetti di efficientamento energetico. <\/p>\n","protected":false},"author":7,"featured_media":0,"parent":93,"menu_order":0,"comment_status":"closed","ping_status":"closed","template":"templates\/template-solution-category.php","meta":{"_acf_changed":false,"_genesis_hide_title":false,"_genesis_hide_breadcrumbs":false,"_genesis_hide_singular_image":false,"_genesis_hide_footer_widgets":false,"_genesis_custom_body_class":"","_genesis_custom_post_class":"","_genesis_layout":"","footnotes":""},"class_list":{"0":"post-1414","1":"page","2":"type-page","3":"status-publish","5":"entry"},"acf":[],"_links":{"self":[{"href":"https:\/\/www.v-valley.com\/it\/wp-json\/wp\/v2\/pages\/1414","targetHints":{"allow":["GET"]}}],"collection":[{"href":"https:\/\/www.v-valley.com\/it\/wp-json\/wp\/v2\/pages"}],"about":[{"href":"https:\/\/www.v-valley.com\/it\/wp-json\/wp\/v2\/types\/page"}],"author":[{"embeddable":true,"href":"https:\/\/www.v-valley.com\/it\/wp-json\/wp\/v2\/users\/7"}],"replies":[{"embeddable":true,"href":"https:\/\/www.v-valley.com\/it\/wp-json\/wp\/v2\/comments?post=1414"}],"version-history":[{"count":0,"href":"https:\/\/www.v-valley.com\/it\/wp-json\/wp\/v2\/pages\/1414\/revisions"}],"up":[{"embeddable":true,"href":"https:\/\/www.v-valley.com\/it\/wp-json\/wp\/v2\/pages\/93"}],"wp:attachment":[{"href":"https:\/\/www.v-valley.com\/it\/wp-json\/wp\/v2\/media?parent=1414"}],"curies":[{"name":"wp","href":"https:\/\/api.w.org\/{rel}","templated":true}]}}