{"id":1396,"date":"2022-10-26T18:30:54","date_gmt":"2022-10-26T16:30:54","guid":{"rendered":"https:\/\/www.v-valley.com\/?page_id=1396"},"modified":"2024-01-08T12:40:15","modified_gmt":"2024-01-08T11:40:15","slug":"unified-communication-e-collaboration","status":"publish","type":"page","link":"https:\/\/www.v-valley.com\/it\/soluzioni\/unified-communication-e-collaboration\/","title":{"rendered":"Unified Communication &#038; Collaboration"},"content":{"rendered":"\n<h2>\n\t\tLE MIGLIORI SOLUZIONI DI COMUNICAZIONE INTERNA PER I TUOI CLIENTI\n\t<\/h2>\n\t<p>V-Valley offre una vasta gamma di sistemi di comunicazione e collaborazione per i tuoi clienti, dalle reti telefoniche interne a soluzioni innovative per remote working e smart working: un&#8217;unica infrastruttura integrata che semplifica la gestione delle comunicazioni da pi\u00f9 postazioni.<\/p>\n<p>Si tratta di sistemi che si integrano con le reti aziendali, anche le pi\u00f9 complesse, grazie a telefoni IP che utilizzano la tecnologia VoIP e garantiscono la massima flessibilit\u00e0 sia per la telefonia tradizionale sia per quella cellulare. Inoltre, offriamo prodotti di alta qualit\u00e0 per le riunioni da remoto, capaci di isolare dai rumori provenienti dall&#8217;ambiente circostante.<\/p>\n<h3>\n\t\tSOLUZIONI PER LO SMART WORKING AZIENDALE\n\t<\/h3>\n\t<p>Offriamo tecnologie telefoniche che permettono il collegamento da remoto alle reti aziendali, garantendo qualit\u00e0 di immagini e audio. Per normali conversazioni o videoconferenze tra pi\u00f9 partecipanti, i nostri strumenti aiutano a trasformare qualsiasi ambiente in uno spazio riunioni: la soluzione ideale per lo smart working.<\/p>\n\t\t\t\t<img loading=\"lazy\" decoding=\"async\" src=\"https:\/\/statics.v-valley.com\/prod\/2022\/10\/img-chiamata-sw.jpg\" alt=\"img-chiamata-sw\" itemprop=\"image\" height=\"358\" width=\"557\" title=\"img-chiamata-sw\" onerror=\"this.style.display='none'\"  \/>\n\t\t\t\t<img loading=\"lazy\" decoding=\"async\" src=\"https:\/\/statics.v-valley.com\/prod\/2022\/10\/img-tecnologia-voip.jpg\" alt=\"img-tecnologia-voip\" itemprop=\"image\" height=\"358\" width=\"557\" title=\"img-tecnologia-voip\" onerror=\"this.style.display='none'\"  \/>\n<h3>\n\t\tONE NUMBER, EVERYWHERE ANYWHERE\n\t<\/h3>\n\t<p>Lo stesso numero per l&#8217;intera organizzazione: grazie a telefoni che usano la tecnologia VoIP puoi avere un&#8217;unica infrastruttura integrata con risparmio sui costi di manutenzione, semplificando la gestione multisite con maggiore affidabilit\u00e0 e sicurezza dalle frodi.<\/p>\n<h2>\n\t\tSCOPRI LE SOLUZIONI DI UNIFIED COMMUNICATION &#038; COLLABORATION DISPONIBILI CON V-VALLEY\n\t<\/h2>\n\t<p>V-Valley offre servizi di Unified Communication &amp; Collaboration tecnologicamente all&#8217;avanguardia di diverso tipo.<\/p>\n<h4>\n\t\tCentrali telefoniche\n\t<\/h4>\n\t<p>Sistemi che si integrano con le reti dati aziendali pi\u00f9 complesse e con pi\u00f9 linee.<\/p>\n<h4>\n\t\tGateway\n\t<\/h4>\n\t<p>Per passare da una rete a un&#8217;altra, attraverso il percorso pi\u00f9 efficiente.<\/p>\n<h4>\n\t\tTelefoni IP e VoIP\n\t<\/h4>\n\t<p>Apparecchi che usano la rete internet, dotati anche di funzioni grafiche e di messaggistica.<\/p>\n<h4>\n\t\tSistemi audio e videoconferenza\n\t<\/h4>\n\t<p>Sistemi che garantiscono un&#8217;elevata qualit\u00e0 di suono e immagini per le videoconferenze.<\/p>\n<h4>\n\t\tSistemi DECT\n\t<\/h4>\n\t<p>Dispositivi di telecomunicazione wireless collegati al sistema telefonico aziendale.<\/p>\n<h2>\n\t\tI NOSTRI PARTNER CHE OFFRONO SOLUZIONI DI UNIFIED COMMUNICATION &#038; COLLABORATION\n\t<\/h2>\n\t\t\t\t<a href=\"https:\/\/www.v-valley.com\/it\/vendor\/3cx\/\" target=\"_self\" title=\"logo_3CX\" data-caption=\"\" data-description=\"\" itemprop=\"contentUrl\" rel=\"noopener\">\n\t\t\t<img loading=\"lazy\" decoding=\"async\" src=\"https:\/\/statics.v-valley.com\/prod\/2022\/10\/logo_3CX.gif\" alt=\"logo_3CX\" data-no-lazy=\"1\" itemprop=\"thumbnail\" width=\"140\" height=\"55\" \/>\n\t\t\t<!-- Overlay Wrapper -->\n\t\t\t <!-- Overlay Wrapper Closed -->\n\t\t\t\t<\/a>\n\t\t\t\t\t\t\t<meta itemprop=\"width\" content=\"140\" \/>\n\t\t\t<meta itemprop=\"height\" content=\"55\" \/>\n\t\t\t\t<a href=\"https:\/\/www.v-valley.com\/it\/vendor\/alcatel-business\/\" target=\"_self\" title=\"logo_Alcatel_business\" data-caption=\"\" data-description=\"\" itemprop=\"contentUrl\" rel=\"noopener\">\n\t\t\t<img loading=\"lazy\" decoding=\"async\" src=\"https:\/\/statics.v-valley.com\/prod\/2022\/10\/logo_Alcatel_business.gif\" alt=\"logo_Alcatel_business\" data-no-lazy=\"1\" itemprop=\"thumbnail\" width=\"140\" height=\"55\" \/>\n\t\t\t<!-- Overlay Wrapper -->\n\t\t\t <!-- Overlay Wrapper Closed -->\n\t\t\t\t<\/a>\n\t\t\t\t\t\t\t<meta itemprop=\"width\" content=\"140\" \/>\n\t\t\t<meta itemprop=\"height\" content=\"55\" \/>\n\t\t\t\t<a href=\"https:\/\/www.v-valley.com\/it\/vendor\/alcatel-lucent\/\" target=\"_self\" title=\"logo_Alcatel-Lucent\" data-caption=\"\" data-description=\"\" itemprop=\"contentUrl\" rel=\"noopener\">\n\t\t\t<img loading=\"lazy\" decoding=\"async\" src=\"https:\/\/statics.v-valley.com\/prod\/2022\/10\/logo_Alcatel-Lucent.gif\" alt=\"logo_Alcatel-Lucent\" data-no-lazy=\"1\" itemprop=\"thumbnail\" width=\"140\" height=\"55\" \/>\n\t\t\t<!-- Overlay Wrapper -->\n\t\t\t <!-- Overlay Wrapper Closed -->\n\t\t\t\t<\/a>\n\t\t\t\t\t\t\t<meta itemprop=\"width\" content=\"140\" \/>\n\t\t\t<meta itemprop=\"height\" content=\"55\" \/>\n\t\t\t\t<a href=\"https:\/\/www.v-valley.com\/it\/vendor\/ascom\/\" target=\"_self\" title=\"logo_ascom\" data-caption=\"\" data-description=\"\" itemprop=\"contentUrl\" rel=\"noopener\">\n\t\t\t<img loading=\"lazy\" decoding=\"async\" src=\"https:\/\/statics.v-valley.com\/prod\/2022\/10\/logo_ascom.gif\" alt=\"logo_ascom\" data-no-lazy=\"1\" itemprop=\"thumbnail\" width=\"140\" height=\"55\" \/>\n\t\t\t<!-- Overlay Wrapper -->\n\t\t\t <!-- Overlay Wrapper Closed -->\n\t\t\t\t<\/a>\n\t\t\t\t\t\t\t<meta itemprop=\"width\" content=\"140\" \/>\n\t\t\t<meta itemprop=\"height\" content=\"55\" \/>\n\t\t\t\t<a href=\"https:\/\/www.v-valley.com\/it\/vendor\/audiocodes\/\" target=\"_self\" title=\"LOGO_audiocodes\" data-caption=\"\" data-description=\"\" itemprop=\"contentUrl\" rel=\"noopener\">\n\t\t\t<img loading=\"lazy\" decoding=\"async\" src=\"https:\/\/statics.v-valley.com\/prod\/2022\/10\/LOGO_audiocodes.gif\" alt=\"LOGO_audiocodes\" data-no-lazy=\"1\" itemprop=\"thumbnail\" width=\"140\" height=\"55\" \/>\n\t\t\t<!-- Overlay Wrapper -->\n\t\t\t <!-- Overlay Wrapper Closed -->\n\t\t\t\t<\/a>\n\t\t\t\t\t\t\t<meta itemprop=\"width\" content=\"140\" \/>\n\t\t\t<meta itemprop=\"height\" content=\"55\" \/>\n\t\t\t\t<a href=\"https:\/\/www.v-valley.com\/it\/vendor\/estos\/\" target=\"_self\" title=\"logo_estos\" data-caption=\"\" data-description=\"\" itemprop=\"contentUrl\" rel=\"noopener\">\n\t\t\t<img loading=\"lazy\" decoding=\"async\" src=\"https:\/\/statics.v-valley.com\/prod\/2022\/10\/logo_estos.gif\" alt=\"logo_estos\" data-no-lazy=\"1\" itemprop=\"thumbnail\" width=\"140\" height=\"55\" \/>\n\t\t\t<!-- Overlay Wrapper -->\n\t\t\t <!-- Overlay Wrapper Closed -->\n\t\t\t\t<\/a>\n\t\t\t\t\t\t\t<meta itemprop=\"width\" content=\"140\" \/>\n\t\t\t<meta itemprop=\"height\" content=\"55\" \/>\n\t\t\t\t<a href=\"https:\/\/www.v-valley.com\/it\/vendor\/gigaset\/\" target=\"_self\" title=\"logo_gigaset\" data-caption=\"\" data-description=\"\" itemprop=\"contentUrl\" rel=\"noopener\">\n\t\t\t<img loading=\"lazy\" decoding=\"async\" src=\"https:\/\/statics.v-valley.com\/prod\/2022\/10\/logo_gigaset.gif\" alt=\"logo_gigaset\" data-no-lazy=\"1\" itemprop=\"thumbnail\" width=\"140\" height=\"55\" \/>\n\t\t\t<!-- Overlay Wrapper -->\n\t\t\t <!-- Overlay Wrapper Closed -->\n\t\t\t\t<\/a>\n\t\t\t\t\t\t\t<meta itemprop=\"width\" content=\"140\" \/>\n\t\t\t<meta itemprop=\"height\" content=\"55\" \/>\n\t\t\t\t<a href=\"https:\/\/www.v-valley.com\/it\/vendor\/grandstream\/\" target=\"_self\" title=\"logo_grandstream\" data-caption=\"\" data-description=\"\" itemprop=\"contentUrl\" rel=\"noopener\">\n\t\t\t<img loading=\"lazy\" decoding=\"async\" src=\"https:\/\/statics.v-valley.com\/prod\/2022\/11\/logo_grandstream.gif\" alt=\"logo_grandstream\" data-no-lazy=\"1\" itemprop=\"thumbnail\" width=\"140\" height=\"55\" \/>\n\t\t\t<!-- Overlay Wrapper -->\n\t\t\t <!-- Overlay Wrapper Closed -->\n\t\t\t\t<\/a>\n\t\t\t\t\t\t\t<meta itemprop=\"width\" content=\"140\" \/>\n\t\t\t<meta itemprop=\"height\" content=\"55\" \/>\n\t\t\t\t<a href=\"https:\/\/www.v-valley.com\/it\/vendor\/innovaphone\/\" target=\"_self\" title=\"logo_innovaphone\" data-caption=\"\" data-description=\"\" itemprop=\"contentUrl\" rel=\"noopener\">\n\t\t\t<img loading=\"lazy\" decoding=\"async\" src=\"https:\/\/statics.v-valley.com\/prod\/2022\/10\/logo_innovaphone.gif\" alt=\"logo_innovaphone\" data-no-lazy=\"1\" itemprop=\"thumbnail\" width=\"140\" height=\"55\" \/>\n\t\t\t<!-- Overlay Wrapper -->\n\t\t\t <!-- Overlay Wrapper Closed -->\n\t\t\t\t<\/a>\n\t\t\t\t\t\t\t<meta itemprop=\"width\" content=\"140\" \/>\n\t\t\t<meta itemprop=\"height\" content=\"55\" \/>\n\t\t\t\t<a href=\"https:\/\/www.v-valley.com\/it\/vendor\/jabra\/\" target=\"_self\" title=\"logo_jabra\" data-caption=\"\" data-description=\"\" itemprop=\"contentUrl\" rel=\"noopener\">\n\t\t\t<img loading=\"lazy\" decoding=\"async\" src=\"https:\/\/statics.v-valley.com\/prod\/2022\/10\/logo_jabra.gif\" alt=\"logo_jabra\" data-no-lazy=\"1\" itemprop=\"thumbnail\" width=\"140\" height=\"55\" \/>\n\t\t\t<!-- Overlay Wrapper -->\n\t\t\t <!-- Overlay Wrapper Closed -->\n\t\t\t\t<\/a>\n\t\t\t\t\t\t\t<meta itemprop=\"width\" content=\"140\" \/>\n\t\t\t<meta itemprop=\"height\" content=\"55\" \/>\n\t\t\t\t<a href=\"https:\/\/www.v-valley.com\/it\/vendor\/kalliope\/\" target=\"_self\" title=\"logo_kalliope\" data-caption=\"\" data-description=\"\" itemprop=\"contentUrl\" rel=\"noopener\">\n\t\t\t<img loading=\"lazy\" decoding=\"async\" src=\"https:\/\/statics.v-valley.com\/prod\/2022\/11\/logo_kalliope.gif\" alt=\"logo_kalliope\" data-no-lazy=\"1\" itemprop=\"thumbnail\" width=\"140\" height=\"55\" \/>\n\t\t\t<!-- Overlay Wrapper -->\n\t\t\t <!-- Overlay Wrapper Closed -->\n\t\t\t\t<\/a>\n\t\t\t\t\t\t\t<meta itemprop=\"width\" content=\"140\" \/>\n\t\t\t<meta itemprop=\"height\" content=\"55\" \/>\n\t\t\t\t<a href=\"https:\/\/www.v-valley.com\/it\/vendor\/lenovo\/\" target=\"_self\" title=\"logo_lenovo\" data-caption=\"\" data-description=\"\" itemprop=\"contentUrl\" rel=\"noopener\">\n\t\t\t<img loading=\"lazy\" decoding=\"async\" src=\"https:\/\/statics.v-valley.com\/prod\/2022\/10\/logo_lenovo.gif\" alt=\"logo_lenovo\" data-no-lazy=\"1\" itemprop=\"thumbnail\" width=\"140\" height=\"55\" \/>\n\t\t\t<!-- Overlay Wrapper -->\n\t\t\t <!-- Overlay Wrapper Closed -->\n\t\t\t\t<\/a>\n\t\t\t\t\t\t\t<meta itemprop=\"width\" content=\"140\" \/>\n\t\t\t<meta itemprop=\"height\" content=\"55\" \/>\n\t\t\t\t<a href=\"void(0)\" target=\"_self\" title=\"logo-mitel\" data-caption=\"\" data-description=\"\" itemprop=\"contentUrl\" rel=\"noopener\">\n\t\t\t<img loading=\"lazy\" decoding=\"async\" src=\"https:\/\/statics.v-valley.com\/prod\/2023\/03\/logo-mitel.gif\" alt=\"logo-mitel\" data-no-lazy=\"1\" itemprop=\"thumbnail\" width=\"140\" height=\"55\" \/>\n\t\t\t<!-- Overlay Wrapper -->\n\t\t\t <!-- Overlay Wrapper Closed -->\n\t\t\t\t<\/a>\n\t\t\t\t\t\t\t<meta itemprop=\"width\" content=\"140\" \/>\n\t\t\t<meta itemprop=\"height\" content=\"55\" \/>\n\t\t\t\t<a href=\"https:\/\/www.v-valley.com\/it\/vendor\/patton\/\" target=\"_self\" title=\"logo_patton\" data-caption=\"\" data-description=\"\" itemprop=\"contentUrl\" rel=\"noopener\">\n\t\t\t<img loading=\"lazy\" decoding=\"async\" src=\"https:\/\/statics.v-valley.com\/prod\/2022\/10\/logo_patton.gif\" alt=\"logo_patton\" data-no-lazy=\"1\" itemprop=\"thumbnail\" width=\"140\" height=\"55\" \/>\n\t\t\t<!-- Overlay Wrapper -->\n\t\t\t <!-- Overlay Wrapper Closed -->\n\t\t\t\t<\/a>\n\t\t\t\t\t\t\t<meta itemprop=\"width\" content=\"140\" \/>\n\t\t\t<meta itemprop=\"height\" content=\"55\" \/>\n\t\t\t\t<a href=\"https:\/\/www.v-valley.com\/it\/vendor\/poly\/\" target=\"_self\" title=\"logo_Poly\" data-caption=\"\" data-description=\"\" itemprop=\"contentUrl\" rel=\"noopener\">\n\t\t\t<img loading=\"lazy\" decoding=\"async\" src=\"https:\/\/statics.v-valley.com\/prod\/2022\/10\/logo_Poly.png\" alt=\"logo_Poly\" data-no-lazy=\"1\" itemprop=\"thumbnail\" width=\"140\" height=\"55\" \/>\n\t\t\t<!-- Overlay Wrapper -->\n\t\t\t <!-- Overlay Wrapper Closed -->\n\t\t\t\t<\/a>\n\t\t\t\t\t\t\t<meta itemprop=\"width\" content=\"140\" \/>\n\t\t\t<meta itemprop=\"height\" content=\"55\" \/>\n\t\t\t\t<a href=\"https:\/\/www.v-valley.com\/it\/vendor\/snom\/\" target=\"_self\" title=\"logo_snom\" data-caption=\"\" data-description=\"\" itemprop=\"contentUrl\" rel=\"noopener\">\n\t\t\t<img loading=\"lazy\" decoding=\"async\" src=\"https:\/\/statics.v-valley.com\/prod\/2022\/10\/logo_snom.gif\" alt=\"logo_snom\" data-no-lazy=\"1\" itemprop=\"thumbnail\" width=\"140\" height=\"55\" \/>\n\t\t\t<!-- Overlay Wrapper -->\n\t\t\t <!-- Overlay Wrapper Closed -->\n\t\t\t\t<\/a>\n\t\t\t\t\t\t\t<meta itemprop=\"width\" content=\"140\" \/>\n\t\t\t<meta itemprop=\"height\" content=\"55\" \/>\n\t\t\t\t<a href=\"https:\/\/www.v-valley.com\/it\/vendor\/yamaha\/\" target=\"_self\" title=\"logo_yamaha\" data-caption=\"\" data-description=\"\" itemprop=\"contentUrl\" rel=\"noopener\">\n\t\t\t<img loading=\"lazy\" decoding=\"async\" src=\"https:\/\/statics.v-valley.com\/prod\/2022\/10\/logo_yamaha.gif\" alt=\"logo_yamaha\" data-no-lazy=\"1\" itemprop=\"thumbnail\" width=\"140\" height=\"55\" \/>\n\t\t\t<!-- Overlay Wrapper -->\n\t\t\t <!-- Overlay Wrapper Closed -->\n\t\t\t\t<\/a>\n\t\t\t\t\t\t\t<meta itemprop=\"width\" content=\"140\" \/>\n\t\t\t<meta itemprop=\"height\" content=\"55\" \/>\n\t\t\t\t<a href=\"https:\/\/www.v-valley.com\/it\/vendor\/yealink\/\" target=\"_self\" title=\"logo_yealink\" data-caption=\"\" data-description=\"\" itemprop=\"contentUrl\" rel=\"noopener\">\n\t\t\t<img loading=\"lazy\" decoding=\"async\" src=\"https:\/\/statics.v-valley.com\/prod\/2022\/10\/logo_yealink.gif\" alt=\"logo_yealink\" data-no-lazy=\"1\" itemprop=\"thumbnail\" width=\"140\" height=\"55\" \/>\n\t\t\t<!-- Overlay Wrapper -->\n\t\t\t <!-- Overlay Wrapper Closed -->\n\t\t\t\t<\/a>\n\t\t\t\t\t\t\t<meta itemprop=\"width\" content=\"140\" \/>\n\t\t\t<meta itemprop=\"height\" content=\"55\" \/>\n\t<h3>\n\t\tI NOSTRI SERVIZI INTEGRATIVI\n\t<\/h3>\n\t\t\t<a href=\"https:\/\/www.v-valley.com\/it\/servizi\/\" target=\"_self\" role=\"button\" rel=\"noopener\">\n\t\t\t\t\t\t\tTUTTI I NOSTRI SERVIZI\n\t\t\t\t\t<\/a>\n            <img decoding=\"async\" src=\"https:\/\/statics.v-valley.com\/prod\/2022\/10\/img-parti-di-ricambio.jpg\" alt=\"Installazione di tutte le componenti\" name=\"Installazione di tutte le componenti\"\/>\n                                <a href=\"https:\/\/www.v-valley.com\/it\/servizi\/parti-di-ricambio\/\">\n                    <h5>Installazione di tutte le componenti<\/h5>\n                <\/a>\n            <img decoding=\"async\" src=\"https:\/\/statics.v-valley.com\/prod\/2022\/10\/img-supporto.jpg\" alt=\"Supporto tecnico continuativo\" name=\"Supporto tecnico continuativo\"\/>\n                                <a href=\"https:\/\/www.v-valley.com\/it\/servizi\/supporto-tecnico-di-pre-vendita\/\">\n                    <h5>Supporto tecnico continuativo<\/h5>\n                <\/a>\n             <!-- end vvly more info cards -->\n <!-- end vvly more info cards container -->\n<style>\n    .vvly-more-info-cards-container .vvly-more-info-cards .vvly-more-info-card {\n        width: calc((100% - 45px) \/2);\n    }\n<\/style>\n\n","protected":false},"excerpt":{"rendered":"<p>I benefici di remote working e smart working con connessioni dalle sedi remote. <\/p>\n","protected":false},"author":7,"featured_media":0,"parent":93,"menu_order":0,"comment_status":"closed","ping_status":"closed","template":"templates\/template-solution-category.php","meta":{"_acf_changed":false,"_genesis_hide_title":false,"_genesis_hide_breadcrumbs":false,"_genesis_hide_singular_image":false,"_genesis_hide_footer_widgets":false,"_genesis_custom_body_class":"","_genesis_custom_post_class":"","_genesis_layout":"","footnotes":""},"class_list":{"0":"post-1396","1":"page","2":"type-page","3":"status-publish","5":"entry"},"acf":[],"_links":{"self":[{"href":"https:\/\/www.v-valley.com\/it\/wp-json\/wp\/v2\/pages\/1396","targetHints":{"allow":["GET"]}}],"collection":[{"href":"https:\/\/www.v-valley.com\/it\/wp-json\/wp\/v2\/pages"}],"about":[{"href":"https:\/\/www.v-valley.com\/it\/wp-json\/wp\/v2\/types\/page"}],"author":[{"embeddable":true,"href":"https:\/\/www.v-valley.com\/it\/wp-json\/wp\/v2\/users\/7"}],"replies":[{"embeddable":true,"href":"https:\/\/www.v-valley.com\/it\/wp-json\/wp\/v2\/comments?post=1396"}],"version-history":[{"count":0,"href":"https:\/\/www.v-valley.com\/it\/wp-json\/wp\/v2\/pages\/1396\/revisions"}],"up":[{"embeddable":true,"href":"https:\/\/www.v-valley.com\/it\/wp-json\/wp\/v2\/pages\/93"}],"wp:attachment":[{"href":"https:\/\/www.v-valley.com\/it\/wp-json\/wp\/v2\/media?parent=1396"}],"curies":[{"name":"wp","href":"https:\/\/api.w.org\/{rel}","templated":true}]}}