{"id":1386,"date":"2022-10-26T18:25:07","date_gmt":"2022-10-26T16:25:07","guid":{"rendered":"https:\/\/www.v-valley.com\/?page_id=1386"},"modified":"2024-07-24T09:38:39","modified_gmt":"2024-07-24T07:38:39","slug":"foxit","status":"publish","type":"page","link":"https:\/\/www.v-valley.com\/it\/vendor\/foxit\/","title":{"rendered":"Foxit"},"content":{"rendered":"\n\n\t\t\t\t<img loading=\"lazy\" decoding=\"async\" src=\"https:\/\/statics.v-valley.com\/prod\/2022\/10\/logo_foxit.gif\" alt=\"logo_foxit\" itemprop=\"image\" height=\"55\" width=\"140\" title=\"logo_foxit\" onerror=\"this.style.display='none'\"  \/>\n<h2>\n\t\tCHI \u00c8 FOXIT?\n\t<\/h2>\n\t<p>Foxit \u00e8 specializzata in soluzioni documentali professionali per l&#8217;editing di PDF e per la firma elettronica.<\/p>\n<h2>\n\t\tI PRODOTTI DI FOXIT\n\t<\/h2>\n\t<p>Foxit \u00e8 specializzata in soluzioni di gestione documentale di PDF EDITOR e FIRMA ELETTRONICA, soluzioni efficaci, semplici e perfettamente integrate al mondo Microsoft, adattabili con flessibilit\u00e0 alle esigenze di tutte le aziende, dalla pi\u00f9 grande alla pi\u00f9 piccola, garantendo qualit\u00e0 ed affidiabilit\u00e0 a prezzi e marginalit\u00e0 competitivi.<\/p>\n\t<p>Office Suite<\/p>\n\t<p>Software<\/p>\n\t<p>Gestione Documentale<\/p>\n\t<p>Collaboration<\/p>\n\t<p>Soluzioni Cloud<\/p>\n\n","protected":false},"excerpt":{"rendered":"<p>CHI \u00c8 FOXIT? Foxit \u00e8 specializzata in soluzioni documentali professionali per l&#8217;editing di PDF e per la firma elettronica. I PRODOTTI DI FOXIT Foxit \u00e8 specializzata in soluzioni di gestione documentale di PDF EDITOR e FIRMA ELETTRONICA, soluzioni efficaci, semplici e perfettamente integrate al mondo Microsoft, adattabili con flessibilit\u00e0 alle esigenze di tutte le aziende, [&hellip;]<\/p>\n","protected":false},"author":7,"featured_media":0,"parent":465,"menu_order":0,"comment_status":"closed","ping_status":"closed","template":"templates\/template-vendor-category.php","meta":{"_acf_changed":false,"_genesis_hide_title":false,"_genesis_hide_breadcrumbs":false,"_genesis_hide_singular_image":false,"_genesis_hide_footer_widgets":false,"_genesis_custom_body_class":"","_genesis_custom_post_class":"","_genesis_layout":"","footnotes":""},"class_list":{"0":"post-1386","1":"page","2":"type-page","3":"status-publish","5":"entry"},"acf":[],"_links":{"self":[{"href":"https:\/\/www.v-valley.com\/it\/wp-json\/wp\/v2\/pages\/1386","targetHints":{"allow":["GET"]}}],"collection":[{"href":"https:\/\/www.v-valley.com\/it\/wp-json\/wp\/v2\/pages"}],"about":[{"href":"https:\/\/www.v-valley.com\/it\/wp-json\/wp\/v2\/types\/page"}],"author":[{"embeddable":true,"href":"https:\/\/www.v-valley.com\/it\/wp-json\/wp\/v2\/users\/7"}],"replies":[{"embeddable":true,"href":"https:\/\/www.v-valley.com\/it\/wp-json\/wp\/v2\/comments?post=1386"}],"version-history":[{"count":0,"href":"https:\/\/www.v-valley.com\/it\/wp-json\/wp\/v2\/pages\/1386\/revisions"}],"up":[{"embeddable":true,"href":"https:\/\/www.v-valley.com\/it\/wp-json\/wp\/v2\/pages\/465"}],"wp:attachment":[{"href":"https:\/\/www.v-valley.com\/it\/wp-json\/wp\/v2\/media?parent=1386"}],"curies":[{"name":"wp","href":"https:\/\/api.w.org\/{rel}","templated":true}]}}