{"id":446052,"date":"2023-04-04T16:10:33","date_gmt":"2023-04-04T14:10:33","guid":{"rendered":"https:\/\/www.v-valley.com\/contactos\/"},"modified":"2024-09-26T16:50:39","modified_gmt":"2024-09-26T14:50:39","slug":"contacts","status":"publish","type":"page","link":"https:\/\/www.v-valley.com\/fr\/contacts\/","title":{"rendered":"Contacts"},"content":{"rendered":"\r\n<h2>\r\n\t\tLaissez-nous vos informations et nous vous contacterons\r\n\t<\/h2>\r\n\t<a name=\"form\"><\/a>\r\n\t<form method=\"post\" enctype=\"multipart\/form-data\" id=\"vfbp-form-29\" class=\"vfbp-form\"><div style=\"display:none;\"><label for=\"vfbp-EMAIL-AN8fuQyoDLXem\">Si vous \u00eates humain, laissez ce champ vide.<\/label><input size=\"25\" autocomplete=\"off\" type=\"text\" name=\"vfbp-EMAIL-AN8fuQyoDLXem\" value=\"\" id=\"\"><\/div><input type=\"hidden\" name=\"_vfb-timestamp-29\" value=\"1777417979\" id=\"\"><input type=\"hidden\" name=\"_vfb-form-id\" value=\"29\" id=\"\"><div class=\"vfb-col-12 vfb-fieldType-instructions\" id=\"vfbField341\"><div class=\"vfb-form-group\"><label for=\"vfb-field-341\" class=\"vfb-control-label\"><b>Informations requises:<\/b><\/label><div class=\"\"><\/div><\/div><\/div><div class=\"vfb-clearfix\"><\/div><div class=\"vfb-col-6 vfb-fieldType-text\" id=\"vfbField342\"><div class=\"vfb-form-group\"><label for=\"vfb-field-342\" class=\"vfb-control-label\">Nom et pr\u00e9nom <span class=\"vfb-required-asterisk\">*<\/span><\/label><div><input id=\"vfb-field-342\" class=\"vfb-form-control\" placeholder=\"\" required=\"required\" type=\"text\" name=\"vfb-field-342\" value=\"\"><\/div><\/div><\/div><div class=\"vfb-col-6 vfb-fieldType-text\" id=\"vfbField343\"><div class=\"vfb-form-group\"><label for=\"vfb-field-343\" class=\"vfb-control-label\">Nom de l'entreprise <span class=\"vfb-required-asterisk\">*<\/span><\/label><div><input id=\"vfb-field-343\" class=\"vfb-form-control\" placeholder=\"\" required=\"required\" type=\"text\" name=\"vfb-field-343\" value=\"\"><\/div><\/div><\/div><div class=\"vfb-clearfix\"><\/div><div class=\"vfb-col-6 vfb-fieldType-phone\" id=\"vfbField344\"><div class=\"vfb-form-group\"><label for=\"vfb-field-344\" class=\"vfb-control-label\">T\u00e9l\u00e9phone <span class=\"vfb-required-asterisk\">*<\/span><\/label><div><input id=\"vfb-field-344\" class=\"vfb-form-control vfb-intl-phone\" placeholder=\"\" required=\"required\" data-default-country=\"it\" data-number-type=\"MOBILE\" data-hide-flags=\"1\" data-national-mode=\"1\" data-auto-hide-dial-code=\"1\" type=\"tel\" name=\"vfb-field-344\" value=\"\"><\/div><\/div><\/div><div class=\"vfb-col-6 vfb-fieldType-email\" id=\"vfbField345\"><div class=\"vfb-form-group\"><label for=\"vfb-field-345\" class=\"vfb-control-label\">e-mail <span class=\"vfb-required-asterisk\">*<\/span><\/label><div><input id=\"vfb-field-345\" class=\"vfb-form-control\" placeholder=\"\" required=\"required\" type=\"email\" name=\"vfb-field-345\" value=\"\"><\/div><\/div><\/div><div class=\"vfb-clearfix\"><\/div><div class=\"vfb-col-12 vfb-fieldType-textarea\" id=\"vfbField346\"><div class=\"vfb-form-group\"><label for=\"vfb-field-346\" class=\"vfb-control-label\">Dites-nous comment nous pouvons vous aider <span class=\"vfb-required-asterisk\">*<\/span><\/label><div><textarea id=\"vfb-field-346\" class=\"vfb-form-control\" placeholder=\"\" required=\"required\" rows=\"3\" name=\"vfb-field-346\" cols=\"50\"><\/textarea><\/div><\/div><\/div><div class=\"vfb-clearfix\"><\/div><div class=\"vfb-col-12 vfb-fieldType-instructions\" id=\"vfbField347\"><div class=\"vfb-form-group\"><label for=\"vfb-field-347\" class=\"vfb-control-label\"> <b>Informations facultatives :<\/b><\/label><div class=\"\"><\/div><\/div><\/div><div class=\"vfb-clearfix\"><\/div><div class=\"vfb-col-6 vfb-fieldType-text\" id=\"vfbField348\"><div class=\"vfb-form-group\"><label for=\"vfb-field-348\" class=\"vfb-control-label\"> Num\u00e9ro de TVA<\/label><div><input id=\"vfb-field-348\" class=\"vfb-form-control\" placeholder=\"\" type=\"text\" name=\"vfb-field-348\" value=\"\"><\/div><\/div><\/div><div class=\"vfb-col-6 vfb-fieldType-text\" id=\"vfbField349\"><div class=\"vfb-form-group\"><label for=\"vfb-field-349\" class=\"vfb-control-label\">Code client V-Valley<\/label><div><input id=\"vfb-field-349\" class=\"vfb-form-control\" placeholder=\"\" type=\"text\" name=\"vfb-field-349\" value=\"\"><\/div><\/div><\/div><div class=\"vfb-clearfix\"><\/div><div class=\"vfb-col-12 vfb-fieldType-text\" id=\"vfbField350\"><div class=\"vfb-form-group\"><label for=\"vfb-field-350\" class=\"vfb-control-label\">R\u00f4le commercial<\/label><div><input id=\"vfb-field-350\" class=\"vfb-form-control\" placeholder=\"\" type=\"text\" name=\"vfb-field-350\" value=\"\"><\/div><\/div><\/div><div class=\"vfb-clearfix\"><\/div><div class=\"vfb-col-12 vfb-fieldType-instructions\" id=\"vfbField351\"><div class=\"vfb-form-group\"><label for=\"vfb-field-351\" class=\"vfb-control-label\">Divulgation<\/label><div class=\"\"><p><div class=\"fl-builder-content fl-builder-content-448703 fl-builder-template fl-builder-module-template fl-builder-global-templates-locked\" data-post-id=\"448703\"><div class=\"fl-module fl-module-rich-text fl-node-ma3gud49y8vj\" data-node=\"ma3gud49y8vj\">\n\t<div class=\"fl-module-content fl-node-content\">\n\t\t<div class=\"fl-rich-text\">\n\t<p>Cher utilisateur, nous vous informons que ce formulaire recueille vos coordonn\u00e9es afin de vous contacter en relation avec l'int\u00e9r\u00eat que vous avez manifest\u00e9. L'un de nos sp\u00e9cialistes de la soci\u00e9t\u00e9 V-Valley Advanced Solutions Espa\u00f1a, S.A.U. (Responsable du traitement) vous contactera par t\u00e9l\u00e9phone ou par e-mail. Vos donn\u00e9es ne seront pas communiqu\u00e9es \u00e0 des tiers ni diffus\u00e9es ; elles seront conserv\u00e9es par V-Valley Advanced Solutions Espa\u00f1a, S.A.U. pendant une dur\u00e9e maximale de 12 mois, sans pr\u00e9judice de la possibilit\u00e9 de demander leur suppression avant l'expiration de cette p\u00e9riode.<br \/>\nPour toute clarification, vous pouvez nous contacter \u00e0 l'adresse suivante : <a href=\"mailto:privacy@v-valley.com\">privacy@v-valley.com<\/a>.<br \/>\nPour plus d'informations sur le traitement des donn\u00e9es personnelles r\u00e9alis\u00e9 par V-Valley Advanced Solutions Espa\u00f1a, S.A.U., veuillez consulter la <a href=\"https:\/\/policies.esprinet.com\/en\/esprinet\/privacy\" target=\"_blank\" rel=\"noopener\">Politique de Confidentialit\u00e9<\/a>.<\/p>\n<\/div>\n\t<\/div>\n<\/div>\n<\/div><\/p>\n<\/div><\/div><\/div><div class=\"vfb-clearfix\"><\/div><div class=\"vfb-col-12 vfb-fieldType-captcha\" id=\"vfbField352\"><div class=\"vfb-form-group\"><label for=\"vfb-field-352\" class=\"vfb-control-label\">Captcha <span class=\"vfb-required-asterisk\">*<\/span><\/label><div><div class=\"g-recaptcha\" data-sitekey=\"6Lf1ytsiAAAAAEG8JxJHgJzU7R8dykbVhqQAbadd\"><\/div><input type=\"hidden\" name=\"_vfb_recaptcha_enabled\" value=\"1\" id=\"\"><div class=\"vfb-has-error\" id=\"vfb-recaptcha-error\"><span class=\"vfb-help-block\">reCAPTCHA is required.<\/span><\/div><\/div><\/div><\/div><div class=\"vfb-clearfix\"><\/div><div class=\"vfb-col-12 vfb-fieldType-submit\" id=\"vfbField353\"><button id=\"vfb-field-353\" class=\" btn btn-primary\" placeholder=\"\" type=\"submit\" name=\"_vfb-submit\">Envoyer<\/button><\/div><div class=\"vfb-clearfix\"><\/div><\/form>\r\n\r\n","protected":false},"excerpt":{"rendered":"<p>Laissez-nous vos informations et nous vous contacterons<\/p>\n","protected":false},"author":6,"featured_media":0,"parent":0,"menu_order":0,"comment_status":"closed","ping_status":"closed","template":"templates\/template-generic-full-content.php","meta":{"_acf_changed":false,"_genesis_hide_title":false,"_genesis_hide_breadcrumbs":false,"_genesis_hide_singular_image":false,"_genesis_hide_footer_widgets":false,"_genesis_custom_body_class":"","_genesis_custom_post_class":"","_genesis_layout":"","footnotes":""},"class_list":{"0":"post-446052","1":"page","2":"type-page","3":"status-publish","5":"entry"},"acf":[],"_links":{"self":[{"href":"https:\/\/www.v-valley.com\/fr\/wp-json\/wp\/v2\/pages\/446052","targetHints":{"allow":["GET"]}}],"collection":[{"href":"https:\/\/www.v-valley.com\/fr\/wp-json\/wp\/v2\/pages"}],"about":[{"href":"https:\/\/www.v-valley.com\/fr\/wp-json\/wp\/v2\/types\/page"}],"author":[{"embeddable":true,"href":"https:\/\/www.v-valley.com\/fr\/wp-json\/wp\/v2\/users\/6"}],"replies":[{"embeddable":true,"href":"https:\/\/www.v-valley.com\/fr\/wp-json\/wp\/v2\/comments?post=446052"}],"version-history":[{"count":0,"href":"https:\/\/www.v-valley.com\/fr\/wp-json\/wp\/v2\/pages\/446052\/revisions"}],"wp:attachment":[{"href":"https:\/\/www.v-valley.com\/fr\/wp-json\/wp\/v2\/media?parent=446052"}],"curies":[{"name":"wp","href":"https:\/\/api.w.org\/{rel}","templated":true}]}}