{"id":433483,"date":"2023-12-15T15:54:52","date_gmt":"2023-12-15T14:54:52","guid":{"rendered":"https:\/\/www.v-valley.com\/compliance\/"},"modified":"2025-11-11T14:39:29","modified_gmt":"2025-11-11T13:39:29","slug":"compliance","status":"publish","type":"page","link":"https:\/\/www.v-valley.com\/fr\/compliance\/","title":{"rendered":"Compliance"},"content":{"rendered":"\n<h2>\n\t\t\tDocuments relatifs \u00e0  l&rsquo;entreprise V-Valley Advanced Solutions Espa\u00f1a, S.A.U.\t<\/h2>\n<h3>\n\t\t\tCanal de signalement des infractions\t<\/h3>\n\t<p>Le Groupe Esprinet dispose d&rsquo;un syst\u00e8me d&rsquo;information permettant \u00e0 toute partie int\u00e9ress\u00e9e d\u00e9tectant une \u00e9ventuelle fraude, un grief, une violation de r\u00e9glementation ou une irr\u00e9gularit\u00e9 de faire une communication via les canaux indiqu\u00e9s dans la Politique de Signalement de l&rsquo;entreprise ou \u00e0 l&rsquo;adresse suivante <a href=\"https:\/\/esprinet.eticainsieme.it\/#\/\" target=\"_blank\" rel=\"noopener\">https:\/\/esprinet.eticainsieme.it\/#\/<\/a><\/p>\n\t<p><strong>English<\/strong><\/p>\n\t<a href=\"https:\/\/statics.v-valley.com\/prod\/2024\/11\/ESDIS01001-POLICY-FOR-THE-PREVENTION-OF-FRAUD-AND-VIOLATIONS-OF-THE-CODE-OF-ETHICS-AND-FOR-THE-MANAGEMENT-OF-WHISTLEBLOWING-REPORTS.pdf\" target=\"_self\" role=\"button\" download=\"ESDIS01001-POLICY-FOR-THE-PREVENTION-OF-FRAUD-AND-VIOLATIONS-OF-THE-CODE-OF-ETHICS-AND-FOR-THE-MANAGEMENT-OF-WHISTLEBLOWING-REPORTS.pdf\" aria-label=\"Whistleblowing Policy\">\n\t\t\t\t\t\tWhistleblowing Policy\n\t\t\t\t\t<\/a>\n<h3>\n\t\t\tCode d&rsquo;\u00e9thique\t<\/h3>\n\tLe code \u00e9thique, qui s&rsquo;applique \u00e0 toutes les activit\u00e9s du groupe Esprinet, \u00e9tablit la ligne de conduite et r\u00e9glemente l&rsquo;ensemble des droits, devoirs et responsabilit\u00e9s que le Groupe<br \/>\nassume express\u00e9ment envers ses propres parties prenantes.\n\t<p><strong>Fran\u00e7ais<\/strong><\/p>\n\t<a href=\"https:\/\/statics.v-valley.com\/prod\/2024\/09\/MOLIG00003-CODE-DETHIQUE.pdf\" target=\"_self\" role=\"button\" download=\"MOLIG00003-CODE-DETHIQUE.pdf\" aria-label=\"Code d'\u00e9thique\">\n\t\t\t\t\t\tCode d&rsquo;\u00e9thique\n\t\t\t\t\t<\/a>\n\t<p><strong>English<\/strong><\/p>\n\t<a href=\"https:\/\/www.esprinet.com\/wp-content\/uploads\/2023\/09\/Code-of-Ethics_2023-ENG.pdf\" target=\"_self\" role=\"button\" download=\"Code-of-Ethics_2023-ENG.pdf\" aria-label=\"Code of Ethics\">\n\t\t\t\t\t\tCode of Ethics\n\t\t\t\t\t<\/a>\n<h3>\n\t\t\tCode de Conduite\t<\/h3>\n\t<p>Le groupe a d\u00e9fini un code de conduite qui le guide dans l&rsquo;\u00e9tablissement de relations commerciales avec ses propres fournisseurs et partenaires commerciaux de la cha\u00eene d&rsquo;approvisionnement, caract\u00e9ris\u00e9es par la transparence, l&rsquo;\u00e9quit\u00e9 et des pratiques commerciales \u00e9thiques.<\/p>\n\t<p><strong>Fran\u00e7ais<\/strong><\/p>\n\t<a href=\"https:\/\/statics.v-valley.com\/prod\/2024\/09\/MOLIG00004-CODE-DE-CONDUITE.pdf\" target=\"_self\" role=\"button\" download=\"MOLIG00004-CODE-DE-CONDUITE.pdf\" aria-label=\"Code de Conduite\">\n\t\t\t\t\t\tCode de Conduite\n\t\t\t\t\t<\/a>\n\t<p><strong>English<\/strong><\/p>\n\t<a href=\"https:\/\/statics.v-valley.com\/prod\/2023\/12\/Code-of-Conduct-Supply-Chain-2023-ENG.pdf\" target=\"_self\" role=\"button\" download=\"Code-of-Conduct-Supply-Chain-2023-ENG.pdf\" aria-label=\"Code of Conduct\">\n\t\t\t\t\t\tCode of Conduct\n\t\t\t\t\t<\/a>\n\n","protected":false},"excerpt":{"rendered":"<p>Documents relatifs \u00e0 l&rsquo;entreprise V-Valley Advanced Solutions Espa\u00f1a, S.A.U. Canal de signalement des infractions Le Groupe Esprinet dispose d&rsquo;un syst\u00e8me d&rsquo;information permettant \u00e0 toute partie int\u00e9ress\u00e9e d\u00e9tectant une \u00e9ventuelle fraude, un grief, une violation de r\u00e9glementation ou une irr\u00e9gularit\u00e9 de faire une communication via les canaux indiqu\u00e9s dans la Politique de Signalement de l&rsquo;entreprise ou [&hellip;]<\/p>\n","protected":false},"author":6,"featured_media":0,"parent":0,"menu_order":0,"comment_status":"closed","ping_status":"closed","template":"templates\/template-simple.php","meta":{"_acf_changed":false,"_genesis_hide_title":false,"_genesis_hide_breadcrumbs":false,"_genesis_hide_singular_image":false,"_genesis_hide_footer_widgets":false,"_genesis_custom_body_class":"","_genesis_custom_post_class":"","_genesis_layout":"","footnotes":""},"class_list":{"0":"post-433483","1":"page","2":"type-page","3":"status-publish","5":"entry"},"acf":[],"_links":{"self":[{"href":"https:\/\/www.v-valley.com\/fr\/wp-json\/wp\/v2\/pages\/433483","targetHints":{"allow":["GET"]}}],"collection":[{"href":"https:\/\/www.v-valley.com\/fr\/wp-json\/wp\/v2\/pages"}],"about":[{"href":"https:\/\/www.v-valley.com\/fr\/wp-json\/wp\/v2\/types\/page"}],"author":[{"embeddable":true,"href":"https:\/\/www.v-valley.com\/fr\/wp-json\/wp\/v2\/users\/6"}],"replies":[{"embeddable":true,"href":"https:\/\/www.v-valley.com\/fr\/wp-json\/wp\/v2\/comments?post=433483"}],"version-history":[{"count":3,"href":"https:\/\/www.v-valley.com\/fr\/wp-json\/wp\/v2\/pages\/433483\/revisions"}],"predecessor-version":[{"id":624958,"href":"https:\/\/www.v-valley.com\/fr\/wp-json\/wp\/v2\/pages\/433483\/revisions\/624958"}],"wp:attachment":[{"href":"https:\/\/www.v-valley.com\/fr\/wp-json\/wp\/v2\/media?parent=433483"}],"curies":[{"name":"wp","href":"https:\/\/api.w.org\/{rel}","templated":true}]}}