{"id":412866,"date":"2022-10-28T17:02:33","date_gmt":"2022-10-28T15:02:33","guid":{"rendered":"https:\/\/www.v-valley.com\/solutions\/cloud\/"},"modified":"2024-09-17T11:52:41","modified_gmt":"2024-09-17T09:52:41","slug":"nuage","status":"publish","type":"page","link":"https:\/\/www.v-valley.com\/fr\/solutions\/nuage\/","title":{"rendered":"Nuage"},"content":{"rendered":"\n<h2>\n\t\tD\u00c9VELOPPEZ VOTRE ENTREPRISE AVEC LE CLOUD\n\t<\/h2>\n\t<p>Le Cloud est un acc\u00e9l\u00e9rateur de business car il permet d&rsquo;\u00e9largir votre offre de services en les g\u00e9rant avec un minimum d&rsquo;effort et de mani\u00e8re rapide et efficace ! Vous trouverez plusieurs solutions cloud d\u00e9velopp\u00e9es dans diff\u00e9rents domaines et que vous pourrez adopter selon le mod\u00e8le \u00e9conomique souhait\u00e9. Vous souhaitez savoir comment int\u00e9grer nos solutions pour acc\u00e9l\u00e9rer votre business ? <a href=\"#form\">Cliquez ici<\/a> pour entrer en contact avec nos sp\u00e9cialistes!<\/p>\n<h3>\n\t\tDES SOLUTIONS DISPONIBLES POUR TOUS LES MOD\u00c8LES \u00c9CONOMIQUES\n\t<\/h3>\n                        <a href=\"#MSP\">\n            <img decoding=\"async\" src=\"https:\/\/statics.v-valley.com\/prod\/2022\/09\/ico-MSP.png\" alt=\"Fournisseur de services g\u00e9r\u00e9s\" name=\"Fournisseur de services g\u00e9r\u00e9s\"\/>\n            <\/a>\n                                                <a href=\"#MSP\">\n                <h4>Fournisseur de services g\u00e9r\u00e9s<\/h4>\n                <\/a>\n                                                    <p>Ce mod\u00e8le envisage une entit\u00e9 appel\u00e9e fournisseur de services g\u00e9r\u00e9s qui adopte, fournit et contr\u00f4le les services d\u00e9di\u00e9s au client final. Un besoin d&rsquo;une infrastructure \u00e0 partir de laquelle fournir des services.<\/p>\n         <!-- end vvly card item -->\n                        <a href=\"#MSP\">\n            <img decoding=\"async\" src=\"https:\/\/statics.v-valley.com\/prod\/2022\/09\/ico-MSP-ready.png\" alt=\"Fournisseur de services g\u00e9r\u00e9s - Pr\u00eat \u00e0 vendre\" name=\"Fournisseur de services g\u00e9r\u00e9s - Pr\u00eat \u00e0 vendre\"\/>\n            <\/a>\n                                                <a href=\"#MSP\">\n                <h4>Fournisseur de services g\u00e9r\u00e9s &#8211; Pr\u00eat \u00e0 vendre<\/h4>\n                <\/a>\n                                                    <p>Ce mod\u00e8le permet de revendre les services fournis par un MSP \u00e0 ses clients finaux (voire en les int\u00e9grant \u00e0 d&rsquo;autres services propos\u00e9s). Cela ne n\u00e9cessite aucune infrastructure.<\/p>\n         <!-- end vvly card item -->\n                        <a href=\"#CSP\">\n            <img decoding=\"async\" src=\"https:\/\/statics.v-valley.com\/prod\/2022\/09\/ico-CSP.png\" alt=\"Fournisseur de services cloud\" name=\"Fournisseur de services cloud\"\/>\n            <\/a>\n                                                <a href=\"#CSP\">\n                <h4>Fournisseur de services cloud<\/h4>\n                <\/a>\n                                                    <p>Ce mod\u00e8le permet de proposer des services\/solutions avec des engagements mensuels ou annuels sous forme d&rsquo;abonnement, propos\u00e9s par un prestataire. Elle permet de construire des offres personnalis\u00e9es pour ses clients.<\/p>\n         <!-- end vvly card item -->\n             <!-- end vvly cards with icon -->\n <!-- end cards-with-icon-container -->\n<style>\n    .vvly-cards-with-icon-container .vvly-cards-with-icon .vvly-card-item {\n        width: calc(100% \/3);\n    }\n<\/style>\n<h3>\n\t\tLE MUSTHAVE\n\t<\/h3>\n\t<p>Si les incontournables de chaque entreprise sont aujourd&rsquo;hui la flexibilit\u00e9, l&rsquo;\u00e9volutivit\u00e9, l&rsquo;accessibilit\u00e9 et la collaboration, le Cloud est la solution id\u00e9ale pour tous ces besoins, car en plus de g\u00e9n\u00e9rer de nouveaux avantages, il est capable d&rsquo;apporter d&rsquo;importantes r\u00e9ductions de co\u00fbts aux diff\u00e9rentes entreprises. N&rsquo;oublions pas non plus que les solutions \u00ab\u00a0cloud\u00a0\u00bb sont naturellement plus durables que les solutions \u00ab sur site \u00bb, en raison de l&rsquo;utilisation de moins de ressources et donc de plus grandes \u00e9conomies d&rsquo;\u00e9nergie.<\/p>\n\t\t\t\t<img loading=\"lazy\" decoding=\"async\" src=\"https:\/\/statics.v-valley.com\/prod\/2022\/11\/img-soluzioni-cloud.jpg\" alt=\"img-soluzioni-cloud\" itemprop=\"image\" height=\"358\" width=\"557\" title=\"img-soluzioni-cloud\" onerror=\"this.style.display='none'\"  \/>\n\t\t\t\t<img loading=\"lazy\" decoding=\"async\" src=\"https:\/\/statics.v-valley.com\/prod\/2022\/11\/img-piattaforma-cloud.jpg\" alt=\"img-piattaforma-cloud\" itemprop=\"image\" height=\"358\" width=\"557\" title=\"img-piattaforma-cloud\" onerror=\"this.style.display='none'\"  \/>\n<h3>\n\t\tPLATEFORME WEB\n\t<\/h3>\n\t<p>L&rsquo;utilisation d&rsquo;une plate-forme Web satisfait plus de 90 pour cent des besoins informatiques du client dans les domaines de la sauvegarde, de la s\u00e9curit\u00e9, de la collaboration et de la productivit\u00e9.<\/p>\n<h2>\n\t\tNOS PARTENAIRES QUI PROPOSENT DES SOLUTIONS DE C\u00c2BLAGE ET D&rsquo;EFFICACIT\u00c9 \u00c9NERG\u00c9TIQUE\n\t<\/h2>\n\t\t\t\t<a href=\"https:\/\/www.v-valley.com\/en\/vendor\/acronis\" target=\"_self\" title=\"logo_acronis\" data-caption=\"\" data-description=\"\" itemprop=\"contentUrl\" rel=\"noopener\">\n\t\t\t<img loading=\"lazy\" decoding=\"async\" src=\"https:\/\/statics.v-valley.com\/prod\/2022\/10\/logo_acronis.gif\" alt=\"logo_acronis\" data-no-lazy=\"1\" itemprop=\"thumbnail\" width=\"140\" height=\"55\" \/>\n\t\t\t<!-- Overlay Wrapper -->\n\t\t\t <!-- Overlay Wrapper Closed -->\n\t\t\t\t<\/a>\n\t\t\t\t\t\t\t<meta itemprop=\"width\" content=\"140\" \/>\n\t\t\t<meta itemprop=\"height\" content=\"55\" \/>\n\t\t\t\t<a href=\"https:\/\/www.v-valley.com\/en\/vendor\/barracuda\" target=\"_self\" title=\"loco-barracuda\" data-caption=\"\" data-description=\"\" itemprop=\"contentUrl\" rel=\"noopener\">\n\t\t\t<img loading=\"lazy\" decoding=\"async\" src=\"https:\/\/statics.v-valley.com\/prod\/2022\/11\/loco-barracuda.png\" alt=\"loco-barracuda\" data-no-lazy=\"1\" itemprop=\"thumbnail\" width=\"140\" height=\"55\" \/>\n\t\t\t<!-- Overlay Wrapper -->\n\t\t\t <!-- Overlay Wrapper Closed -->\n\t\t\t\t<\/a>\n\t\t\t\t\t\t\t<meta itemprop=\"width\" content=\"140\" \/>\n\t\t\t<meta itemprop=\"height\" content=\"55\" \/>\n\t\t\t\t<a href=\"https:\/\/www.v-valley.com\/en\/vendor\/check-point\" target=\"_self\" title=\"logo_checkpoint\" data-caption=\"\" data-description=\"\" itemprop=\"contentUrl\" rel=\"noopener\">\n\t\t\t<img loading=\"lazy\" decoding=\"async\" src=\"https:\/\/statics.v-valley.com\/prod\/2022\/11\/logo_checkpoint.gif\" alt=\"logo_checkpoint\" data-no-lazy=\"1\" itemprop=\"thumbnail\" width=\"140\" height=\"55\" \/>\n\t\t\t<!-- Overlay Wrapper -->\n\t\t\t <!-- Overlay Wrapper Closed -->\n\t\t\t\t<\/a>\n\t\t\t\t\t\t\t<meta itemprop=\"width\" content=\"140\" \/>\n\t\t\t<meta itemprop=\"height\" content=\"55\" \/>\n\t\t\t\t<a href=\"https:\/\/www.v-valley.com\/en\/vendor\/datacore\" target=\"_self\" title=\"logo_datacore\" data-caption=\"\" data-description=\"\" itemprop=\"contentUrl\" rel=\"noopener\">\n\t\t\t<img loading=\"lazy\" decoding=\"async\" src=\"https:\/\/statics.v-valley.com\/prod\/2022\/10\/logo_datacore.gif\" alt=\"logo_datacore\" data-no-lazy=\"1\" itemprop=\"thumbnail\" width=\"140\" height=\"55\" \/>\n\t\t\t<!-- Overlay Wrapper -->\n\t\t\t <!-- Overlay Wrapper Closed -->\n\t\t\t\t<\/a>\n\t\t\t\t\t\t\t<meta itemprop=\"width\" content=\"140\" \/>\n\t\t\t<meta itemprop=\"height\" content=\"55\" \/>\n\t\t\t\t<a href=\"https:\/\/www.v-valley.com\/en\/vendor\/eset\" target=\"_self\" title=\"logo_eset\" data-caption=\"\" data-description=\"\" itemprop=\"contentUrl\" rel=\"noopener\">\n\t\t\t<img loading=\"lazy\" decoding=\"async\" src=\"https:\/\/statics.v-valley.com\/prod\/2022\/10\/logo_eset.gif\" alt=\"logo_eset\" data-no-lazy=\"1\" itemprop=\"thumbnail\" width=\"140\" height=\"55\" \/>\n\t\t\t<!-- Overlay Wrapper -->\n\t\t\t <!-- Overlay Wrapper Closed -->\n\t\t\t\t<\/a>\n\t\t\t\t\t\t\t<meta itemprop=\"width\" content=\"140\" \/>\n\t\t\t<meta itemprop=\"height\" content=\"55\" \/>\n\t\t\t\t<a href=\"\" target=\"_self\" title=\"logo-factorial\" data-caption=\"\" data-description=\"\" itemprop=\"contentUrl\" rel=\"noopener\">\n\t\t\t<img loading=\"lazy\" decoding=\"async\" src=\"https:\/\/statics.v-valley.com\/prod\/2023\/11\/logo-factorial.gif\" alt=\"logo-factorial\" data-no-lazy=\"1\" itemprop=\"thumbnail\" width=\"140\" height=\"55\" \/>\n\t\t\t<!-- Overlay Wrapper -->\n\t\t\t <!-- Overlay Wrapper Closed -->\n\t\t\t\t<\/a>\n\t\t\t\t\t\t\t<meta itemprop=\"width\" content=\"140\" \/>\n\t\t\t<meta itemprop=\"height\" content=\"55\" \/>\n\t\t\t\t<a href=\"https:\/\/www.v-valley.com\/en\/vendor\/goto\/\" target=\"_self\" title=\"logo-piccolo-goto\" data-caption=\"\" data-description=\"\" itemprop=\"contentUrl\" rel=\"noopener\">\n\t\t\t<img loading=\"lazy\" decoding=\"async\" src=\"https:\/\/statics.v-valley.com\/prod\/2022\/10\/logo-piccolo-goto.gif\" alt=\"logo-piccolo-goto\" data-no-lazy=\"1\" itemprop=\"thumbnail\" width=\"140\" height=\"55\" \/>\n\t\t\t<!-- Overlay Wrapper -->\n\t\t\t <!-- Overlay Wrapper Closed -->\n\t\t\t\t<\/a>\n\t\t\t\t\t\t\t<meta itemprop=\"width\" content=\"140\" \/>\n\t\t\t<meta itemprop=\"height\" content=\"55\" \/>\n\t\t\t\t<a href=\"\" target=\"_self\" title=\"logo-kaspersky\" data-caption=\"\" data-description=\"\" itemprop=\"contentUrl\" rel=\"noopener\">\n\t\t\t<img loading=\"lazy\" decoding=\"async\" src=\"https:\/\/statics.v-valley.com\/prod\/2022\/11\/logo-kaspersky-150x45.png\" alt=\"logo-kaspersky\" data-no-lazy=\"1\" itemprop=\"thumbnail\" width=\"150\" height=\"45\" \/>\n\t\t\t<!-- Overlay Wrapper -->\n\t\t\t <!-- Overlay Wrapper Closed -->\n\t\t\t\t<\/a>\n\t\t\t\t\t\t\t<meta itemprop=\"width\" content=\"150\" \/>\n\t\t\t<meta itemprop=\"height\" content=\"45\" \/>\n\t\t\t\t<a href=\"https:\/\/www.v-valley.com\/en\/vendor\/microfocus\" target=\"_self\" title=\"logo_microfocus\" data-caption=\"\" data-description=\"\" itemprop=\"contentUrl\" rel=\"noopener\">\n\t\t\t<img loading=\"lazy\" decoding=\"async\" src=\"https:\/\/statics.v-valley.com\/prod\/2022\/10\/logo_microfocus.gif\" alt=\"logo_microfocus\" data-no-lazy=\"1\" itemprop=\"thumbnail\" width=\"140\" height=\"55\" \/>\n\t\t\t<!-- Overlay Wrapper -->\n\t\t\t <!-- Overlay Wrapper Closed -->\n\t\t\t\t<\/a>\n\t\t\t\t\t\t\t<meta itemprop=\"width\" content=\"140\" \/>\n\t\t\t<meta itemprop=\"height\" content=\"55\" \/>\n\t\t\t\t<a href=\"https:\/\/www.v-valley.com\/en\/vendor\/microsoft\" target=\"_self\" title=\"logo_Microsoft\" data-caption=\"\" data-description=\"\" itemprop=\"contentUrl\" rel=\"noopener\">\n\t\t\t<img loading=\"lazy\" decoding=\"async\" src=\"https:\/\/statics.v-valley.com\/prod\/2022\/11\/logo_Microsoft.gif\" alt=\"logo_Microsoft\" data-no-lazy=\"1\" itemprop=\"thumbnail\" width=\"140\" height=\"55\" \/>\n\t\t\t<!-- Overlay Wrapper -->\n\t\t\t <!-- Overlay Wrapper Closed -->\n\t\t\t\t<\/a>\n\t\t\t\t\t\t\t<meta itemprop=\"width\" content=\"140\" \/>\n\t\t\t<meta itemprop=\"height\" content=\"55\" \/>\n\t\t\t\t<a href=\"https:\/\/www.v-valley.com\/en\/vendor\/parallels\" target=\"_self\" title=\"logo_parallels\" data-caption=\"\" data-description=\"\" itemprop=\"contentUrl\" rel=\"noopener\">\n\t\t\t<img loading=\"lazy\" decoding=\"async\" src=\"https:\/\/statics.v-valley.com\/prod\/2022\/10\/logo_parallels.gif\" alt=\"logo_parallels\" data-no-lazy=\"1\" itemprop=\"thumbnail\" width=\"140\" height=\"55\" \/>\n\t\t\t<!-- Overlay Wrapper -->\n\t\t\t <!-- Overlay Wrapper Closed -->\n\t\t\t\t<\/a>\n\t\t\t\t\t\t\t<meta itemprop=\"width\" content=\"140\" \/>\n\t\t\t<meta itemprop=\"height\" content=\"55\" \/>\n\t\t\t\t<a href=\"https:\/\/www.v-valley.com\/en\/vendor\/reevo\" target=\"_self\" title=\"logo_reevo\" data-caption=\"\" data-description=\"\" itemprop=\"contentUrl\" rel=\"noopener\">\n\t\t\t<img loading=\"lazy\" decoding=\"async\" src=\"https:\/\/statics.v-valley.com\/prod\/2022\/10\/logo_reevo.gif\" alt=\"logo_reevo\" data-no-lazy=\"1\" itemprop=\"thumbnail\" width=\"140\" height=\"55\" \/>\n\t\t\t<!-- Overlay Wrapper -->\n\t\t\t <!-- Overlay Wrapper Closed -->\n\t\t\t\t<\/a>\n\t\t\t\t\t\t\t<meta itemprop=\"width\" content=\"140\" \/>\n\t\t\t<meta itemprop=\"height\" content=\"55\" \/>\n\t\t\t\t<a href=\"https:\/\/www.v-valley.com\/en\/vendor\/sophos\" target=\"_self\" title=\"logo_sophos\" data-caption=\"\" data-description=\"\" itemprop=\"contentUrl\" rel=\"noopener\">\n\t\t\t<img loading=\"lazy\" decoding=\"async\" src=\"https:\/\/statics.v-valley.com\/prod\/2022\/10\/logo_sophos.gif\" alt=\"logo_sophos\" data-no-lazy=\"1\" itemprop=\"thumbnail\" width=\"140\" height=\"55\" \/>\n\t\t\t<!-- Overlay Wrapper -->\n\t\t\t <!-- Overlay Wrapper Closed -->\n\t\t\t\t<\/a>\n\t\t\t\t\t\t\t<meta itemprop=\"width\" content=\"140\" \/>\n\t\t\t<meta itemprop=\"height\" content=\"55\" \/>\n\t\t\t\t<a href=\"https:\/\/www.v-valley.com\/en\/vendor\/trend-micro\" target=\"_self\" title=\"logo_trendmicro\" data-caption=\"\" data-description=\"\" itemprop=\"contentUrl\" rel=\"noopener\">\n\t\t\t<img loading=\"lazy\" decoding=\"async\" src=\"https:\/\/statics.v-valley.com\/prod\/2022\/10\/logo_trendmicro.gif\" alt=\"logo_trendmicro\" data-no-lazy=\"1\" itemprop=\"thumbnail\" width=\"140\" height=\"55\" \/>\n\t\t\t<!-- Overlay Wrapper -->\n\t\t\t <!-- Overlay Wrapper Closed -->\n\t\t\t\t<\/a>\n\t\t\t\t\t\t\t<meta itemprop=\"width\" content=\"140\" \/>\n\t\t\t<meta itemprop=\"height\" content=\"55\" \/>\n\t\t\t\t<a href=\"https:\/\/www.v-valley.com\/en\/vendor\/veeam\" target=\"_self\" title=\"logo_veeam\" data-caption=\"\" data-description=\"\" itemprop=\"contentUrl\" rel=\"noopener\">\n\t\t\t<img loading=\"lazy\" decoding=\"async\" src=\"https:\/\/statics.v-valley.com\/prod\/2022\/10\/logo_veeam.gif\" alt=\"logo_veeam\" data-no-lazy=\"1\" itemprop=\"thumbnail\" width=\"128\" height=\"48\" \/>\n\t\t\t<!-- Overlay Wrapper -->\n\t\t\t <!-- Overlay Wrapper Closed -->\n\t\t\t\t<\/a>\n\t\t\t\t\t\t\t<meta itemprop=\"width\" content=\"128\" \/>\n\t\t\t<meta itemprop=\"height\" content=\"48\" \/>\n\t\t\t\t<a href=\"https:\/\/www.v-valley.com\/en\/vendor\/veritas\" target=\"_self\" title=\"logo_veritas\" data-caption=\"\" data-description=\"\" itemprop=\"contentUrl\" rel=\"noopener\">\n\t\t\t<img loading=\"lazy\" decoding=\"async\" src=\"https:\/\/statics.v-valley.com\/prod\/2022\/10\/logo_veritas.gif\" alt=\"logo_veritas\" data-no-lazy=\"1\" itemprop=\"thumbnail\" width=\"140\" height=\"55\" \/>\n\t\t\t<!-- Overlay Wrapper -->\n\t\t\t <!-- Overlay Wrapper Closed -->\n\t\t\t\t<\/a>\n\t\t\t\t\t\t\t<meta itemprop=\"width\" content=\"140\" \/>\n\t\t\t<meta itemprop=\"height\" content=\"55\" \/>\n\t<h3>\n\t\tLES AVANTAGES DE L&rsquo;ADOPTION DE SOLUTIONS CLOUD AU SEIN D&rsquo;UNE ENTREPRISE\n\t<\/h3>\n\t<p>Pour les grandes, petites et moyennes entreprises qui adoptent les services Cloud, surtout en ce moment, cela signifie maintenir une disponibilit\u00e9 \u00e9lev\u00e9e \u00e0 des co\u00fbts r\u00e9duits.<\/p>\n<h3>\n\t\tLES INCONV\u00c9NIENTS DE NE PAS INCLURE LES SOLUTIONS CLOUD DANS L&rsquo;ENTREPRISE\n\t<\/h3>\n\t<p>Les entreprises qui continuent de retarder le passage au Cloud risquent leur survie !<\/p>\n\t<p>REVENU<\/p>\n<h3>\n\t\tNOUS NE FAISONS PAS DE CHIFFRES AU HASARD&#8230;\n\t<\/h3>\n\t<p>Le nombre de ceux qui ont choisi les solutions Cloud et Esprinet est en croissance : nous enregistrons +34% en valeur du chiffre d&rsquo;affaires g\u00e9n\u00e9r\u00e9, de 2020 \u00e0 2021, sur plus de 2 800 enseignes.<\/p>\n<p>C&rsquo;est pourquoi nous pensons que, si elle est correctement g\u00e9r\u00e9e, la migration vers le Cloud peut r\u00e9ellement \u00eatre un grand avantage tant pour le d\u00e9taillant que pour l&rsquo;utilisateur !<\/p>\n<p>Vous souhaitez int\u00e9grer les solutions cloud d&rsquo;Esprinet ? Parlez \u00e0 un de nos sp\u00e9cialistes !<\/p>\n\t\t\t\t<img loading=\"lazy\" decoding=\"async\" src=\"https:\/\/statics.v-valley.com\/prod\/2022\/11\/img-cloud-marketplace.jpg\" alt=\"img-cloud-marketplace\" itemprop=\"image\" height=\"358\" width=\"557\" title=\"img-cloud-marketplace\" onerror=\"this.style.display='none'\"  \/>\n<h3>\n\t\tPOURQUOI CHOISIR LE CLOUD CHEZ ESPRINET\n\t<\/h3>\n\tNotre Cloud Marketplace est un outil innovant car il nous permet de vous aider \u00e0 activer cette transformation et \u00e0 la diffuser d&rsquo;une mani\u00e8re nouvelle \u00e0 vos clients.<br \/>\nDepuis notre plateforme Cloud Marketplace, vous pouvez:\n\t\t\t <p>G\u00e9rez vos clients en activant les abonnements qu&rsquo;ils souhaitent sur plusieurs fournisseurs<\/p>\n\t\t\t <p>Voir vos factures<\/p>\n\t\t\t <p>Analyser les ventes et la consommation de mani\u00e8re personnalis\u00e9e gr\u00e2ce \u00e0 des rapports avanc\u00e9s<\/p>\n\t<p>Notre Cloud Marketplace comprend d\u00e9j\u00e0 de nombreux fournisseurs de services Cloud et MSP et \u00e9voluera continuellement.<\/p>\n<h3>\n\t\t&#8230;C&rsquo;EST POURQUOI DANS CETTE TRANSFORMATION VOUS N&rsquo;\u00caTES PAS SEUL&#8230;\n\t<\/h3>\n\t<p>Esprinet propose aux concessionnaires des formations sp\u00e9cialis\u00e9es ainsi qu&rsquo;une approche individuelle, via son<strong> \u00c9QUIPE DE SP\u00c9CIALISTES<\/strong>, comprenant : Business Developer et Cloud Architect, pour les aider \u00e0 d\u00e9finir une strat\u00e9gie de migration Cloud gagnante !<\/p>\n<p>Les nombreux webinaires anim\u00e9s par nos \u00e9quipes \u00e9largiront vos connaissances sur ces services et plus particuli\u00e8rement sur les solutions propos\u00e9es par les \u00e9diteurs.<\/p>\n<p>De plus, vous disposerez toujours d&rsquo;un ensemble d&rsquo;outils professionnels pour reporting et suivi des co\u00fbts li\u00e9s au cloud.<\/p>\n\t\t\t\t<img loading=\"lazy\" decoding=\"async\" src=\"https:\/\/statics.v-valley.com\/prod\/2022\/11\/img-supporto.jpg\" alt=\"img-supporto\" itemprop=\"image\" height=\"358\" width=\"557\" title=\"img-supporto\" onerror=\"this.style.display='none'\"  \/>\n<h3>\n\t\tNUAGE ET S\u00c9CURIT\u00c9\n\t<\/h3>\n\t<p>\u00c9tant donn\u00e9 que, notamment pour certaines solutions, toutes les donn\u00e9es sont dans le Cloud, la s\u00e9curit\u00e9 devient un \u00e9l\u00e9ment cl\u00e9 pour que le client se sente en s\u00e9curit\u00e9 lorsqu&rsquo;il s&rsquo;appuie sur le Cloud.<\/p>\n<p>Les \u00e9diteurs proposant des solutions Cloud introduisent \u00e9galement des composants de s\u00e9curit\u00e9 dans leurs services, pour offrir \u00e0 l&rsquo;utilisateur une plus grande garantie de fiabilit\u00e9 et de protection des donn\u00e9es.<\/p>\n<p>Ces garanties sont ensuite r\u00e9percut\u00e9es sur le commer\u00e7ant qui peut ainsi faire appel \u00e0 des prestataires de plus en plus s\u00e9curis\u00e9s et fiables.<\/p>\n<p>D\u00e9veloppez votre activit\u00e9 avec le Cloud\u00a0!<\/p>\n\t<a name=\"MSP\"><\/a>\n\t<p>INFORMATIONS COMPLEMENTAIRES<\/p>\n<h4>\n\t\tSERVICES G\u00c9R\u00c9S\n\t<\/h4>\n\t<p>Travaillez-vous toujours \u00e0 l&rsquo;heure, r\u00e9solvez-vous les probl\u00e8mes des clients lorsque quelque chose se produit et facturez-vous en fonction du temps pass\u00e9\u00a0? Vous n&rsquo;\u00eates probablement pas un fournisseur de services g\u00e9r\u00e9s.<\/p>\n<p>Si, d&rsquo;un autre c\u00f4t\u00e9, vous fournissez vos services pour un montant fixe, en essayant de mani\u00e8re proactive de r\u00e9duire les probl\u00e8mes que le client peut rencontrer et en minimisant le temps que vous pourriez consacrer \u00e0 la simple r\u00e9solution de ces probl\u00e8mes, alors vous \u00eates probablement un fournisseur de services g\u00e9r\u00e9s ou fermez \u00e0 en \u00eatre un.<\/p>\n\t\t\t\tQue fait un MSP ?\n\t\t\t\t<p>Le service g\u00e9r\u00e9 est un service repris, fourni et contr\u00f4l\u00e9 par un fournisseur externe, appel\u00e9 fournisseur de services g\u00e9r\u00e9s (ou MSP).<\/p>\n<p>Le fournisseur, le MSP, a pour t\u00e2che d&rsquo;\u00e9viter tout type de probl\u00e8me concernant la gestion du service g\u00e9r\u00e9 et cela est assur\u00e9 par une surveillance constante de l&rsquo;infrastructure des clients.<\/p>\n<p>Un d\u00e9taillant peut \u00e9galement d\u00e9cider d&rsquo;adopter des solutions d\u00e9j\u00e0 termin\u00e9es par un autre MSP pour compl\u00e9ter son offre de services, on parle dans ce cas de solutions MSP Ready to Sell.<\/p>\n\t\t\t\t<b>Benefits for the End Customer:<\/b>\n\t\t\t\t<ul>\n<li>Des budgets fixes, gr\u00e2ce aux contrats au forfait<\/li>\n<li>Co\u00fbts r\u00e9duits gr\u00e2ce \u00e0 la gestion et \u00e0 la maintenance informatiques externalis\u00e9es<\/li>\n<li>\u00c9limination du fardeau du risque li\u00e9 aux investissements non planifi\u00e9s pour la gestion des probl\u00e8mes et des responsabilit\u00e9s visant \u00e0 garantir l&rsquo;int\u00e9grit\u00e9 et la disponibilit\u00e9 des donn\u00e9es, qui sont transf\u00e9r\u00e9es au MSP<\/li>\n<li>Continuit\u00e9 et fiabilit\u00e9 des activit\u00e9s, gr\u00e2ce \u00e0 des infrastructures toujours \u00e0 jour avec les derni\u00e8res technologies<\/li>\n<\/ul>\n\t\t\t\tComment \u00e7a fonctionne\n\t\t\t\t<p>Un MSP utilise une approche proactive dans la fourniture de ses services : il \u00ab prend v\u00e9ritablement soin \u00bb du r\u00e9seau, de l&rsquo;infrastructure et des logiciels de ses clients.<\/p>\n<p>Le prestataire de services garantit que tout est surveill\u00e9, constamment mis \u00e0 jour et maintenu en employant les meilleures comp\u00e9tences informatiques n\u00e9cessaires \u00e0 ce moment-l\u00e0. Gr\u00e2ce \u00e0 une surveillance et une mise \u00e0 jour constantes, tout temps d&rsquo;arr\u00eat peut \u00eatre \u00e9valu\u00e9 et g\u00e9r\u00e9 rapidement.<\/p>\n<p>Le client final et le MSP sont li\u00e9s par un contrat dans lequel est d\u00e9fini l&rsquo;accord de niveau de service (SLA) contenant les mesures de performance et de qualit\u00e9 de cette relation.<\/p>\n\t<a name=\"CSP\"><\/a>\n\t<p>INFORMATIONS COMPLEMENTAIRES<\/p>\n<h4>\n\t\tCLOUD SERVICES\n\t<\/h4>\n\t<p>Le mod\u00e8le CSP &#8211; Cloud Service Provider- est le mod\u00e8le de vente au d\u00e9tail de solutions Cloud qui vous permet de proposer des services\/solutions avec des engagements mensuels ou annuels sous forme d&rsquo;abonnements, puis de construire des offres personnalis\u00e9es pour vos clients.<\/p>\n<p>Il est donc possible de proposer certains composants\/ressources pr\u00e9existants, configurables et disponibles \u00e0 distance sous la forme d&rsquo;une architecture de cloud computing distribu\u00e9e &#8211; g\u00e9n\u00e9ralement Infrastructure as a Service (IaaS), Software as a Service (SaaS) ou Platform as a Service (PaaS). ) &#8211; \u00e0 leurs clients.<\/p>\n<p>Les solutions cloud (CSP) de Microsoft sont un exemple typique de ce mod\u00e8le.<\/p>\n<h3>\n\t\tNOS SERVICES COMPL\u00c9MENTAIRES\n\t<\/h3>\n\t\t\t<a href=\"https:\/\/www.v-valley.com\/fr\/services\/\" target=\"_self\" rel=\"noopener\">\n\t\t\t\t\t\t\tTOUS NOS SERVICES\n\t\t\t\t\t<\/a>\n            <img decoding=\"async\" src=\"https:\/\/statics.v-valley.com\/prod\/2022\/10\/img-parti-di-ricambio.jpg\" alt=\"Installation de tous les composants\" name=\"Installation de tous les composants\"\/>\n                                <a href=\"https:\/\/www.v-valley.com\/en\/services\/spare-parts\/\">\n                    <h5>Installation de tous les composants<\/h5>\n                <\/a>\n            <img decoding=\"async\" src=\"https:\/\/statics.v-valley.com\/prod\/2022\/10\/img-supporto.jpg\" alt=\"Support technique continu\" name=\"Support technique continu\"\/>\n                                <a href=\"https:\/\/www.v-valley.com\/en\/services\/pre-sales-technical-support\/\">\n                    <h5>Support technique continu<\/h5>\n                <\/a>\n             <!-- end vvly more info cards -->\n <!-- end vvly more info cards container -->\n<style>\n    .vvly-more-info-cards-container .vvly-more-info-cards .vvly-more-info-card {\n        width: calc((100% - 45px) \/2);\n    }\n<\/style>\n\n","protected":false},"excerpt":{"rendered":"<p>Services et solutions cloud d&rsquo;entreprise pour la sauvegarde, le stockage, l&rsquo;h\u00e9bergement, la mise en r\u00e9seau, le CRM.<\/p>\n","protected":false},"author":7,"featured_media":0,"parent":412627,"menu_order":0,"comment_status":"closed","ping_status":"closed","template":"templates\/template-solution-category.php","meta":{"_acf_changed":false,"_genesis_hide_title":false,"_genesis_hide_breadcrumbs":false,"_genesis_hide_singular_image":false,"_genesis_hide_footer_widgets":false,"_genesis_custom_body_class":"","_genesis_custom_post_class":"","_genesis_layout":"","footnotes":""},"class_list":{"0":"post-412866","1":"page","2":"type-page","3":"status-publish","5":"entry"},"acf":[],"_links":{"self":[{"href":"https:\/\/www.v-valley.com\/fr\/wp-json\/wp\/v2\/pages\/412866","targetHints":{"allow":["GET"]}}],"collection":[{"href":"https:\/\/www.v-valley.com\/fr\/wp-json\/wp\/v2\/pages"}],"about":[{"href":"https:\/\/www.v-valley.com\/fr\/wp-json\/wp\/v2\/types\/page"}],"author":[{"embeddable":true,"href":"https:\/\/www.v-valley.com\/fr\/wp-json\/wp\/v2\/users\/7"}],"replies":[{"embeddable":true,"href":"https:\/\/www.v-valley.com\/fr\/wp-json\/wp\/v2\/comments?post=412866"}],"version-history":[{"count":0,"href":"https:\/\/www.v-valley.com\/fr\/wp-json\/wp\/v2\/pages\/412866\/revisions"}],"up":[{"embeddable":true,"href":"https:\/\/www.v-valley.com\/fr\/wp-json\/wp\/v2\/pages\/412627"}],"wp:attachment":[{"href":"https:\/\/www.v-valley.com\/fr\/wp-json\/wp\/v2\/media?parent=412866"}],"curies":[{"name":"wp","href":"https:\/\/api.w.org\/{rel}","templated":true}]}}