{"id":412848,"date":"2022-08-10T17:08:18","date_gmt":"2022-08-10T15:08:18","guid":{"rendered":"https:\/\/www.v-valley.com\/solutions\/cyber-security\/"},"modified":"2024-09-17T11:51:41","modified_gmt":"2024-09-17T09:51:41","slug":"la-cyber-securite","status":"publish","type":"page","link":"https:\/\/www.v-valley.com\/fr\/solutions\/la-cyber-securite\/","title":{"rendered":"La cyber-s\u00e9curit\u00e9"},"content":{"rendered":"\n<h2>\n\t\tPR\u00c9VENIR LES ATTAQUES, INTERVENIR \u00c0 TEMPS : VOICI LES DEUX R\u00c8GLES EN MATI\u00c8RE DE CYBERS\u00c9CURIT\u00c9 !\n\t<\/h2>\n\t<p>Aujourd&rsquo;hui plus que jamais, nous vivons dans une soci\u00e9t\u00e9 hyper-connect\u00e9e o\u00f9 le besoin premier est de d\u00e9fendre les ordinateurs, les serveurs, les appareils mobiles, les syst\u00e8mes \u00e9lectroniques, les r\u00e9seaux et les donn\u00e9es contre les attaques malveillantes.<\/p>\n<p>Plusieurs \u00e9tudes parlent de la croissance de ces cybermenaces, mais le plus important est qu&rsquo;elles continuent d&rsquo;\u00e9voluer rapidement et que le nombre de \u00ab fuites de donn\u00e9es \u00bb augmente chaque ann\u00e9e.<\/p>\n<p>Comme indiqu\u00e9 dans le rapport sur la s\u00e9curit\u00e9 des TIC 2021 de Clusit, les cyberattaques ont augment\u00e9 de 12 % en Italie en 2020 par rapport \u00e0 l&rsquo;ann\u00e9e pr\u00e9c\u00e9dente ; Au cours des quatre derni\u00e8res ann\u00e9es, la tendance \u00e0 la croissance est rest\u00e9e plus ou moins constante, avec une augmentation des attaques graves de 66 pour cent par rapport \u00e0 2017.<\/p>\n<p>C&rsquo;est pr\u00e9cis\u00e9ment la pand\u00e9mie qui a caract\u00e9ris\u00e9 l&rsquo;ann\u00e9e 2020 en termes de tendance, de mode et de r\u00e9partition des attentats : 10 % des attentats perp\u00e9tr\u00e9s depuis fin janvier avaient pour th\u00e8me le Covid-19.<\/p>\n<p>Parmi les secteurs touch\u00e9s par de graves cyberattaques au cours des douze derniers mois, se distinguent (par ordre d\u00e9croissant)\u00a0: \u00ab\u00a0Cibles multiples\u00a0\u00bb\u00a0: 20 pour cent du total, suivis par le gouvernement, l&rsquo;arm\u00e9e, les forces de l&rsquo;ordre et le renseignement, qui ont subi 14\u00a0% de cyberattaques. pour cent des attaques dans le monde\u00a0; La sant\u00e9, touch\u00e9e par 12 pour cent du total des attaques ; Recherche\/\u00c9ducation, o\u00f9 \u00e9taient dirig\u00e9s 11 pour cent des attaques ; et services en ligne.<\/p>\n<p>Les d\u00e9g\u00e2ts caus\u00e9s ont atteint des chiffres impressionnants, comparables au PIB italien. En supposant une croissance constante des attentats d&rsquo;environ 15 %, on estime que les pertes pour l&rsquo;Italie en 2024 pourraient atteindre le chiffre astronomique de 20 \u00e0 25 milliards d&rsquo;euros.<\/p>\n<h3>\n\t\tALORS, COMMENT PR\u00c9VENIR CES ATTAQUES ?\n\t<\/h3>\n\t<p>Pr\u00e9venir les risques gr\u00e2ce \u00e0 des plans structur\u00e9s et sp\u00e9cifiques bas\u00e9s sur la philosophie \u00ab Zero Trust \u00bb devrait \u00eatre la priorit\u00e9 de toutes les entreprises, quels que soient leur taille ou leur secteur.<\/p>\n<p>Zero Trust est une nouvelle strat\u00e9gie de s\u00e9curit\u00e9 informatique con\u00e7ue pour prot\u00e9ger les environnements num\u00e9riques des entreprises modernes. Cette approche repose sur la conviction que rien, que ce soit \u00e0 l&rsquo;int\u00e9rieur ou \u00e0 l&rsquo;ext\u00e9rieur du p\u00e9rim\u00e8tre d&rsquo;un r\u00e9seau, ne doit automatiquement faire confiance. Ces mod\u00e8les exigent que toute personne essayant de se connecter au syst\u00e8me d&rsquo;une organisation soit v\u00e9rifi\u00e9e avant de pouvoir y acc\u00e9der, ce qui va \u00e0 l&rsquo;encontre de l&rsquo;approche traditionnelle de la cybers\u00e9curit\u00e9 qui, historiquement, d\u00e9fend principalement le p\u00e9rim\u00e8tre en emp\u00eachant les attaquants d&rsquo;entrer. L&rsquo;objectif principal de l&rsquo;approche Zero Trust est de diminuer le risque de cyberattaques au sein des organisations.<\/p>\n\t\t\t<a href=\"#v-valley\" target=\"_self\" rel=\"noopener\">\n\t\t\t\t\t\t\tCHOISISSEZ V-VALLEY\n\t\t\t\t\t<\/a>\n\t\t\t\t<img loading=\"lazy\" decoding=\"async\" src=\"https:\/\/statics.v-valley.com\/prod\/2022\/11\/img-zero-trust.jpg\" alt=\"img-zero-trust\" itemprop=\"image\" height=\"358\" width=\"557\" title=\"img-zero-trust\" onerror=\"this.style.display='none'\"  \/>\n\t\t\t\t<img loading=\"lazy\" decoding=\"async\" src=\"https:\/\/statics.v-valley.com\/prod\/2022\/11\/img-e-mail-infetta.jpg\" alt=\"img-e-mail-infetta\" itemprop=\"image\" height=\"358\" width=\"557\" title=\"img-e-mail-infetta\" onerror=\"this.style.display='none'\"  \/>\n<h3>\n\t\t&#8230; QUELQUE CHOSE CHANGE&#8230;\n\t<\/h3>\n\t<p>L&rsquo;ann\u00e9e derni\u00e8re, les investissements r\u00e9alis\u00e9s par les entreprises dans la s\u00e9curit\u00e9 informatique ont augment\u00e9 de 4 pour cent, signe d&rsquo;une conscience accrue des risques.<\/p>\n<p>Mais dans le monde d&rsquo;aujourd&rsquo;hui, la cybers\u00e9curit\u00e9 n&rsquo;est plus un probl\u00e8me qui concerne uniquement les grandes entreprises, telles que les grandes industries, les banques, les organismes militaires et gouvernementaux, mais concerne \u00e9galement les utilisateurs finaux.<\/p>\n<p>Personne ne peut l&rsquo;ignorer, car souvent le maillon faible de la cha\u00eene est le citoyen ordinaire qui, par une simple erreur, peut ouvrir la porte \u00e0 des attaques en accomplissant des actes quotidiens sans \u00eatre suffisamment conscient du risque potentiel (par exemple, ouvrir la pi\u00e8ce jointe d&rsquo;un ordinateur infect\u00e9). e-mail ou en utilisant un mot de passe trivial pour prot\u00e9ger l&rsquo;acc\u00e8s \u00e0 son compte personnel).<\/p>\n<h3>\n\t\tMAIS COMMENT FONCTIONNENT CES CYBER-ATTAQUES ?\n\t<\/h3>\n\t<p>Il suffit \u00e0 un cybercriminel de pirater un seul compte personnel, peut-\u00eatre en dehors du r\u00e9seau s\u00e9curis\u00e9 de l&rsquo;entreprise, pour pouvoir p\u00e9n\u00e9trer dans l&rsquo;organisation sans \u00eatre d\u00e9rang\u00e9. Chaque secteur est \u00e0 risque, c&rsquo;est pourquoi les contre-mesures de s\u00e9curit\u00e9 n\u00e9cessaires doivent \u00eatre prises et une strat\u00e9gie globale de cybers\u00e9curit\u00e9 doit \u00eatre envisag\u00e9e.<\/p>\n<p>Esprinet dans tout cela repr\u00e9sente l&rsquo;un des piliers strat\u00e9giques des investissements pr\u00e9sents et futurs en s\u00e9curit\u00e9 informatique, une source sur laquelle elle exprime de la valeur en soutien \u00e0 ses partenaires.<\/p>\n\t\t\t\t<img loading=\"lazy\" decoding=\"async\" src=\"https:\/\/statics.v-valley.com\/prod\/2022\/11\/img-hacker.jpg\" alt=\"img-hacker\" itemprop=\"image\" height=\"358\" width=\"557\" title=\"img-hacker\" onerror=\"this.style.display='none'\"  \/>\n\t\t\t\t<img loading=\"lazy\" decoding=\"async\" src=\"https:\/\/statics.v-valley.com\/prod\/2022\/11\/img-scegli-v-valley.jpg\" alt=\"img-scegli-v-valley\" itemprop=\"image\" height=\"358\" width=\"557\" title=\"img-scegli-v-valley\" onerror=\"this.style.display='none'\"  \/>\n\t<a name=\"v-valley\"><\/a>\n<h3>\n\t\tLES AVANTAGES DE SE PROT\u00c9GER CONTRE LES ATTAQUES EN CHOISISSANT V-VALLEY\n\t<\/h3>\n\t<p>Le r\u00f4le d&rsquo;un distributeur tel qu&rsquo;Esprinet est de s\u00e9lectionner parmi l&rsquo;ensemble des fournisseurs du march\u00e9 et des op\u00e9rateurs du secteur la meilleure combinaison de solutions et de technologies \u00e0 inclure dans son portefeuille de produits, afin de couvrir toute la demande du march\u00e9 dans le domaine de la Cyber S\u00e9curit\u00e9. .<\/p>\n<p>Pour cela, la grande force est d&rsquo;avoir une \u00e9quipe d\u00e9di\u00e9e et sp\u00e9cialis\u00e9e \u00e0 disposition du canal partenaire pour tout l&rsquo;accompagnement \u00e0 la revente n\u00e9cessaire.<\/p>\n<p>Mais ce n&rsquo;est pas tout&#8230; Parmi les autres avantages du choix d&rsquo;un distributeur \u00e0 valeur ajout\u00e9e pour la cybers\u00e9curit\u00e9, citons:<\/p>\n\t\t\t <p>Accompagner les fournisseurs dans la mise en place et le maintien du canal de vente<\/p>\n\t\t\t <p>Accompagner leur r\u00e9seau de d\u00e9taillants en leur permettant d&rsquo;\u00eatre des acteurs sp\u00e9cialis\u00e9s pour leurs utilisateurs finaux<\/p>\n\t\t\t <p>Organiser des cours de formation et de certification, pour permettre au canal de vendre des solutions<\/p>\n\t\t\t <p>Concevoir une infrastructure compl\u00e8te \u00e0 partir directement des exigences du client<\/p>\n\t\t\t <p>Aider les partenaires avec des services financiers d\u00e9di\u00e9s<\/p>\n\t\t\t <p>Avoir une vision pour pouvoir proposer des solutions en fonction des besoins et des probl\u00e9matiques<\/p>\n\t<h3>\n\t\tD\u00c9COUVREZ LES SOLUTIONS DE CYBERS\u00c9CURIT\u00c9 DISPONIBLES AVEC V-VALLEY\n\t<\/h3>\n\t<p>V-Valley propose des services technologiquement avanc\u00e9s de diff\u00e9rents types.<\/p>\n<h4>\n\t\tS\u00e9curit\u00e9 Internet\n\t<\/h4>\n\tServices con\u00e7us pour prot\u00e9ger les r\u00e9seaux d&rsquo;entreprise contre les attaques visant \u00e0 surcharger les donn\u00e9es.<br \/>\n\n<h4>\n\t\tS\u00e9curit\u00e9 du cloud\n\t<\/h4>\n\tServices et solutions Cloud qui permettent une gestion et une flexibilit\u00e9 financi\u00e8re maximales.<br \/>\n\n<h4>\n\t\tProtection des points finaux\n\t<\/h4>\n\tServices technologiques utiles pour la protection des \u00e9quipements informatiques des utilisateurs qui acc\u00e8dent \u00e0 distance au r\u00e9seau de l&rsquo;entreprise.<br \/>\n\n<h4>\n\t\tSolutions s\u00e9curis\u00e9es de gestion des identit\u00e9s et des acc\u00e8s\n\t<\/h4>\n\tServices et solutions pour la gestion optimale des identit\u00e9s num\u00e9riques et de l&rsquo;acc\u00e8s des utilisateurs aux syst\u00e8mes.<br \/>\n\n<h4>\n\t\tGestion de la s\u00e9curit\u00e9 et des vuln\u00e9rabilit\u00e9s\n\t<\/h4>\n\tServices d&rsquo;identification et d&rsquo;\u00e9valuation des vuln\u00e9rabilit\u00e9s des syst\u00e8mes d&rsquo;entreprise.<br \/>\n\n<h4>\n\t\tProtection avanc\u00e9e contre les menaces\n\t<\/h4>\n\tServices et solutions utiles pour la d\u00e9fense des syst\u00e8mes informatiques contre les logiciels malveillants les plus sophistiqu\u00e9s.<br \/>\n\n<h4>\n\t\tS\u00e9curit\u00e9 du contenu\n\t<\/h4>\n\tSolutions utiles pour contr\u00f4ler les scripts et l&rsquo;origine des donn\u00e9es dirig\u00e9es vers le portail.<br \/>\n\n<h4>\n\t\tSolutions automatis\u00e9es de s\u00e9curit\u00e9 et de surveillance\n\t<\/h4>\n\tSolutions de syst\u00e8mes int\u00e9gr\u00e9s qui fonctionnent sur les navigateurs pour un degr\u00e9 de s\u00e9curit\u00e9 plus \u00e9lev\u00e9.<br \/>\n\n<h2>\n\t\tNOS PARTENAIRES PROPOSANT DES SOLUTIONS DE CYBERS\u00c9CURIT\u00c9\n\t<\/h2>\n\t\t\t\t<a href=\"https:\/\/www.v-valley.com\/en\/vendor\/acronis\" target=\"_self\" title=\"logo_acronis\" data-caption=\"\" data-description=\"\" itemprop=\"contentUrl\" rel=\"noopener\">\n\t\t\t<img loading=\"lazy\" decoding=\"async\" src=\"https:\/\/statics.v-valley.com\/prod\/2022\/10\/logo_acronis.gif\" alt=\"logo_acronis\" data-no-lazy=\"1\" itemprop=\"thumbnail\" width=\"140\" height=\"55\" \/>\n\t\t\t<!-- Overlay Wrapper -->\n\t\t\t <!-- Overlay Wrapper Closed -->\n\t\t\t\t<\/a>\n\t\t\t\t\t\t\t<meta itemprop=\"width\" content=\"140\" \/>\n\t\t\t<meta itemprop=\"height\" content=\"55\" \/>\n\t\t\t\t<a href=\"https:\/\/www.v-valley.com\/en\/vendor\/barracuda\" target=\"_self\" title=\"loco-barracuda\" data-caption=\"\" data-description=\"\" itemprop=\"contentUrl\" rel=\"noopener\">\n\t\t\t<img loading=\"lazy\" decoding=\"async\" src=\"https:\/\/statics.v-valley.com\/prod\/2022\/11\/loco-barracuda.png\" alt=\"loco-barracuda\" data-no-lazy=\"1\" itemprop=\"thumbnail\" width=\"140\" height=\"55\" \/>\n\t\t\t<!-- Overlay Wrapper -->\n\t\t\t <!-- Overlay Wrapper Closed -->\n\t\t\t\t<\/a>\n\t\t\t\t\t\t\t<meta itemprop=\"width\" content=\"140\" \/>\n\t\t\t<meta itemprop=\"height\" content=\"55\" \/>\n\t\t\t\t<a href=\"https:\/\/www.v-valley.com\/en\/vendor\/check-point\" target=\"_self\" title=\"logo_checkpoint\" data-caption=\"\" data-description=\"\" itemprop=\"contentUrl\" rel=\"noopener\">\n\t\t\t<img loading=\"lazy\" decoding=\"async\" src=\"https:\/\/statics.v-valley.com\/prod\/2022\/11\/logo_checkpoint.gif\" alt=\"logo_checkpoint\" data-no-lazy=\"1\" itemprop=\"thumbnail\" width=\"140\" height=\"55\" \/>\n\t\t\t<!-- Overlay Wrapper -->\n\t\t\t <!-- Overlay Wrapper Closed -->\n\t\t\t\t<\/a>\n\t\t\t\t\t\t\t<meta itemprop=\"width\" content=\"140\" \/>\n\t\t\t<meta itemprop=\"height\" content=\"55\" \/>\n\t\t\t\t<a href=\"\" target=\"_self\" title=\"logo_cloudflare\" data-caption=\"\" data-description=\"\" itemprop=\"contentUrl\" rel=\"noopener\">\n\t\t\t<img loading=\"lazy\" decoding=\"async\" src=\"https:\/\/statics.v-valley.com\/prod\/2022\/11\/logo_cloudflare.gif\" alt=\"\" data-no-lazy=\"1\" itemprop=\"thumbnail\" width=\"140\" height=\"55\" \/>\n\t\t\t<!-- Overlay Wrapper -->\n\t\t\t <!-- Overlay Wrapper Closed -->\n\t\t\t\t<\/a>\n\t\t\t\t\t\t\t<meta itemprop=\"width\" content=\"140\" \/>\n\t\t\t<meta itemprop=\"height\" content=\"55\" \/>\n\t\t\t\t<a href=\"https:\/\/www.v-valley.com\/en\/vendor\/darktrace\" target=\"_self\" title=\"logo_Darktrace\" data-caption=\"\" data-description=\"\" itemprop=\"contentUrl\" rel=\"noopener\">\n\t\t\t<img loading=\"lazy\" decoding=\"async\" src=\"https:\/\/statics.v-valley.com\/prod\/2022\/10\/logo_Darktrace.gif\" alt=\"logo_Darktrace\" data-no-lazy=\"1\" itemprop=\"thumbnail\" width=\"140\" height=\"55\" \/>\n\t\t\t<!-- Overlay Wrapper -->\n\t\t\t <!-- Overlay Wrapper Closed -->\n\t\t\t\t<\/a>\n\t\t\t\t\t\t\t<meta itemprop=\"width\" content=\"140\" \/>\n\t\t\t<meta itemprop=\"height\" content=\"55\" \/>\n\t\t\t\t<a href=\"https:\/\/www.v-valley.com\/en\/vendor\/eset\" target=\"_self\" title=\"logo_eset\" data-caption=\"\" data-description=\"\" itemprop=\"contentUrl\" rel=\"noopener\">\n\t\t\t<img loading=\"lazy\" decoding=\"async\" src=\"https:\/\/statics.v-valley.com\/prod\/2022\/10\/logo_eset.gif\" alt=\"logo_eset\" data-no-lazy=\"1\" itemprop=\"thumbnail\" width=\"140\" height=\"55\" \/>\n\t\t\t<!-- Overlay Wrapper -->\n\t\t\t <!-- Overlay Wrapper Closed -->\n\t\t\t\t<\/a>\n\t\t\t\t\t\t\t<meta itemprop=\"width\" content=\"140\" \/>\n\t\t\t<meta itemprop=\"height\" content=\"55\" \/>\n\t\t\t\t<a href=\"\" target=\"_self\" title=\"logo-kaspersky\" data-caption=\"\" data-description=\"\" itemprop=\"contentUrl\" rel=\"noopener\">\n\t\t\t<img loading=\"lazy\" decoding=\"async\" src=\"https:\/\/statics.v-valley.com\/prod\/2022\/11\/logo-kaspersky-150x45.png\" alt=\"logo-kaspersky\" data-no-lazy=\"1\" itemprop=\"thumbnail\" width=\"150\" height=\"45\" \/>\n\t\t\t<!-- Overlay Wrapper -->\n\t\t\t <!-- Overlay Wrapper Closed -->\n\t\t\t\t<\/a>\n\t\t\t\t\t\t\t<meta itemprop=\"width\" content=\"150\" \/>\n\t\t\t<meta itemprop=\"height\" content=\"45\" \/>\n\t\t\t\t<a href=\"https:\/\/www.v-valley.com\/en\/vendor\/microsoft\" target=\"_self\" title=\"logo_Microsoft\" data-caption=\"\" data-description=\"\" itemprop=\"contentUrl\" rel=\"noopener\">\n\t\t\t<img loading=\"lazy\" decoding=\"async\" src=\"https:\/\/statics.v-valley.com\/prod\/2022\/11\/logo_Microsoft.gif\" alt=\"logo_Microsoft\" data-no-lazy=\"1\" itemprop=\"thumbnail\" width=\"140\" height=\"55\" \/>\n\t\t\t<!-- Overlay Wrapper -->\n\t\t\t <!-- Overlay Wrapper Closed -->\n\t\t\t\t<\/a>\n\t\t\t\t\t\t\t<meta itemprop=\"width\" content=\"140\" \/>\n\t\t\t<meta itemprop=\"height\" content=\"55\" \/>\n\t\t\t\t<a href=\"\" target=\"_self\" title=\"logo_norton\" data-caption=\"\" data-description=\"\" itemprop=\"contentUrl\" rel=\"noopener\">\n\t\t\t<img loading=\"lazy\" decoding=\"async\" src=\"https:\/\/statics.v-valley.com\/prod\/2022\/11\/logo_norton.gif\" alt=\"logo_norton\" data-no-lazy=\"1\" itemprop=\"thumbnail\" width=\"140\" height=\"55\" \/>\n\t\t\t<!-- Overlay Wrapper -->\n\t\t\t <!-- Overlay Wrapper Closed -->\n\t\t\t\t<\/a>\n\t\t\t\t\t\t\t<meta itemprop=\"width\" content=\"140\" \/>\n\t\t\t<meta itemprop=\"height\" content=\"55\" \/>\n\t\t\t\t<a href=\"\" target=\"_self\" title=\"logo_rsa\" data-caption=\"\" data-description=\"\" itemprop=\"contentUrl\" rel=\"noopener\">\n\t\t\t<img loading=\"lazy\" decoding=\"async\" src=\"https:\/\/statics.v-valley.com\/prod\/2022\/11\/logo_rsa.gif\" alt=\"logo_rsa\" data-no-lazy=\"1\" itemprop=\"thumbnail\" width=\"140\" height=\"55\" \/>\n\t\t\t<!-- Overlay Wrapper -->\n\t\t\t <!-- Overlay Wrapper Closed -->\n\t\t\t\t<\/a>\n\t\t\t\t\t\t\t<meta itemprop=\"width\" content=\"140\" \/>\n\t\t\t<meta itemprop=\"height\" content=\"55\" \/>\n\t\t\t\t<a href=\"https:\/\/www.v-valley.com\/en\/vendor\/sangfor\/\" target=\"_self\" title=\"logo_sangfor\" data-caption=\"\" data-description=\"\" itemprop=\"contentUrl\" rel=\"noopener\">\n\t\t\t<img loading=\"lazy\" decoding=\"async\" src=\"https:\/\/statics.v-valley.com\/prod\/2022\/10\/logo_sangfor.gif\" alt=\"logo_sangfor\" data-no-lazy=\"1\" itemprop=\"thumbnail\" width=\"140\" height=\"55\" \/>\n\t\t\t<!-- Overlay Wrapper -->\n\t\t\t <!-- Overlay Wrapper Closed -->\n\t\t\t\t<\/a>\n\t\t\t\t\t\t\t<meta itemprop=\"width\" content=\"140\" \/>\n\t\t\t<meta itemprop=\"height\" content=\"55\" \/>\n\t\t\t\t<a href=\"https:\/\/www.v-valley.com\/en\/vendor\/sophos\" target=\"_self\" title=\"logo_sophos\" data-caption=\"\" data-description=\"\" itemprop=\"contentUrl\" rel=\"noopener\">\n\t\t\t<img loading=\"lazy\" decoding=\"async\" src=\"https:\/\/statics.v-valley.com\/prod\/2022\/10\/logo_sophos.gif\" alt=\"logo_sophos\" data-no-lazy=\"1\" itemprop=\"thumbnail\" width=\"140\" height=\"55\" \/>\n\t\t\t<!-- Overlay Wrapper -->\n\t\t\t <!-- Overlay Wrapper Closed -->\n\t\t\t\t<\/a>\n\t\t\t\t\t\t\t<meta itemprop=\"width\" content=\"140\" \/>\n\t\t\t<meta itemprop=\"height\" content=\"55\" \/>\n\t\t\t\t<a href=\"https:\/\/www.v-valley.com\/en\/vendor\/trend-micro\" target=\"_self\" title=\"logo_trendmicro\" data-caption=\"\" data-description=\"\" itemprop=\"contentUrl\" rel=\"noopener\">\n\t\t\t<img loading=\"lazy\" decoding=\"async\" src=\"https:\/\/statics.v-valley.com\/prod\/2022\/10\/logo_trendmicro.gif\" alt=\"logo_trendmicro\" data-no-lazy=\"1\" itemprop=\"thumbnail\" width=\"140\" height=\"55\" \/>\n\t\t\t<!-- Overlay Wrapper -->\n\t\t\t <!-- Overlay Wrapper Closed -->\n\t\t\t\t<\/a>\n\t\t\t\t\t\t\t<meta itemprop=\"width\" content=\"140\" \/>\n\t\t\t<meta itemprop=\"height\" content=\"55\" \/>\n\t\t\t\t<a href=\"https:\/\/www.v-valley.com\/en\/vendor\/watchguard\" target=\"_self\" title=\"logo_watchguard\" data-caption=\"\" data-description=\"\" itemprop=\"contentUrl\" rel=\"noopener\">\n\t\t\t<img loading=\"lazy\" decoding=\"async\" src=\"https:\/\/statics.v-valley.com\/prod\/2022\/10\/logo_watchguard.gif\" alt=\"logo_watchguard\" data-no-lazy=\"1\" itemprop=\"thumbnail\" width=\"140\" height=\"55\" \/>\n\t\t\t<!-- Overlay Wrapper -->\n\t\t\t <!-- Overlay Wrapper Closed -->\n\t\t\t\t<\/a>\n\t\t\t\t\t\t\t<meta itemprop=\"width\" content=\"140\" \/>\n\t\t\t<meta itemprop=\"height\" content=\"55\" \/>\n\t<h3>\n\t\tC&rsquo;EST POURQUOI NOUS VOULONS VOUS RAPPELER QUE VOUS N&rsquo;\u00caTES PAS SEUL DANS CE VOYAGE DE PR\u00c9VENTION ET D&rsquo;INTERVENTION EN S\u00c9CURIT\u00c9.\n\t<\/h3>\n\t<p>Chez Esprinet, il y a une \u00e9quipe de sp\u00e9cialistes d\u00e9di\u00e9e aux domaines les plus importants.<\/p>\n<p>Sp\u00e9cifiquement pour la Cyber S\u00e9curit\u00e9, le VAD peut accompagner le partenaire dans toutes les phases d&rsquo;une n\u00e9gociation. De l&rsquo;identification de la solution la plus adapt\u00e9e au probl\u00e8me, \u00e0 la conception de l&rsquo;infrastructure n\u00e9cessaire et \u00e0 la d\u00e9finition de l&rsquo;offre commerciale, en testant directement le produit identifi\u00e9 au travers de d\u00e9mos ou de POC.<\/p>\n<p>L&rsquo;\u00e9quipe commerciale et marketing peut soutenir les partenaires dans leurs initiatives, promotions et organisation d&rsquo;\u00e9v\u00e9nements.<\/p>\n<h3>\n\t\tNOS SERVICES COMPL\u00c9MENTAIRES\n\t<\/h3>\n\t\t\t<a href=\"https:\/\/www.v-valley.com\/fr\/services\/\" target=\"_self\" rel=\"noopener\">\n\t\t\t\t\t\t\tTOUS NOS SERVICES\n\t\t\t\t\t<\/a>\n            <img decoding=\"async\" src=\"https:\/\/statics.v-valley.com\/prod\/2022\/10\/img-parti-di-ricambio.jpg\" alt=\"Installation de tous les composants\" name=\"Installation de tous les composants\"\/>\n                                <a href=\"https:\/\/www.v-valley.com\/en\/services\/spare-parts\/\">\n                    <h5>Installation de tous les composants<\/h5>\n                <\/a>\n            <img decoding=\"async\" src=\"https:\/\/statics.v-valley.com\/prod\/2022\/10\/img-supporto.jpg\" alt=\"Support technique continu\" name=\"Support technique continu\"\/>\n                                <a href=\"https:\/\/www.v-valley.com\/en\/services\/pre-sales-technical-support\/\">\n                    <h5>Support technique continu<\/h5>\n                <\/a>\n             <!-- end vvly more info cards -->\n <!-- end vvly more info cards container -->\n<style>\n    .vvly-more-info-cards-container .vvly-more-info-cards .vvly-more-info-card {\n        width: calc((100% - 45px) \/2);\n    }\n<\/style>\n\n","protected":false},"excerpt":{"rendered":"<p>Solutions de s\u00e9curit\u00e9 informatique pour les entreprises : d\u00e9couvrez nos services de cybers\u00e9curit\u00e9 pour la s\u00e9curit\u00e9 des syst\u00e8mes et des donn\u00e9es d&rsquo;entreprise.<\/p>\n","protected":false},"author":7,"featured_media":0,"parent":412627,"menu_order":0,"comment_status":"closed","ping_status":"closed","template":"templates\/template-solution-category.php","meta":{"_acf_changed":false,"_genesis_hide_title":false,"_genesis_hide_breadcrumbs":false,"_genesis_hide_singular_image":false,"_genesis_hide_footer_widgets":false,"_genesis_custom_body_class":"","_genesis_custom_post_class":"","_genesis_layout":"","footnotes":""},"class_list":{"0":"post-412848","1":"page","2":"type-page","3":"status-publish","5":"entry"},"acf":[],"_links":{"self":[{"href":"https:\/\/www.v-valley.com\/fr\/wp-json\/wp\/v2\/pages\/412848","targetHints":{"allow":["GET"]}}],"collection":[{"href":"https:\/\/www.v-valley.com\/fr\/wp-json\/wp\/v2\/pages"}],"about":[{"href":"https:\/\/www.v-valley.com\/fr\/wp-json\/wp\/v2\/types\/page"}],"author":[{"embeddable":true,"href":"https:\/\/www.v-valley.com\/fr\/wp-json\/wp\/v2\/users\/7"}],"replies":[{"embeddable":true,"href":"https:\/\/www.v-valley.com\/fr\/wp-json\/wp\/v2\/comments?post=412848"}],"version-history":[{"count":0,"href":"https:\/\/www.v-valley.com\/fr\/wp-json\/wp\/v2\/pages\/412848\/revisions"}],"up":[{"embeddable":true,"href":"https:\/\/www.v-valley.com\/fr\/wp-json\/wp\/v2\/pages\/412627"}],"wp:attachment":[{"href":"https:\/\/www.v-valley.com\/fr\/wp-json\/wp\/v2\/media?parent=412848"}],"curies":[{"name":"wp","href":"https:\/\/api.w.org\/{rel}","templated":true}]}}