{"id":412838,"date":"2022-10-26T19:09:37","date_gmt":"2022-10-26T17:09:37","guid":{"rendered":"https:\/\/www.v-valley.com\/solutions\/software-defined-and-data-management\/"},"modified":"2024-09-17T11:33:22","modified_gmt":"2024-09-17T09:33:22","slug":"definition-logicielle-et-gestion-des-donnees","status":"publish","type":"page","link":"https:\/\/www.v-valley.com\/fr\/solutions\/definition-logicielle-et-gestion-des-donnees\/","title":{"rendered":"D\u00e9finition logicielle et gestion des donn\u00e9es"},"content":{"rendered":"\r\n<h2>\r\n\t\tLOGICIEL DE CENTRE DE DONN\u00c9ES\r\n\t<\/h2>\r\n\t<p>Nous offrons \u00e0 nos clients le meilleur choix de logiciels de gestion de donn\u00e9es disponible, combin\u00e9 \u00e0 une expertise approfondie acquise au fil des ann\u00e9es. Nous accompagnons nos clients dans la conception et la mise en \u0153uvre de leur infrastructure logicielle pour r\u00e9pondre au mieux \u00e0 tous les besoins m\u00e9tiers, quelle que soit la taille de l&rsquo;organisation.<\/p>\r\n<p>Nos solutions logicielles pour centres de donn\u00e9es sont con\u00e7ues pour assurer une gestion et une sauvegarde efficaces des donn\u00e9es. Nous proposons \u00e9galement des solutions en version Software Defined, bas\u00e9es sur la virtualisation, o\u00f9 le logiciel, s\u00e9par\u00e9 du mat\u00e9riel, permet des performances rapides, la s\u00e9curit\u00e9, la flexibilit\u00e9 et l&rsquo;acc\u00e8s aux derni\u00e8res innovations technologiques.<\/p>\r\n<h3>\r\n\t\tLA MEILLEURE SOLUTION POUR LES ORGANISATIONS DE TOUT TYPE\r\n\t<\/h3>\r\n\t<p>Nous apportons la meilleure solution en fonction des besoins m\u00e9tiers de l&rsquo;entreprise, appuy\u00e9e par un catalogue complet de logiciels performants et innovants. Nous vous aidons \u00e0 concevoir et \u00e0 mettre en \u0153uvre votre infrastructure.<\/p>\r\n\t\t\t\t<img loading=\"lazy\" decoding=\"async\" src=\"https:\/\/statics.v-valley.com\/prod\/2022\/10\/img-catalogo.jpg\" alt=\"img-catalogo\" itemprop=\"image\" height=\"358\" width=\"557\" title=\"img-catalogo\" onerror=\"this.style.display='none'\"  \/>\r\n\t\t\t\t<img loading=\"lazy\" decoding=\"async\" src=\"https:\/\/statics.v-valley.com\/prod\/2022\/10\/img-software-defined-system.jpg\" alt=\"img-software-defined-system\" itemprop=\"image\" height=\"358\" width=\"557\" title=\"img-software-defined-system\" onerror=\"this.style.display='none'\"  \/>\r\n<h3>\r\n\t\tSYST\u00c8ME D\u00c9FINI PAR LOGICIEL\r\n\t<\/h3>\r\n\t<p>Une technologie bas\u00e9e sur la virtualisation, avec s\u00e9paration du logiciel du mat\u00e9riel, offre un niveau plus \u00e9lev\u00e9 de flexibilit\u00e9, de rapidit\u00e9 de performance et de s\u00e9curit\u00e9 des donn\u00e9es.<\/p>\r\n<h2>\r\n\t\tD\u00c9COUVREZ LES SOLUTIONS DE GESTION DE DONN\u00c9ES D\u00c9FINIES PAR LOGICIEL DISPONIBLES AVEC V-VALLEY\r\n\t<\/h2>\r\n\t<p>V-Valley propose des services de gestion de donn\u00e9es technologiquement avanc\u00e9s de toutes sortes.<\/p>\r\n<h4>\r\n\t\tSolutions de stockage d\u00e9finies par logiciel\r\n\t<\/h4>\r\n\tSyst\u00e8mes de stockage bas\u00e9s sur la virtualisation logicielle cloud.<br \/>\r\n\r\n<h4>\r\n\t\tVirtualisation des postes de travail logiciels\r\n\t<\/h4>\r\n\tL&rsquo;utilisation de bureaux virtuels permet de se connecter n&rsquo;importe o\u00f9 depuis n&rsquo;importe quel appareil.<br \/>\r\n\r\n<h4>\r\n\t\tServeur d&rsquo;applications distant\r\n\t<\/h4>\r\n\tGr\u00e2ce \u00e0 cette application, le serveur peut \u00eatre connect\u00e9 dans un environnement hybride mais s\u00e9curis\u00e9.<br \/>\r\n\r\n<h4>\r\n\t\tOpen source\r\n\t<\/h4>\r\n\tLicences \u00e9lectroniques qui permettent la modification du code source des langages de programmation Open Source.<br \/>\r\n\r\n<h4>\r\n\t\tLogiciel de gestion de donn\u00e9es d&rsquo;entreprise\r\n\t<\/h4>\r\n\t<p>Gestion des applications m\u00e9tiers pour faciliter la coordination entre les d\u00e9partements.<\/p>\r\n<h4>\r\n\t\tMigration et modernisation des applications\r\n\t<\/h4>\r\n\t<p>Efficacit\u00e9 et s\u00e9curit\u00e9 de la migration pour la transformation num\u00e9rique.<\/p>\r\n<h4>\r\n\t\tLogiciel de gestion de la protection des donn\u00e9es\r\n\t<\/h4>\r\n\tTraitement et collecte des donn\u00e9es au plus haut niveau de s\u00e9curit\u00e9.<br \/>\r\n\r\n<h4>\r\n\t\tSauvegarde du logiciel\r\n\t<\/h4>\r\n\tDes sauvegardes qui permettent une r\u00e9cup\u00e9ration de donn\u00e9es rapide et fiable, pour les petites et grandes entreprises.<br \/>\r\n\r\n<h2>\r\n\t\tI NOSTRI PARTNER CHE OFFRONO SOLUZIONI DI SOFTWARE DEFINED E DATA MANAGEMENT\r\n\t<\/h2>\r\n\t\t\t\t<a href=\"https:\/\/www.v-valley.com\/it\/vendor\/acronis\/\" target=\"_self\" title=\"logo_acronis\" data-caption=\"\" data-description=\"\" itemprop=\"contentUrl\" rel=\"noopener\">\r\n\t\t\t<img loading=\"lazy\" decoding=\"async\" src=\"https:\/\/statics.v-valley.com\/prod\/2022\/10\/logo_acronis.gif\" alt=\"logo_acronis\" data-no-lazy=\"1\" itemprop=\"thumbnail\" width=\"140\" height=\"55\" \/>\r\n\t\t\t<!-- Overlay Wrapper -->\r\n\t\t\t <!-- Overlay Wrapper Closed -->\r\n\t\t\t\t<\/a>\r\n\t\t\t\t\t\t\t<meta itemprop=\"width\" content=\"140\" \/>\r\n\t\t\t<meta itemprop=\"height\" content=\"55\" \/>\r\n\t\t\t\t<a href=\"https:\/\/www.v-valley.com\/it\/vendor\/barracuda\/\" target=\"_self\" title=\"logo-barracuda\" data-caption=\"\" data-description=\"\" itemprop=\"contentUrl\" rel=\"noopener\">\r\n\t\t\t<img loading=\"lazy\" decoding=\"async\" src=\"https:\/\/statics.v-valley.com\/prod\/2022\/11\/loco-barracuda.png\" alt=\"logo-barracuda\" data-no-lazy=\"1\" itemprop=\"thumbnail\" width=\"140\" height=\"55\" \/>\r\n\t\t\t<!-- Overlay Wrapper -->\r\n\t\t\t <!-- Overlay Wrapper Closed -->\r\n\t\t\t\t<\/a>\r\n\t\t\t\t\t\t\t<meta itemprop=\"width\" content=\"140\" \/>\r\n\t\t\t<meta itemprop=\"height\" content=\"55\" \/>\r\n\t\t\t\t<a href=\"https:\/\/www.v-valley.com\/it\/vendor\/check-point\/\" target=\"_self\" title=\"logo_checkpoint\" data-caption=\"\" data-description=\"\" itemprop=\"contentUrl\" rel=\"noopener\">\r\n\t\t\t<img loading=\"lazy\" decoding=\"async\" src=\"https:\/\/statics.v-valley.com\/prod\/2022\/11\/logo_checkpoint.gif\" alt=\"logo_checkpoint\" data-no-lazy=\"1\" itemprop=\"thumbnail\" width=\"140\" height=\"55\" \/>\r\n\t\t\t<!-- Overlay Wrapper -->\r\n\t\t\t <!-- Overlay Wrapper Closed -->\r\n\t\t\t\t<\/a>\r\n\t\t\t\t\t\t\t<meta itemprop=\"width\" content=\"140\" \/>\r\n\t\t\t<meta itemprop=\"height\" content=\"55\" \/>\r\n\t\t\t\t<a href=\"https:\/\/www.v-valley.com\/it\/vendor\/datacore\/\" target=\"_self\" title=\"logo_datacore\" data-caption=\"\" data-description=\"\" itemprop=\"contentUrl\" rel=\"noopener\">\r\n\t\t\t<img loading=\"lazy\" decoding=\"async\" src=\"https:\/\/statics.v-valley.com\/prod\/2022\/10\/logo_datacore.gif\" alt=\"logo_datacore\" data-no-lazy=\"1\" itemprop=\"thumbnail\" width=\"140\" height=\"55\" \/>\r\n\t\t\t<!-- Overlay Wrapper -->\r\n\t\t\t <!-- Overlay Wrapper Closed -->\r\n\t\t\t\t<\/a>\r\n\t\t\t\t\t\t\t<meta itemprop=\"width\" content=\"140\" \/>\r\n\t\t\t<meta itemprop=\"height\" content=\"55\" \/>\r\n\t\t\t\t<a href=\"https:\/\/www.v-valley.com\/it\/vendor\/microfocus\/\" target=\"_self\" title=\"logo_microfocus\" data-caption=\"\" data-description=\"\" itemprop=\"contentUrl\" rel=\"noopener\">\r\n\t\t\t<img loading=\"lazy\" decoding=\"async\" src=\"https:\/\/statics.v-valley.com\/prod\/2022\/10\/logo_microfocus.gif\" alt=\"logo_microfocus\" data-no-lazy=\"1\" itemprop=\"thumbnail\" width=\"140\" height=\"55\" \/>\r\n\t\t\t<!-- Overlay Wrapper -->\r\n\t\t\t <!-- Overlay Wrapper Closed -->\r\n\t\t\t\t<\/a>\r\n\t\t\t\t\t\t\t<meta itemprop=\"width\" content=\"140\" \/>\r\n\t\t\t<meta itemprop=\"height\" content=\"55\" \/>\r\n\t\t\t\t<a href=\"https:\/\/www.v-valley.com\/it\/vendor\/microsoft\/\" target=\"_self\" title=\"logo_Microsoft\" data-caption=\"\" data-description=\"\" itemprop=\"contentUrl\" rel=\"noopener\">\r\n\t\t\t<img loading=\"lazy\" decoding=\"async\" src=\"https:\/\/statics.v-valley.com\/prod\/2022\/11\/logo_Microsoft.gif\" alt=\"logo_Microsoft\" data-no-lazy=\"1\" itemprop=\"thumbnail\" width=\"140\" height=\"55\" \/>\r\n\t\t\t<!-- Overlay Wrapper -->\r\n\t\t\t <!-- Overlay Wrapper Closed -->\r\n\t\t\t\t<\/a>\r\n\t\t\t\t\t\t\t<meta itemprop=\"width\" content=\"140\" \/>\r\n\t\t\t<meta itemprop=\"height\" content=\"55\" \/>\r\n\t\t\t\t<a href=\"https:\/\/www.v-valley.com\/it\/vendor\/parallels\" target=\"_self\" title=\"logo_parallels\" data-caption=\"\" data-description=\"\" itemprop=\"contentUrl\" rel=\"noopener\">\r\n\t\t\t<img loading=\"lazy\" decoding=\"async\" src=\"https:\/\/statics.v-valley.com\/prod\/2022\/10\/logo_parallels.gif\" alt=\"logo_parallels\" data-no-lazy=\"1\" itemprop=\"thumbnail\" width=\"140\" height=\"55\" \/>\r\n\t\t\t<!-- Overlay Wrapper -->\r\n\t\t\t <!-- Overlay Wrapper Closed -->\r\n\t\t\t\t<\/a>\r\n\t\t\t\t\t\t\t<meta itemprop=\"width\" content=\"140\" \/>\r\n\t\t\t<meta itemprop=\"height\" content=\"55\" \/>\r\n\t\t\t\t<a href=\"https:\/\/www.v-valley.com\/it\/vendor\/red-hat\" target=\"_self\" title=\"logo_redhat\" data-caption=\"\" data-description=\"\" itemprop=\"contentUrl\" rel=\"noopener\">\r\n\t\t\t<img loading=\"lazy\" decoding=\"async\" src=\"https:\/\/statics.v-valley.com\/prod\/2022\/10\/logo_redhat.gif\" alt=\"logo_redhat\" data-no-lazy=\"1\" itemprop=\"thumbnail\" width=\"140\" height=\"55\" \/>\r\n\t\t\t<!-- Overlay Wrapper -->\r\n\t\t\t <!-- Overlay Wrapper Closed -->\r\n\t\t\t\t<\/a>\r\n\t\t\t\t\t\t\t<meta itemprop=\"width\" content=\"140\" \/>\r\n\t\t\t<meta itemprop=\"height\" content=\"55\" \/>\r\n\t\t\t\t<a href=\"https:\/\/www.v-valley.com\/it\/vendor\/sangfor\/\" target=\"_self\" title=\"logo_sangfor\" data-caption=\"\" data-description=\"\" itemprop=\"contentUrl\" rel=\"noopener\">\r\n\t\t\t<img loading=\"lazy\" decoding=\"async\" src=\"https:\/\/statics.v-valley.com\/prod\/2022\/10\/logo_sangfor.gif\" alt=\"logo_sangfor\" data-no-lazy=\"1\" itemprop=\"thumbnail\" width=\"140\" height=\"55\" \/>\r\n\t\t\t<!-- Overlay Wrapper -->\r\n\t\t\t <!-- Overlay Wrapper Closed -->\r\n\t\t\t\t<\/a>\r\n\t\t\t\t\t\t\t<meta itemprop=\"width\" content=\"140\" \/>\r\n\t\t\t<meta itemprop=\"height\" content=\"55\" \/>\r\n\t\t\t\t<a href=\"https:\/\/www.v-valley.com\/it\/vendor\/sophos\" target=\"_self\" title=\"logo_sophos\" data-caption=\"\" data-description=\"\" itemprop=\"contentUrl\" rel=\"noopener\">\r\n\t\t\t<img loading=\"lazy\" decoding=\"async\" src=\"https:\/\/statics.v-valley.com\/prod\/2022\/10\/logo_sophos.gif\" alt=\"logo_sophos\" data-no-lazy=\"1\" itemprop=\"thumbnail\" width=\"140\" height=\"55\" \/>\r\n\t\t\t<!-- Overlay Wrapper -->\r\n\t\t\t <!-- Overlay Wrapper Closed -->\r\n\t\t\t\t<\/a>\r\n\t\t\t\t\t\t\t<meta itemprop=\"width\" content=\"140\" \/>\r\n\t\t\t<meta itemprop=\"height\" content=\"55\" \/>\r\n\t\t\t\t<a href=\"https:\/\/www.v-valley.com\/it\/vendor\/suse\" target=\"_self\" title=\"logo_suse\" data-caption=\"\" data-description=\"\" itemprop=\"contentUrl\" rel=\"noopener\">\r\n\t\t\t<img loading=\"lazy\" decoding=\"async\" src=\"https:\/\/statics.v-valley.com\/prod\/2022\/10\/logo_suse.gif\" alt=\"logo_suse\" data-no-lazy=\"1\" itemprop=\"thumbnail\" width=\"140\" height=\"55\" \/>\r\n\t\t\t<!-- Overlay Wrapper -->\r\n\t\t\t <!-- Overlay Wrapper Closed -->\r\n\t\t\t\t<\/a>\r\n\t\t\t\t\t\t\t<meta itemprop=\"width\" content=\"140\" \/>\r\n\t\t\t<meta itemprop=\"height\" content=\"55\" \/>\r\n\t\t\t\t<a href=\"https:\/\/www.v-valley.com\/it\/vendor\/trend-micro\" target=\"_self\" title=\"logo_trendmicro\" data-caption=\"\" data-description=\"\" itemprop=\"contentUrl\" rel=\"noopener\">\r\n\t\t\t<img loading=\"lazy\" decoding=\"async\" src=\"https:\/\/statics.v-valley.com\/prod\/2022\/10\/logo_trendmicro.gif\" alt=\"logo_trendmicro\" data-no-lazy=\"1\" itemprop=\"thumbnail\" width=\"140\" height=\"55\" \/>\r\n\t\t\t<!-- Overlay Wrapper -->\r\n\t\t\t <!-- Overlay Wrapper Closed -->\r\n\t\t\t\t<\/a>\r\n\t\t\t\t\t\t\t<meta itemprop=\"width\" content=\"140\" \/>\r\n\t\t\t<meta itemprop=\"height\" content=\"55\" \/>\r\n\t\t\t\t<a href=\"https:\/\/www.v-valley.com\/it\/vendor\/veeam\/\" target=\"_self\" title=\"logo_veeam\" data-caption=\"\" data-description=\"\" itemprop=\"contentUrl\" rel=\"noopener\">\r\n\t\t\t<img loading=\"lazy\" decoding=\"async\" src=\"https:\/\/statics.v-valley.com\/prod\/2022\/10\/logo_veeam.gif\" alt=\"logo_veeam\" data-no-lazy=\"1\" itemprop=\"thumbnail\" width=\"128\" height=\"48\" \/>\r\n\t\t\t<!-- Overlay Wrapper -->\r\n\t\t\t <!-- Overlay Wrapper Closed -->\r\n\t\t\t\t<\/a>\r\n\t\t\t\t\t\t\t<meta itemprop=\"width\" content=\"128\" \/>\r\n\t\t\t<meta itemprop=\"height\" content=\"48\" \/>\r\n\t\t\t\t<a href=\"https:\/\/www.v-valley.com\/it\/vendor\/veritas\/\" target=\"_self\" title=\"logo_veritas\" data-caption=\"\" data-description=\"\" itemprop=\"contentUrl\" rel=\"noopener\">\r\n\t\t\t<img loading=\"lazy\" decoding=\"async\" src=\"https:\/\/statics.v-valley.com\/prod\/2022\/10\/logo_veritas.gif\" alt=\"logo_veritas\" data-no-lazy=\"1\" itemprop=\"thumbnail\" width=\"140\" height=\"55\" \/>\r\n\t\t\t<!-- Overlay Wrapper -->\r\n\t\t\t <!-- Overlay Wrapper Closed -->\r\n\t\t\t\t<\/a>\r\n\t\t\t\t\t\t\t<meta itemprop=\"width\" content=\"140\" \/>\r\n\t\t\t<meta itemprop=\"height\" content=\"55\" \/>\r\n\t<h3>\r\n\t\tNOS SERVICES COMPL\u00c9MENTAIRES\r\n\t<\/h3>\r\n\t\t\t<a href=\"https:\/\/www.v-valley.com\/fr\/services\/\" target=\"_self\" rel=\"noopener\">\r\n\t\t\t\t\t\t\tTOUS NOS SERVICES\r\n\t\t\t\t\t<\/a>\r\n            <img decoding=\"async\" src=\"https:\/\/statics.v-valley.com\/prod\/2022\/10\/img-parti-di-ricambio.jpg\" alt=\"Installation de tous les composants\" name=\"Installation de tous les composants\"\/>\r\n                                <a href=\"https:\/\/www.v-valley.com\/en\/services\/spare-parts\/\">\r\n                    <h5>Installation de tous les composants<\/h5>\r\n                <\/a>\r\n            <img decoding=\"async\" src=\"https:\/\/statics.v-valley.com\/prod\/2022\/10\/img-supporto.jpg\" alt=\"Support technique continu\" name=\"Support technique continu\"\/>\r\n                                <a href=\"https:\/\/www.v-valley.com\/en\/services\/pre-sales-technical-support\/\">\r\n                    <h5>Support technique continu<\/h5>\r\n                <\/a>\r\n             <!-- end vvly more info cards -->\r\n <!-- end vvly more info cards container -->\r\n<style>\r\n    .vvly-more-info-cards-container .vvly-more-info-cards .vvly-more-info-card {\r\n        width: calc((100% - 45px) \/2);\r\n    }\r\n<\/style>\r\n\r\n","protected":false},"excerpt":{"rendered":"<p>Conception et mise en \u0153uvre d&rsquo;infrastructures logicielles et de syst\u00e8mes de stockage bas\u00e9s sur la virtualisation.<\/p>\n","protected":false},"author":7,"featured_media":0,"parent":412627,"menu_order":0,"comment_status":"closed","ping_status":"closed","template":"templates\/template-solution-category.php","meta":{"_acf_changed":false,"_genesis_hide_title":false,"_genesis_hide_breadcrumbs":false,"_genesis_hide_singular_image":false,"_genesis_hide_footer_widgets":false,"_genesis_custom_body_class":"","_genesis_custom_post_class":"","_genesis_layout":"","footnotes":""},"class_list":{"0":"post-412838","1":"page","2":"type-page","3":"status-publish","5":"entry"},"acf":[],"_links":{"self":[{"href":"https:\/\/www.v-valley.com\/fr\/wp-json\/wp\/v2\/pages\/412838","targetHints":{"allow":["GET"]}}],"collection":[{"href":"https:\/\/www.v-valley.com\/fr\/wp-json\/wp\/v2\/pages"}],"about":[{"href":"https:\/\/www.v-valley.com\/fr\/wp-json\/wp\/v2\/types\/page"}],"author":[{"embeddable":true,"href":"https:\/\/www.v-valley.com\/fr\/wp-json\/wp\/v2\/users\/7"}],"replies":[{"embeddable":true,"href":"https:\/\/www.v-valley.com\/fr\/wp-json\/wp\/v2\/comments?post=412838"}],"version-history":[{"count":0,"href":"https:\/\/www.v-valley.com\/fr\/wp-json\/wp\/v2\/pages\/412838\/revisions"}],"up":[{"embeddable":true,"href":"https:\/\/www.v-valley.com\/fr\/wp-json\/wp\/v2\/pages\/412627"}],"wp:attachment":[{"href":"https:\/\/www.v-valley.com\/fr\/wp-json\/wp\/v2\/media?parent=412838"}],"curies":[{"name":"wp","href":"https:\/\/api.w.org\/{rel}","templated":true}]}}