{"id":412833,"date":"2022-10-26T18:30:54","date_gmt":"2022-10-26T16:30:54","guid":{"rendered":"https:\/\/www.v-valley.com\/solutions\/unified-communication-e-collaboration\/"},"modified":"2024-09-17T11:32:53","modified_gmt":"2024-09-17T09:32:53","slug":"communication-et-collaboration-unifiees","status":"publish","type":"page","link":"https:\/\/www.v-valley.com\/fr\/solutions\/communication-et-collaboration-unifiees\/","title":{"rendered":"Communication et collaboration unifi\u00e9es"},"content":{"rendered":"\r\n<h2>\r\n\t\tLES MEILLEURES SOLUTIONS DE COMMUNICATION INTERNE POUR VOS CLIENTS\r\n\t<\/h2>\r\n\t<p>V-Valley propose une large gamme de syst\u00e8mes de communication et de collaboration pour vos clients, des r\u00e9seaux t\u00e9l\u00e9phoniques internes aux solutions innovantes pour le travail \u00e0 distance et le travail intelligent : une infrastructure int\u00e9gr\u00e9e unique qui simplifie la gestion des communications \u00e0 partir de plusieurs emplacements.<\/p>\r\n<p>Ces syst\u00e8mes s&rsquo;int\u00e8grent aux r\u00e9seaux d&rsquo;entreprise, m\u00eame les plus complexes, gr\u00e2ce aux t\u00e9l\u00e9phones IP qui utilisent la technologie VoIP et garantissent une flexibilit\u00e9 maximale pour la t\u00e9l\u00e9phonie traditionnelle et mobile. De plus, nous proposons des produits de haute qualit\u00e9 pour les r\u00e9unions \u00e0 distance, capables d&rsquo;isoler le bruit de l&rsquo;environnement environnant.<\/p>\r\n<h3>\r\n\t\tSOLUTIONS DE TRAVAIL INTELLIGENTES POUR ENTREPRISE\r\n\t<\/h3>\r\n\t<p>Nous proposons des technologies t\u00e9l\u00e9phoniques permettant une connexion \u00e0 distance aux r\u00e9seaux d&rsquo;entreprise, garantissant la qualit\u00e9 de l&rsquo;image et du son. Pour des conversations r\u00e9guli\u00e8res ou des visioconf\u00e9rences entre plusieurs participants, nos outils contribuent \u00e0 transformer n&rsquo;importe quelle pi\u00e8ce en espace de r\u00e9union : la solution id\u00e9ale pour un travail intelligent.<\/p>\r\n\t\t\t\t<img loading=\"lazy\" decoding=\"async\" src=\"https:\/\/statics.v-valley.com\/prod\/2022\/10\/img-chiamata-sw.jpg\" alt=\"img-chiamata-sw\" itemprop=\"image\" height=\"358\" width=\"557\" title=\"img-chiamata-sw\" onerror=\"this.style.display='none'\"  \/>\r\n\t\t\t\t<img loading=\"lazy\" decoding=\"async\" src=\"https:\/\/statics.v-valley.com\/prod\/2022\/10\/img-tecnologia-voip.jpg\" alt=\"img-tecnologia-voip\" itemprop=\"image\" height=\"358\" width=\"557\" title=\"img-tecnologia-voip\" onerror=\"this.style.display='none'\"  \/>\r\n<h3>\r\n\t\tUN NUM\u00c9RO, PARTOUT, PARTOUT\r\n\t<\/h3>\r\n\t<p>Un m\u00eame num\u00e9ro pour toute l&rsquo;organisation : gr\u00e2ce aux t\u00e9l\u00e9phones utilisant la technologie VoIP, vous pouvez disposer d&rsquo;une seule infrastructure int\u00e9gr\u00e9e avec des \u00e9conomies sur les co\u00fbts de maintenance, en simplifiant la gestion multi-sites avec une plus grande fiabilit\u00e9 et s\u00e9curit\u00e9 contre la fraude.<\/p>\r\n<h2>\r\n\t\tD\u00c9COUVREZ LES SOLUTIONS DE COMMUNICATION ET DE COLLABORATION UNIFI\u00c9ES DISPONIBLES AVEC V-VALLEY\r\n\t<\/h2>\r\n\t<p>V-Valley propose des services de communication et de collaboration unifi\u00e9es technologiquement avanc\u00e9s de toutes sortes.<\/p>\r\n<h4>\r\n\t\tCentraux t\u00e9l\u00e9phoniques\r\n\t<\/h4>\r\n\t<p>Syst\u00e8mes qui s&rsquo;int\u00e8grent \u00e0 des r\u00e9seaux de donn\u00e9es d&rsquo;entreprise multilignes plus complexes.<\/p>\r\n<h4>\r\n\t\tPasserelles\r\n\t<\/h4>\r\n\tPasser d&rsquo;un r\u00e9seau \u00e0 un autre, par le chemin le plus efficace.<br \/>\r\n\r\n<h4>\r\n\t\tT\u00e9l\u00e9phones IP et VOIP\r\n\t<\/h4>\r\n\tAppareils utilisant Internet, \u00e9galement \u00e9quip\u00e9s de fonctions graphiques et de messagerie.<br \/>\r\n\r\n<h4>\r\n\t\tSyst\u00e8mes d&rsquo;audio et de vid\u00e9oconf\u00e9rence\r\n\t<\/h4>\r\n\tDes syst\u00e8mes qui garantissent une qualit\u00e9 sonore et d&rsquo;image de haut niveau pour les vid\u00e9oconf\u00e9rences.<br \/>\r\n\r\n<h4>\r\n\t\tSyst\u00e8mes DECT\r\n\t<\/h4>\r\n\t<p>Appareils de t\u00e9l\u00e9communications sans fil connect\u00e9s au syst\u00e8me t\u00e9l\u00e9phonique de l&rsquo;entreprise.<\/p>\r\n<h2>\r\n\t\tNOS PARTENAIRES OFFRANT DES SOLUTIONS DE COMMUNICATION ET DE COLLABORATION UNIFI\u00c9ES\r\n\t<\/h2>\r\n\t\t\t\t<a href=\"https:\/\/www.v-valley.com\/it\/vendor\/3cx\/\" target=\"_self\" title=\"logo_3CX\" data-caption=\"\" data-description=\"\" itemprop=\"contentUrl\" rel=\"noopener\">\r\n\t\t\t<img loading=\"lazy\" decoding=\"async\" src=\"https:\/\/statics.v-valley.com\/prod\/2022\/10\/logo_3CX.gif\" alt=\"logo_3CX\" data-no-lazy=\"1\" itemprop=\"thumbnail\" width=\"140\" height=\"55\" \/>\r\n\t\t\t<!-- Overlay Wrapper -->\r\n\t\t\t <!-- Overlay Wrapper Closed -->\r\n\t\t\t\t<\/a>\r\n\t\t\t\t\t\t\t<meta itemprop=\"width\" content=\"140\" \/>\r\n\t\t\t<meta itemprop=\"height\" content=\"55\" \/>\r\n\t\t\t\t<a href=\"https:\/\/www.v-valley.com\/it\/vendor\/alcatel-business\/\" target=\"_self\" title=\"logo_Alcatel_business\" data-caption=\"\" data-description=\"\" itemprop=\"contentUrl\" rel=\"noopener\">\r\n\t\t\t<img loading=\"lazy\" decoding=\"async\" src=\"https:\/\/statics.v-valley.com\/prod\/2022\/10\/logo_Alcatel_business.gif\" alt=\"logo_Alcatel_business\" data-no-lazy=\"1\" itemprop=\"thumbnail\" width=\"140\" height=\"55\" \/>\r\n\t\t\t<!-- Overlay Wrapper -->\r\n\t\t\t <!-- Overlay Wrapper Closed -->\r\n\t\t\t\t<\/a>\r\n\t\t\t\t\t\t\t<meta itemprop=\"width\" content=\"140\" \/>\r\n\t\t\t<meta itemprop=\"height\" content=\"55\" \/>\r\n\t\t\t\t<a href=\"https:\/\/www.v-valley.com\/it\/vendor\/alcatel-lucent\/\" target=\"_self\" title=\"logo_Alcatel-Lucent\" data-caption=\"\" data-description=\"\" itemprop=\"contentUrl\" rel=\"noopener\">\r\n\t\t\t<img loading=\"lazy\" decoding=\"async\" src=\"https:\/\/statics.v-valley.com\/prod\/2022\/10\/logo_Alcatel-Lucent.gif\" alt=\"logo_Alcatel-Lucent\" data-no-lazy=\"1\" itemprop=\"thumbnail\" width=\"140\" height=\"55\" \/>\r\n\t\t\t<!-- Overlay Wrapper -->\r\n\t\t\t <!-- Overlay Wrapper Closed -->\r\n\t\t\t\t<\/a>\r\n\t\t\t\t\t\t\t<meta itemprop=\"width\" content=\"140\" \/>\r\n\t\t\t<meta itemprop=\"height\" content=\"55\" \/>\r\n\t\t\t\t<a href=\"https:\/\/www.v-valley.com\/it\/vendor\/ascom\/\" target=\"_self\" title=\"logo_ascom\" data-caption=\"\" data-description=\"\" itemprop=\"contentUrl\" rel=\"noopener\">\r\n\t\t\t<img loading=\"lazy\" decoding=\"async\" src=\"https:\/\/statics.v-valley.com\/prod\/2022\/10\/logo_ascom.gif\" alt=\"logo_ascom\" data-no-lazy=\"1\" itemprop=\"thumbnail\" width=\"140\" height=\"55\" \/>\r\n\t\t\t<!-- Overlay Wrapper -->\r\n\t\t\t <!-- Overlay Wrapper Closed -->\r\n\t\t\t\t<\/a>\r\n\t\t\t\t\t\t\t<meta itemprop=\"width\" content=\"140\" \/>\r\n\t\t\t<meta itemprop=\"height\" content=\"55\" \/>\r\n\t\t\t\t<a href=\"https:\/\/www.v-valley.com\/it\/vendor\/audiocodes\/\" target=\"_self\" title=\"LOGO_audiocodes\" data-caption=\"\" data-description=\"\" itemprop=\"contentUrl\" rel=\"noopener\">\r\n\t\t\t<img loading=\"lazy\" decoding=\"async\" src=\"https:\/\/statics.v-valley.com\/prod\/2022\/10\/LOGO_audiocodes.gif\" alt=\"LOGO_audiocodes\" data-no-lazy=\"1\" itemprop=\"thumbnail\" width=\"140\" height=\"55\" \/>\r\n\t\t\t<!-- Overlay Wrapper -->\r\n\t\t\t <!-- Overlay Wrapper Closed -->\r\n\t\t\t\t<\/a>\r\n\t\t\t\t\t\t\t<meta itemprop=\"width\" content=\"140\" \/>\r\n\t\t\t<meta itemprop=\"height\" content=\"55\" \/>\r\n\t\t\t\t<a href=\"https:\/\/www.v-valley.com\/it\/vendor\/estos\/\" target=\"_self\" title=\"logo_estos\" data-caption=\"\" data-description=\"\" itemprop=\"contentUrl\" rel=\"noopener\">\r\n\t\t\t<img loading=\"lazy\" decoding=\"async\" src=\"https:\/\/statics.v-valley.com\/prod\/2022\/10\/logo_estos.gif\" alt=\"logo_estos\" data-no-lazy=\"1\" itemprop=\"thumbnail\" width=\"140\" height=\"55\" \/>\r\n\t\t\t<!-- Overlay Wrapper -->\r\n\t\t\t <!-- Overlay Wrapper Closed -->\r\n\t\t\t\t<\/a>\r\n\t\t\t\t\t\t\t<meta itemprop=\"width\" content=\"140\" \/>\r\n\t\t\t<meta itemprop=\"height\" content=\"55\" \/>\r\n\t\t\t\t<a href=\"https:\/\/www.v-valley.com\/it\/vendor\/gigaset\/\" target=\"_self\" title=\"logo_gigaset\" data-caption=\"\" data-description=\"\" itemprop=\"contentUrl\" rel=\"noopener\">\r\n\t\t\t<img loading=\"lazy\" decoding=\"async\" src=\"https:\/\/statics.v-valley.com\/prod\/2022\/10\/logo_gigaset.gif\" alt=\"logo_gigaset\" data-no-lazy=\"1\" itemprop=\"thumbnail\" width=\"140\" height=\"55\" \/>\r\n\t\t\t<!-- Overlay Wrapper -->\r\n\t\t\t <!-- Overlay Wrapper Closed -->\r\n\t\t\t\t<\/a>\r\n\t\t\t\t\t\t\t<meta itemprop=\"width\" content=\"140\" \/>\r\n\t\t\t<meta itemprop=\"height\" content=\"55\" \/>\r\n\t\t\t\t<a href=\"https:\/\/www.v-valley.com\/it\/vendor\/grandstream\/\" target=\"_self\" title=\"logo_grandstream\" data-caption=\"\" data-description=\"\" itemprop=\"contentUrl\" rel=\"noopener\">\r\n\t\t\t<img loading=\"lazy\" decoding=\"async\" src=\"https:\/\/statics.v-valley.com\/prod\/2022\/11\/logo_grandstream.gif\" alt=\"logo_grandstream\" data-no-lazy=\"1\" itemprop=\"thumbnail\" width=\"140\" height=\"55\" \/>\r\n\t\t\t<!-- Overlay Wrapper -->\r\n\t\t\t <!-- Overlay Wrapper Closed -->\r\n\t\t\t\t<\/a>\r\n\t\t\t\t\t\t\t<meta itemprop=\"width\" content=\"140\" \/>\r\n\t\t\t<meta itemprop=\"height\" content=\"55\" \/>\r\n\t\t\t\t<a href=\"https:\/\/www.v-valley.com\/it\/vendor\/innovaphone\/\" target=\"_self\" title=\"logo_innovaphone\" data-caption=\"\" data-description=\"\" itemprop=\"contentUrl\" rel=\"noopener\">\r\n\t\t\t<img loading=\"lazy\" decoding=\"async\" src=\"https:\/\/statics.v-valley.com\/prod\/2022\/10\/logo_innovaphone.gif\" alt=\"logo_innovaphone\" data-no-lazy=\"1\" itemprop=\"thumbnail\" width=\"140\" height=\"55\" \/>\r\n\t\t\t<!-- Overlay Wrapper -->\r\n\t\t\t <!-- Overlay Wrapper Closed -->\r\n\t\t\t\t<\/a>\r\n\t\t\t\t\t\t\t<meta itemprop=\"width\" content=\"140\" \/>\r\n\t\t\t<meta itemprop=\"height\" content=\"55\" \/>\r\n\t\t\t\t<a href=\"https:\/\/www.v-valley.com\/it\/vendor\/jabra\/\" target=\"_self\" title=\"logo_jabra\" data-caption=\"\" data-description=\"\" itemprop=\"contentUrl\" rel=\"noopener\">\r\n\t\t\t<img loading=\"lazy\" decoding=\"async\" src=\"https:\/\/statics.v-valley.com\/prod\/2022\/10\/logo_jabra.gif\" alt=\"logo_jabra\" data-no-lazy=\"1\" itemprop=\"thumbnail\" width=\"140\" height=\"55\" \/>\r\n\t\t\t<!-- Overlay Wrapper -->\r\n\t\t\t <!-- Overlay Wrapper Closed -->\r\n\t\t\t\t<\/a>\r\n\t\t\t\t\t\t\t<meta itemprop=\"width\" content=\"140\" \/>\r\n\t\t\t<meta itemprop=\"height\" content=\"55\" \/>\r\n\t\t\t\t<a href=\"https:\/\/www.v-valley.com\/it\/vendor\/kalliope\/\" target=\"_self\" title=\"logo_kalliope\" data-caption=\"\" data-description=\"\" itemprop=\"contentUrl\" rel=\"noopener\">\r\n\t\t\t<img loading=\"lazy\" decoding=\"async\" src=\"https:\/\/statics.v-valley.com\/prod\/2022\/11\/logo_kalliope.gif\" alt=\"logo_kalliope\" data-no-lazy=\"1\" itemprop=\"thumbnail\" width=\"140\" height=\"55\" \/>\r\n\t\t\t<!-- Overlay Wrapper -->\r\n\t\t\t <!-- Overlay Wrapper Closed -->\r\n\t\t\t\t<\/a>\r\n\t\t\t\t\t\t\t<meta itemprop=\"width\" content=\"140\" \/>\r\n\t\t\t<meta itemprop=\"height\" content=\"55\" \/>\r\n\t\t\t\t<a href=\"https:\/\/www.v-valley.com\/it\/vendor\/lenovo\/\" target=\"_self\" title=\"logo_lenovo\" data-caption=\"\" data-description=\"\" itemprop=\"contentUrl\" rel=\"noopener\">\r\n\t\t\t<img loading=\"lazy\" decoding=\"async\" src=\"https:\/\/statics.v-valley.com\/prod\/2022\/10\/logo_lenovo.gif\" alt=\"logo_lenovo\" data-no-lazy=\"1\" itemprop=\"thumbnail\" width=\"140\" height=\"55\" \/>\r\n\t\t\t<!-- Overlay Wrapper -->\r\n\t\t\t <!-- Overlay Wrapper Closed -->\r\n\t\t\t\t<\/a>\r\n\t\t\t\t\t\t\t<meta itemprop=\"width\" content=\"140\" \/>\r\n\t\t\t<meta itemprop=\"height\" content=\"55\" \/>\r\n\t\t\t\t<a href=\"void(0)\" target=\"_self\" title=\"logo-mitel\" data-caption=\"\" data-description=\"\" itemprop=\"contentUrl\" rel=\"noopener\">\r\n\t\t\t<img loading=\"lazy\" decoding=\"async\" src=\"https:\/\/statics.v-valley.com\/prod\/2023\/03\/logo-mitel.gif\" alt=\"logo-mitel\" data-no-lazy=\"1\" itemprop=\"thumbnail\" width=\"140\" height=\"55\" \/>\r\n\t\t\t<!-- Overlay Wrapper -->\r\n\t\t\t <!-- Overlay Wrapper Closed -->\r\n\t\t\t\t<\/a>\r\n\t\t\t\t\t\t\t<meta itemprop=\"width\" content=\"140\" \/>\r\n\t\t\t<meta itemprop=\"height\" content=\"55\" \/>\r\n\t\t\t\t<a href=\"https:\/\/www.v-valley.com\/it\/vendor\/patton\/\" target=\"_self\" title=\"logo_patton\" data-caption=\"\" data-description=\"\" itemprop=\"contentUrl\" rel=\"noopener\">\r\n\t\t\t<img loading=\"lazy\" decoding=\"async\" src=\"https:\/\/statics.v-valley.com\/prod\/2022\/10\/logo_patton.gif\" alt=\"logo_patton\" data-no-lazy=\"1\" itemprop=\"thumbnail\" width=\"140\" height=\"55\" \/>\r\n\t\t\t<!-- Overlay Wrapper -->\r\n\t\t\t <!-- Overlay Wrapper Closed -->\r\n\t\t\t\t<\/a>\r\n\t\t\t\t\t\t\t<meta itemprop=\"width\" content=\"140\" \/>\r\n\t\t\t<meta itemprop=\"height\" content=\"55\" \/>\r\n\t\t\t\t<a href=\"https:\/\/www.v-valley.com\/it\/vendor\/poly\/\" target=\"_self\" title=\"logo_Poly\" data-caption=\"\" data-description=\"\" itemprop=\"contentUrl\" rel=\"noopener\">\r\n\t\t\t<img loading=\"lazy\" decoding=\"async\" src=\"https:\/\/statics.v-valley.com\/prod\/2022\/10\/logo_Poly.png\" alt=\"logo_Poly\" data-no-lazy=\"1\" itemprop=\"thumbnail\" width=\"140\" height=\"55\" \/>\r\n\t\t\t<!-- Overlay Wrapper -->\r\n\t\t\t <!-- Overlay Wrapper Closed -->\r\n\t\t\t\t<\/a>\r\n\t\t\t\t\t\t\t<meta itemprop=\"width\" content=\"140\" \/>\r\n\t\t\t<meta itemprop=\"height\" content=\"55\" \/>\r\n\t\t\t\t<a href=\"https:\/\/www.v-valley.com\/it\/vendor\/snom\/\" target=\"_self\" title=\"logo_snom\" data-caption=\"\" data-description=\"\" itemprop=\"contentUrl\" rel=\"noopener\">\r\n\t\t\t<img loading=\"lazy\" decoding=\"async\" src=\"https:\/\/statics.v-valley.com\/prod\/2022\/10\/logo_snom.gif\" alt=\"logo_snom\" data-no-lazy=\"1\" itemprop=\"thumbnail\" width=\"140\" height=\"55\" \/>\r\n\t\t\t<!-- Overlay Wrapper -->\r\n\t\t\t <!-- Overlay Wrapper Closed -->\r\n\t\t\t\t<\/a>\r\n\t\t\t\t\t\t\t<meta itemprop=\"width\" content=\"140\" \/>\r\n\t\t\t<meta itemprop=\"height\" content=\"55\" \/>\r\n\t\t\t\t<a href=\"https:\/\/www.v-valley.com\/it\/vendor\/yamaha\/\" target=\"_self\" title=\"logo_yamaha\" data-caption=\"\" data-description=\"\" itemprop=\"contentUrl\" rel=\"noopener\">\r\n\t\t\t<img loading=\"lazy\" decoding=\"async\" src=\"https:\/\/statics.v-valley.com\/prod\/2022\/10\/logo_yamaha.gif\" alt=\"logo_yamaha\" data-no-lazy=\"1\" itemprop=\"thumbnail\" width=\"140\" height=\"55\" \/>\r\n\t\t\t<!-- Overlay Wrapper -->\r\n\t\t\t <!-- Overlay Wrapper Closed -->\r\n\t\t\t\t<\/a>\r\n\t\t\t\t\t\t\t<meta itemprop=\"width\" content=\"140\" \/>\r\n\t\t\t<meta itemprop=\"height\" content=\"55\" \/>\r\n\t\t\t\t<a href=\"https:\/\/www.v-valley.com\/it\/vendor\/yealink\/\" target=\"_self\" title=\"logo_yealink\" data-caption=\"\" data-description=\"\" itemprop=\"contentUrl\" rel=\"noopener\">\r\n\t\t\t<img loading=\"lazy\" decoding=\"async\" src=\"https:\/\/statics.v-valley.com\/prod\/2022\/10\/logo_yealink.gif\" alt=\"logo_yealink\" data-no-lazy=\"1\" itemprop=\"thumbnail\" width=\"140\" height=\"55\" \/>\r\n\t\t\t<!-- Overlay Wrapper -->\r\n\t\t\t <!-- Overlay Wrapper Closed -->\r\n\t\t\t\t<\/a>\r\n\t\t\t\t\t\t\t<meta itemprop=\"width\" content=\"140\" \/>\r\n\t\t\t<meta itemprop=\"height\" content=\"55\" \/>\r\n\t<h3>\r\n\t\tNOS SERVICES COMPL\u00c9MENTAIRES\r\n\t<\/h3>\r\n\t\t\t<a href=\"https:\/\/www.v-valley.com\/fr\/services\/\" target=\"_self\" rel=\"noopener\">\r\n\t\t\t\t\t\t\tTOUS NOS SERVICES\r\n\t\t\t\t\t<\/a>\r\n            <img decoding=\"async\" src=\"https:\/\/statics.v-valley.com\/prod\/2022\/10\/img-parti-di-ricambio.jpg\" alt=\"Installation de tous les composants\" name=\"Installation de tous les composants\"\/>\r\n                                <a href=\"https:\/\/www.v-valley.com\/en\/services\/spare-parts\/\">\r\n                    <h5>Installation de tous les composants<\/h5>\r\n                <\/a>\r\n            <img decoding=\"async\" src=\"https:\/\/statics.v-valley.com\/prod\/2022\/10\/img-supporto.jpg\" alt=\"Support technique continu\" name=\"Support technique continu\"\/>\r\n                                <a href=\"https:\/\/www.v-valley.com\/en\/services\/pre-sales-technical-support\/\">\r\n                    <h5>Support technique continu<\/h5>\r\n                <\/a>\r\n             <!-- end vvly more info cards -->\r\n <!-- end vvly more info cards container -->\r\n<style>\r\n    .vvly-more-info-cards-container .vvly-more-info-cards .vvly-more-info-card {\r\n        width: calc((100% - 45px) \/2);\r\n    }\r\n<\/style>\r\n\r\n","protected":false},"excerpt":{"rendered":"<p>Les avantages du travail \u00e0 distance et du travail intelligent avec des connexions depuis des sites distants.<\/p>\n","protected":false},"author":7,"featured_media":0,"parent":412627,"menu_order":0,"comment_status":"closed","ping_status":"closed","template":"templates\/template-solution-category.php","meta":{"_acf_changed":false,"_genesis_hide_title":false,"_genesis_hide_breadcrumbs":false,"_genesis_hide_singular_image":false,"_genesis_hide_footer_widgets":false,"_genesis_custom_body_class":"","_genesis_custom_post_class":"","_genesis_layout":"","footnotes":""},"class_list":{"0":"post-412833","1":"page","2":"type-page","3":"status-publish","5":"entry"},"acf":[],"_links":{"self":[{"href":"https:\/\/www.v-valley.com\/fr\/wp-json\/wp\/v2\/pages\/412833","targetHints":{"allow":["GET"]}}],"collection":[{"href":"https:\/\/www.v-valley.com\/fr\/wp-json\/wp\/v2\/pages"}],"about":[{"href":"https:\/\/www.v-valley.com\/fr\/wp-json\/wp\/v2\/types\/page"}],"author":[{"embeddable":true,"href":"https:\/\/www.v-valley.com\/fr\/wp-json\/wp\/v2\/users\/7"}],"replies":[{"embeddable":true,"href":"https:\/\/www.v-valley.com\/fr\/wp-json\/wp\/v2\/comments?post=412833"}],"version-history":[{"count":0,"href":"https:\/\/www.v-valley.com\/fr\/wp-json\/wp\/v2\/pages\/412833\/revisions"}],"up":[{"embeddable":true,"href":"https:\/\/www.v-valley.com\/fr\/wp-json\/wp\/v2\/pages\/412627"}],"wp:attachment":[{"href":"https:\/\/www.v-valley.com\/fr\/wp-json\/wp\/v2\/media?parent=412833"}],"curies":[{"name":"wp","href":"https:\/\/api.w.org\/{rel}","templated":true}]}}