{"id":412828,"date":"2022-10-26T17:18:54","date_gmt":"2022-10-26T15:18:54","guid":{"rendered":"https:\/\/www.v-valley.com\/solutions\/videosorveglianza\/"},"modified":"2024-09-17T11:30:33","modified_gmt":"2024-09-17T09:30:33","slug":"videosurveillance","status":"publish","type":"page","link":"https:\/\/www.v-valley.com\/fr\/solutions\/videosurveillance\/","title":{"rendered":"Vid\u00e9osurveillance"},"content":{"rendered":"\r\n<h2>\r\n\t\tSYST\u00c8MES DE VID\u00c9OSURVEILLANCE DU LIEU DE TRAVAIL\r\n\t<\/h2>\r\n\t<p>V-Valley est un important distributeur de dispositifs de vid\u00e9osurveillance et de contr\u00f4le d&rsquo;acc\u00e8s pour les applications industrielles, commerciales et r\u00e9sidentielles. Nous proposons une large gamme de produits utilisant \u00e0 la fois les technologies analogiques et num\u00e9riques. Connecter les appareils au r\u00e9seau les rend \u00e9galement g\u00e9rables \u00e0 distance : un v\u00e9ritable Internet des objets appliqu\u00e9 aux entreprises.<\/p>\r\n<p>Une gamme compl\u00e8te d&rsquo;\u00e9quipements de vid\u00e9osurveillance du lieu de travail est disponible, tels que des interphones analogiques et IP, des syst\u00e8mes de contr\u00f4le d&rsquo;acc\u00e8s aux portails et portes d&rsquo;entreprise et des syst\u00e8mes d&rsquo;identification du personnel. Le logiciel associ\u00e9 \u00e0 ces appareils rend analysables les donn\u00e9es enregistr\u00e9es par l&rsquo;ensemble du syst\u00e8me, et vous permet d&rsquo;automatiser ses fonctions selon vos besoins.<\/p>\r\n<h3>\r\n\t\tSURVEILLANCE NUM\u00c9RIQUE ET INTERCONNECT\u00c9E\r\n\t<\/h3>\r\n\t<p>Nos syst\u00e8mes de vid\u00e9osurveillance d&rsquo;entreprise, connect\u00e9s aux syst\u00e8mes d&rsquo;alarme et au r\u00e9seau, d\u00e9tectent \u00e9galement les mouvements individuels et permettent un contr\u00f4le \u00e0 distance des images en temps r\u00e9el, m\u00eame depuis un smartphone.<\/p>\r\n\t\t\t\t<img loading=\"lazy\" decoding=\"async\" src=\"https:\/\/statics.v-valley.com\/prod\/2022\/10\/img-sorveglianza-smartphone.jpg\" alt=\"img-sorveglianza-smartphone\" itemprop=\"image\" height=\"358\" width=\"557\" title=\"img-sorveglianza-smartphone\" onerror=\"this.style.display='none'\"  \/>\r\n\t\t\t\t<img loading=\"lazy\" decoding=\"async\" src=\"https:\/\/statics.v-valley.com\/prod\/2022\/10\/img-lettore-badge.jpg\" alt=\"img-lettore-badge\" itemprop=\"image\" height=\"358\" width=\"557\" title=\"img-lettore-badge\" onerror=\"this.style.display='none'\"  \/>\r\n<h3>\r\n\t\tCONTR\u00d4LE D&rsquo;ACC\u00c8S COMPLET\r\n\t<\/h3>\r\n\t<p>Dispositifs de s\u00e9curit\u00e9 d&rsquo;entreprise qui contr\u00f4lent l&rsquo;acc\u00e8s aux portails et aux portes, badges \u00e9lectroniques ou lecteurs biom\u00e9triques, syst\u00e8mes d&rsquo;identification avanc\u00e9s, tels que les interphones IP qui contr\u00f4lent les serrures \u00e9lectriques.<\/p>\r\n<h2>\r\n\t\tD\u00c9COUVREZ LES SOLUTIONS DE VID\u00c9O-SURVEILLANCE DISPONIBLES AVEC V-VALLEY\r\n\t<\/h2>\r\n\t<p>V-Valley propose des services de vid\u00e9osurveillance technologiquement avanc\u00e9s de toutes sortes.<\/p>\r\n<h4>\r\n\t\tCam\u00e9ras IP\r\n\t<\/h4>\r\n\tAppareils qui transmettent des images sur le r\u00e9seau en temps r\u00e9el et signalent toute anomalie.<br \/>\r\n\r\n<h4>\r\n\t\tInterphones analogiques\r\n\t<\/h4>\r\n\tConnexions entre l&rsquo;int\u00e9rieur et l&rsquo;ext\u00e9rieur via le secteur.<br \/>\r\n\r\n<h4>\r\n\t\tInterphones IP\r\n\t<\/h4>\r\n\tSyst\u00e8mes d&rsquo;interphone avanc\u00e9s qui se connectent au r\u00e9seau et peuvent \u00eatre contr\u00f4l\u00e9s \u00e0 distance.<br \/>\r\n\r\n<h4>\r\n\t\tContr\u00f4le d&rsquo;acc\u00e8s\r\n\t<\/h4>\r\n\tDispositifs con\u00e7us pour contr\u00f4ler l&rsquo;acc\u00e8s aux portails et aux portes, \u00e0 l&rsquo;aide de badges ou de lecteurs biom\u00e9triques.<br \/>\r\n\r\n<h4>\r\n\t\tInterphones vid\u00e9o IP\r\n\t<\/h4>\r\n\tSyst\u00e8mes d&rsquo;interphone vid\u00e9o t\u00e9l\u00e9command\u00e9s pour assurer une plus grande s\u00e9curit\u00e9.<br \/>\r\n\r\n<h2>\r\n\t\tNOS PARTENAIRES QUI PROPOSENT DES SOLUTIONS DE VID\u00c9OSURVEILLANCE\r\n\t<\/h2>\r\n\t\t\t\t<a href=\"https:\/\/www.v-valley.com\/it\/vendor\/2n\/\" target=\"_self\" title=\"logo_2n\" data-caption=\"\" data-description=\"\" itemprop=\"contentUrl\" rel=\"noopener\">\r\n\t\t\t<img loading=\"lazy\" decoding=\"async\" src=\"https:\/\/statics.v-valley.com\/prod\/2022\/10\/logo_2n.gif\" alt=\"logo_2n\" data-no-lazy=\"1\" itemprop=\"thumbnail\" width=\"140\" height=\"55\" \/>\r\n\t\t\t<!-- Overlay Wrapper -->\r\n\t\t\t <!-- Overlay Wrapper Closed -->\r\n\t\t\t\t<\/a>\r\n\t\t\t\t\t\t\t<meta itemprop=\"width\" content=\"140\" \/>\r\n\t\t\t<meta itemprop=\"height\" content=\"55\" \/>\r\n\t\t\t\t<a href=\"https:\/\/www.v-valley.com\/it\/vendor\/axis\/\" target=\"_self\" title=\"logo_axis\" data-caption=\"\" data-description=\"\" itemprop=\"contentUrl\" rel=\"noopener\">\r\n\t\t\t<img loading=\"lazy\" decoding=\"async\" src=\"https:\/\/statics.v-valley.com\/prod\/2022\/10\/logo_axis.gif\" alt=\"logo_axis\" data-no-lazy=\"1\" itemprop=\"thumbnail\" width=\"140\" height=\"55\" \/>\r\n\t\t\t<!-- Overlay Wrapper -->\r\n\t\t\t <!-- Overlay Wrapper Closed -->\r\n\t\t\t\t<\/a>\r\n\t\t\t\t\t\t\t<meta itemprop=\"width\" content=\"140\" \/>\r\n\t\t\t<meta itemprop=\"height\" content=\"55\" \/>\r\n\t\t\t\t<a href=\"https:\/\/www.v-valley.com\/it\/vendor\/hikvision\/\" target=\"_self\" title=\"logo_hikvision\" data-caption=\"\" data-description=\"\" itemprop=\"contentUrl\" rel=\"noopener\">\r\n\t\t\t<img loading=\"lazy\" decoding=\"async\" src=\"https:\/\/statics.v-valley.com\/prod\/2022\/10\/logo_hikvision.gif\" alt=\"logo_hikvision\" data-no-lazy=\"1\" itemprop=\"thumbnail\" width=\"140\" height=\"55\" \/>\r\n\t\t\t<!-- Overlay Wrapper -->\r\n\t\t\t <!-- Overlay Wrapper Closed -->\r\n\t\t\t\t<\/a>\r\n\t\t\t\t\t\t\t<meta itemprop=\"width\" content=\"140\" \/>\r\n\t\t\t<meta itemprop=\"height\" content=\"55\" \/>\r\n\t\t\t\t<a href=\"https:\/\/www.v-valley.com\/it\/vendor\/selea\/\" target=\"_self\" title=\"logo_selea\" data-caption=\"\" data-description=\"\" itemprop=\"contentUrl\" rel=\"noopener\">\r\n\t\t\t<img loading=\"lazy\" decoding=\"async\" src=\"https:\/\/statics.v-valley.com\/prod\/2022\/10\/logo_selea.gif\" alt=\"logo_selea\" data-no-lazy=\"1\" itemprop=\"thumbnail\" width=\"140\" height=\"55\" \/>\r\n\t\t\t<!-- Overlay Wrapper -->\r\n\t\t\t <!-- Overlay Wrapper Closed -->\r\n\t\t\t\t<\/a>\r\n\t\t\t\t\t\t\t<meta itemprop=\"width\" content=\"140\" \/>\r\n\t\t\t<meta itemprop=\"height\" content=\"55\" \/>\r\n\t<h3>\r\n\t\tNOS SERVICES COMPL\u00c9MENTAIRES\r\n\t<\/h3>\r\n\t\t\t<a href=\"https:\/\/www.v-valley.com\/fr\/services\/\" target=\"_self\" rel=\"noopener\">\r\n\t\t\t\t\t\t\tTOUS NOS SERVICES\r\n\t\t\t\t\t<\/a>\r\n            <img decoding=\"async\" src=\"https:\/\/statics.v-valley.com\/prod\/2022\/10\/img-parti-di-ricambio.jpg\" alt=\"Installation de tous les composants\" name=\"Installation de tous les composants\"\/>\r\n                                <a href=\"https:\/\/www.v-valley.com\/en\/services\/spare-parts\/\">\r\n                    <h5>Installation de tous les composants<\/h5>\r\n                <\/a>\r\n            <img decoding=\"async\" src=\"https:\/\/statics.v-valley.com\/prod\/2022\/10\/img-supporto.jpg\" alt=\"Support technique continu\" name=\"Support technique continu\"\/>\r\n                                <a href=\"https:\/\/www.v-valley.com\/en\/services\/pre-sales-technical-support\/\">\r\n                    <h5>Support technique continu<\/h5>\r\n                <\/a>\r\n             <!-- end vvly more info cards -->\r\n <!-- end vvly more info cards container -->\r\n<style>\r\n    .vvly-more-info-cards-container .vvly-more-info-cards .vvly-more-info-card {\r\n        width: calc((100% - 45px) \/2);\r\n    }\r\n<\/style>\r\n\r\n","protected":false},"excerpt":{"rendered":"<p>Une large gamme de dispositifs de s\u00e9curit\u00e9 pour les applications r\u00e9sidentielles, commerciales et industrielles.<\/p>\n","protected":false},"author":7,"featured_media":0,"parent":412627,"menu_order":0,"comment_status":"closed","ping_status":"closed","template":"templates\/template-solution-category.php","meta":{"_acf_changed":false,"_genesis_hide_title":false,"_genesis_hide_breadcrumbs":false,"_genesis_hide_singular_image":false,"_genesis_hide_footer_widgets":false,"_genesis_custom_body_class":"","_genesis_custom_post_class":"","_genesis_layout":"","footnotes":""},"class_list":{"0":"post-412828","1":"page","2":"type-page","3":"status-publish","5":"entry"},"acf":[],"_links":{"self":[{"href":"https:\/\/www.v-valley.com\/fr\/wp-json\/wp\/v2\/pages\/412828","targetHints":{"allow":["GET"]}}],"collection":[{"href":"https:\/\/www.v-valley.com\/fr\/wp-json\/wp\/v2\/pages"}],"about":[{"href":"https:\/\/www.v-valley.com\/fr\/wp-json\/wp\/v2\/types\/page"}],"author":[{"embeddable":true,"href":"https:\/\/www.v-valley.com\/fr\/wp-json\/wp\/v2\/users\/7"}],"replies":[{"embeddable":true,"href":"https:\/\/www.v-valley.com\/fr\/wp-json\/wp\/v2\/comments?post=412828"}],"version-history":[{"count":0,"href":"https:\/\/www.v-valley.com\/fr\/wp-json\/wp\/v2\/pages\/412828\/revisions"}],"up":[{"embeddable":true,"href":"https:\/\/www.v-valley.com\/fr\/wp-json\/wp\/v2\/pages\/412627"}],"wp:attachment":[{"href":"https:\/\/www.v-valley.com\/fr\/wp-json\/wp\/v2\/media?parent=412828"}],"curies":[{"name":"wp","href":"https:\/\/api.w.org\/{rel}","templated":true}]}}