{"id":412822,"date":"2022-10-26T18:49:41","date_gmt":"2022-10-26T16:49:41","guid":{"rendered":"https:\/\/www.v-valley.com\/solutions\/infrastruttura-e-data-center\/"},"modified":"2024-09-17T11:31:50","modified_gmt":"2024-09-17T09:31:50","slug":"infrastructure-et-centre-de-donnees","status":"publish","type":"page","link":"https:\/\/www.v-valley.com\/fr\/solutions\/infrastructure-et-centre-de-donnees\/","title":{"rendered":"Infrastructure et centre de donn\u00e9es"},"content":{"rendered":"\r\n<h2>\r\n\t\tLA MEILLEURE INFRASTRUCTURE TECHNOLOGIQUE POUR VOUS ET VOS CLIENTS\r\n\t<\/h2>\r\n\t<p>Les \u00e9normes flux de donn\u00e9es sur lesquels s&rsquo;appuient les organisations de l&rsquo;\u00e9conomie moderne n\u00e9cessitent une infrastructure informatique \u00e0 la hauteur. V-Valley est le principal distributeur d&rsquo;infrastructures et de centres de donn\u00e9es sur le march\u00e9, gr\u00e2ce \u00e0 son partenariat avec les principaux fournisseurs du secteur, et est en mesure de fournir des solutions optimis\u00e9es pour diff\u00e9rentes charges de travail et complexit\u00e9s d&rsquo;applications.<\/p>\r\n<p>Nos centres de serveurs de donn\u00e9es, nos serveurs tours, nos armoires rackables et nos solutions de gestion de l&rsquo;\u00e9nergie et du stockage de donn\u00e9es r\u00e9pondent aux normes les plus \u00e9lev\u00e9es du march\u00e9 en mati\u00e8re de s\u00e9curit\u00e9 des infrastructures de centres de donn\u00e9es, avec un large choix d&rsquo;accessoires et de composants. Le stockage des donn\u00e9es dans des environnements virtuels est \u00e9galement possible, cr\u00e9ant des infrastructures de centre de donn\u00e9es cloud.<\/p>\r\n<h3>\r\n\t\tUNE LARGE GAMME DE SOLUTIONS\r\n\t<\/h3>\r\n\t<p>Un catalogue de produits \u00e9tendu et complet vous permet de cr\u00e9er l&rsquo;infrastructure de r\u00e9seau de donn\u00e9es la mieux adapt\u00e9e \u00e0 vos besoins, des serveurs les plus complexes et les plus performants aux p\u00e9riph\u00e9riques de stockage les plus simples, pour r\u00e9pondre \u00e0 tous vos besoins informatiques applicatifs.<\/p>\r\n\t\t\t\t<img loading=\"lazy\" decoding=\"async\" src=\"https:\/\/statics.v-valley.com\/prod\/2022\/10\/img-soluzioni-infrastruttura-rete.jpg\" alt=\"img-soluzioni-infrastruttura-rete\" itemprop=\"image\" height=\"358\" width=\"557\" title=\"img-soluzioni-infrastruttura-rete\" onerror=\"this.style.display='none'\"  \/>\r\n\t\t\t\t<img loading=\"lazy\" decoding=\"async\" src=\"https:\/\/statics.v-valley.com\/prod\/2022\/10\/img-protezione-dati.jpg\" alt=\"img-protezione-dati\" itemprop=\"image\" height=\"358\" width=\"557\" title=\"img-protezione-dati\" onerror=\"this.style.display='none'\"  \/>\r\n<h3>\r\n\t\tLA S\u00c9CURIT\u00c9 D&rsquo;ABORD\r\n\t<\/h3>\r\n\t<p>D&rsquo;\u00e9normes quantit\u00e9s de donn\u00e9es g\u00e9r\u00e9es de mani\u00e8re optimale, des solutions modernes et innovantes pour r\u00e9pondre aux exigences du march\u00e9 en termes de s\u00e9curit\u00e9 et de protection des donn\u00e9es.<\/p>\r\n<h2>\r\n\t\tD\u00c9COUVREZ LES SOLUTIONS D&rsquo;INFRASTRUCTURE ET DE CENTRE DE DONN\u00c9ES DISPONIBLES AVEC V-VALLEY\r\n\t<\/h2>\r\n\t<p>V-Valley propose des infrastructures r\u00e9seau de pointe.<\/p>\r\n<h4>\r\n\t\tTour de serveur\r\n\t<\/h4>\r\n\t<p>Des serveurs faciles \u00e0 configurer, s\u00e9curis\u00e9s et id\u00e9aux pour une entreprise en croissance.<\/p>\r\n<h4>\r\n\t\t\u00c9quipement hyperconverg\u00e9\r\n\t<\/h4>\r\n\t<p>Solutions offrant la virtualisation et la r\u00e9cup\u00e9ration instantan\u00e9e des donn\u00e9es.<\/p>\r\n<h4>\r\n\t\tRack et alimentation UPS\r\n\t<\/h4>\r\n\t<p>Alimentations sans interruption qui prot\u00e8gent les serveurs et les donn\u00e9es contre les pannes de courant.<\/p>\r\n<h4>\r\n\t\tFiltrage des surtensions\r\n\t<\/h4>\r\n\t<p>Protection contre les surtensions \u00e9lectriques sur les lignes de transmission de donn\u00e9es.<\/p>\r\n<h4>\r\n\t\tSupports\r\n\t<\/h4>\r\n\t<p>Armoires fabriqu\u00e9es dans des mat\u00e9riaux de haute qualit\u00e9 pour un stockage ordonn\u00e9 et flexible des serveurs.<\/p>\r\n<h4>\r\n\t\tNAS d&rsquo;archivage de donn\u00e9es\r\n\t<\/h4>\r\n\t<p>Le stockage en r\u00e9seau permet aux utilisateurs de communiquer et de partager des donn\u00e9es sur le r\u00e9seau.<\/p>\r\n<h4>\r\n\t\tBaie de stockage\r\n\t<\/h4>\r\n\t<p>La matrice de stockage utilise plusieurs disques pour am\u00e9liorer la conservation des donn\u00e9es.<\/p>\r\n<h2>\r\n\t\tNOS PARTENAIRES PROPOSANT DES SOLUTIONS D&rsquo;INFRASTRUCTURES ET DE CENTRES DE DONN\u00c9ES\r\n\t<\/h2>\r\n\t\t\t\t<a href=\"void(0)\" target=\"_self\" title=\"logo_apc\" data-caption=\"\" data-description=\"\" itemprop=\"contentUrl\" rel=\"noopener\">\r\n\t\t\t<img loading=\"lazy\" decoding=\"async\" src=\"https:\/\/statics.v-valley.com\/prod\/2022\/10\/logo_apc.gif\" alt=\"logo_apc\" data-no-lazy=\"1\" itemprop=\"thumbnail\" width=\"140\" height=\"55\" \/>\r\n\t\t\t<!-- Overlay Wrapper -->\r\n\t\t\t <!-- Overlay Wrapper Closed -->\r\n\t\t\t\t<\/a>\r\n\t\t\t\t\t\t\t<meta itemprop=\"width\" content=\"140\" \/>\r\n\t\t\t<meta itemprop=\"height\" content=\"55\" \/>\r\n\t\t\t\t<a href=\"void(0)\" target=\"_self\" title=\"logo_aten\" data-caption=\"\" data-description=\"\" itemprop=\"contentUrl\" rel=\"noopener\">\r\n\t\t\t<img loading=\"lazy\" decoding=\"async\" src=\"https:\/\/statics.v-valley.com\/prod\/2022\/10\/logo_aten.gif\" alt=\"logo_aten\" data-no-lazy=\"1\" itemprop=\"thumbnail\" width=\"140\" height=\"55\" \/>\r\n\t\t\t<!-- Overlay Wrapper -->\r\n\t\t\t <!-- Overlay Wrapper Closed -->\r\n\t\t\t\t<\/a>\r\n\t\t\t\t\t\t\t<meta itemprop=\"width\" content=\"140\" \/>\r\n\t\t\t<meta itemprop=\"height\" content=\"55\" \/>\r\n\t\t\t\t<a href=\"https:\/\/www.v-valley.com\/it\/vendor\/datwyler\/\" target=\"_self\" title=\"logo_datwyler\" data-caption=\"\" data-description=\"\" itemprop=\"contentUrl\" rel=\"noopener\">\r\n\t\t\t<img loading=\"lazy\" decoding=\"async\" src=\"https:\/\/statics.v-valley.com\/prod\/2022\/10\/logo_datwyler.gif\" alt=\"logo_datwyler\" data-no-lazy=\"1\" itemprop=\"thumbnail\" width=\"140\" height=\"55\" \/>\r\n\t\t\t<!-- Overlay Wrapper -->\r\n\t\t\t <!-- Overlay Wrapper Closed -->\r\n\t\t\t\t<\/a>\r\n\t\t\t\t\t\t\t<meta itemprop=\"width\" content=\"140\" \/>\r\n\t\t\t<meta itemprop=\"height\" content=\"55\" \/>\r\n\t\t\t\t<a href=\"void(0)\" target=\"_self\" title=\"logo_dell_technologies\" data-caption=\"\" data-description=\"\" itemprop=\"contentUrl\" rel=\"noopener\">\r\n\t\t\t<img loading=\"lazy\" decoding=\"async\" src=\"https:\/\/statics.v-valley.com\/prod\/2022\/10\/logo_dell_technologies.gif\" alt=\"logo_dell_technologies\" data-no-lazy=\"1\" itemprop=\"thumbnail\" width=\"140\" height=\"55\" \/>\r\n\t\t\t<!-- Overlay Wrapper -->\r\n\t\t\t <!-- Overlay Wrapper Closed -->\r\n\t\t\t\t<\/a>\r\n\t\t\t\t\t\t\t<meta itemprop=\"width\" content=\"140\" \/>\r\n\t\t\t<meta itemprop=\"height\" content=\"55\" \/>\r\n\t\t\t\t<a href=\"https:\/\/www.v-valley.com\/it\/vendor\/digitus\/\" target=\"_self\" title=\"logo_digitus\" data-caption=\"\" data-description=\"\" itemprop=\"contentUrl\" rel=\"noopener\">\r\n\t\t\t<img loading=\"lazy\" decoding=\"async\" src=\"https:\/\/statics.v-valley.com\/prod\/2022\/10\/logo_digitus.gif\" alt=\"logo_digitus\" data-no-lazy=\"1\" itemprop=\"thumbnail\" width=\"140\" height=\"55\" \/>\r\n\t\t\t<!-- Overlay Wrapper -->\r\n\t\t\t <!-- Overlay Wrapper Closed -->\r\n\t\t\t\t<\/a>\r\n\t\t\t\t\t\t\t<meta itemprop=\"width\" content=\"140\" \/>\r\n\t\t\t<meta itemprop=\"height\" content=\"55\" \/>\r\n\t\t\t\t<a href=\"void(0)\" target=\"_self\" title=\"logo_eaton\" data-caption=\"\" data-description=\"\" itemprop=\"contentUrl\" rel=\"noopener\">\r\n\t\t\t<img loading=\"lazy\" decoding=\"async\" src=\"https:\/\/statics.v-valley.com\/prod\/2022\/10\/logo_eaton.gif\" alt=\"logo_eaton\" data-no-lazy=\"1\" itemprop=\"thumbnail\" width=\"140\" height=\"55\" \/>\r\n\t\t\t<!-- Overlay Wrapper -->\r\n\t\t\t <!-- Overlay Wrapper Closed -->\r\n\t\t\t\t<\/a>\r\n\t\t\t\t\t\t\t<meta itemprop=\"width\" content=\"140\" \/>\r\n\t\t\t<meta itemprop=\"height\" content=\"55\" \/>\r\n\t\t\t\t<a href=\"void(0)\" target=\"_self\" title=\"logo_fujitsu\" data-caption=\"\" data-description=\"\" itemprop=\"contentUrl\" rel=\"noopener\">\r\n\t\t\t<img loading=\"lazy\" decoding=\"async\" src=\"https:\/\/statics.v-valley.com\/prod\/2022\/10\/logo_fujitsu.gif\" alt=\"logo_fujitsu\" data-no-lazy=\"1\" itemprop=\"thumbnail\" width=\"140\" height=\"55\" \/>\r\n\t\t\t<!-- Overlay Wrapper -->\r\n\t\t\t <!-- Overlay Wrapper Closed -->\r\n\t\t\t\t<\/a>\r\n\t\t\t\t\t\t\t<meta itemprop=\"width\" content=\"140\" \/>\r\n\t\t\t<meta itemprop=\"height\" content=\"55\" \/>\r\n\t\t\t\t<a href=\"https:\/\/www.v-valley.com\/es\/vendor\/hewlett-packard-enterprise\/\" target=\"_self\" title=\"logo_hpe\" data-caption=\"\" data-description=\"\" itemprop=\"contentUrl\" rel=\"noopener\">\r\n\t\t\t<img loading=\"lazy\" decoding=\"async\" src=\"https:\/\/statics.v-valley.com\/prod\/2022\/10\/logo_hpe.gif\" alt=\"logo_hpe\" data-no-lazy=\"1\" itemprop=\"thumbnail\" width=\"140\" height=\"55\" \/>\r\n\t\t\t<!-- Overlay Wrapper -->\r\n\t\t\t <!-- Overlay Wrapper Closed -->\r\n\t\t\t\t<\/a>\r\n\t\t\t\t\t\t\t<meta itemprop=\"width\" content=\"140\" \/>\r\n\t\t\t<meta itemprop=\"height\" content=\"55\" \/>\r\n\t\t\t\t<a href=\"void(0)\" target=\"_self\" title=\"logo_hitachi\" data-caption=\"\" data-description=\"\" itemprop=\"contentUrl\" rel=\"noopener\">\r\n\t\t\t<img loading=\"lazy\" decoding=\"async\" src=\"https:\/\/statics.v-valley.com\/prod\/2022\/10\/logo_hitachi.gif\" alt=\"logo_hitachi\" data-no-lazy=\"1\" itemprop=\"thumbnail\" width=\"140\" height=\"55\" \/>\r\n\t\t\t<!-- Overlay Wrapper -->\r\n\t\t\t <!-- Overlay Wrapper Closed -->\r\n\t\t\t\t<\/a>\r\n\t\t\t\t\t\t\t<meta itemprop=\"width\" content=\"140\" \/>\r\n\t\t\t<meta itemprop=\"height\" content=\"55\" \/>\r\n\t\t\t\t<a href=\"void(0)\" target=\"_self\" title=\"logo_itrack\" data-caption=\"\" data-description=\"\" itemprop=\"contentUrl\" rel=\"noopener\">\r\n\t\t\t<img loading=\"lazy\" decoding=\"async\" src=\"https:\/\/statics.v-valley.com\/prod\/2022\/10\/logo_itrack.gif\" alt=\"logo_itrack\" data-no-lazy=\"1\" itemprop=\"thumbnail\" width=\"140\" height=\"55\" \/>\r\n\t\t\t<!-- Overlay Wrapper -->\r\n\t\t\t <!-- Overlay Wrapper Closed -->\r\n\t\t\t\t<\/a>\r\n\t\t\t\t\t\t\t<meta itemprop=\"width\" content=\"140\" \/>\r\n\t\t\t<meta itemprop=\"height\" content=\"55\" \/>\r\n\t\t\t\t<a href=\"https:\/\/www.v-valley.com\/it\/vendor\/legrand\/\" target=\"_self\" title=\"logo_legrand\" data-caption=\"\" data-description=\"\" itemprop=\"contentUrl\" rel=\"noopener\">\r\n\t\t\t<img loading=\"lazy\" decoding=\"async\" src=\"https:\/\/statics.v-valley.com\/prod\/2022\/10\/logo_legrand.gif\" alt=\"logo_legrand\" data-no-lazy=\"1\" itemprop=\"thumbnail\" width=\"140\" height=\"55\" \/>\r\n\t\t\t<!-- Overlay Wrapper -->\r\n\t\t\t <!-- Overlay Wrapper Closed -->\r\n\t\t\t\t<\/a>\r\n\t\t\t\t\t\t\t<meta itemprop=\"width\" content=\"140\" \/>\r\n\t\t\t<meta itemprop=\"height\" content=\"55\" \/>\r\n\t\t\t\t<a href=\"https:\/\/www.v-valley.com\/it\/vendor\/lenovo\/\" target=\"_self\" title=\"logo_lenovo\" data-caption=\"\" data-description=\"\" itemprop=\"contentUrl\" rel=\"noopener\">\r\n\t\t\t<img loading=\"lazy\" decoding=\"async\" src=\"https:\/\/statics.v-valley.com\/prod\/2022\/10\/logo_lenovo.gif\" alt=\"logo_lenovo\" data-no-lazy=\"1\" itemprop=\"thumbnail\" width=\"140\" height=\"55\" \/>\r\n\t\t\t<!-- Overlay Wrapper -->\r\n\t\t\t <!-- Overlay Wrapper Closed -->\r\n\t\t\t\t<\/a>\r\n\t\t\t\t\t\t\t<meta itemprop=\"width\" content=\"140\" \/>\r\n\t\t\t<meta itemprop=\"height\" content=\"55\" \/>\r\n\t\t\t\t<a href=\"https:\/\/www.v-valley.com\/it\/vendor\/panduit\/\" target=\"_self\" title=\"logo_panduit\" data-caption=\"\" data-description=\"\" itemprop=\"contentUrl\" rel=\"noopener\">\r\n\t\t\t<img loading=\"lazy\" decoding=\"async\" src=\"https:\/\/statics.v-valley.com\/prod\/2022\/10\/logo_panduit.gif\" alt=\"logo_panduit\" data-no-lazy=\"1\" itemprop=\"thumbnail\" width=\"140\" height=\"55\" \/>\r\n\t\t\t<!-- Overlay Wrapper -->\r\n\t\t\t <!-- Overlay Wrapper Closed -->\r\n\t\t\t\t<\/a>\r\n\t\t\t\t\t\t\t<meta itemprop=\"width\" content=\"140\" \/>\r\n\t\t\t<meta itemprop=\"height\" content=\"55\" \/>\r\n\t\t\t\t<a href=\"void(0)\" target=\"_self\" title=\"logo_PureStorage\" data-caption=\"\" data-description=\"\" itemprop=\"contentUrl\" rel=\"noopener\">\r\n\t\t\t<img loading=\"lazy\" decoding=\"async\" src=\"https:\/\/statics.v-valley.com\/prod\/2022\/10\/logo_PureStorage.gif\" alt=\"logo_PureStorage\" data-no-lazy=\"1\" itemprop=\"thumbnail\" width=\"140\" height=\"55\" \/>\r\n\t\t\t<!-- Overlay Wrapper -->\r\n\t\t\t <!-- Overlay Wrapper Closed -->\r\n\t\t\t\t<\/a>\r\n\t\t\t\t\t\t\t<meta itemprop=\"width\" content=\"140\" \/>\r\n\t\t\t<meta itemprop=\"height\" content=\"55\" \/>\r\n\t\t\t\t<a href=\"void(0)\" target=\"_self\" title=\"logo_riello\" data-caption=\"\" data-description=\"\" itemprop=\"contentUrl\" rel=\"noopener\">\r\n\t\t\t<img loading=\"lazy\" decoding=\"async\" src=\"https:\/\/statics.v-valley.com\/prod\/2022\/10\/logo_riello.gif\" alt=\"logo_riello\" data-no-lazy=\"1\" itemprop=\"thumbnail\" width=\"140\" height=\"55\" \/>\r\n\t\t\t<!-- Overlay Wrapper -->\r\n\t\t\t <!-- Overlay Wrapper Closed -->\r\n\t\t\t\t<\/a>\r\n\t\t\t\t\t\t\t<meta itemprop=\"width\" content=\"140\" \/>\r\n\t\t\t<meta itemprop=\"height\" content=\"55\" \/>\r\n\t\t\t\t<a href=\"void(0)\" target=\"_self\" title=\"logo_syneto\" data-caption=\"\" data-description=\"\" itemprop=\"contentUrl\" rel=\"noopener\">\r\n\t\t\t<img loading=\"lazy\" decoding=\"async\" src=\"https:\/\/statics.v-valley.com\/prod\/2022\/10\/logo_syneto.gif\" alt=\"logo_syneto\" data-no-lazy=\"1\" itemprop=\"thumbnail\" width=\"140\" height=\"55\" \/>\r\n\t\t\t<!-- Overlay Wrapper -->\r\n\t\t\t <!-- Overlay Wrapper Closed -->\r\n\t\t\t\t<\/a>\r\n\t\t\t\t\t\t\t<meta itemprop=\"width\" content=\"140\" \/>\r\n\t\t\t<meta itemprop=\"height\" content=\"55\" \/>\r\n\t\t\t\t<a href=\"void(0)\" target=\"_self\" title=\"logo_tecnosteel\" data-caption=\"\" data-description=\"\" itemprop=\"contentUrl\" rel=\"noopener\">\r\n\t\t\t<img loading=\"lazy\" decoding=\"async\" src=\"https:\/\/statics.v-valley.com\/prod\/2022\/10\/logo_tecnosteel.gif\" alt=\"logo_tecnosteel\" data-no-lazy=\"1\" itemprop=\"thumbnail\" width=\"140\" height=\"55\" \/>\r\n\t\t\t<!-- Overlay Wrapper -->\r\n\t\t\t <!-- Overlay Wrapper Closed -->\r\n\t\t\t\t<\/a>\r\n\t\t\t\t\t\t\t<meta itemprop=\"width\" content=\"140\" \/>\r\n\t\t\t<meta itemprop=\"height\" content=\"55\" \/>\r\n\t\t\t\t<a href=\"void(0)\" target=\"_self\" title=\"logo_vertiv\" data-caption=\"\" data-description=\"\" itemprop=\"contentUrl\" rel=\"noopener\">\r\n\t\t\t<img loading=\"lazy\" decoding=\"async\" src=\"https:\/\/statics.v-valley.com\/prod\/2022\/11\/logo_vertiv.gif\" alt=\"logo_vertiv\" data-no-lazy=\"1\" itemprop=\"thumbnail\" width=\"140\" height=\"55\" \/>\r\n\t\t\t<!-- Overlay Wrapper -->\r\n\t\t\t <!-- Overlay Wrapper Closed -->\r\n\t\t\t\t<\/a>\r\n\t\t\t\t\t\t\t<meta itemprop=\"width\" content=\"140\" \/>\r\n\t\t\t<meta itemprop=\"height\" content=\"55\" \/>\r\n\t\t\t\t<a href=\"https:\/\/www.v-valley.com\/it\/vendor\/wp-europe\/\" target=\"_self\" title=\"logo_wpe\" data-caption=\"\" data-description=\"\" itemprop=\"contentUrl\" rel=\"noopener\">\r\n\t\t\t<img loading=\"lazy\" decoding=\"async\" src=\"https:\/\/statics.v-valley.com\/prod\/2022\/10\/logo_wpe.gif\" alt=\"logo_wpe\" data-no-lazy=\"1\" itemprop=\"thumbnail\" width=\"140\" height=\"55\" \/>\r\n\t\t\t<!-- Overlay Wrapper -->\r\n\t\t\t <!-- Overlay Wrapper Closed -->\r\n\t\t\t\t<\/a>\r\n\t\t\t\t\t\t\t<meta itemprop=\"width\" content=\"140\" \/>\r\n\t\t\t<meta itemprop=\"height\" content=\"55\" \/>\r\n\t<h3>\r\n\t\tNOS SERVICES COMPL\u00c9MENTAIRES\r\n\t<\/h3>\r\n\t\t\t<a href=\"https:\/\/www.v-valley.com\/fr\/services\/\" target=\"_self\" rel=\"noopener\">\r\n\t\t\t\t\t\t\tTOUS NOS SERVICES\r\n\t\t\t\t\t<\/a>\r\n            <img decoding=\"async\" src=\"https:\/\/statics.v-valley.com\/prod\/2022\/10\/img-parti-di-ricambio.jpg\" alt=\"Installation de tous les composants\" name=\"Installation de tous les composants\"\/>\r\n                                <a href=\"https:\/\/www.v-valley.com\/en\/services\/spare-parts\/\">\r\n                    <h5>Installation de tous les composants<\/h5>\r\n                <\/a>\r\n            <img decoding=\"async\" src=\"https:\/\/statics.v-valley.com\/prod\/2022\/10\/img-supporto.jpg\" alt=\"Support technique continu\" name=\"Support technique continu\"\/>\r\n                                <a href=\"https:\/\/www.v-valley.com\/en\/services\/pre-sales-technical-support\/\">\r\n                    <h5>Support technique continu<\/h5>\r\n                <\/a>\r\n             <!-- end vvly more info cards -->\r\n <!-- end vvly more info cards container -->\r\n<style>\r\n    .vvly-more-info-cards-container .vvly-more-info-cards .vvly-more-info-card {\r\n        width: calc((100% - 45px) \/2);\r\n    }\r\n<\/style>\r\n\r\n","protected":false},"excerpt":{"rendered":"<p>Conception, cr\u00e9ation et support d&rsquo;environnements complets de centres de donn\u00e9es dans tous leurs aspects.<\/p>\n","protected":false},"author":7,"featured_media":0,"parent":412627,"menu_order":0,"comment_status":"closed","ping_status":"closed","template":"templates\/template-solution-category.php","meta":{"_acf_changed":false,"_genesis_hide_title":false,"_genesis_hide_breadcrumbs":false,"_genesis_hide_singular_image":false,"_genesis_hide_footer_widgets":false,"_genesis_custom_body_class":"","_genesis_custom_post_class":"","_genesis_layout":"","footnotes":""},"class_list":{"0":"post-412822","1":"page","2":"type-page","3":"status-publish","5":"entry"},"acf":[],"_links":{"self":[{"href":"https:\/\/www.v-valley.com\/fr\/wp-json\/wp\/v2\/pages\/412822","targetHints":{"allow":["GET"]}}],"collection":[{"href":"https:\/\/www.v-valley.com\/fr\/wp-json\/wp\/v2\/pages"}],"about":[{"href":"https:\/\/www.v-valley.com\/fr\/wp-json\/wp\/v2\/types\/page"}],"author":[{"embeddable":true,"href":"https:\/\/www.v-valley.com\/fr\/wp-json\/wp\/v2\/users\/7"}],"replies":[{"embeddable":true,"href":"https:\/\/www.v-valley.com\/fr\/wp-json\/wp\/v2\/comments?post=412822"}],"version-history":[{"count":0,"href":"https:\/\/www.v-valley.com\/fr\/wp-json\/wp\/v2\/pages\/412822\/revisions"}],"up":[{"embeddable":true,"href":"https:\/\/www.v-valley.com\/fr\/wp-json\/wp\/v2\/pages\/412627"}],"wp:attachment":[{"href":"https:\/\/www.v-valley.com\/fr\/wp-json\/wp\/v2\/media?parent=412822"}],"curies":[{"name":"wp","href":"https:\/\/api.w.org\/{rel}","templated":true}]}}