{"id":412815,"date":"2022-10-26T18:39:22","date_gmt":"2022-10-26T16:39:22","guid":{"rendered":"https:\/\/www.v-valley.com\/solutions\/cabling-e-energy-efficiency\/"},"modified":"2024-09-17T11:35:31","modified_gmt":"2024-09-17T09:35:31","slug":"cablage-et-efficacite-energetique","status":"publish","type":"page","link":"https:\/\/www.v-valley.com\/fr\/solutions\/cablage-et-efficacite-energetique\/","title":{"rendered":"C\u00e2blage et efficacit\u00e9 \u00e9nerg\u00e9tique"},"content":{"rendered":"\r\n<h2>\r\n\t\tCONNECTIVIT\u00c9 MAXIMALE POUR TOUTES LES APPLICATIONS\r\n\t<\/h2>\r\n\t<p>V-Valley est la r\u00e9ponse \u00e0 un march\u00e9 qui exige de plus en plus de technologie, mais aussi d&rsquo;efficacit\u00e9 \u00e9nerg\u00e9tique, pour optimiser le temps et les ressources. Nous proposons des solutions de connectivit\u00e9 technologiquement avanc\u00e9es et des services d&rsquo;installation de haute qualit\u00e9, ainsi que des produits qui garantissent des \u00e9conomies d&rsquo;\u00e9nergie efficaces, comme les lumi\u00e8res LED.<\/p>\r\n<p>Du plus petit environnement aux grands centres de donn\u00e9es, le groupe V-Valley propose des syst\u00e8mes de c\u00e2blage cuivre et fibre, adapt\u00e9s \u00e0 toutes les applications, pour acc\u00e9l\u00e9rer l&rsquo;innovation tout en conduisant la transition \u00e9nerg\u00e9tique vers une utilisation plus responsable et efficace des ressources disponibles.<\/p>\r\n<h3>\r\n\t\tUN C\u00c2BLAGE POUR TOUS LES BESOINS\r\n\t<\/h3>\r\n\t<p>Les syst\u00e8mes de c\u00e2blage r\u00e9seau en cuivre et fibre, ainsi qu&rsquo;une gamme compl\u00e8te d&rsquo;accessoires fabriqu\u00e9s avec les meilleurs mat\u00e9riaux, garantissent une connectivit\u00e9 performante et toujours stable du r\u00e9seau d&rsquo;entreprise et une interconnexion imm\u00e9diate des diff\u00e9rents appareils \u00e9lectroniques qui le composent.<\/p>\r\n\t\t\t\t<img loading=\"lazy\" decoding=\"async\" src=\"https:\/\/statics.v-valley.com\/prod\/2022\/10\/img-cavo-rame.jpg\" alt=\"img-cavo-rame\" itemprop=\"image\" height=\"358\" width=\"557\" title=\"img-cavo-rame\" onerror=\"this.style.display='none'\"  \/>\r\n\t\t\t\t<img loading=\"lazy\" decoding=\"async\" src=\"https:\/\/statics.v-valley.com\/prod\/2022\/10\/img-cavo-fibra-ottica.jpg\" alt=\"img-cavo-fibra-ottica\" itemprop=\"image\" height=\"358\" width=\"557\" title=\"img-cavo-fibra-ottica\" onerror=\"this.style.display='none'\"  \/>\r\n<h3>\r\n\t\tDES PRODUITS QUI FAVORISENT L&rsquo;EFFICACIT\u00c9 \u00c9NERG\u00c9TIQUE\r\n\t<\/h3>\r\n\t<p>Les solutions \u00e0 fibre optique permettent le transfert d&rsquo;\u00e9normes quantit\u00e9s de donn\u00e9es en peu de temps, am\u00e9liorant ainsi l&rsquo;efficacit\u00e9 \u00e9nerg\u00e9tique globale de l&rsquo;entreprise, ainsi que les syst\u00e8mes d&rsquo;\u00e9clairage LED et les bornes de recharge pour voitures \u00e9lectriques.<\/p>\r\n<h2>\r\n\t\tD\u00c9COUVREZ LES SOLUTIONS DE C\u00c2BLAGE ET D&rsquo;EFFICACIT\u00c9 \u00c9NERG\u00c9TIQUE DISPONIBLES AVEC V-VALLEY\r\n\t<\/h2>\r\n\t<p>V-Valley propose une vari\u00e9t\u00e9 de solutions de c\u00e2blage et d&rsquo;efficacit\u00e9 \u00e9nerg\u00e9tique.<\/p>\r\n<h4>\r\n\t\tC\u00e2bles en cuivre\r\n\t<\/h4>\r\n\tC\u00e2blage jusqu&rsquo;\u00e0 1 Gb\/s pour ceux qui souhaitent r\u00e9duire les co\u00fbts.<br \/>\r\n\r\n<h4>\r\n\t\tC\u00e2bles \u00e0 fibres optiques\r\n\t<\/h4>\r\n\tId\u00e9al pour le transfert rapide de grandes quantit\u00e9s de donn\u00e9es.<br \/>\r\n\r\n<h4>\r\n\t\tAttaches de c\u00e2ble\r\n\t<\/h4>\r\n\tDes outils tr\u00e8s utiles pour une bonne gestion des c\u00e2bles.<br \/>\r\n\r\n<h4>\r\n\t\tCordons de brassage\r\n\t<\/h4>\r\n\tPour interconnecter tout type d&rsquo;appareil \u00e9lectronique au sein d&rsquo;un environnement de travail.<br \/>\r\n\r\n<h4>\r\n\t\t\u00c9clairage LED\r\n\t<\/h4>\r\n\tLampes longue dur\u00e9e qui permettent des \u00e9conomies d&rsquo;\u00e9nergie significatives.<br \/>\r\n\r\n<h4>\r\n\t\tBornes de recharge pour voitures \u00e9lectriques\r\n\t<\/h4>\r\n\tPromouvoir l&rsquo;efficacit\u00e9 \u00e9nerg\u00e9tique en favorisant la g\u00e9n\u00e9ralisation de la mobilit\u00e9 \u00e9lectrique.<br \/>\r\n\r\n<h2>\r\n\t\tNOS PARTENAIRES QUI PROPOSENT DES SOLUTIONS DE C\u00c2BLAGE ET D&rsquo;EFFICACIT\u00c9 \u00c9NERG\u00c9TIQUE\r\n\t<\/h2>\r\n\t\t\t\t<a href=\"https:\/\/www.v-valley.com\/it\/vendor\/belden\/\" target=\"_self\" title=\"logo_belden\" data-caption=\"\" data-description=\"\" itemprop=\"contentUrl\" rel=\"noopener\">\r\n\t\t\t<img loading=\"lazy\" decoding=\"async\" src=\"https:\/\/statics.v-valley.com\/prod\/2022\/10\/logo_belden.gif\" alt=\"logo_belden\" data-no-lazy=\"1\" itemprop=\"thumbnail\" width=\"140\" height=\"55\" \/>\r\n\t\t\t<!-- Overlay Wrapper -->\r\n\t\t\t <!-- Overlay Wrapper Closed -->\r\n\t\t\t\t<\/a>\r\n\t\t\t\t\t\t\t<meta itemprop=\"width\" content=\"140\" \/>\r\n\t\t\t<meta itemprop=\"height\" content=\"55\" \/>\r\n\t\t\t\t<a href=\"void(0)\" target=\"_self\" title=\"logo_CIS\" data-caption=\"\" data-description=\"\" itemprop=\"contentUrl\" rel=\"noopener\">\r\n\t\t\t<img loading=\"lazy\" decoding=\"async\" src=\"https:\/\/statics.v-valley.com\/prod\/2022\/11\/logo_CIS.gif\" alt=\"logo_CIS\" data-no-lazy=\"1\" itemprop=\"thumbnail\" width=\"140\" height=\"55\" \/>\r\n\t\t\t<!-- Overlay Wrapper -->\r\n\t\t\t <!-- Overlay Wrapper Closed -->\r\n\t\t\t\t<\/a>\r\n\t\t\t\t\t\t\t<meta itemprop=\"width\" content=\"140\" \/>\r\n\t\t\t<meta itemprop=\"height\" content=\"55\" \/>\r\n\t\t\t\t<a href=\"https:\/\/www.v-valley.com\/it\/vendor\/datwyler\/\" target=\"_self\" title=\"logo_datwyler\" data-caption=\"\" data-description=\"\" itemprop=\"contentUrl\" rel=\"noopener\">\r\n\t\t\t<img loading=\"lazy\" decoding=\"async\" src=\"https:\/\/statics.v-valley.com\/prod\/2022\/10\/logo_datwyler.gif\" alt=\"logo_datwyler\" data-no-lazy=\"1\" itemprop=\"thumbnail\" width=\"140\" height=\"55\" \/>\r\n\t\t\t<!-- Overlay Wrapper -->\r\n\t\t\t <!-- Overlay Wrapper Closed -->\r\n\t\t\t\t<\/a>\r\n\t\t\t\t\t\t\t<meta itemprop=\"width\" content=\"140\" \/>\r\n\t\t\t<meta itemprop=\"height\" content=\"55\" \/>\r\n\t\t\t\t<a href=\"https:\/\/www.v-valley.com\/it\/vendor\/digitus\/\" target=\"_self\" title=\"logo_digitus\" data-caption=\"\" data-description=\"\" itemprop=\"contentUrl\" rel=\"noopener\">\r\n\t\t\t<img loading=\"lazy\" decoding=\"async\" src=\"https:\/\/statics.v-valley.com\/prod\/2022\/10\/logo_digitus.gif\" alt=\"logo_digitus\" data-no-lazy=\"1\" itemprop=\"thumbnail\" width=\"140\" height=\"55\" \/>\r\n\t\t\t<!-- Overlay Wrapper -->\r\n\t\t\t <!-- Overlay Wrapper Closed -->\r\n\t\t\t\t<\/a>\r\n\t\t\t\t\t\t\t<meta itemprop=\"width\" content=\"140\" \/>\r\n\t\t\t<meta itemprop=\"height\" content=\"55\" \/>\r\n\t\t\t\t<a href=\"https:\/\/www.v-valley.com\/it\/vendor\/legrand\/\" target=\"_self\" title=\"logo_legrand\" data-caption=\"\" data-description=\"\" itemprop=\"contentUrl\" rel=\"noopener\">\r\n\t\t\t<img loading=\"lazy\" decoding=\"async\" src=\"https:\/\/statics.v-valley.com\/prod\/2022\/10\/logo_legrand.gif\" alt=\"logo_legrand\" data-no-lazy=\"1\" itemprop=\"thumbnail\" width=\"140\" height=\"55\" \/>\r\n\t\t\t<!-- Overlay Wrapper -->\r\n\t\t\t <!-- Overlay Wrapper Closed -->\r\n\t\t\t\t<\/a>\r\n\t\t\t\t\t\t\t<meta itemprop=\"width\" content=\"140\" \/>\r\n\t\t\t<meta itemprop=\"height\" content=\"55\" \/>\r\n\t\t\t\t<a href=\"https:\/\/www.v-valley.com\/it\/vendor\/leviton\/\" target=\"_self\" title=\"logo_leviton\" data-caption=\"\" data-description=\"\" itemprop=\"contentUrl\" rel=\"noopener\">\r\n\t\t\t<img loading=\"lazy\" decoding=\"async\" src=\"https:\/\/statics.v-valley.com\/prod\/2022\/10\/logo_leviton.gif\" alt=\"logo_leviton\" data-no-lazy=\"1\" itemprop=\"thumbnail\" width=\"140\" height=\"55\" \/>\r\n\t\t\t<!-- Overlay Wrapper -->\r\n\t\t\t <!-- Overlay Wrapper Closed -->\r\n\t\t\t\t<\/a>\r\n\t\t\t\t\t\t\t<meta itemprop=\"width\" content=\"140\" \/>\r\n\t\t\t<meta itemprop=\"height\" content=\"55\" \/>\r\n\t\t\t\t<a href=\"void(0)\" target=\"_self\" title=\"logo_Optoplast\" data-caption=\"\" data-description=\"\" itemprop=\"contentUrl\" rel=\"noopener\">\r\n\t\t\t<img loading=\"lazy\" decoding=\"async\" src=\"https:\/\/statics.v-valley.com\/prod\/2022\/10\/logo_Optoplast.gif\" alt=\"logo_Optoplast\" data-no-lazy=\"1\" itemprop=\"thumbnail\" width=\"140\" height=\"55\" \/>\r\n\t\t\t<!-- Overlay Wrapper -->\r\n\t\t\t <!-- Overlay Wrapper Closed -->\r\n\t\t\t\t<\/a>\r\n\t\t\t\t\t\t\t<meta itemprop=\"width\" content=\"140\" \/>\r\n\t\t\t<meta itemprop=\"height\" content=\"55\" \/>\r\n\t\t\t\t<a href=\"https:\/\/www.v-valley.com\/it\/vendor\/panduit\/\" target=\"_self\" title=\"logo_panduit\" data-caption=\"\" data-description=\"\" itemprop=\"contentUrl\" rel=\"noopener\">\r\n\t\t\t<img loading=\"lazy\" decoding=\"async\" src=\"https:\/\/statics.v-valley.com\/prod\/2022\/10\/logo_panduit.gif\" alt=\"logo_panduit\" data-no-lazy=\"1\" itemprop=\"thumbnail\" width=\"140\" height=\"55\" \/>\r\n\t\t\t<!-- Overlay Wrapper -->\r\n\t\t\t <!-- Overlay Wrapper Closed -->\r\n\t\t\t\t<\/a>\r\n\t\t\t\t\t\t\t<meta itemprop=\"width\" content=\"140\" \/>\r\n\t\t\t<meta itemprop=\"height\" content=\"55\" \/>\r\n\t\t\t\t<a href=\"https:\/\/www.v-valley.com\/it\/vendor\/prysmian-group\/\" target=\"_self\" title=\"logo_prysmiangroup\" data-caption=\"\" data-description=\"\" itemprop=\"contentUrl\" rel=\"noopener\">\r\n\t\t\t<img loading=\"lazy\" decoding=\"async\" src=\"https:\/\/statics.v-valley.com\/prod\/2022\/10\/logo_prysmiangroup.gif\" alt=\"logo_prysmiangroup\" data-no-lazy=\"1\" itemprop=\"thumbnail\" width=\"140\" height=\"55\" \/>\r\n\t\t\t<!-- Overlay Wrapper -->\r\n\t\t\t <!-- Overlay Wrapper Closed -->\r\n\t\t\t\t<\/a>\r\n\t\t\t\t\t\t\t<meta itemprop=\"width\" content=\"140\" \/>\r\n\t\t\t<meta itemprop=\"height\" content=\"55\" \/>\r\n\t\t\t\t<a href=\"https:\/\/www.v-valley.com\/it\/vendor\/wp-europe\/\" target=\"_self\" title=\"logo_wpe\" data-caption=\"\" data-description=\"\" itemprop=\"contentUrl\" rel=\"noopener\">\r\n\t\t\t<img loading=\"lazy\" decoding=\"async\" src=\"https:\/\/statics.v-valley.com\/prod\/2022\/10\/logo_wpe.gif\" alt=\"logo_wpe\" data-no-lazy=\"1\" itemprop=\"thumbnail\" width=\"140\" height=\"55\" \/>\r\n\t\t\t<!-- Overlay Wrapper -->\r\n\t\t\t <!-- Overlay Wrapper Closed -->\r\n\t\t\t\t<\/a>\r\n\t\t\t\t\t\t\t<meta itemprop=\"width\" content=\"140\" \/>\r\n\t\t\t<meta itemprop=\"height\" content=\"55\" \/>\r\n\t<h3>\r\n\t\tNOS SERVICES COMPL\u00c9MENTAIRES\r\n\t<\/h3>\r\n\t\t\t<a href=\"https:\/\/www.v-valley.com\/fr\/services\/\" target=\"_self\" rel=\"noopener\">\r\n\t\t\t\t\t\t\tTOUS NOS SERVICES\r\n\t\t\t\t\t<\/a>\r\n            <img decoding=\"async\" src=\"https:\/\/statics.v-valley.com\/prod\/2022\/10\/img-parti-di-ricambio.jpg\" alt=\"Installation de tous les composants\" name=\"Installation de tous les composants\"\/>\r\n                                <a href=\"https:\/\/www.v-valley.com\/en\/services\/spare-parts\/\">\r\n                    <h5>Installation de tous les composants<\/h5>\r\n                <\/a>\r\n            <img decoding=\"async\" src=\"https:\/\/statics.v-valley.com\/prod\/2022\/10\/img-supporto.jpg\" alt=\"Support technique continu\" name=\"Support technique continu\"\/>\r\n                                <a href=\"https:\/\/www.v-valley.com\/en\/services\/pre-sales-technical-support\/\">\r\n                    <h5>Support technique continu<\/h5>\r\n                <\/a>\r\n             <!-- end vvly more info cards -->\r\n <!-- end vvly more info cards container -->\r\n<style>\r\n    .vvly-more-info-cards-container .vvly-more-info-cards .vvly-more-info-card {\r\n        width: calc((100% - 45px) \/2);\r\n    }\r\n<\/style>\r\n\r\n","protected":false},"excerpt":{"rendered":"<p>Solutions de connectivit\u00e9 avanc\u00e9es pour tous les environnements et projets d\u2019efficacit\u00e9 \u00e9nerg\u00e9tique.<\/p>\n","protected":false},"author":7,"featured_media":0,"parent":412627,"menu_order":0,"comment_status":"closed","ping_status":"closed","template":"templates\/template-solution-category.php","meta":{"_acf_changed":false,"_genesis_hide_title":false,"_genesis_hide_breadcrumbs":false,"_genesis_hide_singular_image":false,"_genesis_hide_footer_widgets":false,"_genesis_custom_body_class":"","_genesis_custom_post_class":"","_genesis_layout":"","footnotes":""},"class_list":{"0":"post-412815","1":"page","2":"type-page","3":"status-publish","5":"entry"},"acf":[],"_links":{"self":[{"href":"https:\/\/www.v-valley.com\/fr\/wp-json\/wp\/v2\/pages\/412815","targetHints":{"allow":["GET"]}}],"collection":[{"href":"https:\/\/www.v-valley.com\/fr\/wp-json\/wp\/v2\/pages"}],"about":[{"href":"https:\/\/www.v-valley.com\/fr\/wp-json\/wp\/v2\/types\/page"}],"author":[{"embeddable":true,"href":"https:\/\/www.v-valley.com\/fr\/wp-json\/wp\/v2\/users\/7"}],"replies":[{"embeddable":true,"href":"https:\/\/www.v-valley.com\/fr\/wp-json\/wp\/v2\/comments?post=412815"}],"version-history":[{"count":0,"href":"https:\/\/www.v-valley.com\/fr\/wp-json\/wp\/v2\/pages\/412815\/revisions"}],"up":[{"embeddable":true,"href":"https:\/\/www.v-valley.com\/fr\/wp-json\/wp\/v2\/pages\/412627"}],"wp:attachment":[{"href":"https:\/\/www.v-valley.com\/fr\/wp-json\/wp\/v2\/media?parent=412815"}],"curies":[{"name":"wp","href":"https:\/\/api.w.org\/{rel}","templated":true}]}}