{"id":412784,"date":"2022-09-23T17:01:15","date_gmt":"2022-09-23T15:01:15","guid":{"rendered":"https:\/\/www.v-valley.com\/services\/parti-di-ricambio\/"},"modified":"2024-09-17T11:28:56","modified_gmt":"2024-09-17T09:28:56","slug":"pieces-detachees","status":"publish","type":"page","link":"https:\/\/www.v-valley.com\/fr\/services\/pieces-detachees\/","title":{"rendered":"Pi\u00e8ces d\u00e9tach\u00e9es"},"content":{"rendered":"\r\n<h2>\r\n\t\tLE MARCH\u00c9 DES PI\u00c8CES SPAR\r\n\t<\/h2>\r\n\t<p>Gr\u00e2ce \u00e0 Serviceland, le service de pi\u00e8ces d\u00e9tach\u00e9es de V-Valley, nous sommes en mesure de nous approvisionner en pi\u00e8ces d\u00e9tach\u00e9es partout dans le monde et \u00e0 des prix vraiment comp\u00e9titifs, gr\u00e2ce \u00e0 nos partenariats de longue date avec certains des principaux fournisseurs mondiaux.<\/p>\r\n<p>Les produits nouveaux, obsol\u00e8tes ou remis \u00e0 neuf permettent \u00e0 nos revendeurs de r\u00e9parer ou de remettre \u00e0 neuf\/mettre \u00e0 jour l&rsquo;article m\u00eame lorsque cela entra\u00eenerait des co\u00fbts plus \u00e9lev\u00e9s que la vente d&rsquo;un produit neuf, tout en garantissant une marge b\u00e9n\u00e9ficiaire ad\u00e9quate : la meilleure solution pour chaque besoin du client et au meilleur prix. bon co\u00fbt.<\/p>\r\n\t\t\t\t<img loading=\"lazy\" decoding=\"async\" src=\"https:\/\/statics.v-valley.com\/prod\/2022\/11\/im-cerchio-vantaggi-rivenditore-300x300.png\" alt=\"im-cerchio-vantaggi-rivenditore\" itemprop=\"image\" height=\"300\" width=\"300\" title=\"im-cerchio-vantaggi-rivenditore\" onerror=\"this.style.display='none'\"  \/>\r\n<h3>\r\n\t\tAVANTAGES POUR LES REVENDEURS\r\n\t<\/h3>\r\n\t\t\t <p>Un entrep\u00f4t de plus de 100 000 articles permet \u00e0 nos revendeurs de trouver, avec une tr\u00e8s forte probabilit\u00e9, la pi\u00e8ce d\u00e9tach\u00e9e qu&rsquo;ils recherchent.<\/p>\r\n\t\t\t <p>Nos configurateurs et notre assistance avant-vente efficace vous aident \u00e0 identifier le produit dont vous avez besoin, ainsi qu&rsquo;\u00e0 fournir des calendriers d&rsquo;approvisionnement clairs.<\/p>\r\n\t\t\t <p>Des proc\u00e9dures automatis\u00e9es et rapides simplifient grandement la phase de commande, qui est livr\u00e9e soit via la logistique d&rsquo;Esprinet, soit par exp\u00e9dition directe rapide.<\/p>\r\n\t\t\t <p>Le service con\u00e7u par V-Valley vous permet d&rsquo;acheter des articles depuis n&rsquo;importe o\u00f9 dans le monde sans d\u00e9marches administratives complexes.<\/p>\r\n\t\t\t <p>Regrouper plusieurs commandes vous permet d&rsquo;\u00e9conomiser consid\u00e9rablement sur les frais de port.<\/p>\r\n\t<h3>\r\n\t\tAVANTAGES POUR LES UTILISATEURS FINAUX\r\n\t<\/h3>\r\n\t\t\t <p>Une large gamme de services, tels que les r\u00e9parations et les r\u00e9g\u00e9n\u00e9rations de tous les \u00e9quipements.<\/p>\r\n\t\t\t <p>Options de mise \u00e0 niveau pour les appareils plus anciens.<\/p>\r\n\t\t\t <p>Possibilit\u00e9 de choisir entre une r\u00e9paration ou l&rsquo;achat de mat\u00e9riel neuf.<\/p>\r\n\t\t\t\t<img loading=\"lazy\" decoding=\"async\" src=\"https:\/\/statics.v-valley.com\/prod\/2022\/11\/img-cerchio-vantaggi-end-user-1-300x300.png\" alt=\"img-cerchio-vantaggi-end-user\" itemprop=\"image\" height=\"300\" width=\"300\" title=\"img-cerchio-vantaggi-end-user\" onerror=\"this.style.display='none'\"  \/>\r\n<h2>\r\n\t\tDES SOLUTIONS POUR VOUS QUI INCLUENT CE SERVICE\r\n\t<\/h2>\r\n<h2>\r\n\t\tD\u00c9COUVREZ TOUS NOS SERVICES\r\n\t<\/h2>\r\n\r\n","protected":false},"excerpt":{"rendered":"<p>LE MARCH\u00c9 DES PI\u00c8CES SPAR Gr\u00e2ce \u00e0 Serviceland, le service de pi\u00e8ces d\u00e9tach\u00e9es de V-Valley, nous sommes en mesure de nous approvisionner en pi\u00e8ces d\u00e9tach\u00e9es partout dans le monde et \u00e0 des prix vraiment comp\u00e9titifs, gr\u00e2ce \u00e0 nos partenariats de longue date avec certains des principaux fournisseurs mondiaux. Les produits nouveaux, obsol\u00e8tes ou remis \u00e0 [&hellip;]<\/p>\n","protected":false},"author":7,"featured_media":412786,"parent":412640,"menu_order":0,"comment_status":"closed","ping_status":"closed","template":"templates\/template-single-service.php","meta":{"_acf_changed":false,"_genesis_hide_title":false,"_genesis_hide_breadcrumbs":false,"_genesis_hide_singular_image":false,"_genesis_hide_footer_widgets":false,"_genesis_custom_body_class":"","_genesis_custom_post_class":"","_genesis_layout":"","footnotes":""},"class_list":{"0":"post-412784","1":"page","2":"type-page","3":"status-publish","4":"has-post-thumbnail","6":"entry"},"acf":[],"_links":{"self":[{"href":"https:\/\/www.v-valley.com\/fr\/wp-json\/wp\/v2\/pages\/412784","targetHints":{"allow":["GET"]}}],"collection":[{"href":"https:\/\/www.v-valley.com\/fr\/wp-json\/wp\/v2\/pages"}],"about":[{"href":"https:\/\/www.v-valley.com\/fr\/wp-json\/wp\/v2\/types\/page"}],"author":[{"embeddable":true,"href":"https:\/\/www.v-valley.com\/fr\/wp-json\/wp\/v2\/users\/7"}],"replies":[{"embeddable":true,"href":"https:\/\/www.v-valley.com\/fr\/wp-json\/wp\/v2\/comments?post=412784"}],"version-history":[{"count":0,"href":"https:\/\/www.v-valley.com\/fr\/wp-json\/wp\/v2\/pages\/412784\/revisions"}],"up":[{"embeddable":true,"href":"https:\/\/www.v-valley.com\/fr\/wp-json\/wp\/v2\/pages\/412640"}],"wp:featuredmedia":[{"embeddable":true,"href":"https:\/\/www.v-valley.com\/fr\/wp-json\/wp\/v2\/media\/412786"}],"wp:attachment":[{"href":"https:\/\/www.v-valley.com\/fr\/wp-json\/wp\/v2\/media?parent=412784"}],"curies":[{"name":"wp","href":"https:\/\/api.w.org\/{rel}","templated":true}]}}