{"id":412776,"date":"2022-09-26T15:47:20","date_gmt":"2022-09-26T13:47:20","guid":{"rendered":"https:\/\/www.v-valley.com\/services\/assemblaggio\/"},"modified":"2024-09-17T11:28:54","modified_gmt":"2024-09-17T09:28:54","slug":"assemblage","status":"publish","type":"page","link":"https:\/\/www.v-valley.com\/fr\/services\/assemblage\/","title":{"rendered":"Assemblage"},"content":{"rendered":"\r\n<h2>\r\n\t\tDES SP\u00c9CIALISTES V-VALLEY \u00c0 VOTRE DISPOSITION\r\n\t<\/h2>\r\n\t<p>V-Valley travaille avec des fournisseurs hautement qualifi\u00e9s qui garantissent des services de montage et d&rsquo;installation dans tout le pays. Nous fournissons des services en valeur ou en volume, de d\u00e9ploiement, de pr\u00e9configuration de mat\u00e9riel, de logiciels ou de mise en sc\u00e8ne sur une large gamme de produits, tels que des PC, des t\u00e9l\u00e9viseurs, des serveurs, des cam\u00e9scopes, des p\u00e9riph\u00e9riques de stockage ou des tableaux blancs.<\/p>\r\n<p>Les services d&rsquo;assemblage et d&rsquo;installation sont tous disponibles au sein de notre portail, en association avec diff\u00e9rents produits. Nous proposons \u00e9galement des services sur mesure qui peuvent \u00eatre demand\u00e9s au sein de la plateforme Serviceland, comme la fourniture du service pour le compte du concessionnaire.<\/p>\r\n\t\t\t\t<img loading=\"lazy\" decoding=\"async\" src=\"https:\/\/statics.v-valley.com\/prod\/2022\/11\/img-cerchio-vantaggi-rivenditore-2-300x300.png\" alt=\"img-cerchio-vantaggi-rivenditore\" itemprop=\"image\" height=\"300\" width=\"300\" title=\"img-cerchio-vantaggi-rivenditore\" onerror=\"this.style.display='none'\"  \/>\r\n<h3>\r\n\t\tAVANTAGES POUR LES REVENDEURS\r\n\t<\/h3>\r\n\t\t\t <p>Vous pouvez offrir \u00e0 vos clients un service de haute qualit\u00e9 \u00e0 travers une vari\u00e9t\u00e9 de technologies et de marques, \u00e0 l&rsquo;\u00e9chelle nationale.<\/p>\r\n\t\t\t <p>Les composants sont assembl\u00e9s par des installateurs certifi\u00e9s.<\/p>\r\n\t\t\t <p>Nous offrons des \u00e9conomies significatives de temps et de ressources pour les installations en volume.<\/p>\r\n\t<h3>\r\n\t\tPOURQUOI UTILISER NOS RESSOURCES\r\n\t<\/h3>\r\n\t<p>L&rsquo;assemblage et l&rsquo;installation de produits peuvent s&rsquo;av\u00e9rer tr\u00e8s co\u00fbteux, en termes de co\u00fbts logistiques et de formation sp\u00e9cifique du personnel. V-Valley dispose d&rsquo;un personnel qualifi\u00e9 et d&rsquo;une structure organis\u00e9e sur tout le territoire, \u00e9vitant ainsi de longs d\u00e9placements au concessionnaire.<\/p>\r\n\t\t\t\t<img loading=\"lazy\" decoding=\"async\" src=\"https:\/\/statics.v-valley.com\/prod\/2022\/11\/img-cerchio-risorse-300x300.png\" alt=\"img-cerchio-risorse\" itemprop=\"image\" height=\"300\" width=\"300\" title=\"img-cerchio-risorse\" onerror=\"this.style.display='none'\"  \/>\r\n\t\t\t\t<img loading=\"lazy\" decoding=\"async\" src=\"https:\/\/statics.v-valley.com\/prod\/2022\/11\/img-cerchio-vantaggi-end-user-3-300x300.png\" alt=\"img-cerchio-vantaggi-end-user\" itemprop=\"image\" height=\"300\" width=\"300\" title=\"img-cerchio-vantaggi-end-user\" onerror=\"this.style.display='none'\"  \/>\r\n<h3>\r\n\t\tAVANTAGES POUR LES UTILISATEURS FINAUX\r\n\t<\/h3>\r\n\t\t\t <p>Il n&rsquo;y a pas de limitations g\u00e9ographiques : les services de V-Valley couvrent tout le pays.<\/p>\r\n\t\t\t <p>Service et expertise d&rsquo;un personnel hautement qualifi\u00e9.<\/p>\r\n\t\t\t <p>Une gamme compl\u00e8te de produits et services issus des technologies les plus avanc\u00e9es provenant d&rsquo;une seule source, offrant une solution cl\u00e9 en main.<\/p>\r\n\t<h3>\r\n\t\tLE CHOIX LE PLUS PRATIQUE POUR L&rsquo;ASSEMBLAGE\r\n\t<\/h3>\r\n\t<p>V-Valley est un choix de qualit\u00e9. La fiabilit\u00e9 maximale du service est garantie par la relation entre l&rsquo;entreprise et les vendeurs-fabricants. Des ann\u00e9es de collaboration nous permettent de r\u00e9soudre tout type de probl\u00e8me, en interagissant directement avec les propri\u00e9taires d&rsquo;une technologie donn\u00e9e.<\/p>\r\n\t\t\t\t<img loading=\"lazy\" decoding=\"async\" src=\"https:\/\/statics.v-valley.com\/prod\/2022\/11\/img-cerchio-chiamata-assemblaggio-300x300.png\" alt=\"img-cerchio-chiamata-assemblaggio\" itemprop=\"image\" height=\"300\" width=\"300\" title=\"img-cerchio-chiamata-assemblaggio\" onerror=\"this.style.display='none'\"  \/>\r\n<h2>\r\n\t\tDES SOLUTIONS POUR VOUS QUI INCLUENT CE SERVICE\r\n\t<\/h2>\r\n<h2>\r\n\t\tD\u00c9COUVREZ TOUS NOS SERVICES\r\n\t<\/h2>\r\n\r\n","protected":false},"excerpt":{"rendered":"<p>DES SP\u00c9CIALISTES V-VALLEY \u00c0 VOTRE DISPOSITION V-Valley travaille avec des fournisseurs hautement qualifi\u00e9s qui garantissent des services de montage et d&rsquo;installation dans tout le pays. Nous fournissons des services en valeur ou en volume, de d\u00e9ploiement, de pr\u00e9configuration de mat\u00e9riel, de logiciels ou de mise en sc\u00e8ne sur une large gamme de produits, tels que [&hellip;]<\/p>\n","protected":false},"author":7,"featured_media":412778,"parent":412640,"menu_order":0,"comment_status":"closed","ping_status":"closed","template":"templates\/template-single-service.php","meta":{"_acf_changed":false,"_genesis_hide_title":false,"_genesis_hide_breadcrumbs":false,"_genesis_hide_singular_image":false,"_genesis_hide_footer_widgets":false,"_genesis_custom_body_class":"","_genesis_custom_post_class":"","_genesis_layout":"","footnotes":""},"class_list":{"0":"post-412776","1":"page","2":"type-page","3":"status-publish","4":"has-post-thumbnail","6":"entry"},"acf":[],"_links":{"self":[{"href":"https:\/\/www.v-valley.com\/fr\/wp-json\/wp\/v2\/pages\/412776","targetHints":{"allow":["GET"]}}],"collection":[{"href":"https:\/\/www.v-valley.com\/fr\/wp-json\/wp\/v2\/pages"}],"about":[{"href":"https:\/\/www.v-valley.com\/fr\/wp-json\/wp\/v2\/types\/page"}],"author":[{"embeddable":true,"href":"https:\/\/www.v-valley.com\/fr\/wp-json\/wp\/v2\/users\/7"}],"replies":[{"embeddable":true,"href":"https:\/\/www.v-valley.com\/fr\/wp-json\/wp\/v2\/comments?post=412776"}],"version-history":[{"count":0,"href":"https:\/\/www.v-valley.com\/fr\/wp-json\/wp\/v2\/pages\/412776\/revisions"}],"up":[{"embeddable":true,"href":"https:\/\/www.v-valley.com\/fr\/wp-json\/wp\/v2\/pages\/412640"}],"wp:featuredmedia":[{"embeddable":true,"href":"https:\/\/www.v-valley.com\/fr\/wp-json\/wp\/v2\/media\/412778"}],"wp:attachment":[{"href":"https:\/\/www.v-valley.com\/fr\/wp-json\/wp\/v2\/media?parent=412776"}],"curies":[{"name":"wp","href":"https:\/\/api.w.org\/{rel}","templated":true}]}}