{"id":412746,"date":"2022-09-26T15:44:00","date_gmt":"2022-09-26T13:44:00","guid":{"rendered":"https:\/\/www.v-valley.com\/services\/supporto-tecnico-di-pre-vendita\/"},"modified":"2024-09-17T11:28:45","modified_gmt":"2024-09-17T09:28:45","slug":"support-technique-avant-vente","status":"publish","type":"page","link":"https:\/\/www.v-valley.com\/fr\/services\/support-technique-avant-vente\/","title":{"rendered":"Support technique avant-vente"},"content":{"rendered":"\r\n<h2>\r\n\t\tLE SOUTIEN QUI VOUS OUVRE DE NOUVELLES OPPORTUNIT\u00c9S\r\n\t<\/h2>\r\n\t<p>V-Valley peut vous offrir le meilleur accompagnement avant-vente : vous pourrez proposer \u00e0 vos clients les services et solutions requis par leur activit\u00e9, et g\u00e9rer de mani\u00e8re optimale les nombreuses opportunit\u00e9s qu&rsquo;offre le march\u00e9.<\/p>\r\n<p>L&rsquo;expertise d&rsquo;une \u00e9quipe d\u00e9di\u00e9e vous accompagnera \u00e0 toutes les \u00e9tapes du projet, de l&rsquo;\u00e9coute de vos besoins au choix de la solution optimale, jusqu&rsquo;\u00e0 la satisfaction de l&rsquo;utilisateur final.<\/p>\r\n<p>Vous pourrez profiter de la plus haute expertise technologique pour composer des solutions sur mesure m\u00eame sur des projets technologiques tr\u00e8s complexes ; bien entendu, vous b\u00e9n\u00e9ficierez \u00e9galement d&rsquo;une assistance pour les demandes les plus simples.<\/p>\r\n<p>Les services et expertises propos\u00e9s rendront votre offre \u00e0 vos clients plus comp\u00e9titive.<\/p>\r\n\t\t\t\t<img loading=\"lazy\" decoding=\"async\" src=\"https:\/\/statics.v-valley.com\/prod\/2022\/11\/img-cerchio-vantaggi-rivenditore-1-300x300.png\" alt=\"img-cerchio-vantaggi-rivenditore\" itemprop=\"image\" height=\"300\" width=\"300\" title=\"img-cerchio-vantaggi-rivenditore\" onerror=\"this.style.display='none'\"  \/>\r\n<h3>\r\n\t\tAVANTAGES POUR LES REVENDEURS\r\n\t<\/h3>\r\n\t\t\t <p>Un accompagnement constant \u00e0 toutes les \u00e9tapes, de l&rsquo;\u00e9coute de vos besoins sp\u00e9cifiques \u00e0 la satisfaction de l&rsquo;utilisateur final.<\/p>\r\n\t\t\t <p>Offres et projets sur mesure pour votre entreprise et celle de vos utilisateurs finaux.<\/p>\r\n\t\t\t <p>Une \u00e9quipe de support qui peut vous aider aussi bien avec les probl\u00e8mes les plus simples que les demandes les plus complexes technologiquement.<\/p>\r\n\t<h3>\r\n\t\tAM\u00c9LIOREZ VOTRE OFFRE\r\n\t<\/h3>\r\n\t<p>Une \u00e9quipe hautement sp\u00e9cialis\u00e9e vous proposera des d\u00e9monstrations et des services, pour montrer \u00e0 vos clients dans tout le pays le potentiel de nos solutions technologiques. Il y a aussi la possibilit\u00e9 de personnaliser et de proposer des services.<\/p>\r\n\t\t\t\t<img loading=\"lazy\" decoding=\"async\" src=\"https:\/\/statics.v-valley.com\/prod\/2022\/11\/img-cerchio-migliorare-proposta-300x300.png\" alt=\"img-cerchio-migliorare-proposta\" itemprop=\"image\" height=\"300\" width=\"300\" title=\"img-cerchio-migliorare-proposta\" onerror=\"this.style.display='none'\"  \/>\r\n\t\t\t\t<img loading=\"lazy\" decoding=\"async\" src=\"https:\/\/statics.v-valley.com\/prod\/2022\/11\/img-cerchio-vantaggi-end-user-2-300x300.png\" alt=\"img-cerchio-vantaggi-end-user\" itemprop=\"image\" height=\"300\" width=\"300\" title=\"img-cerchio-vantaggi-end-user\" onerror=\"this.style.display='none'\"  \/>\r\n<h3>\r\n\t\tAVANTAGES POUR LES UTILISATEURS FINAUX\r\n\t<\/h3>\r\n\t\t\t <p>Des solutions valables pour tous vos besoins.<\/p>\r\n\t\t\t <p>L&rsquo;exp\u00e9rience d&rsquo;un groupe leader sur son march\u00e9 en Europe du Sud.<\/p>\r\n\t\t\t <p>Options de financement et de soutien logistique.<\/p>\r\n\t<h3>\r\n\t\tTOUJOURS UNE SOLUTION SUR MESURE\r\n\t<\/h3>\r\n\t<p>Nous apportons \u00e0 nos revendeurs une grande valeur ajout\u00e9e. Nous s\u00e9lectionnons les meilleurs fournisseurs du march\u00e9, selon des crit\u00e8res de qualit\u00e9 et de comp\u00e9titivit\u00e9. Cela nous permet d&rsquo;\u00eatre toujours pr\u00eats \u00e0 proposer de nouveaux projets gr\u00e2ce \u00e0 des solutions technologiques de pointe, adaptables aux besoins sp\u00e9cifiques de vos clients.<\/p>\r\n\t\t\t\t<img loading=\"lazy\" decoding=\"async\" src=\"https:\/\/statics.v-valley.com\/prod\/2022\/11\/img-cerchio-soluzione-su-misura-300x300.png\" alt=\"img-cerchio-soluzione-su-misura\" itemprop=\"image\" height=\"300\" width=\"300\" title=\"img-cerchio-soluzione-su-misura\" onerror=\"this.style.display='none'\"  \/>\r\n<h2>\r\n\t\tDES SOLUTIONS POUR VOUS QUI INCLUENT CE SERVICE\r\n\t<\/h2>\r\n<h2>\r\n\t\tD\u00c9COUVREZ TOUS NOS SERVICES\r\n\t<\/h2>\r\n\r\n","protected":false},"excerpt":{"rendered":"<p>LE SOUTIEN QUI VOUS OUVRE DE NOUVELLES OPPORTUNIT\u00c9S V-Valley peut vous offrir le meilleur accompagnement avant-vente : vous pourrez proposer \u00e0 vos clients les services et solutions requis par leur activit\u00e9, et g\u00e9rer de mani\u00e8re optimale les nombreuses opportunit\u00e9s qu&rsquo;offre le march\u00e9. L&rsquo;expertise d&rsquo;une \u00e9quipe d\u00e9di\u00e9e vous accompagnera \u00e0 toutes les \u00e9tapes du projet, de [&hellip;]<\/p>\n","protected":false},"author":7,"featured_media":412748,"parent":412640,"menu_order":0,"comment_status":"closed","ping_status":"closed","template":"templates\/template-single-service.php","meta":{"_acf_changed":false,"_genesis_hide_title":false,"_genesis_hide_breadcrumbs":false,"_genesis_hide_singular_image":false,"_genesis_hide_footer_widgets":false,"_genesis_custom_body_class":"","_genesis_custom_post_class":"","_genesis_layout":"","footnotes":""},"class_list":{"0":"post-412746","1":"page","2":"type-page","3":"status-publish","4":"has-post-thumbnail","6":"entry"},"acf":[],"_links":{"self":[{"href":"https:\/\/www.v-valley.com\/fr\/wp-json\/wp\/v2\/pages\/412746","targetHints":{"allow":["GET"]}}],"collection":[{"href":"https:\/\/www.v-valley.com\/fr\/wp-json\/wp\/v2\/pages"}],"about":[{"href":"https:\/\/www.v-valley.com\/fr\/wp-json\/wp\/v2\/types\/page"}],"author":[{"embeddable":true,"href":"https:\/\/www.v-valley.com\/fr\/wp-json\/wp\/v2\/users\/7"}],"replies":[{"embeddable":true,"href":"https:\/\/www.v-valley.com\/fr\/wp-json\/wp\/v2\/comments?post=412746"}],"version-history":[{"count":0,"href":"https:\/\/www.v-valley.com\/fr\/wp-json\/wp\/v2\/pages\/412746\/revisions"}],"up":[{"embeddable":true,"href":"https:\/\/www.v-valley.com\/fr\/wp-json\/wp\/v2\/pages\/412640"}],"wp:featuredmedia":[{"embeddable":true,"href":"https:\/\/www.v-valley.com\/fr\/wp-json\/wp\/v2\/media\/412748"}],"wp:attachment":[{"href":"https:\/\/www.v-valley.com\/fr\/wp-json\/wp\/v2\/media?parent=412746"}],"curies":[{"name":"wp","href":"https:\/\/api.w.org\/{rel}","templated":true}]}}