{"id":412640,"date":"2022-09-23T16:24:59","date_gmt":"2022-09-23T14:24:59","guid":{"rendered":"https:\/\/www.v-valley.com\/servizi\/"},"modified":"2024-09-17T11:28:17","modified_gmt":"2024-09-17T09:28:17","slug":"services","status":"publish","type":"page","link":"https:\/\/www.v-valley.com\/fr\/services\/","title":{"rendered":"Services"},"content":{"rendered":"\r\n<h2>\r\n\t\tPOURQUOI CHOISIR NOS SERVICES\r\n\t<\/h2>\r\n\t<p>V-Valley propose une large gamme de services personnalis\u00e9s et des conseils hautement sp\u00e9cialis\u00e9s pour vous aider \u00e0 choisir la meilleure solution pour votre entreprise. Avec une \u00e9quipe d\u00e9di\u00e9e, vous pourrez optimiser les ressources investies et optimiser l&rsquo;atteinte de vos objectifs gr\u00e2ce \u00e0 l&rsquo;adoption de processus all\u00e9g\u00e9s et efficaces.<\/p>\r\n<p>Un support technique avant-vente, une gamme compl\u00e8te de pi\u00e8ces de rechange et la capacit\u00e9 d&rsquo;assembler et d&rsquo;int\u00e9grer diff\u00e9rents syst\u00e8mes mat\u00e9riels et logiciels ne sont que quelques-uns des services que nous proposons, combin\u00e9s \u00e0 une formation constante de nos clients sur les derni\u00e8res technologies.<\/p>\r\n<h2>\r\n\t\tD\u00c9COUVREZ DES SERVICES CON\u00c7US POUR TOUS VOS BESOINS\r\n\t<\/h2>\r\n            <img decoding=\"async\" src=\"https:\/\/statics.v-valley.com\/prod\/2022\/10\/box-servizio-supporto-tecnico.jpg\" alt=\"Support technique avant-vente\" name=\"Support technique avant-vente\"\/>\r\n                                <a href=\"https:\/\/www.v-valley.com\/fr\/?page_id=412746\">\r\n                    <h5>Support technique avant-vente<\/h5>\r\n                <\/a>\r\n            <img decoding=\"async\" src=\"https:\/\/statics.v-valley.com\/prod\/2022\/10\/box-servizio-assemblaggio.jpg\" alt=\"Assembl\u00e9e\" name=\"Assembl\u00e9e\"\/>\r\n                                <a href=\"https:\/\/www.v-valley.com\/fr\/?page_id=412776\">\r\n                    <h5>Assembl\u00e9e<\/h5>\r\n                <\/a>\r\n            <img decoding=\"async\" src=\"https:\/\/statics.v-valley.com\/prod\/2022\/10\/box-servizio-parti-di-ricambio.jpg\" alt=\"Des pi\u00e8ces de rechange\" name=\"Des pi\u00e8ces de rechange\"\/>\r\n                                <a href=\"https:\/\/www.v-valley.com\/fr\/?page_id=412784\">\r\n                    <h5>Des pi\u00e8ces de rechange<\/h5>\r\n                <\/a>\r\n             <!-- end vvly more info cards -->\r\n <!-- end vvly more info cards container -->\r\n<style>\r\n    .vvly-more-info-cards-container .vvly-more-info-cards .vvly-more-info-card {\r\n        width: calc((100% - 90px) \/3);\r\n    }\r\n<\/style>\r\n\r\n","protected":false},"excerpt":{"rendered":"<p>POURQUOI CHOISIR NOS SERVICES V-Valley propose une large gamme de services personnalis\u00e9s et des conseils hautement sp\u00e9cialis\u00e9s pour vous aider \u00e0 choisir la meilleure solution pour votre entreprise. Avec une \u00e9quipe d\u00e9di\u00e9e, vous pourrez optimiser les ressources investies et optimiser l&rsquo;atteinte de vos objectifs gr\u00e2ce \u00e0 l&rsquo;adoption de processus all\u00e9g\u00e9s et efficaces. Un support technique [&hellip;]<\/p>\n","protected":false},"author":7,"featured_media":0,"parent":0,"menu_order":0,"comment_status":"closed","ping_status":"closed","template":"templates\/template-simple.php","meta":{"_acf_changed":false,"_genesis_hide_title":false,"_genesis_hide_breadcrumbs":false,"_genesis_hide_singular_image":false,"_genesis_hide_footer_widgets":false,"_genesis_custom_body_class":"","_genesis_custom_post_class":"","_genesis_layout":"","footnotes":""},"class_list":{"0":"post-412640","1":"page","2":"type-page","3":"status-publish","5":"entry"},"acf":[],"_links":{"self":[{"href":"https:\/\/www.v-valley.com\/fr\/wp-json\/wp\/v2\/pages\/412640","targetHints":{"allow":["GET"]}}],"collection":[{"href":"https:\/\/www.v-valley.com\/fr\/wp-json\/wp\/v2\/pages"}],"about":[{"href":"https:\/\/www.v-valley.com\/fr\/wp-json\/wp\/v2\/types\/page"}],"author":[{"embeddable":true,"href":"https:\/\/www.v-valley.com\/fr\/wp-json\/wp\/v2\/users\/7"}],"replies":[{"embeddable":true,"href":"https:\/\/www.v-valley.com\/fr\/wp-json\/wp\/v2\/comments?post=412640"}],"version-history":[{"count":0,"href":"https:\/\/www.v-valley.com\/fr\/wp-json\/wp\/v2\/pages\/412640\/revisions"}],"wp:attachment":[{"href":"https:\/\/www.v-valley.com\/fr\/wp-json\/wp\/v2\/media?parent=412640"}],"curies":[{"name":"wp","href":"https:\/\/api.w.org\/{rel}","templated":true}]}}