{"id":412627,"date":"2022-08-10T17:07:06","date_gmt":"2022-08-10T15:07:06","guid":{"rendered":"https:\/\/www.v-valley.com\/soluzioni\/"},"modified":"2024-09-17T11:24:49","modified_gmt":"2024-09-17T09:24:49","slug":"solutions","status":"publish","type":"page","link":"https:\/\/www.v-valley.com\/fr\/solutions\/","title":{"rendered":"Solutions"},"content":{"rendered":"\r\n<h3>NOS SOLUTIONS<\/h3>\r\n<p>V-Valley se pr\u00e9sente comme une r\u00e9f\u00e9rence sur le march\u00e9 de la valeur et comme un distributeur leader en solutions avanc\u00e9es, gr\u00e2ce \u00e0 une large gamme de produits et de solutions propos\u00e9es par les meilleurs fournisseurs du march\u00e9. Le groupe dispose de la solution id\u00e9ale pour tout contexte d&rsquo;utilisation et pour toute exigence, s&rsquo;appuyant sur un catalogue compos\u00e9 de milliers de produits de multiples marques. Nous proposons un catalogue de produits \u00e0 jour, d&rsquo;une grande ampleur et profondeur, r\u00e9sultat d&rsquo;ann\u00e9es de relations avec notre r\u00e9seau de fournisseurs partenaires.<\/p>\r\n<p>M\u00eame dans le domaine des technologies plus complexes, nous apportons une expertise sp\u00e9cifique et un haut niveau de professionnalisme, de la s\u00e9lection des produits \u00e0 l&rsquo;installation.<\/p>\r\n<p>Nous proposons des solutions avanc\u00e9es couvrant des domaines tr\u00e8s diff\u00e9rents, depuis l&rsquo;infrastructure de centre de donn\u00e9es, les solutions logicielles et de gestion des donn\u00e9es, les solutions de mise en r\u00e9seau (r\u00e9seaux et connectivit\u00e9) ou de communication et de collaboration unifi\u00e9es, jusqu&rsquo;aux syst\u00e8mes de vid\u00e9osurveillance, de c\u00e2blage et d&rsquo;efficacit\u00e9 \u00e9nerg\u00e9tique.<\/p>\r\n","protected":false},"excerpt":{"rendered":"<p>NOS SOLUTIONS V-Valley se pr\u00e9sente comme une r\u00e9f\u00e9rence sur le march\u00e9 de la valeur et comme un distributeur leader en solutions avanc\u00e9es, gr\u00e2ce \u00e0 une large gamme de produits et de solutions propos\u00e9es par les meilleurs fournisseurs du march\u00e9. Le groupe dispose de la solution id\u00e9ale pour tout contexte d&rsquo;utilisation et pour toute exigence, s&rsquo;appuyant [&hellip;]<\/p>\n","protected":false},"author":7,"featured_media":0,"parent":0,"menu_order":0,"comment_status":"closed","ping_status":"closed","template":"templates\/template-simple.php","meta":{"_acf_changed":false,"_genesis_hide_title":false,"_genesis_hide_breadcrumbs":false,"_genesis_hide_singular_image":false,"_genesis_hide_footer_widgets":false,"_genesis_custom_body_class":"","_genesis_custom_post_class":"","_genesis_layout":"","footnotes":""},"class_list":{"0":"post-412627","1":"page","2":"type-page","3":"status-publish","5":"entry"},"acf":[],"_links":{"self":[{"href":"https:\/\/www.v-valley.com\/fr\/wp-json\/wp\/v2\/pages\/412627","targetHints":{"allow":["GET"]}}],"collection":[{"href":"https:\/\/www.v-valley.com\/fr\/wp-json\/wp\/v2\/pages"}],"about":[{"href":"https:\/\/www.v-valley.com\/fr\/wp-json\/wp\/v2\/types\/page"}],"author":[{"embeddable":true,"href":"https:\/\/www.v-valley.com\/fr\/wp-json\/wp\/v2\/users\/7"}],"replies":[{"embeddable":true,"href":"https:\/\/www.v-valley.com\/fr\/wp-json\/wp\/v2\/comments?post=412627"}],"version-history":[{"count":0,"href":"https:\/\/www.v-valley.com\/fr\/wp-json\/wp\/v2\/pages\/412627\/revisions"}],"wp:attachment":[{"href":"https:\/\/www.v-valley.com\/fr\/wp-json\/wp\/v2\/media?parent=412627"}],"curies":[{"name":"wp","href":"https:\/\/api.w.org\/{rel}","templated":true}]}}