{"id":412613,"date":"2022-08-09T11:58:47","date_gmt":"2022-08-09T09:58:47","guid":{"rendered":"https:\/\/www.v-valley.com\/perche-v-valley\/"},"modified":"2024-09-17T11:25:09","modified_gmt":"2024-09-17T09:25:09","slug":"pourquoi-v-valley","status":"publish","type":"page","link":"https:\/\/www.v-valley.com\/fr\/pourquoi-v-valley\/","title":{"rendered":"Pourquoi V-Valley"},"content":{"rendered":"\n<h2>\n\t\tLA R\u00c9F\u00c9RENCE SUR LE MARCH\u00c9 VALEUR\n\t<\/h2>\n\t<p>V-Valley propose \u00e0 ses revendeurs une large gamme de technologies en mode on-premise et as-a-service, avec un support avant et apr\u00e8s-vente important garanti par une structure hautement sp\u00e9cialis\u00e9e.<\/p>\n<p>Depuis 2011, V-Valley est devenue une r\u00e9f\u00e9rence sur le march\u00e9 de l&rsquo;Europe du Sud : l&rsquo;exp\u00e9rience d&rsquo;une entreprise multinationale financi\u00e8rement solide combin\u00e9e \u00e0 la connaissance du march\u00e9 local en fait un partenaire fiable pour ses clients. Pour accompagner les revendeurs dans leurs projets de transformation digitale, V-Valley met \u00e0 disposition une expertise \u00e9prouv\u00e9e, une large couverture territoriale et une gamme de services indispensables.<\/p>\n\t\t\t<a href=\"https:\/\/www.v-valley.com\/fr\/solutions\/\" target=\"_self\" rel=\"noopener\">\n\t\t\t\t\t\t\tD\u00c9COUVREZ NOS SOLUTIONS\n\t\t\t\t\t<\/a>\n\t\t\t\t<img loading=\"lazy\" decoding=\"async\" src=\"https:\/\/statics.v-valley.com\/prod\/2022\/11\/img-advanced-solutions.jpg\" alt=\"img-advanced-solutions\" itemprop=\"image\" height=\"536\" width=\"911\" title=\"img-advanced-solutions\" onerror=\"this.style.display='none'\"  \/>\n<h2>\n\t\tPOURQUOI NOUS CHOISIR\n\t<\/h2>\n                        <img decoding=\"async\" src=\"https:\/\/statics.v-valley.com\/prod\/2022\/11\/ico-cerchio-etichetta.png\" alt=\"Gamme technologique\" name=\"Gamme technologique\"\/>\n                                                <h4>Gamme technologique<\/h4>\n                                                    <p>Nous comptons plus de 100 fournisseurs partenaires, leaders dans les segments des centres de donn\u00e9es, des r\u00e9seaux, de la cybers\u00e9curit\u00e9, des logiciels, du cloud, du c\u00e2blage structur\u00e9 et de l&rsquo;efficacit\u00e9 \u00e9nerg\u00e9tique, de la communication et de la collaboration unifi\u00e9es, de la vid\u00e9osurveillance et de l&rsquo;identification automatique.<\/p>\n         <!-- end vvly card item -->\n                        <img decoding=\"async\" src=\"https:\/\/statics.v-valley.com\/prod\/2022\/09\/ico-cerchio-persone.svg\" alt=\"Comp\u00e9tence\" name=\"Comp\u00e9tence\"\/>\n                                                <h4>Comp\u00e9tence<\/h4>\n                                                    <p>Nous concevons des propositions et des projets sp\u00e9cifiques aux m\u00e9tiers de nos clients, appuy\u00e9s par des connaissances technologiques avanc\u00e9es acquises au fil des ann\u00e9es et une \u00e9quipe de plus de 100 ressources hautement sp\u00e9cialis\u00e9es. L&rsquo;expertise et la valeur humaine sont la cl\u00e9 de la r\u00e9alisation des projets de nos clients.<\/p>\n         <!-- end vvly card item -->\n                        <img decoding=\"async\" src=\"https:\/\/statics.v-valley.com\/prod\/2022\/10\/ico-cerchio-cartella.png\" alt=\"Ensemble de services\" name=\"Ensemble de services\"\/>\n                                                <h4>Ensemble de services<\/h4>\n                                                    <p>Nous proposons tout un \u00e9cosyst\u00e8me de services marketing, techniques, logistiques et financiers personnalis\u00e9s pour accompagner les revendeurs dans la mise en \u0153uvre et la gestion des projets informatiques de leurs clients.<\/p>\n         <!-- end vvly card item -->\n                        <img decoding=\"async\" src=\"https:\/\/statics.v-valley.com\/prod\/2022\/11\/ico-cerchio-occhio.png\" alt=\"G\u00e9n\u00e9ration de la demande\" name=\"G\u00e9n\u00e9ration de la demande\"\/>\n                                                <h4>G\u00e9n\u00e9ration de la demande<\/h4>\n                                                    <p>Nous aidons nos partenaires \u00e0 g\u00e9n\u00e9rer de nouvelles opportunit\u00e9s commerciales, en cr\u00e9ant une synergie entre la demande et l&rsquo;offre qualifi\u00e9e.<\/p>\n         <!-- end vvly card item -->\n                        <img decoding=\"async\" src=\"https:\/\/statics.v-valley.com\/prod\/2022\/10\/ico-cerchio-ascolto.png\" alt=\"Recrutement et habilitation\" name=\"Recrutement et habilitation\"\/>\n                                                <h4>Recrutement et habilitation<\/h4>\n                                                    <p>Nous contribuons \u00e0 la formation professionnelle des clients afin qu&rsquo;ils puissent r\u00e9pondre au besoin croissant de technologie sp\u00e9cifique qu&rsquo;exige le march\u00e9.<\/p>\n         <!-- end vvly card item -->\n             <!-- end vvly cards with icon -->\n <!-- end cards-with-icon-container -->\n<style>\n    .vvly-cards-with-icon-container .vvly-cards-with-icon .vvly-card-item {\n        width: calc(100% \/5);\n    }\n<\/style>\n\t\t\t\t<img loading=\"lazy\" decoding=\"async\" src=\"https:\/\/statics.v-valley.com\/prod\/2022\/10\/img-cerchio-rivenditori-300x300.png\" alt=\"img-cerchio- rivenditori\" itemprop=\"image\" height=\"300\" width=\"300\" title=\"img-cerchio- rivenditori\" onerror=\"this.style.display='none'\"  \/>\n<h3>\n\t\t\u00caTES-VOUS REVENDEUR\u00a0?\n\t<\/h3>\n\t<p>Nous aidons nos revendeurs \u00e0 trouver les meilleures solutions informatiques pour garantir \u00e0 leurs clients une croissance commerciale significative. Nous sommes \u00e0 leurs c\u00f4t\u00e9s \u00e0 chaque \u00e9tape du d\u00e9veloppement du projet, depuis la s\u00e9lection de la solution optimale jusqu&rsquo;\u00e0 son installation, en passant par la formation sur les outils s\u00e9lectionn\u00e9s.<\/p>\n<h3>\n\t\t\u00caTES-VOUS UN FABRICANT ?\n\t<\/h3>\n\t<p>Nos nombreuses ann\u00e9es d&rsquo;exp\u00e9rience nous permettent d&rsquo;accompagner nos fournisseurs dans la croissance de leur projet d&rsquo;entreprise et de rejoindre un r\u00e9seau de plus de 31 000 revendeurs technologiques, tant professionnels que grand public, de tous les secteurs de march\u00e9.<\/p>\n\t\t\t\t<img loading=\"lazy\" decoding=\"async\" src=\"https:\/\/statics.v-valley.com\/prod\/2022\/10\/img-cerchio-produttori-300x300.png\" alt=\"img-cerchio-produttori\" itemprop=\"image\" height=\"300\" width=\"300\" title=\"img-cerchio-produttori\" onerror=\"this.style.display='none'\"  \/>\n\t\t\t\t<img loading=\"lazy\" decoding=\"async\" src=\"https:\/\/statics.v-valley.com\/prod\/2022\/10\/img-cerchio-utilizzatori-300x300.png\" alt=\"img-cerchio-utilizzatori\" itemprop=\"image\" height=\"300\" width=\"300\" title=\"img-cerchio-utilizzatori\" onerror=\"this.style.display='none'\"  \/>\n<h3>\n\t\t\u00caTES-VOUS UN UTILISATEUR FINAL\u00a0?\n\t<\/h3>\n\t<p>Les solutions technologiques que nous proposons permettent \u00e0 nos concessionnaires de r\u00e9pondre \u00e0 tous les besoins de leurs clients. Nous fournissons \u00e0 nos concessionnaires non seulement des produits, mais \u00e9galement des services et des formations sur les technologies \u00e0 proposer \u00e0 leurs clients.<\/p>\n\n","protected":false},"excerpt":{"rendered":"<p>LA R\u00c9F\u00c9RENCE SUR LE MARCH\u00c9 VALEUR V-Valley propose \u00e0 ses revendeurs une large gamme de technologies en mode on-premise et as-a-service, avec un support avant et apr\u00e8s-vente important garanti par une structure hautement sp\u00e9cialis\u00e9e. Depuis 2011, V-Valley est devenue une r\u00e9f\u00e9rence sur le march\u00e9 de l&rsquo;Europe du Sud : l&rsquo;exp\u00e9rience d&rsquo;une entreprise multinationale financi\u00e8rement solide [&hellip;]<\/p>\n","protected":false},"author":7,"featured_media":0,"parent":0,"menu_order":0,"comment_status":"closed","ping_status":"closed","template":"templates\/template-simple.php","meta":{"_acf_changed":false,"_genesis_hide_title":false,"_genesis_hide_breadcrumbs":false,"_genesis_hide_singular_image":false,"_genesis_hide_footer_widgets":false,"_genesis_custom_body_class":"","_genesis_custom_post_class":"","_genesis_layout":"","footnotes":""},"class_list":{"0":"post-412613","1":"page","2":"type-page","3":"status-publish","5":"entry"},"acf":[],"_links":{"self":[{"href":"https:\/\/www.v-valley.com\/fr\/wp-json\/wp\/v2\/pages\/412613","targetHints":{"allow":["GET"]}}],"collection":[{"href":"https:\/\/www.v-valley.com\/fr\/wp-json\/wp\/v2\/pages"}],"about":[{"href":"https:\/\/www.v-valley.com\/fr\/wp-json\/wp\/v2\/types\/page"}],"author":[{"embeddable":true,"href":"https:\/\/www.v-valley.com\/fr\/wp-json\/wp\/v2\/users\/7"}],"replies":[{"embeddable":true,"href":"https:\/\/www.v-valley.com\/fr\/wp-json\/wp\/v2\/comments?post=412613"}],"version-history":[{"count":0,"href":"https:\/\/www.v-valley.com\/fr\/wp-json\/wp\/v2\/pages\/412613\/revisions"}],"wp:attachment":[{"href":"https:\/\/www.v-valley.com\/fr\/wp-json\/wp\/v2\/media?parent=412613"}],"curies":[{"name":"wp","href":"https:\/\/api.w.org\/{rel}","templated":true}]}}