{"id":412587,"date":"2022-09-28T14:48:41","date_gmt":"2022-09-28T12:48:41","guid":{"rendered":"https:\/\/www.v-valley.com\/home\/"},"modified":"2024-09-26T16:59:16","modified_gmt":"2024-09-26T14:59:16","slug":"home","status":"publish","type":"page","link":"https:\/\/www.v-valley.com\/fr\/","title":{"rendered":"Home"},"content":{"rendered":"\r\n\r\n\t<p>V-Valley, c&rsquo;est tout un \u00e9cosyst\u00e8me de produits, de comp\u00e9tences techniques et commerciales et de services pour cr\u00e9er ensemble des offres et des projets sur mesure bas\u00e9s sur des technologies complexes.<\/p>\r\n                    <h2>D\u00c9COUVREZ NOS SOLUTIONS<\/h2>\r\n                    <ul>\r\n                                                    <li data-item-id=\"0\">\r\n                                <a href=\"#\">\r\n                                                                            <img decoding=\"async\" src=\"https:\/\/statics.v-valley.com\/prod\/2024\/07\/ico-cerchio-AIDC.png\" alt=\" AIDC\" name=\" AIDC\" \/>\r\n                                                                                                                 AIDC\r\n                                                                    <\/a>\r\n                            <\/li>\r\n                            <li data-item-id=\"0\">\r\n                                <a data-toggle=\"collapse\" href=\"#vvly-hhib-item-0-collapse\" role=\"button\" aria-expanded=\"false\" aria-controls=\"vvly-hhib-item-0-collapse\">\r\n                                                                            <img decoding=\"async\" src=\"https:\/\/statics.v-valley.com\/prod\/2024\/07\/ico-cerchio-AIDC.png\" alt=\" AIDC\" name=\" AIDC\" \/>\r\n                                                                                                                 AIDC\r\n                                                                    <\/a>\r\n                                                                            <p>Identifiez votre business avec V-VALLEY<\/p>\r\n                                                                                                                <a href=\"https:\/\/www.v-valley.com\/fr\/solutions\/aidc\/\">\r\n                                            EN SAVOIR PLUS                                        <\/a>\r\n                            <\/li>\r\n                                                    <li data-item-id=\"1\">\r\n                                <a href=\"#\">\r\n                                                                            <img decoding=\"async\" src=\"https:\/\/statics.v-valley.com\/prod\/2022\/09\/ico-cerchio-cloud.svg\" alt=\"Nuage\" name=\"Nuage\" \/>\r\n                                                                                                                Nuage\r\n                                                                    <\/a>\r\n                            <\/li>\r\n                            <li data-item-id=\"1\">\r\n                                <a data-toggle=\"collapse\" href=\"#vvly-hhib-item-1-collapse\" role=\"button\" aria-expanded=\"false\" aria-controls=\"vvly-hhib-item-1-collapse\">\r\n                                                                            <img decoding=\"async\" src=\"https:\/\/statics.v-valley.com\/prod\/2022\/09\/ico-cerchio-cloud.svg\" alt=\"Nuage\" name=\"Nuage\" \/>\r\n                                                                                                                Nuage\r\n                                                                    <\/a>\r\n                                                                            <p>Des solutions cloud dans diff\u00e9rents domaines et adapt\u00e9es \u00e0 tous les besoins du Cloud Marketplace, pour \u00e9tendre votre gamme de services de mani\u00e8re rapide et efficace, en \u00e9vitant les co\u00fbts \u00e9lev\u00e9s de l&rsquo;infrastructure technologique.<\/p>\r\n                                                                                                                <a href=\"https:\/\/www.v-valley.com\/fr\/solutions\/nuage\/\">\r\n                                            EN SAVOIR PLUS                                        <\/a>\r\n                            <\/li>\r\n                                                    <li data-item-id=\"2\">\r\n                                <a href=\"#\">\r\n                                                                            <img decoding=\"async\" src=\"https:\/\/statics.v-valley.com\/prod\/2022\/09\/ico-cerchio-cyber.svg\" alt=\"La cyber-s\u00e9curit\u00e9\" name=\"La cyber-s\u00e9curit\u00e9\" \/>\r\n                                                                                                                La cyber-s\u00e9curit\u00e9\r\n                                                                    <\/a>\r\n                            <\/li>\r\n                            <li data-item-id=\"2\">\r\n                                <a data-toggle=\"collapse\" href=\"#vvly-hhib-item-2-collapse\" role=\"button\" aria-expanded=\"false\" aria-controls=\"vvly-hhib-item-2-collapse\">\r\n                                                                            <img decoding=\"async\" src=\"https:\/\/statics.v-valley.com\/prod\/2022\/09\/ico-cerchio-cyber.svg\" alt=\"La cyber-s\u00e9curit\u00e9\" name=\"La cyber-s\u00e9curit\u00e9\" \/>\r\n                                                                                                                La cyber-s\u00e9curit\u00e9\r\n                                                                    <\/a>\r\n                                                                            <p>Une large gamme de produits et services \u00e0 jour pour assurer la cybers\u00e9curit\u00e9 des donn\u00e9es et des appareils des clients, personnalisables selon votre mod\u00e8le \u00e9conomique.<\/p>\r\n                                                                                                                <a href=\"https:\/\/www.v-valley.com\/fr\/solutions\/la-cyber-securite\/\">\r\n                                            EN SAVOIR PLUS                                        <\/a>\r\n                            <\/li>\r\n                                                    <li data-item-id=\"3\">\r\n                                <a href=\"#\">\r\n                                                                            <img decoding=\"async\" src=\"https:\/\/statics.v-valley.com\/prod\/2022\/10\/ico-cerchio-cavo.png\" alt=\"C\u00e2blage et efficacit\u00e9 \u00e9nerg\u00e9tique\" name=\"C\u00e2blage et efficacit\u00e9 \u00e9nerg\u00e9tique\" \/>\r\n                                                                                                                C\u00e2blage et efficacit\u00e9 \u00e9nerg\u00e9tique\r\n                                                                    <\/a>\r\n                            <\/li>\r\n                            <li data-item-id=\"3\">\r\n                                <a data-toggle=\"collapse\" href=\"#vvly-hhib-item-3-collapse\" role=\"button\" aria-expanded=\"false\" aria-controls=\"vvly-hhib-item-3-collapse\">\r\n                                                                            <img decoding=\"async\" src=\"https:\/\/statics.v-valley.com\/prod\/2022\/10\/ico-cerchio-cavo.png\" alt=\"C\u00e2blage et efficacit\u00e9 \u00e9nerg\u00e9tique\" name=\"C\u00e2blage et efficacit\u00e9 \u00e9nerg\u00e9tique\" \/>\r\n                                                                                                                C\u00e2blage et efficacit\u00e9 \u00e9nerg\u00e9tique\r\n                                                                    <\/a>\r\n                                                                            <p>Des solutions de connectivit\u00e9 technologiquement avanc\u00e9es et des services d&rsquo;installation rapides, avec un fort accent sur l&rsquo;efficacit\u00e9 \u00e9nerg\u00e9tique et l&rsquo;\u00e9conomie des ressources.<\/p>\r\n                                                                                                                <a href=\"https:\/\/www.v-valley.com\/it\/soluzioni\/cabling-e-energy-efficiency\/\">\r\n                                            EN SAVOIR PLUS                                        <\/a>\r\n                            <\/li>\r\n                                                    <li data-item-id=\"4\">\r\n                                <a href=\"#\">\r\n                                                                            <img decoding=\"async\" src=\"https:\/\/statics.v-valley.com\/prod\/2022\/09\/ico-cerchio-infrastruttura.svg\" alt=\"Infrastructure du centre de donn\u00e9es\" name=\"Infrastructure du centre de donn\u00e9es\" \/>\r\n                                                                                                                Infrastructure du centre de donn\u00e9es\r\n                                                                    <\/a>\r\n                            <\/li>\r\n                            <li data-item-id=\"4\">\r\n                                <a data-toggle=\"collapse\" href=\"#vvly-hhib-item-4-collapse\" role=\"button\" aria-expanded=\"false\" aria-controls=\"vvly-hhib-item-4-collapse\">\r\n                                                                            <img decoding=\"async\" src=\"https:\/\/statics.v-valley.com\/prod\/2022\/09\/ico-cerchio-infrastruttura.svg\" alt=\"Infrastructure du centre de donn\u00e9es\" name=\"Infrastructure du centre de donn\u00e9es\" \/>\r\n                                                                                                                Infrastructure du centre de donn\u00e9es\r\n                                                                    <\/a>\r\n                                                                            Infrastructure informatique et centres de donn\u00e9es s\u00e9curis\u00e9s et performants, optimis\u00e9s pour diff\u00e9rentes charges de travail et complexit\u00e9 des applications.\r\n\r\n                                                                                                                <a href=\"https:\/\/www.v-valley.com\/fr\/solutions\/infrastructure-et-centre-de-donnees\/\">\r\n                                            EN SAVOIR PLUS                                        <\/a>\r\n                            <\/li>\r\n                                                    <li data-item-id=\"5\">\r\n                                <a href=\"#\">\r\n                                                                            <img decoding=\"async\" src=\"https:\/\/statics.v-valley.com\/prod\/2022\/09\/ico-cerchio-cabling.svg\" alt=\"La mise en r\u00e9seau\" name=\"La mise en r\u00e9seau\" \/>\r\n                                                                                                                La mise en r\u00e9seau\r\n                                                                    <\/a>\r\n                            <\/li>\r\n                            <li data-item-id=\"5\">\r\n                                <a data-toggle=\"collapse\" href=\"#vvly-hhib-item-5-collapse\" role=\"button\" aria-expanded=\"false\" aria-controls=\"vvly-hhib-item-5-collapse\">\r\n                                                                            <img decoding=\"async\" src=\"https:\/\/statics.v-valley.com\/prod\/2022\/09\/ico-cerchio-cabling.svg\" alt=\"La mise en r\u00e9seau\" name=\"La mise en r\u00e9seau\" \/>\r\n                                                                                                                La mise en r\u00e9seau\r\n                                                                    <\/a>\r\n                                                                            R\u00e9seaux d&rsquo;entreprise et domestiques, complets d&rsquo;accessoires et de dispositifs, pour l&rsquo;installation et l&rsquo;int\u00e9gration de WLAN d&rsquo;entreprise : un monde de solutions interconnect\u00e9es. Nous distribuons des technologies pr\u00e9cieuses aux entreprises locales.\r\n\r\n                                                                                                                <a href=\"https:\/\/www.v-valley.com\/fr\/solutions\/infrastructure-reseau-et-connectivite\/\">\r\n                                            EN SAVOIR PLUS                                        <\/a>\r\n                            <\/li>\r\n                                                    <li data-item-id=\"6\">\r\n                                <a href=\"#\">\r\n                                                                            <img decoding=\"async\" src=\"https:\/\/statics.v-valley.com\/prod\/2022\/10\/ico-cerchio-data-management.png\" alt=\"D\u00e9finition logicielle et gestion des don\" name=\"D\u00e9finition logicielle et gestion des don\" \/>\r\n                                                                                                                D\u00e9finition logicielle et gestion des don\r\n                                                                    <\/a>\r\n                            <\/li>\r\n                            <li data-item-id=\"6\">\r\n                                <a data-toggle=\"collapse\" href=\"#vvly-hhib-item-6-collapse\" role=\"button\" aria-expanded=\"false\" aria-controls=\"vvly-hhib-item-6-collapse\">\r\n                                                                            <img decoding=\"async\" src=\"https:\/\/statics.v-valley.com\/prod\/2022\/10\/ico-cerchio-data-management.png\" alt=\"D\u00e9finition logicielle et gestion des don\" name=\"D\u00e9finition logicielle et gestion des don\" \/>\r\n                                                                                                                D\u00e9finition logicielle et gestion des don\r\n                                                                    <\/a>\r\n                                                                            Le meilleur choix de logiciels de gestion de donn\u00e9es du catalogue, combin\u00e9 \u00e0 notre expertise, vous aide \u00e0 mettre en \u0153uvre l&rsquo;infrastructure logicielle la mieux adapt\u00e9e aux besoins de votre organisation.\r\n\r\n                                                                                                                <a href=\"https:\/\/www.v-valley.com\/fr\/solutions\/definition-logicielle-et-gestion-des-donnees\/\">\r\n                                            EN SAVOIR PLUS                                        <\/a>\r\n                            <\/li>\r\n                                                    <li data-item-id=\"7\">\r\n                                <a href=\"#\">\r\n                                                                            <img decoding=\"async\" src=\"https:\/\/statics.v-valley.com\/prod\/2022\/10\/ico-cerchio-UCC.png\" alt=\"Communication et collaboration unifi\u00e9es\" name=\"Communication et collaboration unifi\u00e9es\" \/>\r\n                                                                                                                Communication et collaboration unifi\u00e9es\r\n                                                                    <\/a>\r\n                            <\/li>\r\n                            <li data-item-id=\"7\">\r\n                                <a data-toggle=\"collapse\" href=\"#vvly-hhib-item-7-collapse\" role=\"button\" aria-expanded=\"false\" aria-controls=\"vvly-hhib-item-7-collapse\">\r\n                                                                            <img decoding=\"async\" src=\"https:\/\/statics.v-valley.com\/prod\/2022\/10\/ico-cerchio-UCC.png\" alt=\"Communication et collaboration unifi\u00e9es\" name=\"Communication et collaboration unifi\u00e9es\" \/>\r\n                                                                                                                Communication et collaboration unifi\u00e9es\r\n                                                                    <\/a>\r\n                                                                            Syst\u00e8mes de communication et de collaboration pour vos clients, des r\u00e9seaux t\u00e9l\u00e9phoniques internes aux solutions innovantes pour le travail \u00e0 distance et le travail intelligent, dans une seule structure int\u00e9gr\u00e9e.\r\n\r\n                                                                                                                <a href=\"https:\/\/www.v-valley.com\/fr\/solutions\/communication-et-collaboration-unifiees\/\">\r\n                                            EN SAVOIR PLUS                                        <\/a>\r\n                            <\/li>\r\n                                                    <li data-item-id=\"8\">\r\n                                <a href=\"#\">\r\n                                                                            <img decoding=\"async\" src=\"https:\/\/statics.v-valley.com\/prod\/2022\/09\/ico-cerchio-videosorveglianza.svg\" alt=\"Vid\u00e9osurveillance\" name=\"Vid\u00e9osurveillance\" \/>\r\n                                                                                                                Vid\u00e9osurveillance\r\n                                                                    <\/a>\r\n                            <\/li>\r\n                            <li data-item-id=\"8\">\r\n                                <a data-toggle=\"collapse\" href=\"#vvly-hhib-item-8-collapse\" role=\"button\" aria-expanded=\"false\" aria-controls=\"vvly-hhib-item-8-collapse\">\r\n                                                                            <img decoding=\"async\" src=\"https:\/\/statics.v-valley.com\/prod\/2022\/09\/ico-cerchio-videosorveglianza.svg\" alt=\"Vid\u00e9osurveillance\" name=\"Vid\u00e9osurveillance\" \/>\r\n                                                                                                                Vid\u00e9osurveillance\r\n                                                                    <\/a>\r\n                                                                            <p>Nous sommes un important distributeur de dispositifs de vid\u00e9osurveillance et de contr\u00f4le d&rsquo;acc\u00e8s pour applications industrielles, commerciales et r\u00e9sidentielles, bas\u00e9s sur des technologies analogiques ou num\u00e9riques.<\/p>\r\n                                                                                                                <a href=\"https:\/\/www.v-valley.com\/fr\/solutions\/videosurveillance\/\">\r\n                                            EN SAVOIR PLUS                                        <\/a>\r\n                            <\/li>\r\n                                            <\/ul>\r\n                                                    <p>Identifiez votre business avec V-VALLEY<\/p>\r\n                                                                            <a href=\"https:\/\/www.v-valley.com\/fr\/solutions\/aidc\/\">\r\n                                EN SAVOIR PLUS                            <\/a>\r\n                                                    <p>Des solutions cloud dans diff\u00e9rents domaines et adapt\u00e9es \u00e0 tous les besoins du Cloud Marketplace, pour \u00e9tendre votre gamme de services de mani\u00e8re rapide et efficace, en \u00e9vitant les co\u00fbts \u00e9lev\u00e9s de l&rsquo;infrastructure technologique.<\/p>\r\n                                                                            <a href=\"https:\/\/www.v-valley.com\/fr\/solutions\/nuage\/\">\r\n                                EN SAVOIR PLUS                            <\/a>\r\n                                                    <p>Une large gamme de produits et services \u00e0 jour pour assurer la cybers\u00e9curit\u00e9 des donn\u00e9es et des appareils des clients, personnalisables selon votre mod\u00e8le \u00e9conomique.<\/p>\r\n                                                                            <a href=\"https:\/\/www.v-valley.com\/fr\/solutions\/la-cyber-securite\/\">\r\n                                EN SAVOIR PLUS                            <\/a>\r\n                                                    <p>Des solutions de connectivit\u00e9 technologiquement avanc\u00e9es et des services d&rsquo;installation rapides, avec un fort accent sur l&rsquo;efficacit\u00e9 \u00e9nerg\u00e9tique et l&rsquo;\u00e9conomie des ressources.<\/p>\r\n                                                                            <a href=\"https:\/\/www.v-valley.com\/it\/soluzioni\/cabling-e-energy-efficiency\/\">\r\n                                EN SAVOIR PLUS                            <\/a>\r\n                                                    Infrastructure informatique et centres de donn\u00e9es s\u00e9curis\u00e9s et performants, optimis\u00e9s pour diff\u00e9rentes charges de travail et complexit\u00e9 des applications.\r\n\r\n                                                                            <a href=\"https:\/\/www.v-valley.com\/fr\/solutions\/infrastructure-et-centre-de-donnees\/\">\r\n                                EN SAVOIR PLUS                            <\/a>\r\n                                                    R\u00e9seaux d&rsquo;entreprise et domestiques, complets d&rsquo;accessoires et de dispositifs, pour l&rsquo;installation et l&rsquo;int\u00e9gration de WLAN d&rsquo;entreprise : un monde de solutions interconnect\u00e9es. Nous distribuons des technologies pr\u00e9cieuses aux entreprises locales.\r\n\r\n                                                                            <a href=\"https:\/\/www.v-valley.com\/fr\/solutions\/infrastructure-reseau-et-connectivite\/\">\r\n                                EN SAVOIR PLUS                            <\/a>\r\n                                                    Le meilleur choix de logiciels de gestion de donn\u00e9es du catalogue, combin\u00e9 \u00e0 notre expertise, vous aide \u00e0 mettre en \u0153uvre l&rsquo;infrastructure logicielle la mieux adapt\u00e9e aux besoins de votre organisation.\r\n\r\n                                                                            <a href=\"https:\/\/www.v-valley.com\/fr\/solutions\/definition-logicielle-et-gestion-des-donnees\/\">\r\n                                EN SAVOIR PLUS                            <\/a>\r\n                                                    Syst\u00e8mes de communication et de collaboration pour vos clients, des r\u00e9seaux t\u00e9l\u00e9phoniques internes aux solutions innovantes pour le travail \u00e0 distance et le travail intelligent, dans une seule structure int\u00e9gr\u00e9e.\r\n\r\n                                                                            <a href=\"https:\/\/www.v-valley.com\/fr\/solutions\/communication-et-collaboration-unifiees\/\">\r\n                                EN SAVOIR PLUS                            <\/a>\r\n                                                    <p>Nous sommes un important distributeur de dispositifs de vid\u00e9osurveillance et de contr\u00f4le d&rsquo;acc\u00e8s pour applications industrielles, commerciales et r\u00e9sidentielles, bas\u00e9s sur des technologies analogiques ou num\u00e9riques.<\/p>\r\n                                                                            <a href=\"https:\/\/www.v-valley.com\/fr\/solutions\/videosurveillance\/\">\r\n                                EN SAVOIR PLUS                            <\/a>\r\n\t<p>LE GROUPE<\/p>\r\n<h3>\r\n\t\tTOUTE LA S\u00c9CURIT\u00c9 ET L&rsquo;EXP\u00c9RIENCE DU GROUPE ESPRINET\r\n\t<\/h3>\r\n\t\t\t<a href=\"https:\/\/www.v-valley.com\/en\/group\/\" target=\"_self\" rel=\"noopener\">\r\n\t\t\t\t\t\t\tEN SAVOIR PLUS\r\n\t\t\t\t\t<\/a>\r\n<h4>\r\n\t\tRESTEZ EN CONTACT\r\n\t<\/h4>\r\n\t\t\t\t<img loading=\"lazy\" decoding=\"async\" src=\"https:\/\/statics.v-valley.com\/prod\/2022\/09\/ico-cerchio-lampadina.svg\" alt=\"ico-cerchio-lampadina\" itemprop=\"image\" height=\"90\" width=\"90\" title=\"ico-cerchio-lampadina\" onerror=\"this.style.display='none'\"  \/>\r\n<h5>\r\n\t\tVous souhaitez devenir notre client ?\r\n\t<\/h5>\r\n\t<p>Une large gamme de produits et de solutions technologiques provenant des fournisseurs les plus importants du march\u00e9.<\/p>\r\n\t\t\t<a href=\"https:\/\/register.v-valley.com\/fr\/vvalley-ibe\" target=\"_blank\" rel=\"noopener\">\r\n\t\t\t\t\t\t\tINSCRIVEZ-VOUS ICI\r\n\t\t\t\t\t<\/a>\r\n\t\t\t\t<img loading=\"lazy\" decoding=\"async\" src=\"https:\/\/statics.v-valley.com\/prod\/2022\/09\/ico-cerchio-mani.svg\" alt=\"ico-cerchio-mani\" itemprop=\"image\" height=\"90\" width=\"90\" title=\"ico-cerchio-mani\" onerror=\"this.style.display='none'\"  \/>\r\n<h5>\r\n\t\t\u00cates-vous un fournisseur ou un partenaire commercial potentiel ?\r\n\t<\/h5>\r\n\t<p>Vous pouvez voir votre entreprise se d\u00e9velopper en acc\u00e9dant \u00e0 notre vaste r\u00e9seau de concessionnaires.<\/p>\r\n\t\t\t<a href=\"https:\/\/www.esprinet.com\/en\/become-a-supplier\/\" target=\"_blank\" rel=\"noopener\">\r\n\t\t\t\t\t\t\tSOUMETTRE VOTRE PROPOSITION\r\n\t\t\t\t\t<\/a>\r\n\r\n","protected":false},"excerpt":{"rendered":"<p>V-Valley, c&rsquo;est tout un \u00e9cosyst\u00e8me de produits, de comp\u00e9tences techniques et commerciales et de services pour cr\u00e9er ensemble des offres et des projets sur mesure bas\u00e9s sur des technologies complexes. D\u00c9COUVREZ NOS SOLUTIONS AIDC AIDC Identifiez votre business avec V-VALLEY EN SAVOIR PLUS Nuage Nuage Des solutions cloud dans diff\u00e9rents domaines et adapt\u00e9es \u00e0 tous [&hellip;]<\/p>\n","protected":false},"author":7,"featured_media":0,"parent":0,"menu_order":0,"comment_status":"closed","ping_status":"closed","template":"templates\/template-home.php","meta":{"_acf_changed":false,"_genesis_hide_title":false,"_genesis_hide_breadcrumbs":false,"_genesis_hide_singular_image":false,"_genesis_hide_footer_widgets":false,"_genesis_custom_body_class":"","_genesis_custom_post_class":"","_genesis_layout":"","footnotes":""},"class_list":{"0":"post-412587","1":"page","2":"type-page","3":"status-publish","5":"entry"},"acf":[],"_links":{"self":[{"href":"https:\/\/www.v-valley.com\/fr\/wp-json\/wp\/v2\/pages\/412587","targetHints":{"allow":["GET"]}}],"collection":[{"href":"https:\/\/www.v-valley.com\/fr\/wp-json\/wp\/v2\/pages"}],"about":[{"href":"https:\/\/www.v-valley.com\/fr\/wp-json\/wp\/v2\/types\/page"}],"author":[{"embeddable":true,"href":"https:\/\/www.v-valley.com\/fr\/wp-json\/wp\/v2\/users\/7"}],"replies":[{"embeddable":true,"href":"https:\/\/www.v-valley.com\/fr\/wp-json\/wp\/v2\/comments?post=412587"}],"version-history":[{"count":0,"href":"https:\/\/www.v-valley.com\/fr\/wp-json\/wp\/v2\/pages\/412587\/revisions"}],"wp:attachment":[{"href":"https:\/\/www.v-valley.com\/fr\/wp-json\/wp\/v2\/media?parent=412587"}],"curies":[{"name":"wp","href":"https:\/\/api.w.org\/{rel}","templated":true}]}}