{"id":84727,"date":"2023-04-26T15:18:43","date_gmt":"2023-04-26T13:18:43","guid":{"rendered":"https:\/\/www.v-valley.com\/grupo\/le-persone\/"},"modified":"2023-12-12T15:49:36","modified_gmt":"2023-12-12T14:49:36","slug":"las-personas","status":"publish","type":"page","link":"https:\/\/www.v-valley.com\/es\/grupo\/las-personas\/","title":{"rendered":"Las personas"},"content":{"rendered":"\n<h2>\n\t\tNuestro equipo\n\t<\/h2>\n\t<p>El equipo de directivos de V-Valley se encarga de aplicar la estrategia de crecimiento en todos los pa\u00edses en los que operamos. <\/p>\n\t\t\t\t<img loading=\"lazy\" decoding=\"async\" src=\"https:\/\/statics.v-valley.com\/prod\/2023\/04\/foto-casini.png\" alt=\"foto-casini\" itemprop=\"image\" height=\"600\" width=\"600\" title=\"foto-casini\" onerror=\"this.style.display='none'\"  \/>\n<h2>\n\t\tLuca Casini\n\t<\/h2>\n\t<p><strong>Presidente V-Valley y Country Manager Business Esprinet Italia<\/strong><\/p>\n\tLuca Casini se licenci\u00f3 en Inform\u00e1tica y comenz\u00f3 su carrera como Especialista de Marketing en la divisi\u00f3n de PC de Digital Equipment.<br \/>\nEn 1998 se incorpor\u00f3 a Esprinet como Brand Manager de Software; posteriormente fue responsable del Centro de Competencia de Esprinet, y m\u00e1s tarde Director de Unidad de Negocio de Esprinet para Servidores, Almacenamiento, Redes y Software.<br \/>\nEn 2011 asumi\u00f3 el cargo de Director Comercial de Tecnolog\u00edas Complejas, mientras que en 2016 fue nombrado Presidente para Italia de V-Valley, distribuidor de valor a\u00f1adido del Grupo Esprinet.\n<h2>\n\t\tHugo Fern\u00e1ndez\n\t<\/h2>\n\t<p><strong>Administrador Delegado de V-Valley<\/strong><\/p>\n\tNacido en Barcelona. Ingeniero Superior de Telecomunicaciones por la UPC con especialidad en Comunicaciones. Socio de Espanyol y amante de la m\u00fasica electr\u00f3nica.<br \/>\nInicia su trayectoria en el mundo de la Distribuci\u00f3n en 1996 en Computer2000 (luego adquirido por TechData).\n<p>Desde 2000 a 2006 es Sales Director Azlan\/Tech Data, para pasar a ser Country Manager de Magirus Iberia desde 2006 a 2009, a\u00f1o en el que es nombrado VicePresidente del Sur de Europa (Francia, Italia, Espa\u00f1a y Portugal) y Board Member de Magirus hasta el 2014.<\/p>\n<p>En el a\u00f1o 2015 pasa a ser CEO del Grupo GTI Software and Networking (incluye Diode; Espa\u00f1a, Portugal + Norte de Africa) hasta 2020, cuando pasa a ser Consejero Delegado de V-Valley dirigiendo las unidades de negocio de Valor de Cloud, Software e Infraestructura 2020 a 2023 (incluyendo Espa\u00f1a, Portugal y Norte de Africa).<\/p>\n\t\t\t\t<img loading=\"lazy\" decoding=\"async\" src=\"https:\/\/statics.v-valley.com\/prod\/2023\/12\/foto-fernandez.png\" alt=\"foto-fernandez\" itemprop=\"image\" height=\"600\" width=\"600\" title=\"foto-fernandez\" onerror=\"this.style.display='none'\"  \/>\n\n","protected":false},"excerpt":{"rendered":"<p>Nuestro equipo El equipo de directivos de V-Valley se encarga de aplicar la estrategia de crecimiento en todos los pa\u00edses en los que operamos. Luca Casini Presidente V-Valley y Country Manager Business Esprinet Italia Luca Casini se licenci\u00f3 en Inform\u00e1tica y comenz\u00f3 su carrera como Especialista de Marketing en la divisi\u00f3n de PC de Digital [&hellip;]<\/p>\n","protected":false},"author":6,"featured_media":0,"parent":1202,"menu_order":0,"comment_status":"closed","ping_status":"closed","template":"templates\/template-simple.php","meta":{"_acf_changed":false,"_genesis_hide_title":false,"_genesis_hide_breadcrumbs":false,"_genesis_hide_singular_image":false,"_genesis_hide_footer_widgets":false,"_genesis_custom_body_class":"","_genesis_custom_post_class":"","_genesis_layout":"","footnotes":""},"class_list":{"0":"post-84727","1":"page","2":"type-page","3":"status-publish","5":"entry"},"acf":[],"_links":{"self":[{"href":"https:\/\/www.v-valley.com\/es\/wp-json\/wp\/v2\/pages\/84727","targetHints":{"allow":["GET"]}}],"collection":[{"href":"https:\/\/www.v-valley.com\/es\/wp-json\/wp\/v2\/pages"}],"about":[{"href":"https:\/\/www.v-valley.com\/es\/wp-json\/wp\/v2\/types\/page"}],"author":[{"embeddable":true,"href":"https:\/\/www.v-valley.com\/es\/wp-json\/wp\/v2\/users\/6"}],"replies":[{"embeddable":true,"href":"https:\/\/www.v-valley.com\/es\/wp-json\/wp\/v2\/comments?post=84727"}],"version-history":[{"count":0,"href":"https:\/\/www.v-valley.com\/es\/wp-json\/wp\/v2\/pages\/84727\/revisions"}],"up":[{"embeddable":true,"href":"https:\/\/www.v-valley.com\/es\/wp-json\/wp\/v2\/pages\/1202"}],"wp:attachment":[{"href":"https:\/\/www.v-valley.com\/es\/wp-json\/wp\/v2\/media?parent=84727"}],"curies":[{"name":"wp","href":"https:\/\/api.w.org\/{rel}","templated":true}]}}