{"id":84531,"date":"2023-04-03T11:49:00","date_gmt":"2023-04-03T09:49:00","guid":{"rendered":"https:\/\/www.v-valley.com\/grupo\/struttura-societaria\/"},"modified":"2025-10-08T09:52:59","modified_gmt":"2025-10-08T07:52:59","slug":"estructura-del-grupo","status":"publish","type":"page","link":"https:\/\/www.v-valley.com\/es\/grupo\/estructura-del-grupo\/","title":{"rendered":"Estructura del Grupo"},"content":{"rendered":"\n\n\t<p>Las Soluciones Avanzadas representan uno de los pilares del plan de negocio del Grupo Esprinet. V-Valley tiene la misi\u00f3n de interpretar, anticipar y satisfacer las necesidades de este mercado.<\/p>\n<h2>\n\t\t\tEn la actualidad, V-Valley es uno de los principales distribuidores del sur de Europa y debe continuar su importante trayectoria de crecimiento en un mercado en r\u00e1pida evoluci\u00f3n y cada vez m\u00e1s orientado a los servicios.\t<\/h2>\n\t\t\t\t<img decoding=\"async\" src=\"https:\/\/statics.v-valley.com\/prod\/2025\/10\/Estructura_Grupo_V-Valley_2025.jpg\" alt=\"Estructura del Grupo V-Valley\" itemprop=\"image\" height=\"1080\" width=\"1920\" title=\"Estructura_Grupo_V-Valley_2025\" onerror=\"this.style.display='none'\" loading=\"lazy\" \/>\n\n","protected":false},"excerpt":{"rendered":"<p>Las Soluciones Avanzadas representan uno de los pilares del plan de negocio del Grupo Esprinet. V-Valley tiene la misi\u00f3n de interpretar, anticipar y satisfacer las necesidades de este mercado. En la actualidad, V-Valley es uno de los principales distribuidores del sur de Europa y debe continuar su importante trayectoria de crecimiento en un mercado en [&hellip;]<\/p>\n","protected":false},"author":6,"featured_media":0,"parent":1202,"menu_order":0,"comment_status":"closed","ping_status":"closed","template":"templates\/template-simple.php","meta":{"_acf_changed":false,"_genesis_hide_title":false,"_genesis_hide_breadcrumbs":false,"_genesis_hide_singular_image":false,"_genesis_hide_footer_widgets":false,"_genesis_custom_body_class":"","_genesis_custom_post_class":"","_genesis_layout":"","footnotes":""},"class_list":{"0":"post-84531","1":"page","2":"type-page","3":"status-publish","5":"entry"},"acf":[],"_links":{"self":[{"href":"https:\/\/www.v-valley.com\/es\/wp-json\/wp\/v2\/pages\/84531","targetHints":{"allow":["GET"]}}],"collection":[{"href":"https:\/\/www.v-valley.com\/es\/wp-json\/wp\/v2\/pages"}],"about":[{"href":"https:\/\/www.v-valley.com\/es\/wp-json\/wp\/v2\/types\/page"}],"author":[{"embeddable":true,"href":"https:\/\/www.v-valley.com\/es\/wp-json\/wp\/v2\/users\/6"}],"replies":[{"embeddable":true,"href":"https:\/\/www.v-valley.com\/es\/wp-json\/wp\/v2\/comments?post=84531"}],"version-history":[{"count":2,"href":"https:\/\/www.v-valley.com\/es\/wp-json\/wp\/v2\/pages\/84531\/revisions"}],"predecessor-version":[{"id":612115,"href":"https:\/\/www.v-valley.com\/es\/wp-json\/wp\/v2\/pages\/84531\/revisions\/612115"}],"up":[{"embeddable":true,"href":"https:\/\/www.v-valley.com\/es\/wp-json\/wp\/v2\/pages\/1202"}],"wp:attachment":[{"href":"https:\/\/www.v-valley.com\/es\/wp-json\/wp\/v2\/media?parent=84531"}],"curies":[{"name":"wp","href":"https:\/\/api.w.org\/{rel}","templated":true}]}}