{"id":84293,"date":"2023-03-17T12:53:04","date_gmt":"2023-03-17T11:53:04","guid":{"rendered":"https:\/\/www.v-valley.com\/?page_id=84293"},"modified":"2025-01-21T17:59:15","modified_gmt":"2025-01-21T16:59:15","slug":"gestion-de-procesos","status":"publish","type":"page","link":"https:\/\/www.v-valley.com\/es\/catalogo-de-soluciones-kit-digital\/gestion-de-procesos\/","title":{"rendered":"Gesti\u00f3n de procesos"},"content":{"rendered":"\r\n<h3>\r\n\t\tObjetivo\r\n\t<\/h3>\r\n\t<p>El principal objetivo de esta categor\u00eda es digitalizar y\/o automatizar procesos de negocio, relacionados con los aspectos operativos o productivos.<\/p>\r\n<h4>\r\n\t\tImporte m\u00e1ximo de la ayuda\r\n\t<\/h4>\r\n\t<ul>\r\n<li>0 &lt; 3 empleados: 500\u20ac (hasta 1 usuario)<\/li>\r\n<li>3 &lt; 9 empleados: 2.000\u20ac (hasta 3 usuarios)<\/li>\r\n<li>10 &lt; 50 empleados: 6.000\u20ac (hasta 10 usuarios)<\/li>\r\n<\/ul>\r\n<h2>\r\n\t\tFuncionalidades y servicios que debe ofrecer la soluci\u00f3n\r\n\t<\/h2>\r\n\t\t\t <p><strong>Digitalizaci\u00f3n y\/o automatizaci\u00f3n de procesos y flujos de trabajo<\/strong>: Procesos como:<\/p>\r\n<ul>\r\n<li>Contabilidad\/finanzas: cuentas por cobrar\/por pagar, gesti\u00f3n de activos y generaci\u00f3n de cierres y balances, etc.<\/li>\r\n<li>Facturaci\u00f3n: automatizaci\u00f3n de los procesos de facturaci\u00f3n con la generaci\u00f3n de presupuestos, albaranes y facturas.<\/li>\r\n<li>Proyectos: control de presupuestos, costes, estimaciones, optimizaci\u00f3n de los recursos, etc.<\/li>\r\n<li>Inventario: previsi\u00f3n, niveles de stock, env\u00edos, distribuciones, devoluciones y cancelaciones, etc.<\/li>\r\n<li>Compras y pagos: gesti\u00f3n de pedidos de compra y proveedores.<\/li>\r\n<li>Recursos humanos: gesti\u00f3n de los recursos humanos, n\u00f3minas, etc.<\/li>\r\n<li>Log\u00edstica: gesti\u00f3n de flotas y rutas, entre otras.<\/li>\r\n<\/ul>\r\n\t\t\t <p><strong>Integraci\u00f3n con diversas plataformas<\/strong>: la soluci\u00f3n dispondr\u00e1 de APIs o Web Services para su integraci\u00f3n con otras herramientas.<\/p>\r\n\t\t\t <p><strong>Actualizable<\/strong>: permitir\u00e1 acceder a actualizaciones de la soluci\u00f3n con nuevas versiones.<\/p>\r\n\t\t\t <p><strong>Escalable<\/strong>: si la empresa crece o cambia estructuralmente, la soluci\u00f3n se adaptar\u00e1 a estos cambios.<\/p>\r\n\t\t\t <p><strong>Cumplimiento<\/strong>: deber\u00e1 asegurar el cumplimiento de la normativa aplicable, en concreto del Reglamento por el que se regulan las obligaciones de facturaci\u00f3n del Real Decreto 1619\/2012, as\u00ed como cualquier normativa de aplicaci\u00f3n.<\/p>\r\n\t<h2>\r\n\t\tEntre nuestros fabricantes, te pueden ayudar a crear tu soluci\u00f3n&#8230;\r\n\t<\/h2>\r\n\t\t\t\tAdobe\r\n\t\t\t\tMicrosoft\r\n\t\t\t\tSage\r\n\t\t\t\t\t\t\tAdobe\r\n\t\t\t\t<p><img loading=\"lazy\" decoding=\"async\" src=\"https:\/\/statics.v-valley.com\/prod\/2022\/10\/logo_Adobe.gif\" alt=\"\" width=\"150\" height=\"150\" \/><\/p>\r\n<p><strong>Adobe Sign<\/strong> permite realizar negocios de forma m\u00e1s r\u00e1pida y eficaz, con un ahorro de tiempo de hasta el 92% y reduciendo los plazos de firma de contratos en 19 d\u00edas. Adem\u00e1s, garantiza la seguridad y asegura el cumplimiento normativo. Adobe Sign <strong>se integra perfectamente con Microsoft<\/strong> y todas sus aplicaciones, y juntos ofrecen una perfecta soluci\u00f3n de productividad.<\/p>\r\n<h4>Adobe Acrobat DC\r\n<\/h4>\r\n<ul>\r\n<li><a href=\"https:\/\/statics.v-valley.com\/prod\/2023\/07\/acrobat-dc-why-upgrade-sb-es.pdf\" target=\"_blank\" rel=\"noopener\">Resumen de soluciones<\/a><\/li>\r\n<li><a href=\"https:\/\/statics.v-valley.com\/prod\/2023\/07\/acrobat_dc_extending_investments_in_microsoft_wp_es.pdf\" target=\"_blank\" rel=\"noopener\">Adobe Acrobat DC y Microsoft<\/a><\/li>\r\n<\/ul>\r\n<h4>Adobe Sign\r\n<\/h4>\r\n<ul>\r\n<li><a href=\"https:\/\/statics.v-valley.com\/prod\/2023\/07\/adobe-sign-product-comparison-es.pdf\" target=\"_blank\" rel=\"noopener\">Comparativa de productos<\/a><\/li>\r\n<li><a href=\"https:\/\/statics.v-valley.com\/prod\/2023\/07\/adobe-sign-microsoft-integration-overview-es.pdf\" target=\"_blank\" rel=\"noopener\">Adobe Sign y Microsoft<\/a><\/li>\r\n<\/ul>\r\n<h4>Adobe Sign Plan VIP\r\n<\/h4>\r\n<ul>\r\n<li><a href=\"https:\/\/statics.v-valley.com\/prod\/2023\/07\/why-adobe-sign-in-vip-solution-brief-es.pdf\" target=\"_blank\" rel=\"noopener\">Adobe Sign Plan VIP<\/a><\/li>\r\n<li><a href=\"https:\/\/statics.v-valley.com\/prod\/2023\/07\/adobe-sign-in-vip-product-comparison-es.pdf\" target=\"_blank\" rel=\"noopener\">Comparativa de productos<\/a><\/li>\r\n<\/ul>\r\n\t\t\t\t\t\t\tMicrosoft\r\n\t\t\t\t<p><img loading=\"lazy\" decoding=\"async\" src=\"https:\/\/statics.v-valley.com\/prod\/2022\/11\/logo_Microsoft.gif\" alt=\"\" width=\"150\" height=\"150\" \/><\/p>\r\n<p><strong>Dynamics 365 Business Central<\/strong> garantiza la continuidad del negocio con una soluci\u00f3n en el cloud que conecta los equipos de ventas, servicio t\u00e9cnico, finanzas y operaciones. Puede implementarse en el cloud o en el entorno local, siendo una soluci\u00f3n muy f\u00e1cil de personalizar y ampliar, y puede utilizarse en cualquier dispositivo y desde cualquier lugar.<\/p>\r\n<h4>Dynamics 365 Business Professional\r\n<\/h4>\r\n<ul>\r\n<li><a href=\"https:\/\/statics.v-valley.com\/prod\/2023\/07\/MicrosoftDynamics365-KitDigital.pdf\" target=\"_blank\" rel=\"noopener\">Ver resumen<\/a><\/li>\r\n<\/ul>\r\n\t\t\t\t\t\t\tSage\r\n\t\t\t\t<p><img loading=\"lazy\" decoding=\"async\" src=\"https:\/\/statics.v-valley.com\/prod\/2023\/02\/logo_sage.gif\" alt=\"\" width=\"150\" height=\"150\" \/><\/p>\r\n<p><strong>Sage 50: contabilidad y gesti\u00f3n en un \u00fanico programa.<\/strong> Programa de gesti\u00f3n comercial y contabilidad integrada que permite administrar y controlar todas las \u00e1reas del negocio. Sage 50 est\u00e1 dise\u00f1ado para aumentar la productividad y adaptarse a los nuevos retos. Permite gestionar la contabilidad y facturaci\u00f3n de la empresa con la tecnolog\u00eda m\u00e1s avanzada en movilidad, seguridad y colaboraci\u00f3n online.<\/p>\r\n<h4>Sage 50\r\n<\/h4>\r\n<ul>\r\n<li><a href=\"https:\/\/statics.v-valley.com\/prod\/2023\/06\/SAGE-50-CL_ACG_ES_SMA_PDF_TOFU_BossIt.pdf\" target=\"_blank\" rel=\"noopener\">Libro electr\u00f3nico: \u00ab7 formas para controlar mejor tu negocio\u00bb<\/a><\/li>\r\n<\/ul>\r\n\t<a name=\"form\"><\/a>\r\n<h2>\r\n\t\t\u00bfQuieres m\u00e1s informaci\u00f3n sobre estas soluciones?\r\n\t<\/h2>\r\n\t<p>D\u00e9janos tus datos y hablamos contigo<\/p>\r\n\t<form method=\"post\" enctype=\"multipart\/form-data\" id=\"vfbp-form-25\" class=\"vfbp-form\"><div style=\"display:none;\"><label for=\"vfbp-EMAIL-AN8fuQyoDLXem\">If you are human, leave this field blank.<\/label><input size=\"25\" autocomplete=\"off\" type=\"text\" name=\"vfbp-EMAIL-AN8fuQyoDLXem\" value=\"\" id=\"\"><\/div><input type=\"hidden\" name=\"_vfb-timestamp-25\" value=\"1778598163\" id=\"\"><input type=\"hidden\" name=\"_vfb-form-id\" value=\"25\" id=\"\"><div class=\"vfb-col-12 vfb-fieldType-instructions\" id=\"vfbField282\"><div class=\"vfb-form-group\"><label for=\"vfb-field-282\" class=\"vfb-control-label\"><b>Required information:<\/b><\/label><div class=\"\"><\/div><\/div><\/div><div class=\"vfb-clearfix\"><\/div><div class=\"vfb-col-6 vfb-fieldType-text\" id=\"vfbField283\"><div class=\"vfb-form-group\"><label for=\"vfb-field-283\" class=\"vfb-control-label\">Nombre y Apellido <span class=\"vfb-required-asterisk\">*<\/span><\/label><div><input id=\"vfb-field-283\" class=\"vfb-form-control\" placeholder=\"\" required=\"required\" type=\"text\" name=\"vfb-field-283\" value=\"\"><\/div><\/div><\/div><div class=\"vfb-col-6 vfb-fieldType-text\" id=\"vfbField284\"><div class=\"vfb-form-group\"><label for=\"vfb-field-284\" class=\"vfb-control-label\">Raz\u00f3n Social <span class=\"vfb-required-asterisk\">*<\/span><\/label><div><input id=\"vfb-field-284\" class=\"vfb-form-control\" placeholder=\"\" required=\"required\" type=\"text\" name=\"vfb-field-284\" value=\"\"><\/div><\/div><\/div><div class=\"vfb-clearfix\"><\/div><div class=\"vfb-col-6 vfb-fieldType-phone\" id=\"vfbField285\"><div class=\"vfb-form-group\"><label for=\"vfb-field-285\" class=\"vfb-control-label\">Tel\u00e9fono <span class=\"vfb-required-asterisk\">*<\/span><\/label><div><input id=\"vfb-field-285\" class=\"vfb-form-control vfb-intl-phone\" placeholder=\"\" required=\"required\" data-default-country=\"it\" data-number-type=\"MOBILE\" data-hide-flags=\"1\" data-national-mode=\"1\" data-auto-hide-dial-code=\"1\" type=\"tel\" name=\"vfb-field-285\" value=\"\"><\/div><\/div><\/div><div class=\"vfb-col-6 vfb-fieldType-email\" id=\"vfbField286\"><div class=\"vfb-form-group\"><label for=\"vfb-field-286\" class=\"vfb-control-label\">e-Mail <span class=\"vfb-required-asterisk\">*<\/span><\/label><div><input id=\"vfb-field-286\" class=\"vfb-form-control\" placeholder=\"\" required=\"required\" type=\"email\" name=\"vfb-field-286\" value=\"\"><\/div><\/div><\/div><div class=\"vfb-clearfix\"><\/div><div class=\"vfb-col-12 vfb-fieldType-instructions\" id=\"vfbField287\"><div class=\"vfb-form-group\"><label for=\"vfb-field-287\" class=\"vfb-control-label\"><b>Informaci\u00f3n opcional:<\/b><\/label><div class=\"\"><\/div><\/div><\/div><div class=\"vfb-clearfix\"><\/div><div class=\"vfb-col-6 vfb-fieldType-text\" id=\"vfbField288\"><div class=\"vfb-form-group\"><label for=\"vfb-field-288\" class=\"vfb-control-label\">NIF\/CIF<\/label><div><input id=\"vfb-field-288\" class=\"vfb-form-control\" placeholder=\"\" type=\"text\" name=\"vfb-field-288\" value=\"\"><\/div><\/div><\/div><div class=\"vfb-col-6 vfb-fieldType-text\" id=\"vfbField289\"><div class=\"vfb-form-group\"><label for=\"vfb-field-289\" class=\"vfb-control-label\">N\u00famero de cliente V-Valley<\/label><div><input id=\"vfb-field-289\" class=\"vfb-form-control\" placeholder=\"\" type=\"text\" name=\"vfb-field-289\" value=\"\"><\/div><\/div><\/div><div class=\"vfb-clearfix\"><\/div><div class=\"vfb-col-12 vfb-fieldType-text\" id=\"vfbField290\"><div class=\"vfb-form-group\"><label for=\"vfb-field-290\" class=\"vfb-control-label\">Rol comercial<\/label><div><input id=\"vfb-field-290\" class=\"vfb-form-control\" placeholder=\"\" type=\"text\" name=\"vfb-field-290\" value=\"\"><\/div><\/div><\/div><div class=\"vfb-clearfix\"><\/div><div class=\"vfb-col-12 vfb-fieldType-textarea\" id=\"vfbField291\"><div class=\"vfb-form-group\"><label for=\"vfb-field-291\" class=\"vfb-control-label\">Notas<\/label><div><textarea id=\"vfb-field-291\" class=\"vfb-form-control\" placeholder=\"\" rows=\"3\" name=\"vfb-field-291\" cols=\"50\"><\/textarea><\/div><\/div><\/div><div class=\"vfb-clearfix\"><\/div><div class=\"vfb-col-12 vfb-fieldType-hidden\" id=\"vfbField295\"><input id=\"vfb-field-295\" class=\"vfb-form-control\" placeholder=\"\" type=\"hidden\" name=\"vfb-field-295\" value=\"Gesti&oacute;n de procesos\"><\/div><div class=\"vfb-clearfix\"><\/div><div class=\"vfb-col-12 vfb-fieldType-instructions\" id=\"vfbField292\"><div class=\"vfb-form-group\"><label for=\"vfb-field-292\" class=\"vfb-control-label\">Divulgaci\u00f3n<\/label><div class=\"\"><p><div class=\"fl-builder-content fl-builder-content-83893 fl-builder-template fl-builder-module-template fl-builder-global-templates-locked\" data-post-id=\"83893\"><div class=\"fl-module fl-module-rich-text fl-node-g4uw6jpmaoy2\" data-node=\"g4uw6jpmaoy2\">\n\t<div class=\"fl-module-content fl-node-content\">\n\t\t<div class=\"fl-rich-text\">\n\t<p>Estimado usuario, le informamos que mediante este formulario recogemos sus datos de contacto con la finalidad de ponernos en contacto con usted en relaci\u00f3n al inter\u00e9s mostrado. Uno de nuestros especialistas de la sociedad V-Valley Advanced Solutions Espa\u00f1a, S.A.U. (Responsable del tratamiento) se pondr\u00e1 en contacto telef\u00f3nicamente o por correo electr\u00f3nico. Sus datos no ser\u00e1n comunicados a terceros ni ser\u00e1n objeto de difusi\u00f3n; ser\u00e1n conservados por V-Valley Advanced Solutions Espa\u00f1a, S.A.U. durante un plazo m\u00e1ximo de 12 meses, sin perjuicio de la posibilidad de solicitar la supresi\u00f3n de estos antes de tal plazo.<br \/>\nPara cualquier aclaraci\u00f3n, puede ponerse en contacto a trav\u00e9s de la siguiente direcci\u00f3n <a href=\"mailto:privacy@v-valley.com\">privacy@v-valley.com<\/a><br \/>\nPara m\u00e1s informaci\u00f3n sobre el tratamiento de datos personales realizado por V-Valley Advanced Solutions Espa\u00f1a, S.A.U., consulte la <a href=\"https:\/\/policies.esprinet.com\/es\/esprinet\/privacy\" target=\"_blank\" rel=\"noopener\">Pol\u00edtica de Privacidad<\/a>.<\/p>\n<\/div>\n\t<\/div>\n<\/div>\n<\/div><\/p>\n<\/div><\/div><\/div><div class=\"vfb-clearfix\"><\/div><div class=\"vfb-col-12 vfb-fieldType-captcha\" id=\"vfbField293\"><div class=\"vfb-form-group\"><label for=\"vfb-field-293\" class=\"vfb-control-label\">Captcha <span class=\"vfb-required-asterisk\">*<\/span><\/label><div><div class=\"g-recaptcha\" data-sitekey=\"6Lf1ytsiAAAAAEG8JxJHgJzU7R8dykbVhqQAbadd\"><\/div><input type=\"hidden\" name=\"_vfb_recaptcha_enabled\" value=\"1\" id=\"\"><div class=\"vfb-has-error\" id=\"vfb-recaptcha-error\"><span class=\"vfb-help-block\">reCAPTCHA is required.<\/span><\/div><\/div><\/div><\/div><div class=\"vfb-clearfix\"><\/div><div class=\"vfb-col-12 vfb-fieldType-submit\" id=\"vfbField294\"><button id=\"vfb-field-294\" class=\" btn btn-primary\" placeholder=\"\" type=\"submit\" name=\"_vfb-submit\">Enviar<\/button><\/div><div class=\"vfb-clearfix\"><\/div><\/form>\r\n\r\n","protected":false},"excerpt":{"rendered":"<p>Objetivo El principal objetivo de esta categor\u00eda es digitalizar y\/o automatizar procesos de negocio, relacionados con los aspectos operativos o productivos. Importe m\u00e1ximo de la ayuda 0 &lt; 3 empleados: 500\u20ac (hasta 1 usuario) 3 &lt; 9 empleados: 2.000\u20ac (hasta 3 usuarios) 10 &lt; 50 empleados: 6.000\u20ac (hasta 10 usuarios) Funcionalidades y servicios que debe [&hellip;]<\/p>\n","protected":false},"author":6,"featured_media":0,"parent":84125,"menu_order":0,"comment_status":"closed","ping_status":"closed","template":"templates\/template-generic-full-content.php","meta":{"_acf_changed":false,"_genesis_hide_title":false,"_genesis_hide_breadcrumbs":false,"_genesis_hide_singular_image":false,"_genesis_hide_footer_widgets":false,"_genesis_custom_body_class":"","_genesis_custom_post_class":"","_genesis_layout":"","footnotes":""},"class_list":{"0":"post-84293","1":"page","2":"type-page","3":"status-publish","5":"entry"},"acf":[],"_links":{"self":[{"href":"https:\/\/www.v-valley.com\/es\/wp-json\/wp\/v2\/pages\/84293","targetHints":{"allow":["GET"]}}],"collection":[{"href":"https:\/\/www.v-valley.com\/es\/wp-json\/wp\/v2\/pages"}],"about":[{"href":"https:\/\/www.v-valley.com\/es\/wp-json\/wp\/v2\/types\/page"}],"author":[{"embeddable":true,"href":"https:\/\/www.v-valley.com\/es\/wp-json\/wp\/v2\/users\/6"}],"replies":[{"embeddable":true,"href":"https:\/\/www.v-valley.com\/es\/wp-json\/wp\/v2\/comments?post=84293"}],"version-history":[{"count":1,"href":"https:\/\/www.v-valley.com\/es\/wp-json\/wp\/v2\/pages\/84293\/revisions"}],"predecessor-version":[{"id":494926,"href":"https:\/\/www.v-valley.com\/es\/wp-json\/wp\/v2\/pages\/84293\/revisions\/494926"}],"up":[{"embeddable":true,"href":"https:\/\/www.v-valley.com\/es\/wp-json\/wp\/v2\/pages\/84125"}],"wp:attachment":[{"href":"https:\/\/www.v-valley.com\/es\/wp-json\/wp\/v2\/media?parent=84293"}],"curies":[{"name":"wp","href":"https:\/\/api.w.org\/{rel}","templated":true}]}}