{"id":84287,"date":"2023-03-17T11:43:25","date_gmt":"2023-03-17T10:43:25","guid":{"rendered":"https:\/\/www.v-valley.com\/?page_id=84287"},"modified":"2025-01-21T18:00:41","modified_gmt":"2025-01-21T17:00:41","slug":"sitio-web-y-presencia-en-internet","status":"publish","type":"page","link":"https:\/\/www.v-valley.com\/es\/catalogo-de-soluciones-kit-digital\/sitio-web-y-presencia-en-internet\/","title":{"rendered":"Sitio Web y presencia en internet"},"content":{"rendered":"\r\n<h3>\r\n\t\tObjetivo\r\n\t<\/h3>\r\n\t<p>El principal objetivo de esta categor\u00eda es que ofrecer una p\u00e1gina web para dar al cliente visibilidad en internet.<\/p>\r\n<h4>\r\n\t\tImporte m\u00e1ximo de la ayuda\r\n\t<\/h4>\r\n\t<ul>\r\n<li>0 &lt; 3 empleados: 2.000\u20ac<\/li>\r\n<li>3 &lt; 9 empleados: 2.000\u20ac<\/li>\r\n<li>10 &lt; 50 empleados: 2.000\u20ac<\/li>\r\n<\/ul>\r\n<h2>\r\n\t\tFuncionalidades y servicios que debe ofrecer la soluci\u00f3n\r\n\t<\/h2>\r\n\t\t\t <p><strong>Dominio<\/strong>: la soluci\u00f3n incluir\u00e1 el dominio de la web durante un plazo m\u00ednimo de doce meses. La titularidad del dominio ser\u00e1 del cliente por completo.<\/p>\r\n\t\t\t <p><strong>Hosting<\/strong>: tambi\u00e9n incluir\u00e1 el alojamiento de la p\u00e1gina web durante un plazo m\u00ednimo de doce meses.<\/p>\r\n\t\t\t <p><strong>Dise\u00f1o de la p\u00e1gina web<\/strong>: como parte del servicio, la estructura de la web contar\u00e1 con un m\u00ednimo de 3 apartados. Se consideran p\u00e1ginas o apartados de una web, elementos tales como: p\u00e1gina de inicio (Landing Page), presentaci\u00f3n de la empresa, formulario de contacto, descripci\u00f3n de productos, datos de contacto, mapa del sitio (sitemap), etc. <\/p>\r\n\t\t\t <p><strong>Web responsive<\/strong>: la web se adaptar\u00e1 perfectamente a cualquier tipo de dispositivo.<\/p>\r\n\t\t\t <p><strong>Accesibilidad<\/strong>: el dise\u00f1o de la web cumplir\u00e1 con los criterios de conformidad de nivel AA de las Pautas WCAG-2.1.<\/p>\r\n\t\t\t <p><strong>Autogestionable<\/strong>: dispondr\u00e1 tambi\u00e9n de una plataforma de gesti\u00f3n de contenidos para que el cliente pueda modificar los contenidos de la web sin necesidad de ayuda.<\/p>\r\n\t\t\t <p><strong>Optimizaci\u00f3n de la presencia en buscadores (SEO b\u00e1sico)<\/strong>: an\u00e1lisis de palabras clave, SEO On-Page de 2 p\u00e1ginas o apartados, indexaci\u00f3n y jerarquizaci\u00f3n del contenido.<\/p>\t\t\r\n\t<h2>\r\n\t\tEntre nuestros fabricantes, te pueden ayudar a crear tu soluci\u00f3n&#8230;\r\n\t<\/h2>\r\n\t\t\t\tMicrosoft\r\n\t\t\t\tTeamViewer\r\n\t\t\t\t\t\t\tMicrosoft\r\n\t\t\t\t<p><img loading=\"lazy\" decoding=\"async\" src=\"https:\/\/statics.v-valley.com\/prod\/2022\/11\/logo_Microsoft.gif\" alt=\"\" width=\"150\" height=\"150\" \/><\/p>\r\n<p>Existe un interesante cat\u00e1logo de <strong>Soluciones sobre Azure y Azure App Service<\/strong> que te permitir\u00e1n crear una soluci\u00f3n completa, funcional y optimizada de forma r\u00e1pida y sencilla.<\/p>\r\n<ul>\r\n<li><a href=\"https:\/\/statics.v-valley.com\/prod\/2023\/06\/MicrosoftAzureAppService-Web-KitDigital.pdf\" target=\"_blank\" rel=\"noopener\">Descarga resumen<\/a><\/li>\r\n<\/ul>\r\n\t\t\t\t\t\t\tTeamViewer\r\n\t\t\t\t<p><img loading=\"lazy\" decoding=\"async\" src=\"https:\/\/statics.v-valley.com\/prod\/2023\/02\/logo_team-viewer.gif\" alt=\"\" width=\"150\" height=\"150\" \/><\/p>\r\n<p>Para monitorizar y mejorar el rendimiento de un sitio web, la soluci\u00f3n es\u00a0<strong>TeamViewer Web Monitoring<\/strong>.<\/p>\r\n<p>TeamViewer Web Monitoring permite monitorizar, analizar y mejorar el rendimiento y la experiencia de usuario.<\/p>\r\n<h4>TeamViewer Web Monitoring\r\n<\/h4>\r\n<ul>\r\n<li><a href=\"https:\/\/statics.v-valley.com\/prod\/2023\/06\/TV-WebMonitoring-Info-EMEA-es.pdf\" target=\"_blank\" rel=\"noopener\">Descarga Datasheet<\/a><\/li>\r\n<\/ul>\r\n\t<a name=\"form\"><\/a>\r\n<h2>\r\n\t\t\u00bfQuieres m\u00e1s informaci\u00f3n sobre estas soluciones?\r\n\t<\/h2>\r\n\t<p>D\u00e9janos tus datos y hablamos contigo<\/p>\r\n\t<form method=\"post\" enctype=\"multipart\/form-data\" id=\"vfbp-form-25\" class=\"vfbp-form\"><div style=\"display:none;\"><label for=\"vfbp-EMAIL-AN8fuQyoDLXem\">If you are human, leave this field blank.<\/label><input size=\"25\" autocomplete=\"off\" type=\"text\" name=\"vfbp-EMAIL-AN8fuQyoDLXem\" value=\"\" id=\"\"><\/div><input type=\"hidden\" name=\"_vfb-timestamp-25\" value=\"1778598513\" id=\"\"><input type=\"hidden\" name=\"_vfb-form-id\" value=\"25\" id=\"\"><div class=\"vfb-col-12 vfb-fieldType-instructions\" id=\"vfbField282\"><div class=\"vfb-form-group\"><label for=\"vfb-field-282\" class=\"vfb-control-label\"><b>Required information:<\/b><\/label><div class=\"\"><\/div><\/div><\/div><div class=\"vfb-clearfix\"><\/div><div class=\"vfb-col-6 vfb-fieldType-text\" id=\"vfbField283\"><div class=\"vfb-form-group\"><label for=\"vfb-field-283\" class=\"vfb-control-label\">Nombre y Apellido <span class=\"vfb-required-asterisk\">*<\/span><\/label><div><input id=\"vfb-field-283\" class=\"vfb-form-control\" placeholder=\"\" required=\"required\" type=\"text\" name=\"vfb-field-283\" value=\"\"><\/div><\/div><\/div><div class=\"vfb-col-6 vfb-fieldType-text\" id=\"vfbField284\"><div class=\"vfb-form-group\"><label for=\"vfb-field-284\" class=\"vfb-control-label\">Raz\u00f3n Social <span class=\"vfb-required-asterisk\">*<\/span><\/label><div><input id=\"vfb-field-284\" class=\"vfb-form-control\" placeholder=\"\" required=\"required\" type=\"text\" name=\"vfb-field-284\" value=\"\"><\/div><\/div><\/div><div class=\"vfb-clearfix\"><\/div><div class=\"vfb-col-6 vfb-fieldType-phone\" id=\"vfbField285\"><div class=\"vfb-form-group\"><label for=\"vfb-field-285\" class=\"vfb-control-label\">Tel\u00e9fono <span class=\"vfb-required-asterisk\">*<\/span><\/label><div><input id=\"vfb-field-285\" class=\"vfb-form-control vfb-intl-phone\" placeholder=\"\" required=\"required\" data-default-country=\"it\" data-number-type=\"MOBILE\" data-hide-flags=\"1\" data-national-mode=\"1\" data-auto-hide-dial-code=\"1\" type=\"tel\" name=\"vfb-field-285\" value=\"\"><\/div><\/div><\/div><div class=\"vfb-col-6 vfb-fieldType-email\" id=\"vfbField286\"><div class=\"vfb-form-group\"><label for=\"vfb-field-286\" class=\"vfb-control-label\">e-Mail <span class=\"vfb-required-asterisk\">*<\/span><\/label><div><input id=\"vfb-field-286\" class=\"vfb-form-control\" placeholder=\"\" required=\"required\" type=\"email\" name=\"vfb-field-286\" value=\"\"><\/div><\/div><\/div><div class=\"vfb-clearfix\"><\/div><div class=\"vfb-col-12 vfb-fieldType-instructions\" id=\"vfbField287\"><div class=\"vfb-form-group\"><label for=\"vfb-field-287\" class=\"vfb-control-label\"><b>Informaci\u00f3n opcional:<\/b><\/label><div class=\"\"><\/div><\/div><\/div><div class=\"vfb-clearfix\"><\/div><div class=\"vfb-col-6 vfb-fieldType-text\" id=\"vfbField288\"><div class=\"vfb-form-group\"><label for=\"vfb-field-288\" class=\"vfb-control-label\">NIF\/CIF<\/label><div><input id=\"vfb-field-288\" class=\"vfb-form-control\" placeholder=\"\" type=\"text\" name=\"vfb-field-288\" value=\"\"><\/div><\/div><\/div><div class=\"vfb-col-6 vfb-fieldType-text\" id=\"vfbField289\"><div class=\"vfb-form-group\"><label for=\"vfb-field-289\" class=\"vfb-control-label\">N\u00famero de cliente V-Valley<\/label><div><input id=\"vfb-field-289\" class=\"vfb-form-control\" placeholder=\"\" type=\"text\" name=\"vfb-field-289\" value=\"\"><\/div><\/div><\/div><div class=\"vfb-clearfix\"><\/div><div class=\"vfb-col-12 vfb-fieldType-text\" id=\"vfbField290\"><div class=\"vfb-form-group\"><label for=\"vfb-field-290\" class=\"vfb-control-label\">Rol comercial<\/label><div><input id=\"vfb-field-290\" class=\"vfb-form-control\" placeholder=\"\" type=\"text\" name=\"vfb-field-290\" value=\"\"><\/div><\/div><\/div><div class=\"vfb-clearfix\"><\/div><div class=\"vfb-col-12 vfb-fieldType-textarea\" id=\"vfbField291\"><div class=\"vfb-form-group\"><label for=\"vfb-field-291\" class=\"vfb-control-label\">Notas<\/label><div><textarea id=\"vfb-field-291\" class=\"vfb-form-control\" placeholder=\"\" rows=\"3\" name=\"vfb-field-291\" cols=\"50\"><\/textarea><\/div><\/div><\/div><div class=\"vfb-clearfix\"><\/div><div class=\"vfb-col-12 vfb-fieldType-hidden\" id=\"vfbField295\"><input id=\"vfb-field-295\" class=\"vfb-form-control\" placeholder=\"\" type=\"hidden\" name=\"vfb-field-295\" value=\"Sitio Web y presencia en internet\"><\/div><div class=\"vfb-clearfix\"><\/div><div class=\"vfb-col-12 vfb-fieldType-instructions\" id=\"vfbField292\"><div class=\"vfb-form-group\"><label for=\"vfb-field-292\" class=\"vfb-control-label\">Divulgaci\u00f3n<\/label><div class=\"\"><p><div class=\"fl-builder-content fl-builder-content-83893 fl-builder-template fl-builder-module-template fl-builder-global-templates-locked\" data-post-id=\"83893\"><div class=\"fl-module fl-module-rich-text fl-node-g4uw6jpmaoy2\" data-node=\"g4uw6jpmaoy2\">\n\t<div class=\"fl-module-content fl-node-content\">\n\t\t<div class=\"fl-rich-text\">\n\t<p>Estimado usuario, le informamos que mediante este formulario recogemos sus datos de contacto con la finalidad de ponernos en contacto con usted en relaci\u00f3n al inter\u00e9s mostrado. Uno de nuestros especialistas de la sociedad V-Valley Advanced Solutions Espa\u00f1a, S.A.U. (Responsable del tratamiento) se pondr\u00e1 en contacto telef\u00f3nicamente o por correo electr\u00f3nico. Sus datos no ser\u00e1n comunicados a terceros ni ser\u00e1n objeto de difusi\u00f3n; ser\u00e1n conservados por V-Valley Advanced Solutions Espa\u00f1a, S.A.U. durante un plazo m\u00e1ximo de 12 meses, sin perjuicio de la posibilidad de solicitar la supresi\u00f3n de estos antes de tal plazo.<br \/>\nPara cualquier aclaraci\u00f3n, puede ponerse en contacto a trav\u00e9s de la siguiente direcci\u00f3n <a href=\"mailto:privacy@v-valley.com\">privacy@v-valley.com<\/a><br \/>\nPara m\u00e1s informaci\u00f3n sobre el tratamiento de datos personales realizado por V-Valley Advanced Solutions Espa\u00f1a, S.A.U., consulte la <a href=\"https:\/\/policies.esprinet.com\/es\/esprinet\/privacy\" target=\"_blank\" rel=\"noopener\">Pol\u00edtica de Privacidad<\/a>.<\/p>\n<\/div>\n\t<\/div>\n<\/div>\n<\/div><\/p>\n<\/div><\/div><\/div><div class=\"vfb-clearfix\"><\/div><div class=\"vfb-col-12 vfb-fieldType-captcha\" id=\"vfbField293\"><div class=\"vfb-form-group\"><label for=\"vfb-field-293\" class=\"vfb-control-label\">Captcha <span class=\"vfb-required-asterisk\">*<\/span><\/label><div><div class=\"g-recaptcha\" data-sitekey=\"6Lf1ytsiAAAAAEG8JxJHgJzU7R8dykbVhqQAbadd\"><\/div><input type=\"hidden\" name=\"_vfb_recaptcha_enabled\" value=\"1\" id=\"\"><div class=\"vfb-has-error\" id=\"vfb-recaptcha-error\"><span class=\"vfb-help-block\">reCAPTCHA is required.<\/span><\/div><\/div><\/div><\/div><div class=\"vfb-clearfix\"><\/div><div class=\"vfb-col-12 vfb-fieldType-submit\" id=\"vfbField294\"><button id=\"vfb-field-294\" class=\" btn btn-primary\" placeholder=\"\" type=\"submit\" name=\"_vfb-submit\">Enviar<\/button><\/div><div class=\"vfb-clearfix\"><\/div><\/form>\r\n\r\n","protected":false},"excerpt":{"rendered":"<p>Objetivo El principal objetivo de esta categor\u00eda es que ofrecer una p\u00e1gina web para dar al cliente visibilidad en internet. Importe m\u00e1ximo de la ayuda 0 &lt; 3 empleados: 2.000\u20ac 3 &lt; 9 empleados: 2.000\u20ac 10 &lt; 50 empleados: 2.000\u20ac Funcionalidades y servicios que debe ofrecer la soluci\u00f3n Dominio: la soluci\u00f3n incluir\u00e1 el dominio de [&hellip;]<\/p>\n","protected":false},"author":6,"featured_media":0,"parent":84125,"menu_order":0,"comment_status":"closed","ping_status":"closed","template":"templates\/template-generic-full-content.php","meta":{"_acf_changed":false,"_genesis_hide_title":false,"_genesis_hide_breadcrumbs":false,"_genesis_hide_singular_image":false,"_genesis_hide_footer_widgets":false,"_genesis_custom_body_class":"","_genesis_custom_post_class":"","_genesis_layout":"","footnotes":""},"class_list":{"0":"post-84287","1":"page","2":"type-page","3":"status-publish","5":"entry"},"acf":[],"_links":{"self":[{"href":"https:\/\/www.v-valley.com\/es\/wp-json\/wp\/v2\/pages\/84287","targetHints":{"allow":["GET"]}}],"collection":[{"href":"https:\/\/www.v-valley.com\/es\/wp-json\/wp\/v2\/pages"}],"about":[{"href":"https:\/\/www.v-valley.com\/es\/wp-json\/wp\/v2\/types\/page"}],"author":[{"embeddable":true,"href":"https:\/\/www.v-valley.com\/es\/wp-json\/wp\/v2\/users\/6"}],"replies":[{"embeddable":true,"href":"https:\/\/www.v-valley.com\/es\/wp-json\/wp\/v2\/comments?post=84287"}],"version-history":[{"count":1,"href":"https:\/\/www.v-valley.com\/es\/wp-json\/wp\/v2\/pages\/84287\/revisions"}],"predecessor-version":[{"id":494929,"href":"https:\/\/www.v-valley.com\/es\/wp-json\/wp\/v2\/pages\/84287\/revisions\/494929"}],"up":[{"embeddable":true,"href":"https:\/\/www.v-valley.com\/es\/wp-json\/wp\/v2\/pages\/84125"}],"wp:attachment":[{"href":"https:\/\/www.v-valley.com\/es\/wp-json\/wp\/v2\/media?parent=84287"}],"curies":[{"name":"wp","href":"https:\/\/api.w.org\/{rel}","templated":true}]}}