{"id":84260,"date":"2023-03-16T17:03:06","date_gmt":"2023-03-16T16:03:06","guid":{"rendered":"https:\/\/www.v-valley.com\/?page_id=84260"},"modified":"2025-01-21T18:00:12","modified_gmt":"2025-01-21T17:00:12","slug":"oficina-virtual","status":"publish","type":"page","link":"https:\/\/www.v-valley.com\/es\/catalogo-de-soluciones-kit-digital\/oficina-virtual\/","title":{"rendered":"Oficina virtual"},"content":{"rendered":"\r\n<h3>\r\n\t\tObjetivo\r\n\t<\/h3>\r\n\t<p>El principal objetivo de esta categor\u00eda es implantar en la empresa soluciones interactivas y funcionales que permitan la colaboraci\u00f3n m\u00e1s eficiente entre los trabadores.<\/p>\r\n<h4>\r\n\t\tImporte m\u00e1ximo de la ayuda\r\n\t<\/h4>\r\n\t<ul>\r\n<li>0 &lt; 3 empleados: 250\u20ac\/usuario (hasta 2 usuarios)<\/li>\r\n<li>3 &lt; 9 empleados: 250\u20ac\/usuario (hasta 9 usuarios)<\/li>\r\n<li>10 &lt; 50 empleados: 250\u20ac\/usuario (hasta 48 usuarios)<\/li>\r\n<\/ul>\r\n<h2>\r\n\t\tFuncionalidades y servicios que debe ofrecer la soluci\u00f3n\r\n\t<\/h2>\r\n\t\t\t <p><strong>Colaboraci\u00f3n en equipos de trabajo<\/strong>: con asistencia por parte del Agente Digitalizador en el proceso creativo de ideaci\u00f3n o gesti\u00f3n de equipos para la gesti\u00f3n colaborativa de proyectos, compartir recursos y\/o conocimientos, dotar de herramientas para la interacci\u00f3n de los equipos en los procesos de ideaci\u00f3n o resoluci\u00f3n de problemas, as\u00ed como la configuraci\u00f3n y personalizaci\u00f3n de flujos de trabajo, tareas, etc.<\/p>\r\n\t\t\t <p><strong>Almacenar y compartir archivos<\/strong>: 1 TB de almacenamiento.<\/p>\r\n\t\t\t <p><strong>Compatibilidad con dispositivos m\u00f3viles<\/strong>: soluci\u00f3n compatible con dispositivos m\u00f3viles.<\/p>\t\t\r\n\t\t\t <p><strong>Calendario y agenda<\/strong>: deber\u00e1 permitir organizar un calendario y tareas previstas.<\/p>\r\n\t<h2>\r\n\t\tEntre nuestros fabricantes, te pueden ayudar a crear tu soluci\u00f3n&#8230;\r\n\t<\/h2>\r\n\t\t\t\tMicrosoft\r\n\t\t\t\t\t\t\tMicrosoft\r\n\t\t\t\t<p><img loading=\"lazy\" decoding=\"async\" src=\"https:\/\/statics.v-valley.com\/prod\/2022\/11\/logo_Microsoft.gif\" alt=\"\" width=\"150\" height=\"150\" \/><\/p>\r\n<p><strong>Microsoft Teams<\/strong> Essentials y <strong>Microsoft 365 Empresa<\/strong> en sus diferentes modalidades &#8211; B\u00e1sico, Est\u00e1ndar o Premium -, ofrecen soluciones id\u00f3neas para la oficina virtual. Comunicaci\u00f3n simplificada y mejora en la productividad, a lo que se van a\u00f1adiendo seg\u00fan las versiones m\u00e1s aplicaciones de escritorio y gesti\u00f3n de citas, e incluso capacidades de seguridad y privacidad avanzadas. Otra soluci\u00f3n de Puesto de Trabajo Virtual, que permite acceder a tanto al escritorio como a las aplicaciones de la empresa desde casi cualquier lugar, es <strong>Azure Virtual Desktop<\/strong>. Proporciona a los usuarios finales la familiaridad y la compatibilidad de Windows 11.<\/p>\r\n<h4>Teams Essentials\r\n<\/h4>\r\n<ul>\r\n<li><a href=\"https:\/\/statics.v-valley.com\/prod\/2023\/07\/MicrosoftTeams-M365-OficinaVirtual-KitDigital.pdf\" target=\"_blank\" rel=\"noopener\">Descarga resumen<\/a><\/li>\r\n<li><a href=\"https:\/\/statics.v-valley.com\/prod\/2023\/06\/Teams-Essentials-Customer-Sales-Pitch-Deck.pdf\" target=\"_blank\" rel=\"noopener\">Presentaci\u00f3n Teams Essentials<\/a><\/li>\r\n<\/ul>\r\n<h4>Microsoft 365 Empresa\r\n<\/h4>\r\n<ul>\r\n<li><a href=\"https:\/\/statics.v-valley.com\/prod\/2023\/07\/MicrosoftTeams-M365-OficinaVirtual-KitDigital.pdf\" target=\"_blank\" rel=\"noopener\">Descarga resumen<\/a><\/li>\r\n<\/ul>\r\n<h4>Azure Virtual Desktop\r\n<\/h4>\r\n<ul>\r\n<li><a href=\"https:\/\/statics.v-valley.com\/prod\/2023\/07\/MicrosoftAzureVirtualDesktop-PuestoTrabajo-KitDigital.pdf\" target=\"_blank\" rel=\"noopener\">Descarga resumen<\/a><\/li>\r\n<\/ul>\r\n\t<a name=\"form\"><\/a>\r\n<h2>\r\n\t\t\u00bfQuieres m\u00e1s informaci\u00f3n sobre estas soluciones?\r\n\t<\/h2>\r\n\t<p>D\u00e9janos tus datos y hablamos contigo<\/p>\r\n\t<form method=\"post\" enctype=\"multipart\/form-data\" id=\"vfbp-form-25\" class=\"vfbp-form\"><div style=\"display:none;\"><label for=\"vfbp-EMAIL-AN8fuQyoDLXem\">If you are human, leave this field blank.<\/label><input size=\"25\" autocomplete=\"off\" type=\"text\" name=\"vfbp-EMAIL-AN8fuQyoDLXem\" value=\"\" id=\"\"><\/div><input type=\"hidden\" name=\"_vfb-timestamp-25\" value=\"1778598260\" id=\"\"><input type=\"hidden\" name=\"_vfb-form-id\" value=\"25\" id=\"\"><div class=\"vfb-col-12 vfb-fieldType-instructions\" id=\"vfbField282\"><div class=\"vfb-form-group\"><label for=\"vfb-field-282\" class=\"vfb-control-label\"><b>Required information:<\/b><\/label><div class=\"\"><\/div><\/div><\/div><div class=\"vfb-clearfix\"><\/div><div class=\"vfb-col-6 vfb-fieldType-text\" id=\"vfbField283\"><div class=\"vfb-form-group\"><label for=\"vfb-field-283\" class=\"vfb-control-label\">Nombre y Apellido <span class=\"vfb-required-asterisk\">*<\/span><\/label><div><input id=\"vfb-field-283\" class=\"vfb-form-control\" placeholder=\"\" required=\"required\" type=\"text\" name=\"vfb-field-283\" value=\"\"><\/div><\/div><\/div><div class=\"vfb-col-6 vfb-fieldType-text\" id=\"vfbField284\"><div class=\"vfb-form-group\"><label for=\"vfb-field-284\" class=\"vfb-control-label\">Raz\u00f3n Social <span class=\"vfb-required-asterisk\">*<\/span><\/label><div><input id=\"vfb-field-284\" class=\"vfb-form-control\" placeholder=\"\" required=\"required\" type=\"text\" name=\"vfb-field-284\" value=\"\"><\/div><\/div><\/div><div class=\"vfb-clearfix\"><\/div><div class=\"vfb-col-6 vfb-fieldType-phone\" id=\"vfbField285\"><div class=\"vfb-form-group\"><label for=\"vfb-field-285\" class=\"vfb-control-label\">Tel\u00e9fono <span class=\"vfb-required-asterisk\">*<\/span><\/label><div><input id=\"vfb-field-285\" class=\"vfb-form-control vfb-intl-phone\" placeholder=\"\" required=\"required\" data-default-country=\"it\" data-number-type=\"MOBILE\" data-hide-flags=\"1\" data-national-mode=\"1\" data-auto-hide-dial-code=\"1\" type=\"tel\" name=\"vfb-field-285\" value=\"\"><\/div><\/div><\/div><div class=\"vfb-col-6 vfb-fieldType-email\" id=\"vfbField286\"><div class=\"vfb-form-group\"><label for=\"vfb-field-286\" class=\"vfb-control-label\">e-Mail <span class=\"vfb-required-asterisk\">*<\/span><\/label><div><input id=\"vfb-field-286\" class=\"vfb-form-control\" placeholder=\"\" required=\"required\" type=\"email\" name=\"vfb-field-286\" value=\"\"><\/div><\/div><\/div><div class=\"vfb-clearfix\"><\/div><div class=\"vfb-col-12 vfb-fieldType-instructions\" id=\"vfbField287\"><div class=\"vfb-form-group\"><label for=\"vfb-field-287\" class=\"vfb-control-label\"><b>Informaci\u00f3n opcional:<\/b><\/label><div class=\"\"><\/div><\/div><\/div><div class=\"vfb-clearfix\"><\/div><div class=\"vfb-col-6 vfb-fieldType-text\" id=\"vfbField288\"><div class=\"vfb-form-group\"><label for=\"vfb-field-288\" class=\"vfb-control-label\">NIF\/CIF<\/label><div><input id=\"vfb-field-288\" class=\"vfb-form-control\" placeholder=\"\" type=\"text\" name=\"vfb-field-288\" value=\"\"><\/div><\/div><\/div><div class=\"vfb-col-6 vfb-fieldType-text\" id=\"vfbField289\"><div class=\"vfb-form-group\"><label for=\"vfb-field-289\" class=\"vfb-control-label\">N\u00famero de cliente V-Valley<\/label><div><input id=\"vfb-field-289\" class=\"vfb-form-control\" placeholder=\"\" type=\"text\" name=\"vfb-field-289\" value=\"\"><\/div><\/div><\/div><div class=\"vfb-clearfix\"><\/div><div class=\"vfb-col-12 vfb-fieldType-text\" id=\"vfbField290\"><div class=\"vfb-form-group\"><label for=\"vfb-field-290\" class=\"vfb-control-label\">Rol comercial<\/label><div><input id=\"vfb-field-290\" class=\"vfb-form-control\" placeholder=\"\" type=\"text\" name=\"vfb-field-290\" value=\"\"><\/div><\/div><\/div><div class=\"vfb-clearfix\"><\/div><div class=\"vfb-col-12 vfb-fieldType-textarea\" id=\"vfbField291\"><div class=\"vfb-form-group\"><label for=\"vfb-field-291\" class=\"vfb-control-label\">Notas<\/label><div><textarea id=\"vfb-field-291\" class=\"vfb-form-control\" placeholder=\"\" rows=\"3\" name=\"vfb-field-291\" cols=\"50\"><\/textarea><\/div><\/div><\/div><div class=\"vfb-clearfix\"><\/div><div class=\"vfb-col-12 vfb-fieldType-hidden\" id=\"vfbField295\"><input id=\"vfb-field-295\" class=\"vfb-form-control\" placeholder=\"\" type=\"hidden\" name=\"vfb-field-295\" value=\"Oficina virtual\"><\/div><div class=\"vfb-clearfix\"><\/div><div class=\"vfb-col-12 vfb-fieldType-instructions\" id=\"vfbField292\"><div class=\"vfb-form-group\"><label for=\"vfb-field-292\" class=\"vfb-control-label\">Divulgaci\u00f3n<\/label><div class=\"\"><p><div class=\"fl-builder-content fl-builder-content-83893 fl-builder-template fl-builder-module-template fl-builder-global-templates-locked\" data-post-id=\"83893\"><div class=\"fl-module fl-module-rich-text fl-node-g4uw6jpmaoy2\" data-node=\"g4uw6jpmaoy2\">\n\t<div class=\"fl-module-content fl-node-content\">\n\t\t<div class=\"fl-rich-text\">\n\t<p>Estimado usuario, le informamos que mediante este formulario recogemos sus datos de contacto con la finalidad de ponernos en contacto con usted en relaci\u00f3n al inter\u00e9s mostrado. Uno de nuestros especialistas de la sociedad V-Valley Advanced Solutions Espa\u00f1a, S.A.U. (Responsable del tratamiento) se pondr\u00e1 en contacto telef\u00f3nicamente o por correo electr\u00f3nico. Sus datos no ser\u00e1n comunicados a terceros ni ser\u00e1n objeto de difusi\u00f3n; ser\u00e1n conservados por V-Valley Advanced Solutions Espa\u00f1a, S.A.U. durante un plazo m\u00e1ximo de 12 meses, sin perjuicio de la posibilidad de solicitar la supresi\u00f3n de estos antes de tal plazo.<br \/>\nPara cualquier aclaraci\u00f3n, puede ponerse en contacto a trav\u00e9s de la siguiente direcci\u00f3n <a href=\"mailto:privacy@v-valley.com\">privacy@v-valley.com<\/a><br \/>\nPara m\u00e1s informaci\u00f3n sobre el tratamiento de datos personales realizado por V-Valley Advanced Solutions Espa\u00f1a, S.A.U., consulte la <a href=\"https:\/\/policies.esprinet.com\/es\/esprinet\/privacy\" target=\"_blank\" rel=\"noopener\">Pol\u00edtica de Privacidad<\/a>.<\/p>\n<\/div>\n\t<\/div>\n<\/div>\n<\/div><\/p>\n<\/div><\/div><\/div><div class=\"vfb-clearfix\"><\/div><div class=\"vfb-col-12 vfb-fieldType-captcha\" id=\"vfbField293\"><div class=\"vfb-form-group\"><label for=\"vfb-field-293\" class=\"vfb-control-label\">Captcha <span class=\"vfb-required-asterisk\">*<\/span><\/label><div><div class=\"g-recaptcha\" data-sitekey=\"6Lf1ytsiAAAAAEG8JxJHgJzU7R8dykbVhqQAbadd\"><\/div><input type=\"hidden\" name=\"_vfb_recaptcha_enabled\" value=\"1\" id=\"\"><div class=\"vfb-has-error\" id=\"vfb-recaptcha-error\"><span class=\"vfb-help-block\">reCAPTCHA is required.<\/span><\/div><\/div><\/div><\/div><div class=\"vfb-clearfix\"><\/div><div class=\"vfb-col-12 vfb-fieldType-submit\" id=\"vfbField294\"><button id=\"vfb-field-294\" class=\" btn btn-primary\" placeholder=\"\" type=\"submit\" name=\"_vfb-submit\">Enviar<\/button><\/div><div class=\"vfb-clearfix\"><\/div><\/form>\r\n\r\n","protected":false},"excerpt":{"rendered":"<p>Objetivo El principal objetivo de esta categor\u00eda es implantar en la empresa soluciones interactivas y funcionales que permitan la colaboraci\u00f3n m\u00e1s eficiente entre los trabadores. Importe m\u00e1ximo de la ayuda 0 &lt; 3 empleados: 250\u20ac\/usuario (hasta 2 usuarios) 3 &lt; 9 empleados: 250\u20ac\/usuario (hasta 9 usuarios) 10 &lt; 50 empleados: 250\u20ac\/usuario (hasta 48 usuarios) Funcionalidades [&hellip;]<\/p>\n","protected":false},"author":6,"featured_media":0,"parent":84125,"menu_order":0,"comment_status":"closed","ping_status":"closed","template":"templates\/template-generic-full-content.php","meta":{"_acf_changed":false,"_genesis_hide_title":false,"_genesis_hide_breadcrumbs":false,"_genesis_hide_singular_image":false,"_genesis_hide_footer_widgets":false,"_genesis_custom_body_class":"","_genesis_custom_post_class":"","_genesis_layout":"","footnotes":""},"class_list":{"0":"post-84260","1":"page","2":"type-page","3":"status-publish","5":"entry"},"acf":[],"_links":{"self":[{"href":"https:\/\/www.v-valley.com\/es\/wp-json\/wp\/v2\/pages\/84260","targetHints":{"allow":["GET"]}}],"collection":[{"href":"https:\/\/www.v-valley.com\/es\/wp-json\/wp\/v2\/pages"}],"about":[{"href":"https:\/\/www.v-valley.com\/es\/wp-json\/wp\/v2\/types\/page"}],"author":[{"embeddable":true,"href":"https:\/\/www.v-valley.com\/es\/wp-json\/wp\/v2\/users\/6"}],"replies":[{"embeddable":true,"href":"https:\/\/www.v-valley.com\/es\/wp-json\/wp\/v2\/comments?post=84260"}],"version-history":[{"count":1,"href":"https:\/\/www.v-valley.com\/es\/wp-json\/wp\/v2\/pages\/84260\/revisions"}],"predecessor-version":[{"id":494928,"href":"https:\/\/www.v-valley.com\/es\/wp-json\/wp\/v2\/pages\/84260\/revisions\/494928"}],"up":[{"embeddable":true,"href":"https:\/\/www.v-valley.com\/es\/wp-json\/wp\/v2\/pages\/84125"}],"wp:attachment":[{"href":"https:\/\/www.v-valley.com\/es\/wp-json\/wp\/v2\/media?parent=84260"}],"curies":[{"name":"wp","href":"https:\/\/api.w.org\/{rel}","templated":true}]}}