{"id":84159,"date":"2023-03-14T14:47:05","date_gmt":"2023-03-14T13:47:05","guid":{"rendered":"https:\/\/www.v-valley.com\/?page_id=84159"},"modified":"2023-06-30T11:34:39","modified_gmt":"2023-06-30T09:34:39","slug":"gestion-clientes-proveedores","status":"publish","type":"page","link":"https:\/\/www.v-valley.com\/es\/catalogo-de-soluciones-kit-digital\/gestion-clientes-proveedores\/","title":{"rendered":"Gesti\u00f3n de clientes y\/o proveedores"},"content":{"rendered":"\n<h3>\n\t\tObjetivo\n\t<\/h3>\n\t<p>Gesti\u00f3n de clientes para almacenar y consultar sus datos, desde su alta como oportunidad de negocio, y simular la compra de productos o contrataci\u00f3n de servicios.<\/p>\n<h4>\n\t\tImporte m\u00e1ximo de la ayuda\n\t<\/h4>\n\t<ul>\n<li>0 &lt; 3 empleados: 2.000\u20ac (incluye 1 usuario)<\/li>\n<li>3 &lt; 9 empleados: 2.000\u20ac (incluye 1 usuario)<\/li>\n<li>10 &lt; 50 empleados: 4.000\u20ac (incluye 3 usuarios)<\/li>\n<\/ul>\n<h2>\n\t\tFuncionalidades y servicios que debe ofrecer la soluci\u00f3n\n\t<\/h2>\n\t\t\t <p><strong>Gesti\u00f3n de clientes<\/strong>: posibilidad de almacenar y consultar los datos de cada cliente, desde su alta como oportunidad de negocio, y simular la compra de productos o contrataci\u00f3n de servicios.<\/p>\t\t\n\t\t\t <p><strong>Gesti\u00f3n de Clientes potenciales (Leads)<\/strong>: permitir\u00e1 dar de alta nuevos Leads de forma manual o mediante una importaci\u00f3n por fichero. Los datos asociados a los Leads permitir\u00e1n su gesti\u00f3n comercial con el objetivo de convertirlos en clientes. Adicionalmente se podr\u00e1n parametrizar reglas de negocio para la asignaci\u00f3n de Leads seg\u00fan diferentes criterios.<\/p>\n\t\t\t <p><strong>Gesti\u00f3n de oportunidades<\/strong>: permitir\u00e1 gestionar todas las oportunidades de negocio que conlleven el env\u00edo al cliente potencial o Lead de ofertas y presupuestos. Adem\u00e1s, se podr\u00e1 comprobar el estado de cada oportunidad (en an\u00e1lisis, oferta presentada, en negociaci\u00f3n, ganadas, canceladas, etc.).<\/p>\n\t\t\t <p><strong>Acciones o tareas comerciales<\/strong>: la herramienta implantada por el Agente Digitalizador permitir\u00e1 crear acciones y tareas comerciales, tanto de forma manual como autom\u00e1tica.<\/p>\n\t\t\t <p><strong>Reporting, planificaci\u00f3n y seguimiento comercial<\/strong>: permitir\u00e1 realizar seguimiento mediante indicadores (KPI\u00b4s), listado de oportunidades, y otros, con diferentes niveles de agregaci\u00f3n de informaci\u00f3n en funci\u00f3n de las necesidades del cliente. Permitir\u00e1 tambi\u00e9n generar informes para el seguimiento y monitorizaci\u00f3n de la actividad comercial, contemplando ratios de eficiencia, estado de fases, pipeline y otros atributos medibles (como productos, cotizaciones, etc.), y seg\u00fan los canales, perfiles, roles y\/o fases comerciales. Estos informes podr\u00e1n mostrar, al menos, datos mensuales, acumulados y\/o comparativos entre diferentes ejercicios comerciales.<\/p>\n\t\t\t <p><strong>Alertas<\/strong>: se deber\u00e1n visualizar Alertas de Clientes en formato gr\u00e1fico de diferente tipolog\u00eda (iconos, mensajes emergentes, etc.).<\/p>\n\t\t\t <p><strong>Gesti\u00f3n documental<\/strong>: la soluci\u00f3n incluir\u00e1 un software para la gesti\u00f3n centralizada de la documentaci\u00f3n capaz de insertar y\/o vincular documentos tanto relativos a la actividad comercial, como los proporcionados por los propios clientes.<\/p>\n\t\t\t <p><strong>Dise\u00f1o Responsive<\/strong>: interfaz funcional en todo tipo de dispositivos.<\/p>\n\t\t\t <p><strong>Integraci\u00f3n con diversas plataformas<\/strong>: dispondr\u00e1 de APIs o Web Services para la consolidaci\u00f3n de la informaci\u00f3n y datos de toda la empresa.<\/p>\n\t<h2>\n\t\tEntre nuestros fabricantes, te pueden ayudar a crear tu soluci\u00f3n&#8230;\n\t<\/h2>\n\t\t\t\tMicrosoft\n\t\t\t\tSage\n\t\t\t\t\t\t\tMicrosoft\n\t\t\t\t<p><img loading=\"lazy\" decoding=\"async\" src=\"https:\/\/statics.v-valley.com\/prod\/2022\/11\/logo_Microsoft.gif\" alt=\"\" width=\"150\" height=\"150\" \/><\/p>\n<p><strong>Dynamics 365 Sales Professional<\/strong>\u00a0permite simplifique las ventas y cerrar operaciones con mayor rapidez, optimizando los flujos de trabajo, acortando los ciclos de venta y accediendo f\u00e1cilmente a clientes potenciales, oportunidades, cuentas y pedidos de venta con una aplicaci\u00f3n\u00a0<em><strong>\u00abtodo en uno\u00bb<\/strong><\/em>. Adem\u00e1s, est\u00e1 dise\u00f1ada para ponerse en marcha r\u00e1pida y f\u00e1cilmente.<\/p>\n<p><strong>Dynamics 365 Sales Professional ofrece:<\/strong><\/p>\n<ul>\n<li>Informaci\u00f3n visual<\/li>\n<li>Vista de Customer 360\u00b0<\/li>\n<\/ul>\n<h4>Dynamics 365 Sales Professional\n<\/h4>\n<ul>\n<li><a href=\"https:\/\/statics.v-valley.com\/prod\/2023\/06\/MICROS1.pdf\" target=\"_blank\" rel=\"noopener\">Ver resumen<\/a><\/li>\n<\/ul>\n\t\t\t\t\t\t\tSage\n\t\t\t\t<p><img loading=\"lazy\" decoding=\"async\" src=\"https:\/\/statics.v-valley.com\/prod\/2023\/02\/logo_sage.gif\" alt=\"\" width=\"150\" height=\"150\" \/><\/p>\n<p><strong>Sage 50: contabilidad y gesti\u00f3n en un \u00fanico programa.<\/strong> Programa de gesti\u00f3n comercial y contabilidad integrada que permite administrar y controlar todas las \u00e1reas del negocio. Sage 50 est\u00e1 dise\u00f1ado para aumentar la productividad y adaptarse a los nuevos retos. Permite gestionar la contabilidad y facturaci\u00f3n de la empresa con la tecnolog\u00eda m\u00e1s avanzada en movilidad, seguridad y colaboraci\u00f3n online.<\/p>\n<h4>Sage 50\n<\/h4>\n<ul>\n<li><a href=\"https:\/\/v-valley.es\/wp-content\/uploads\/2022\/02\/SAGE-50-CL_ACG_ES_SMA_PDF_TOFU_BossIt.pdf\" target=\"_blank\" rel=\"noopener\">Libro electr\u00f3nico: \u00ab7 formas para controlar mejor tu negocio\u00bb<\/a><\/li>\n<\/ul>\n\t<a name=\"form\"><\/a>\n<h2>\n\t\t\u00bfQuieres m\u00e1s informaci\u00f3n sobre estas soluciones?\n\t<\/h2>\n\t<p>D\u00e9janos tus datos y hablamos contigo<\/p>\n\t<form method=\"post\" enctype=\"multipart\/form-data\" id=\"vfbp-form-25\" class=\"vfbp-form\"><div style=\"display:none;\"><label for=\"vfbp-EMAIL-AN8fuQyoDLXem\">If you are human, leave this field blank.<\/label><input size=\"25\" autocomplete=\"off\" type=\"text\" name=\"vfbp-EMAIL-AN8fuQyoDLXem\" value=\"\" id=\"\"><\/div><input type=\"hidden\" name=\"_vfb-timestamp-25\" value=\"1777505236\" id=\"\"><input type=\"hidden\" name=\"_vfb-form-id\" value=\"25\" id=\"\"><div class=\"vfb-col-12 vfb-fieldType-instructions\" id=\"vfbField282\"><div class=\"vfb-form-group\"><label for=\"vfb-field-282\" class=\"vfb-control-label\"><b>Required information:<\/b><\/label><div class=\"\"><\/div><\/div><\/div><div class=\"vfb-clearfix\"><\/div><div class=\"vfb-col-6 vfb-fieldType-text\" id=\"vfbField283\"><div class=\"vfb-form-group\"><label for=\"vfb-field-283\" class=\"vfb-control-label\">Nombre y Apellido <span class=\"vfb-required-asterisk\">*<\/span><\/label><div><input id=\"vfb-field-283\" class=\"vfb-form-control\" placeholder=\"\" required=\"required\" type=\"text\" name=\"vfb-field-283\" value=\"\"><\/div><\/div><\/div><div class=\"vfb-col-6 vfb-fieldType-text\" id=\"vfbField284\"><div class=\"vfb-form-group\"><label for=\"vfb-field-284\" class=\"vfb-control-label\">Raz\u00f3n Social <span class=\"vfb-required-asterisk\">*<\/span><\/label><div><input id=\"vfb-field-284\" class=\"vfb-form-control\" placeholder=\"\" required=\"required\" type=\"text\" name=\"vfb-field-284\" value=\"\"><\/div><\/div><\/div><div class=\"vfb-clearfix\"><\/div><div class=\"vfb-col-6 vfb-fieldType-phone\" id=\"vfbField285\"><div class=\"vfb-form-group\"><label for=\"vfb-field-285\" class=\"vfb-control-label\">Tel\u00e9fono <span class=\"vfb-required-asterisk\">*<\/span><\/label><div><input id=\"vfb-field-285\" class=\"vfb-form-control vfb-intl-phone\" placeholder=\"\" required=\"required\" data-default-country=\"it\" data-number-type=\"MOBILE\" data-hide-flags=\"1\" data-national-mode=\"1\" data-auto-hide-dial-code=\"1\" type=\"tel\" name=\"vfb-field-285\" value=\"\"><\/div><\/div><\/div><div class=\"vfb-col-6 vfb-fieldType-email\" id=\"vfbField286\"><div class=\"vfb-form-group\"><label for=\"vfb-field-286\" class=\"vfb-control-label\">e-Mail <span class=\"vfb-required-asterisk\">*<\/span><\/label><div><input id=\"vfb-field-286\" class=\"vfb-form-control\" placeholder=\"\" required=\"required\" type=\"email\" name=\"vfb-field-286\" value=\"\"><\/div><\/div><\/div><div class=\"vfb-clearfix\"><\/div><div class=\"vfb-col-12 vfb-fieldType-instructions\" id=\"vfbField287\"><div class=\"vfb-form-group\"><label for=\"vfb-field-287\" class=\"vfb-control-label\"><b>Informaci\u00f3n opcional:<\/b><\/label><div class=\"\"><\/div><\/div><\/div><div class=\"vfb-clearfix\"><\/div><div class=\"vfb-col-6 vfb-fieldType-text\" id=\"vfbField288\"><div class=\"vfb-form-group\"><label for=\"vfb-field-288\" class=\"vfb-control-label\">NIF\/CIF<\/label><div><input id=\"vfb-field-288\" class=\"vfb-form-control\" placeholder=\"\" type=\"text\" name=\"vfb-field-288\" value=\"\"><\/div><\/div><\/div><div class=\"vfb-col-6 vfb-fieldType-text\" id=\"vfbField289\"><div class=\"vfb-form-group\"><label for=\"vfb-field-289\" class=\"vfb-control-label\">N\u00famero de cliente V-Valley<\/label><div><input id=\"vfb-field-289\" class=\"vfb-form-control\" placeholder=\"\" type=\"text\" name=\"vfb-field-289\" value=\"\"><\/div><\/div><\/div><div class=\"vfb-clearfix\"><\/div><div class=\"vfb-col-12 vfb-fieldType-text\" id=\"vfbField290\"><div class=\"vfb-form-group\"><label for=\"vfb-field-290\" class=\"vfb-control-label\">Rol comercial<\/label><div><input id=\"vfb-field-290\" class=\"vfb-form-control\" placeholder=\"\" type=\"text\" name=\"vfb-field-290\" value=\"\"><\/div><\/div><\/div><div class=\"vfb-clearfix\"><\/div><div class=\"vfb-col-12 vfb-fieldType-textarea\" id=\"vfbField291\"><div class=\"vfb-form-group\"><label for=\"vfb-field-291\" class=\"vfb-control-label\">Notas<\/label><div><textarea id=\"vfb-field-291\" class=\"vfb-form-control\" placeholder=\"\" rows=\"3\" name=\"vfb-field-291\" cols=\"50\"><\/textarea><\/div><\/div><\/div><div class=\"vfb-clearfix\"><\/div><div class=\"vfb-col-12 vfb-fieldType-hidden\" id=\"vfbField295\"><input id=\"vfb-field-295\" class=\"vfb-form-control\" placeholder=\"\" type=\"hidden\" name=\"vfb-field-295\" value=\"Gesti&oacute;n de clientes y\/o proveedores\"><\/div><div class=\"vfb-clearfix\"><\/div><div class=\"vfb-col-12 vfb-fieldType-instructions\" id=\"vfbField292\"><div class=\"vfb-form-group\"><label for=\"vfb-field-292\" class=\"vfb-control-label\">Divulgaci\u00f3n<\/label><div class=\"\"><p><div class=\"fl-builder-content fl-builder-content-83893 fl-builder-template fl-builder-module-template fl-builder-global-templates-locked\" data-post-id=\"83893\"><div class=\"fl-module fl-module-rich-text fl-node-g4uw6jpmaoy2\" data-node=\"g4uw6jpmaoy2\">\n\t<div class=\"fl-module-content fl-node-content\">\n\t\t<div class=\"fl-rich-text\">\n\t<p>Estimado usuario, le informamos que mediante este formulario recogemos sus datos de contacto con la finalidad de ponernos en contacto con usted en relaci\u00f3n al inter\u00e9s mostrado. Uno de nuestros especialistas de la sociedad V-Valley Advanced Solutions Espa\u00f1a, S.A.U. (Responsable del tratamiento) se pondr\u00e1 en contacto telef\u00f3nicamente o por correo electr\u00f3nico. Sus datos no ser\u00e1n comunicados a terceros ni ser\u00e1n objeto de difusi\u00f3n; ser\u00e1n conservados por V-Valley Advanced Solutions Espa\u00f1a, S.A.U. durante un plazo m\u00e1ximo de 12 meses, sin perjuicio de la posibilidad de solicitar la supresi\u00f3n de estos antes de tal plazo.<br \/>\nPara cualquier aclaraci\u00f3n, puede ponerse en contacto a trav\u00e9s de la siguiente direcci\u00f3n <a href=\"mailto:privacy@v-valley.com\">privacy@v-valley.com<\/a><br \/>\nPara m\u00e1s informaci\u00f3n sobre el tratamiento de datos personales realizado por V-Valley Advanced Solutions Espa\u00f1a, S.A.U., consulte la <a href=\"https:\/\/policies.esprinet.com\/es\/esprinet\/privacy\" target=\"_blank\" rel=\"noopener\">Pol\u00edtica de Privacidad<\/a>.<\/p>\n<\/div>\n\t<\/div>\n<\/div>\n<\/div><\/p>\n<\/div><\/div><\/div><div class=\"vfb-clearfix\"><\/div><div class=\"vfb-col-12 vfb-fieldType-captcha\" id=\"vfbField293\"><div class=\"vfb-form-group\"><label for=\"vfb-field-293\" class=\"vfb-control-label\">Captcha <span class=\"vfb-required-asterisk\">*<\/span><\/label><div><div class=\"g-recaptcha\" data-sitekey=\"6Lf1ytsiAAAAAEG8JxJHgJzU7R8dykbVhqQAbadd\"><\/div><input type=\"hidden\" name=\"_vfb_recaptcha_enabled\" value=\"1\" id=\"\"><div class=\"vfb-has-error\" id=\"vfb-recaptcha-error\"><span class=\"vfb-help-block\">reCAPTCHA is required.<\/span><\/div><\/div><\/div><\/div><div class=\"vfb-clearfix\"><\/div><div class=\"vfb-col-12 vfb-fieldType-submit\" id=\"vfbField294\"><button id=\"vfb-field-294\" class=\" btn btn-primary\" placeholder=\"\" type=\"submit\" name=\"_vfb-submit\">Enviar<\/button><\/div><div class=\"vfb-clearfix\"><\/div><\/form>\n\n","protected":false},"excerpt":{"rendered":"<p>Objetivo Gesti\u00f3n de clientes para almacenar y consultar sus datos, desde su alta como oportunidad de negocio, y simular la compra de productos o contrataci\u00f3n de servicios. Importe m\u00e1ximo de la ayuda 0 &lt; 3 empleados: 2.000\u20ac (incluye 1 usuario) 3 &lt; 9 empleados: 2.000\u20ac (incluye 1 usuario) 10 &lt; 50 empleados: 4.000\u20ac (incluye 3 [&hellip;]<\/p>\n","protected":false},"author":6,"featured_media":0,"parent":84125,"menu_order":0,"comment_status":"closed","ping_status":"closed","template":"templates\/template-generic-full-content.php","meta":{"_acf_changed":false,"_genesis_hide_title":false,"_genesis_hide_breadcrumbs":false,"_genesis_hide_singular_image":false,"_genesis_hide_footer_widgets":false,"_genesis_custom_body_class":"","_genesis_custom_post_class":"","_genesis_layout":"","footnotes":""},"class_list":{"0":"post-84159","1":"page","2":"type-page","3":"status-publish","5":"entry"},"acf":[],"_links":{"self":[{"href":"https:\/\/www.v-valley.com\/es\/wp-json\/wp\/v2\/pages\/84159","targetHints":{"allow":["GET"]}}],"collection":[{"href":"https:\/\/www.v-valley.com\/es\/wp-json\/wp\/v2\/pages"}],"about":[{"href":"https:\/\/www.v-valley.com\/es\/wp-json\/wp\/v2\/types\/page"}],"author":[{"embeddable":true,"href":"https:\/\/www.v-valley.com\/es\/wp-json\/wp\/v2\/users\/6"}],"replies":[{"embeddable":true,"href":"https:\/\/www.v-valley.com\/es\/wp-json\/wp\/v2\/comments?post=84159"}],"version-history":[{"count":0,"href":"https:\/\/www.v-valley.com\/es\/wp-json\/wp\/v2\/pages\/84159\/revisions"}],"up":[{"embeddable":true,"href":"https:\/\/www.v-valley.com\/es\/wp-json\/wp\/v2\/pages\/84125"}],"wp:attachment":[{"href":"https:\/\/www.v-valley.com\/es\/wp-json\/wp\/v2\/media?parent=84159"}],"curies":[{"name":"wp","href":"https:\/\/api.w.org\/{rel}","templated":true}]}}