{"id":84125,"date":"2023-03-13T10:26:53","date_gmt":"2023-03-13T09:26:53","guid":{"rendered":"https:\/\/www.v-valley.com\/?page_id=84125"},"modified":"2025-09-16T09:16:06","modified_gmt":"2025-09-16T07:16:06","slug":"catalogo-de-soluciones-kit-digital","status":"publish","type":"page","link":"https:\/\/www.v-valley.com\/es\/catalogo-de-soluciones-kit-digital\/","title":{"rendered":"Cat\u00e1logo de Soluciones Kit Digital"},"content":{"rendered":"\n\n\t<p>El Gobierno de Espa\u00f1a ha presentado las bases para la concesi\u00f3n de ayudas a la digitalizaci\u00f3n para pymes y aut\u00f3nomos a trav\u00e9s del <strong>Programa Kit Digital: 3.077 millones de euros para el periodo 2021-2023<\/strong>.<\/p>\n<p>El programa estar\u00e1 <strong>articulado por los Agentes Digitalizadores<\/strong>, empresas habilitadas para suscribir acuerdos de prestaci\u00f3n de soluciones de digitalizaci\u00f3n con las pymes y aut\u00f3nomos beneficiarios de las ayudas del programa y titulares del <strong>bono digital<\/strong>.<\/p>\n<h3>\n\t\t\tConvi\u00e9rtete en Agente Digitalizador\t<\/h3>\n\t<p>Tu empresa puede presentar solicitud para convertirse en \u00abagente digitalizador adherido\u00bb para ofrecer estas soluciones de digitalizaci\u00f3n a pymes y aut\u00f3nomos, siempre que:<\/p>\n<ul>\n<li>Est\u00e9 al corriente de las obligaciones tributarias y frente a la Seguridad Social<\/li>\n<li>No est\u00e9 en situaci\u00f3n de crisis<\/li>\n<li>Tenga domicilio fiscal y centro de prestaci\u00f3n de actividades en la UE<\/li>\n<li>Tenga un cierto nivel de facturaci\u00f3n y experiencia en proyectos similares<\/li>\n<\/ul>\n<p>Desde V-Valley podemos facilitarte el conocimiento y gesti\u00f3n de toda esta iniciativa y ponemos a tu disposici\u00f3n nuestro\u00a0<strong>servicio exclusivo para ayudarte a convertirte en Agente Digitalizador<\/strong>.<\/p>\n\t\t\t<a href=\"https:\/\/www.v-valley.com\/es\/ser-agente-digitalizador-kit-digital\/\" target=\"_self\">\n\t\t\t\t\t\t\tM\u00e1s informaci\u00f3n\n\t\t\t\t\t<\/a>\n\t\t\t\t<img decoding=\"async\" src=\"https:\/\/statics.v-valley.com\/prod\/2023\/03\/cerchio-agente-digitalizador.png\" alt=\"cerchio-agente-digitalizador\" itemprop=\"image\" height=\"520\" width=\"557\" title=\"cerchio-agente-digitalizador\" onerror=\"this.style.display='none'\" loading=\"lazy\" \/>\n\t\t\t\t<img decoding=\"async\" src=\"https:\/\/statics.v-valley.com\/prod\/2023\/03\/cerchio-servizi-kit-digital.png\" alt=\"cerchio-servizi-kit-digital\" itemprop=\"image\" height=\"520\" width=\"557\" title=\"cerchio-servizi-kit-digital\" onerror=\"this.style.display='none'\" loading=\"lazy\" \/>\n<h3>\n\t\t\tCat\u00e1logo de Soluciones\t<\/h3>\n\t<p>Existe un\u00a0<strong>cat\u00e1logo ya establecido de las soluciones digitales<\/strong>\u00a0que proporciona el Kit Digital, orientadas a las necesidades de peque\u00f1as empresas, microempresas y trabajadores aut\u00f3nomos, que pertenezcan a cualquier sector o tipolog\u00eda de negocio.<\/p>\n<p>Si eres Agente Digitalizador,\u00a0<strong>tu empresa aparecer\u00e1 en el cat\u00e1logo de Agentes Digitalizadores<\/strong>\u00a0en aquellas soluciones que hayas elegido al hacer tu solicitud.<\/p>\n<p>Desde V-Valley,\u00a0<strong>en colaboraci\u00f3n con nuestros principales fabricantes<\/strong>, te facilitamos el acceso a los productos que necesitas para\u00a0<strong>ayudarte a crear tu cat\u00e1logo<\/strong>\u00a0y aprovechar la oportunidad de formar parte del Kit Digital en las \u00e1reas tecnol\u00f3gicas m\u00e1s demandadas.<\/p>\n<h2>\n\t\t\tCREA TU CAT\u00c1LOGO DE SOLUCIONES\t<\/h2>\n<h4>\n\t\t\tGesti\u00f3n de clientes y\/o proveedores\t<\/h4>\n\t<p>Ayuda m\u00e1xima 4.000\u20ac seg\u00fan segmento de n\u00famero de empleados<\/p>\n<h4>\n\t\t\tBI y anal\u00edtica\t<\/h4>\n\t<p>Ayuda m\u00e1xima 4.000\u20ac seg\u00fan segmento de n\u00famero de empleados<\/p>\n<h4>\n\t\t\tFactura electr\u00f3nica\t<\/h4>\n\t<p>Ayuda m\u00e1xima 1.000\u20ac seg\u00fan segmento de n\u00famero de empleados<\/p>\n<h4>\n\t\t\tServicios de oficina virtual\t<\/h4>\n\t<p>Ayuda m\u00e1xima 12.000\u20ac seg\u00fan segmento de n\u00famero de empleados<\/p>\n<h4>\n\t\t\tGesti\u00f3n de procesos\t<\/h4>\n\t<p>Ayuda m\u00e1xima 6.000\u20ac seg\u00fan segmento de n\u00famero de empleados<\/p>\n<h4>\n\t\t\tComunicaciones seguras\t<\/h4>\n\t<p>Ayuda m\u00e1xima 6.000\u20ac seg\u00fan segmento de n\u00famero de empleados<\/p>\n<h4>\n\t\t\tCiberseguridad\t<\/h4>\n\t<p>Ayuda m\u00e1xima 6.000\u20ac seg\u00fan segmento de n\u00famero de empleados<\/p>\n<h4>\n\t\t\tSitio Web y presencia en internet\t<\/h4>\n\t<p>Ayuda m\u00e1xima 2.000\u20ac, seg\u00fan segmento de n\u00famero de empleados<\/p>\n<h4>\n\t\t\tComercio Electr\u00f3nico\t<\/h4>\n\t<p>Ayuda m\u00e1xima 2.000\u20ac, seg\u00fan segmento de n\u00famero de empleados<\/p>\n<h3>\n\t\t\t\u00bfNecesitas a\u00f1adir Hardware a tus proyectos del Kit Digital?\t<\/h3>\n\t<p>En la segunda convocatoria del Kit Digital (segmento de 2 y hasta menos de 10 empleados), Red.es ha confirmado que ya\u00a0<strong>es subvencionable el hardware<\/strong>\u00a0dentro del Bono Digital.<\/p>\n<p>En el BOE se indica que ya se pueden incluir dispositivos en modalidad\u00a0<strong>pago por uso (<em>as a service<\/em>), siempre que sea imprescindible para la prestaci\u00f3n de la soluci\u00f3n contratada, y sin que puedan ser utilizados para otros fines distintos que los de prestar la soluci\u00f3n.<\/strong><\/p>\n<p>En V-Valley puedes encontrar los productos que mejor encajan con las soluciones del Kit Digital.<\/p>\n\t\t\t\t<a\n\t\t\thref=\"https:\/\/www.v-valley.com\/es\/vendor\/adobe\/\"\n\t\t\ttarget=\"_self\" \n\t\t\ttitle=\"logo_Adobe\" \n\t\t\t\t\t\tdata-caption=\"\"\n\t\t\t\t\t\tdata-description=\"\" \n\t\t\titemprop=\"contentUrl\">\n\t\t\t<img loading=\"lazy\" decoding=\"async\" src=\"https:\/\/statics.v-valley.com\/prod\/2022\/10\/logo_Adobe.gif\" alt=\"logo_Adobe\" data-no-lazy=\"1\" itemprop=\"thumbnail\" width=\"140\" height=\"55\" \/>\n\t\t\t<!-- Overlay Wrapper -->\n\t\t\t <!-- Overlay Wrapper Closed -->\n\t\t\t\t<\/a>\n\t\t\t\t\t\t\t<meta itemprop=\"width\" content=\"140\" \/>\n\t\t\t<meta itemprop=\"height\" content=\"55\" \/>\n\t\t\t\t<a\n\t\t\thref=\"https:\/\/www.v-valley.com\/es\/vendor\/acronis\"\n\t\t\ttarget=\"_self\" \n\t\t\ttitle=\"logo_acronis\" \n\t\t\t\t\t\tdata-caption=\"\"\n\t\t\t\t\t\tdata-description=\"\" \n\t\t\titemprop=\"contentUrl\">\n\t\t\t<img loading=\"lazy\" decoding=\"async\" src=\"https:\/\/statics.v-valley.com\/prod\/2022\/10\/logo_acronis.gif\" alt=\"logo_acronis\" data-no-lazy=\"1\" itemprop=\"thumbnail\" width=\"140\" height=\"55\" \/>\n\t\t\t<!-- Overlay Wrapper -->\n\t\t\t <!-- Overlay Wrapper Closed -->\n\t\t\t\t<\/a>\n\t\t\t\t\t\t\t<meta itemprop=\"width\" content=\"140\" \/>\n\t\t\t<meta itemprop=\"height\" content=\"55\" \/>\n\t\t\t\t<a\n\t\t\thref=\"https:\/\/www.v-valley.com\/es\/vendor\/check-point\"\n\t\t\ttarget=\"_self\" \n\t\t\ttitle=\"logo_checkpoint\" \n\t\t\t\t\t\tdata-caption=\"\"\n\t\t\t\t\t\tdata-description=\"\" \n\t\t\titemprop=\"contentUrl\">\n\t\t\t<img loading=\"lazy\" decoding=\"async\" src=\"https:\/\/statics.v-valley.com\/prod\/2022\/11\/logo_checkpoint.gif\" alt=\"logo_checkpoint\" data-no-lazy=\"1\" itemprop=\"thumbnail\" width=\"140\" height=\"55\" \/>\n\t\t\t<!-- Overlay Wrapper -->\n\t\t\t <!-- Overlay Wrapper Closed -->\n\t\t\t\t<\/a>\n\t\t\t\t\t\t\t<meta itemprop=\"width\" content=\"140\" \/>\n\t\t\t<meta itemprop=\"height\" content=\"55\" \/>\n\t\t\t\t<a\n\t\t\thref=\"https:\/\/www.v-valley.com\/es\/vendor\/d-link\/\"\n\t\t\ttarget=\"_self\" \n\t\t\ttitle=\"logo_d-link\" \n\t\t\t\t\t\tdata-caption=\"\"\n\t\t\t\t\t\tdata-description=\"\" \n\t\t\titemprop=\"contentUrl\">\n\t\t\t<img loading=\"lazy\" decoding=\"async\" src=\"https:\/\/statics.v-valley.com\/prod\/2023\/02\/logo_d-link.gif\" alt=\"logo_d-link\" data-no-lazy=\"1\" itemprop=\"thumbnail\" width=\"140\" height=\"55\" \/>\n\t\t\t<!-- Overlay Wrapper -->\n\t\t\t <!-- Overlay Wrapper Closed -->\n\t\t\t\t<\/a>\n\t\t\t\t\t\t\t<meta itemprop=\"width\" content=\"140\" \/>\n\t\t\t<meta itemprop=\"height\" content=\"55\" \/>\n\t\t\t\t<a\n\t\t\thref=\"\"\n\t\t\ttarget=\"_self\" \n\t\t\ttitle=\"logo_HP\" \n\t\t\t\t\t\tdata-caption=\"\"\n\t\t\t\t\t\tdata-description=\"\" \n\t\t\titemprop=\"contentUrl\">\n\t\t\t<img loading=\"lazy\" decoding=\"async\" src=\"https:\/\/statics.v-valley.com\/prod\/2022\/11\/logo_HP.gif\" alt=\"logo_HP\" data-no-lazy=\"1\" itemprop=\"thumbnail\" width=\"140\" height=\"55\" \/>\n\t\t\t<!-- Overlay Wrapper -->\n\t\t\t <!-- Overlay Wrapper Closed -->\n\t\t\t\t<\/a>\n\t\t\t\t\t\t\t<meta itemprop=\"width\" content=\"140\" \/>\n\t\t\t<meta itemprop=\"height\" content=\"55\" \/>\n\t\t\t\t<a\n\t\t\thref=\"https:\/\/www.v-valley.com\/es\/vendor\/hewlett-packard-enterprise\/\"\n\t\t\ttarget=\"_self\" \n\t\t\ttitle=\"logo_hpe\" \n\t\t\t\t\t\tdata-caption=\"\"\n\t\t\t\t\t\tdata-description=\"\" \n\t\t\titemprop=\"contentUrl\">\n\t\t\t<img loading=\"lazy\" decoding=\"async\" src=\"https:\/\/statics.v-valley.com\/prod\/2022\/10\/logo_hpe.gif\" alt=\"logo_hpe\" data-no-lazy=\"1\" itemprop=\"thumbnail\" width=\"140\" height=\"55\" \/>\n\t\t\t<!-- Overlay Wrapper -->\n\t\t\t <!-- Overlay Wrapper Closed -->\n\t\t\t\t<\/a>\n\t\t\t\t\t\t\t<meta itemprop=\"width\" content=\"140\" \/>\n\t\t\t<meta itemprop=\"height\" content=\"55\" \/>\n\t\t\t\t<a\n\t\t\thref=\"https:\/\/www.v-valley.com\/es\/vendor\/kaspersky\/\"\n\t\t\ttarget=\"_self\" \n\t\t\ttitle=\"logo_kaspersky\" \n\t\t\t\t\t\tdata-caption=\"\"\n\t\t\t\t\t\tdata-description=\"\" \n\t\t\titemprop=\"contentUrl\">\n\t\t\t<img loading=\"lazy\" decoding=\"async\" src=\"https:\/\/statics.v-valley.com\/prod\/2023\/02\/logo_kaspersky.gif\" alt=\"logo_kaspersky\" data-no-lazy=\"1\" itemprop=\"thumbnail\" width=\"140\" height=\"55\" \/>\n\t\t\t<!-- Overlay Wrapper -->\n\t\t\t <!-- Overlay Wrapper Closed -->\n\t\t\t\t<\/a>\n\t\t\t\t\t\t\t<meta itemprop=\"width\" content=\"140\" \/>\n\t\t\t<meta itemprop=\"height\" content=\"55\" \/>\n\t\t\t\t<a\n\t\t\thref=\"https:\/\/www.v-valley.com\/es\/vendor\/lenovo\"\n\t\t\ttarget=\"_self\" \n\t\t\ttitle=\"logo_lenovo\" \n\t\t\t\t\t\tdata-caption=\"\"\n\t\t\t\t\t\tdata-description=\"\" \n\t\t\titemprop=\"contentUrl\">\n\t\t\t<img loading=\"lazy\" decoding=\"async\" src=\"https:\/\/statics.v-valley.com\/prod\/2022\/10\/logo_lenovo.gif\" alt=\"logo_lenovo\" data-no-lazy=\"1\" itemprop=\"thumbnail\" width=\"140\" height=\"55\" \/>\n\t\t\t<!-- Overlay Wrapper -->\n\t\t\t <!-- Overlay Wrapper Closed -->\n\t\t\t\t<\/a>\n\t\t\t\t\t\t\t<meta itemprop=\"width\" content=\"140\" \/>\n\t\t\t<meta itemprop=\"height\" content=\"55\" \/>\n\t\t\t\t<a\n\t\t\thref=\"https:\/\/www.v-valley.com\/es\/vendor\/microsoft\"\n\t\t\ttarget=\"_self\" \n\t\t\ttitle=\"logo_Microsoft\" \n\t\t\t\t\t\tdata-caption=\"\"\n\t\t\t\t\t\tdata-description=\"\" \n\t\t\titemprop=\"contentUrl\">\n\t\t\t<img loading=\"lazy\" decoding=\"async\" src=\"https:\/\/statics.v-valley.com\/prod\/2022\/11\/logo_Microsoft.gif\" alt=\"logo_Microsoft\" data-no-lazy=\"1\" itemprop=\"thumbnail\" width=\"140\" height=\"55\" \/>\n\t\t\t<!-- Overlay Wrapper -->\n\t\t\t <!-- Overlay Wrapper Closed -->\n\t\t\t\t<\/a>\n\t\t\t\t\t\t\t<meta itemprop=\"width\" content=\"140\" \/>\n\t\t\t<meta itemprop=\"height\" content=\"55\" \/>\n\t\t\t\t<a\n\t\t\thref=\"https:\/\/www.v-valley.com\/es\/vendor\/microsoft-surface\/\"\n\t\t\ttarget=\"_self\" \n\t\t\ttitle=\"logo_microsoft-surface\" \n\t\t\t\t\t\tdata-caption=\"\"\n\t\t\t\t\t\tdata-description=\"\" \n\t\t\titemprop=\"contentUrl\">\n\t\t\t<img loading=\"lazy\" decoding=\"async\" src=\"https:\/\/statics.v-valley.com\/prod\/2023\/02\/logo_microsoft-surface.gif\" alt=\"logo_microsoft-surface\" data-no-lazy=\"1\" itemprop=\"thumbnail\" width=\"140\" height=\"55\" \/>\n\t\t\t<!-- Overlay Wrapper -->\n\t\t\t <!-- Overlay Wrapper Closed -->\n\t\t\t\t<\/a>\n\t\t\t\t\t\t\t<meta itemprop=\"width\" content=\"140\" \/>\n\t\t\t<meta itemprop=\"height\" content=\"55\" \/>\n\t\t\t\t<a\n\t\t\thref=\"\"\n\t\t\ttarget=\"_self\" \n\t\t\ttitle=\"logo-prana\" \n\t\t\t\t\t\tdata-caption=\"\"\n\t\t\t\t\t\tdata-description=\"\" \n\t\t\titemprop=\"contentUrl\">\n\t\t\t<img loading=\"lazy\" decoding=\"async\" src=\"https:\/\/statics.v-valley.com\/prod\/2025\/09\/logo-prana.png\" alt=\"logo Prana\" data-no-lazy=\"1\" itemprop=\"thumbnail\" width=\"140\" height=\"55\" \/>\n\t\t\t<!-- Overlay Wrapper -->\n\t\t\t <!-- Overlay Wrapper Closed -->\n\t\t\t\t<\/a>\n\t\t\t\t\t\t\t<meta itemprop=\"width\" content=\"140\" \/>\n\t\t\t<meta itemprop=\"height\" content=\"55\" \/>\n\t\t\t\t<a\n\t\t\thref=\"https:\/\/www.v-valley.com\/es\/vendor\/sage\/\"\n\t\t\ttarget=\"_self\" \n\t\t\ttitle=\"logo_sage\" \n\t\t\t\t\t\tdata-caption=\"\"\n\t\t\t\t\t\tdata-description=\"\" \n\t\t\titemprop=\"contentUrl\">\n\t\t\t<img loading=\"lazy\" decoding=\"async\" src=\"https:\/\/statics.v-valley.com\/prod\/2023\/02\/logo_sage.gif\" alt=\"logo_sage\" data-no-lazy=\"1\" itemprop=\"thumbnail\" width=\"140\" height=\"55\" \/>\n\t\t\t<!-- Overlay Wrapper -->\n\t\t\t <!-- Overlay Wrapper Closed -->\n\t\t\t\t<\/a>\n\t\t\t\t\t\t\t<meta itemprop=\"width\" content=\"140\" \/>\n\t\t\t<meta itemprop=\"height\" content=\"55\" \/>\n\t\t\t\t<a\n\t\t\thref=\"https:\/\/www.v-valley.com\/es\/vendor\/teamviewer\/\"\n\t\t\ttarget=\"_self\" \n\t\t\ttitle=\"logo_team-viewer\" \n\t\t\t\t\t\tdata-caption=\"\"\n\t\t\t\t\t\tdata-description=\"\" \n\t\t\titemprop=\"contentUrl\">\n\t\t\t<img loading=\"lazy\" decoding=\"async\" src=\"https:\/\/statics.v-valley.com\/prod\/2023\/02\/logo_team-viewer.gif\" alt=\"logo_team-viewer\" data-no-lazy=\"1\" itemprop=\"thumbnail\" width=\"140\" height=\"55\" \/>\n\t\t\t<!-- Overlay Wrapper -->\n\t\t\t <!-- Overlay Wrapper Closed -->\n\t\t\t\t<\/a>\n\t\t\t\t\t\t\t<meta itemprop=\"width\" content=\"140\" \/>\n\t\t\t<meta itemprop=\"height\" content=\"55\" \/>\n\t\t\t\t<a\n\t\t\thref=\"https:\/\/www.v-valley.com\/es\/vendor\/veeam\"\n\t\t\ttarget=\"_self\" \n\t\t\ttitle=\"logo_veeam\" \n\t\t\t\t\t\tdata-caption=\"\"\n\t\t\t\t\t\tdata-description=\"\" \n\t\t\titemprop=\"contentUrl\">\n\t\t\t<img loading=\"lazy\" decoding=\"async\" src=\"https:\/\/statics.v-valley.com\/prod\/2022\/10\/logo_veeam.gif\" alt=\"logo_veeam\" data-no-lazy=\"1\" itemprop=\"thumbnail\" width=\"128\" height=\"48\" \/>\n\t\t\t<!-- Overlay Wrapper -->\n\t\t\t <!-- Overlay Wrapper Closed -->\n\t\t\t\t<\/a>\n\t\t\t\t\t\t\t<meta itemprop=\"width\" content=\"128\" \/>\n\t\t\t<meta itemprop=\"height\" content=\"48\" \/>\n\t\t\t\t<a\n\t\t\thref=\"https:\/\/www.v-valley.com\/es\/vendor\/veritas\"\n\t\t\ttarget=\"_self\" \n\t\t\ttitle=\"logo_veritas\" \n\t\t\t\t\t\tdata-caption=\"\"\n\t\t\t\t\t\tdata-description=\"\" \n\t\t\titemprop=\"contentUrl\">\n\t\t\t<img loading=\"lazy\" decoding=\"async\" src=\"https:\/\/statics.v-valley.com\/prod\/2022\/10\/logo_veritas.gif\" alt=\"logo_veritas\" data-no-lazy=\"1\" itemprop=\"thumbnail\" width=\"140\" height=\"55\" \/>\n\t\t\t<!-- Overlay Wrapper -->\n\t\t\t <!-- Overlay Wrapper Closed -->\n\t\t\t\t<\/a>\n\t\t\t\t\t\t\t<meta itemprop=\"width\" content=\"140\" \/>\n\t\t\t<meta itemprop=\"height\" content=\"55\" \/>\n\t\t\t\t<a\n\t\t\thref=\"https:\/\/www.v-valley.com\/es\/vendor\/watchguard\"\n\t\t\ttarget=\"_self\" \n\t\t\ttitle=\"logo_watchguard\" \n\t\t\t\t\t\tdata-caption=\"\"\n\t\t\t\t\t\tdata-description=\"\" \n\t\t\titemprop=\"contentUrl\">\n\t\t\t<img loading=\"lazy\" decoding=\"async\" src=\"https:\/\/statics.v-valley.com\/prod\/2022\/10\/logo_watchguard.gif\" alt=\"logo_watchguard\" data-no-lazy=\"1\" itemprop=\"thumbnail\" width=\"140\" height=\"55\" \/>\n\t\t\t<!-- Overlay Wrapper -->\n\t\t\t <!-- Overlay Wrapper Closed -->\n\t\t\t\t<\/a>\n\t\t\t\t\t\t\t<meta itemprop=\"width\" content=\"140\" \/>\n\t\t\t<meta itemprop=\"height\" content=\"55\" \/>\n\t\n","protected":false},"excerpt":{"rendered":"<p>El Gobierno de Espa\u00f1a ha presentado las bases para la concesi\u00f3n de ayudas a la digitalizaci\u00f3n para pymes y aut\u00f3nomos a trav\u00e9s del Programa Kit Digital: 3.077 millones de euros para el periodo 2021-2023. El programa estar\u00e1 articulado por los Agentes Digitalizadores, empresas habilitadas para suscribir acuerdos de prestaci\u00f3n de soluciones de digitalizaci\u00f3n con las [&hellip;]<\/p>\n","protected":false},"author":6,"featured_media":0,"parent":0,"menu_order":0,"comment_status":"closed","ping_status":"closed","template":"templates\/template-generic-full-content.php","meta":{"_acf_changed":false,"_genesis_hide_title":false,"_genesis_hide_breadcrumbs":false,"_genesis_hide_singular_image":false,"_genesis_hide_footer_widgets":false,"_genesis_custom_body_class":"","_genesis_custom_post_class":"","_genesis_layout":"","footnotes":""},"class_list":{"0":"post-84125","1":"page","2":"type-page","3":"status-publish","5":"entry"},"acf":[],"_links":{"self":[{"href":"https:\/\/www.v-valley.com\/es\/wp-json\/wp\/v2\/pages\/84125","targetHints":{"allow":["GET"]}}],"collection":[{"href":"https:\/\/www.v-valley.com\/es\/wp-json\/wp\/v2\/pages"}],"about":[{"href":"https:\/\/www.v-valley.com\/es\/wp-json\/wp\/v2\/types\/page"}],"author":[{"embeddable":true,"href":"https:\/\/www.v-valley.com\/es\/wp-json\/wp\/v2\/users\/6"}],"replies":[{"embeddable":true,"href":"https:\/\/www.v-valley.com\/es\/wp-json\/wp\/v2\/comments?post=84125"}],"version-history":[{"count":5,"href":"https:\/\/www.v-valley.com\/es\/wp-json\/wp\/v2\/pages\/84125\/revisions"}],"predecessor-version":[{"id":598833,"href":"https:\/\/www.v-valley.com\/es\/wp-json\/wp\/v2\/pages\/84125\/revisions\/598833"}],"wp:attachment":[{"href":"https:\/\/www.v-valley.com\/es\/wp-json\/wp\/v2\/media?parent=84125"}],"curies":[{"name":"wp","href":"https:\/\/api.w.org\/{rel}","templated":true}]}}