{"id":84089,"date":"2023-04-04T16:10:33","date_gmt":"2023-04-04T14:10:33","guid":{"rendered":"https:\/\/www.v-valley.com\/?page_id=84089"},"modified":"2025-02-19T14:59:25","modified_gmt":"2025-02-19T13:59:25","slug":"contactos","status":"publish","type":"page","link":"https:\/\/www.v-valley.com\/es\/contactos\/","title":{"rendered":"Contactos"},"content":{"rendered":"\n<h2>\n\t\t\u00bfNecesitas informaci\u00f3n?\n\t<\/h2>\n\t<p>Estamos a tu disposici\u00f3n para cualquier duda.<\/p>\n<p><strong>+34 91 701 99 31<\/strong><\/p>\n<h2>\n\t\tV-Valley en el mundo\n\t<\/h2>\n\t<p>V-Valley se encuentra en <a href=\"https:\/\/www.esprinet.com\/es\/contactos\/country-italia\/#v-valley\" target=\"_blank\" rel=\"noopener\">Italia<\/a>,\u00a0<a href=\"https:\/\/www.esprinet.com\/es\/contactos\/country-espana\/#v-valley\" target=\"_blank\" rel=\"noopener\">Espa\u00f1a<\/a>,\u00a0<a href=\"https:\/\/www.esprinet.com\/es\/contactos\/country-portugal\/#v-valley\" target=\"_blank\" rel=\"noopener\">Portugal<\/a>.<\/p>\n<h2>\n\t\tS\u00edguenos en redes sociales\n\t<\/h2>\n<h2>\n\t\tD\u00e9janos tus datos y nos pondremos en contacto contigo\n\t<\/h2>\n\t<a name=\"form\"><\/a>\n\t<form method=\"post\" enctype=\"multipart\/form-data\" id=\"vfbp-form-23\" class=\"vfbp-form\"><div style=\"display:none;\"><label for=\"vfbp-EMAIL-AN8fuQyoDLXem\">If you are human, leave this field blank.<\/label><input size=\"25\" autocomplete=\"off\" type=\"text\" name=\"vfbp-EMAIL-AN8fuQyoDLXem\" value=\"\" id=\"\"><\/div><input type=\"hidden\" name=\"_vfb-timestamp-23\" value=\"1777713296\" id=\"\"><input type=\"hidden\" name=\"_vfb-form-id\" value=\"23\" id=\"\"><div class=\"vfb-col-12 vfb-fieldType-instructions\" id=\"vfbField256\"><div class=\"vfb-form-group\"><label for=\"vfb-field-256\" class=\"vfb-control-label\"><b>Required information:<\/b><\/label><div class=\"\"><\/div><\/div><\/div><div class=\"vfb-clearfix\"><\/div><div class=\"vfb-col-6 vfb-fieldType-text\" id=\"vfbField257\"><div class=\"vfb-form-group\"><label for=\"vfb-field-257\" class=\"vfb-control-label\">Nombre y Apellido <span class=\"vfb-required-asterisk\">*<\/span><\/label><div><input id=\"vfb-field-257\" class=\"vfb-form-control\" placeholder=\"\" required=\"required\" type=\"text\" name=\"vfb-field-257\" value=\"\"><\/div><\/div><\/div><div class=\"vfb-col-6 vfb-fieldType-text\" id=\"vfbField258\"><div class=\"vfb-form-group\"><label for=\"vfb-field-258\" class=\"vfb-control-label\">Raz\u00f3n Social <span class=\"vfb-required-asterisk\">*<\/span><\/label><div><input id=\"vfb-field-258\" class=\"vfb-form-control\" placeholder=\"\" required=\"required\" type=\"text\" name=\"vfb-field-258\" value=\"\"><\/div><\/div><\/div><div class=\"vfb-clearfix\"><\/div><div class=\"vfb-col-6 vfb-fieldType-phone\" id=\"vfbField259\"><div class=\"vfb-form-group\"><label for=\"vfb-field-259\" class=\"vfb-control-label\">Tel\u00e9fono <span class=\"vfb-required-asterisk\">*<\/span><\/label><div><input id=\"vfb-field-259\" class=\"vfb-form-control vfb-intl-phone\" placeholder=\"\" required=\"required\" data-default-country=\"it\" data-number-type=\"MOBILE\" data-hide-flags=\"1\" data-national-mode=\"1\" data-auto-hide-dial-code=\"1\" type=\"tel\" name=\"vfb-field-259\" value=\"\"><\/div><\/div><\/div><div class=\"vfb-col-6 vfb-fieldType-email\" id=\"vfbField260\"><div class=\"vfb-form-group\"><label for=\"vfb-field-260\" class=\"vfb-control-label\">e-Mail <span class=\"vfb-required-asterisk\">*<\/span><\/label><div><input id=\"vfb-field-260\" class=\"vfb-form-control\" placeholder=\"\" required=\"required\" type=\"email\" name=\"vfb-field-260\" value=\"\"><\/div><\/div><\/div><div class=\"vfb-clearfix\"><\/div><div class=\"vfb-col-12 vfb-fieldType-textarea\" id=\"vfbField265\"><div class=\"vfb-form-group\"><label for=\"vfb-field-265\" class=\"vfb-control-label\">Ind\u00edcanos en qu\u00e9 podemos ayudarte <span class=\"vfb-required-asterisk\">*<\/span><\/label><div><textarea id=\"vfb-field-265\" class=\"vfb-form-control\" placeholder=\"\" required=\"required\" rows=\"3\" name=\"vfb-field-265\" cols=\"50\"><\/textarea><\/div><\/div><\/div><div class=\"vfb-clearfix\"><\/div><div class=\"vfb-col-12 vfb-fieldType-instructions\" id=\"vfbField261\"><div class=\"vfb-form-group\"><label for=\"vfb-field-261\" class=\"vfb-control-label\"><b>Informaci\u00f3n opcional:<\/b><\/label><div class=\"\"><\/div><\/div><\/div><div class=\"vfb-clearfix\"><\/div><div class=\"vfb-col-6 vfb-fieldType-text\" id=\"vfbField262\"><div class=\"vfb-form-group\"><label for=\"vfb-field-262\" class=\"vfb-control-label\">CIF<\/label><div><input id=\"vfb-field-262\" class=\"vfb-form-control\" placeholder=\"\" type=\"text\" name=\"vfb-field-262\" value=\"\"><\/div><\/div><\/div><div class=\"vfb-col-6 vfb-fieldType-text\" id=\"vfbField263\"><div class=\"vfb-form-group\"><label for=\"vfb-field-263\" class=\"vfb-control-label\">C\u00f3digo Cliente V-Valley<\/label><div><input id=\"vfb-field-263\" class=\"vfb-form-control\" placeholder=\"\" type=\"text\" name=\"vfb-field-263\" value=\"\"><\/div><\/div><\/div><div class=\"vfb-clearfix\"><\/div><div class=\"vfb-col-12 vfb-fieldType-text\" id=\"vfbField281\"><div class=\"vfb-form-group\"><label for=\"vfb-field-281\" class=\"vfb-control-label\">Rol comercial<\/label><div><input id=\"vfb-field-281\" class=\"vfb-form-control\" placeholder=\"\" type=\"text\" name=\"vfb-field-281\" value=\"\"><\/div><\/div><\/div><div class=\"vfb-clearfix\"><\/div><div class=\"vfb-col-12 vfb-fieldType-instructions\" id=\"vfbField266\"><div class=\"vfb-form-group\"><label for=\"vfb-field-266\" class=\"vfb-control-label\">Divulgaci\u00f3n<\/label><div class=\"\"><p><div class=\"fl-builder-content fl-builder-content-83893 fl-builder-template fl-builder-module-template fl-builder-global-templates-locked\" data-post-id=\"83893\"><div class=\"fl-module fl-module-rich-text fl-node-g4uw6jpmaoy2\" data-node=\"g4uw6jpmaoy2\">\n\t<div class=\"fl-module-content fl-node-content\">\n\t\t<div class=\"fl-rich-text\">\n\t<p>Estimado usuario, le informamos que mediante este formulario recogemos sus datos de contacto con la finalidad de ponernos en contacto con usted en relaci\u00f3n al inter\u00e9s mostrado. Uno de nuestros especialistas de la sociedad V-Valley Advanced Solutions Espa\u00f1a, S.A.U. (Responsable del tratamiento) se pondr\u00e1 en contacto telef\u00f3nicamente o por correo electr\u00f3nico. Sus datos no ser\u00e1n comunicados a terceros ni ser\u00e1n objeto de difusi\u00f3n; ser\u00e1n conservados por V-Valley Advanced Solutions Espa\u00f1a, S.A.U. durante un plazo m\u00e1ximo de 12 meses, sin perjuicio de la posibilidad de solicitar la supresi\u00f3n de estos antes de tal plazo.<br \/>\nPara cualquier aclaraci\u00f3n, puede ponerse en contacto a trav\u00e9s de la siguiente direcci\u00f3n <a href=\"mailto:privacy@v-valley.com\">privacy@v-valley.com<\/a><br \/>\nPara m\u00e1s informaci\u00f3n sobre el tratamiento de datos personales realizado por V-Valley Advanced Solutions Espa\u00f1a, S.A.U., consulte la <a href=\"https:\/\/policies.esprinet.com\/es\/esprinet\/privacy\" target=\"_blank\" rel=\"noopener\">Pol\u00edtica de Privacidad<\/a>.<\/p>\n<\/div>\n\t<\/div>\n<\/div>\n<\/div><\/p>\n<\/div><\/div><\/div><div class=\"vfb-clearfix\"><\/div><div class=\"vfb-col-12 vfb-fieldType-captcha\" id=\"vfbField267\"><div class=\"vfb-form-group\"><label for=\"vfb-field-267\" class=\"vfb-control-label\">Captcha <span class=\"vfb-required-asterisk\">*<\/span><\/label><div><div class=\"g-recaptcha\" data-sitekey=\"6Lf1ytsiAAAAAEG8JxJHgJzU7R8dykbVhqQAbadd\"><\/div><input type=\"hidden\" name=\"_vfb_recaptcha_enabled\" value=\"1\" id=\"\"><div class=\"vfb-has-error\" id=\"vfb-recaptcha-error\"><span class=\"vfb-help-block\">reCAPTCHA is required.<\/span><\/div><\/div><\/div><\/div><div class=\"vfb-clearfix\"><\/div><div class=\"vfb-col-12 vfb-fieldType-submit\" id=\"vfbField268\"><button id=\"vfb-field-268\" class=\" btn btn-primary\" placeholder=\"\" type=\"submit\" name=\"_vfb-submit\">Enviar<\/button><\/div><div class=\"vfb-clearfix\"><\/div><\/form>\n\n","protected":false},"excerpt":{"rendered":"<p>\u00bfNecesitas informaci\u00f3n? Estamos a tu disposici\u00f3n para cualquier duda. +34 91 701 99 31 V-Valley en el mundo V-Valley se encuentra en Italia,\u00a0Espa\u00f1a,\u00a0Portugal. S\u00edguenos en redes sociales D\u00e9janos tus datos y nos pondremos en contacto contigo<\/p>\n","protected":false},"author":6,"featured_media":0,"parent":0,"menu_order":0,"comment_status":"closed","ping_status":"closed","template":"templates\/template-generic-full-content.php","meta":{"_acf_changed":false,"_genesis_hide_title":false,"_genesis_hide_breadcrumbs":false,"_genesis_hide_singular_image":false,"_genesis_hide_footer_widgets":false,"_genesis_custom_body_class":"","_genesis_custom_post_class":"","_genesis_layout":"","footnotes":""},"class_list":{"0":"post-84089","1":"page","2":"type-page","3":"status-publish","5":"entry"},"acf":[],"_links":{"self":[{"href":"https:\/\/www.v-valley.com\/es\/wp-json\/wp\/v2\/pages\/84089","targetHints":{"allow":["GET"]}}],"collection":[{"href":"https:\/\/www.v-valley.com\/es\/wp-json\/wp\/v2\/pages"}],"about":[{"href":"https:\/\/www.v-valley.com\/es\/wp-json\/wp\/v2\/types\/page"}],"author":[{"embeddable":true,"href":"https:\/\/www.v-valley.com\/es\/wp-json\/wp\/v2\/users\/6"}],"replies":[{"embeddable":true,"href":"https:\/\/www.v-valley.com\/es\/wp-json\/wp\/v2\/comments?post=84089"}],"version-history":[{"count":1,"href":"https:\/\/www.v-valley.com\/es\/wp-json\/wp\/v2\/pages\/84089\/revisions"}],"predecessor-version":[{"id":506310,"href":"https:\/\/www.v-valley.com\/es\/wp-json\/wp\/v2\/pages\/84089\/revisions\/506310"}],"wp:attachment":[{"href":"https:\/\/www.v-valley.com\/es\/wp-json\/wp\/v2\/media?parent=84089"}],"curies":[{"name":"wp","href":"https:\/\/api.w.org\/{rel}","templated":true}]}}