{"id":84051,"date":"2023-03-08T15:45:44","date_gmt":"2023-03-08T14:45:44","guid":{"rendered":"https:\/\/www.v-valley.com\/?page_id=84051"},"modified":"2023-03-16T10:48:16","modified_gmt":"2023-03-16T09:48:16","slug":"mision-y-valores","status":"publish","type":"page","link":"https:\/\/www.v-valley.com\/es\/por-que-v-valley\/mision-y-valores\/","title":{"rendered":"Misi\u00f3n y Valores"},"content":{"rendered":"\r\n<h2>\r\n\t\tMISI\u00d3N, VISI\u00d3N Y VALORES REPRESENTAN LA IDENTIDAD DE <br \/>V-VALLEY\r\n\t<\/h2>\r\n\t<p>Nos orientan en nuestro proyecto empresarial y en la forma en que trabajamos e interactuamos con nuestros empleados, nuestros clientes y proveedores, con los inversores y la comunidad en la que operamos.<\/p>\r\n<h2>\r\n\t\tNUESTRA VISI\u00d3N\r\n\t<\/h2>\r\n<h3>\r\n\t\tHacer la vida m\u00e1s f\u00e1cil a personas y organizaciones\r\n\t<\/h3>\r\n\t<p>Creemos que la tecnolog\u00eda enriquece el d\u00eda a d\u00eda de todas las personas, y por eso trabajamos para ampliar y facilitar su distribuci\u00f3n y uso.<\/p>\r\n\t\t\t\t<img loading=\"lazy\" decoding=\"async\" src=\"https:\/\/statics.v-valley.com\/prod\/2023\/03\/img-visione.jpg\" alt=\"img-visione\" itemprop=\"image\" height=\"536\" width=\"911\" title=\"img-visione\" onerror=\"this.style.display='none'\"  \/>\r\n<h2>\r\n\t\tNUESTRA MISI\u00d3N\r\n\t<\/h2>\r\n<h3>\r\n\t\tSer el principal punto de encuentro entre fabricantes, distribuidores y usuarios de tecnolog\u00eda\r\n\t<\/h3>\r\n\t<p>Queremos crear valor para ellos, para nuestros accionistas y para nuestros trabajadores a trav\u00e9s de una estrategia compartida de crecimiento constante y basada en un modelo de distribuci\u00f3n innovador que pretende:<\/p>\r\n<ul>\r\n<li>favorecer el uso prolongado de todas las tecnolog\u00edas mediante su distribuci\u00f3n eficiente en todos los canales de contacto con consumidores y organizaciones.<\/li>\r\n<li>desarrollar instrumentos operativos y financieros innovadores para afrontar la evoluci\u00f3n del mercado.<\/li>\r\n<li>ser una referencia en el mercado de la tecnolog\u00eda gracias a unas mejores competencias profesionales.<\/li>\r\n<\/ul>\r\n\t\t\t\t<img loading=\"lazy\" decoding=\"async\" src=\"https:\/\/statics.v-valley.com\/prod\/2023\/03\/img-missione.jpg\" alt=\"img-missione\" itemprop=\"image\" height=\"536\" width=\"911\" title=\"img-missione\" onerror=\"this.style.display='none'\"  \/>\r\n<h2>\r\n\t\tNUESTROS VALORES\r\n\t<\/h2>\r\n\t<p><strong>Escuchamos al mundo en el que vivimos.<\/strong><\/p>\r\n<p>Queremos construir el camino perfecto para dar respuesta a cada necesidad, para eso salimos al campo junto a nuestros clientes: para ganar.<\/p>\r\n\t<p><strong>Somos una empresa en la que se puede confiar.<\/strong><\/p>\r\n<p>Cumplimos lo que prometemos. Lealtad, integridad y transparencia son los pilares sobre los que queremos basar nuestra credibilidad y nuestro \u00e9xito.<\/p>\r\n\t<p><strong>Impulsamos un proyecto de futuro.<\/strong><\/p>\r\n<p>Cada d\u00eda, nos esforzamos por ser m\u00e1s grandes y competentes y as\u00ed poder superar pronto los retos que plantea un mercado que cambia continuamente. Queremos ser emprendedores al servicio del mejor proyecto empresarial.<\/p>\r\n\t<p><strong>Sabemos que juntos es mejor. Por eso, salimos todos al terreno de juego.<\/strong><\/p>\r\n<p>Creemos en el trabajo en equipo, el pensamiento colectivo, el valor de la diferencia y la relaci\u00f3n entre capacidades, aspiraciones y competencias diversas.<\/p>\r\n\t<p><strong>Salir a mar abierto para descubrir nuevos horizontes.<\/strong><\/p>\r\n<p>Sabemos que actuar implica tambi\u00e9n asumir el riesgo de equivocarse, y tambi\u00e9n somos conscientes de que esos errores pueden convertirse en oportunidades.<\/p>\r\n\t<p><strong>Damos forma a la innovaci\u00f3n.<\/strong><\/p>\r\n<p>Queremos crear soluciones que sean siempre m\u00e1s originales y sorprendentes, en una b\u00fasqueda continua de nuevas formas de pensar y actuar.<\/p>\r\n\t<p><strong>Creemos que la tecnolog\u00eda es un bien com\u00fan.<\/strong><\/p>\r\n<p>Contribuimos todos los d\u00edas a hacer que siempre est\u00e9 m\u00e1s disponible para todo el mundo, para que todos podamos conocer, compartir, vivir y formar parte de experiencias de valor.<\/p>\r\n\t<p><strong>Todos somos distintos, pero, juntos, formamos parte de una misma realidad.<\/strong><\/p>\r\n<p>Creemos en la dignificaci\u00f3n de la persona. Escuchamos en todo momento las necesidades, opiniones y necesidades que pueden ayudar a mejorarnos.<\/p>\r\n\r\n","protected":false},"excerpt":{"rendered":"<p>MISI\u00d3N, VISI\u00d3N Y VALORES REPRESENTAN LA IDENTIDAD DE V-VALLEY Nos orientan en nuestro proyecto empresarial y en la forma en que trabajamos e interactuamos con nuestros empleados, nuestros clientes y proveedores, con los inversores y la comunidad en la que operamos. NUESTRA VISI\u00d3N Hacer la vida m\u00e1s f\u00e1cil a personas y organizaciones Creemos que la [&hellip;]<\/p>\n","protected":false},"author":6,"featured_media":0,"parent":79429,"menu_order":0,"comment_status":"closed","ping_status":"closed","template":"templates\/template-simple.php","meta":{"_acf_changed":false,"_genesis_hide_title":false,"_genesis_hide_breadcrumbs":false,"_genesis_hide_singular_image":false,"_genesis_hide_footer_widgets":false,"_genesis_custom_body_class":"","_genesis_custom_post_class":"","_genesis_layout":"","footnotes":""},"class_list":{"0":"post-84051","1":"page","2":"type-page","3":"status-publish","5":"entry"},"acf":[],"_links":{"self":[{"href":"https:\/\/www.v-valley.com\/es\/wp-json\/wp\/v2\/pages\/84051","targetHints":{"allow":["GET"]}}],"collection":[{"href":"https:\/\/www.v-valley.com\/es\/wp-json\/wp\/v2\/pages"}],"about":[{"href":"https:\/\/www.v-valley.com\/es\/wp-json\/wp\/v2\/types\/page"}],"author":[{"embeddable":true,"href":"https:\/\/www.v-valley.com\/es\/wp-json\/wp\/v2\/users\/6"}],"replies":[{"embeddable":true,"href":"https:\/\/www.v-valley.com\/es\/wp-json\/wp\/v2\/comments?post=84051"}],"version-history":[{"count":0,"href":"https:\/\/www.v-valley.com\/es\/wp-json\/wp\/v2\/pages\/84051\/revisions"}],"up":[{"embeddable":true,"href":"https:\/\/www.v-valley.com\/es\/wp-json\/wp\/v2\/pages\/79429"}],"wp:attachment":[{"href":"https:\/\/www.v-valley.com\/es\/wp-json\/wp\/v2\/media?parent=84051"}],"curies":[{"name":"wp","href":"https:\/\/api.w.org\/{rel}","templated":true}]}}