{"id":84012,"date":"2023-03-08T15:46:12","date_gmt":"2023-03-08T14:46:12","guid":{"rendered":"https:\/\/www.v-valley.com\/?page_id=84012"},"modified":"2025-02-25T14:58:35","modified_gmt":"2025-02-25T13:58:35","slug":"certificaciones-iso","status":"publish","type":"page","link":"https:\/\/www.v-valley.com\/es\/certificaciones-iso\/","title":{"rendered":"Certificaciones ISO"},"content":{"rendered":"\n\n\t<h3>El\u00a0<a href=\"https:\/\/www.esprinet.com\/es\/el-grupo\/\" target=\"_blank\" rel=\"noopener\">Grupo Esprinet<\/a>\u00a0se ha comprometido con la excelencia en los sistemas de gesti\u00f3n relativos a la calidad, el medioambiente, la seguridad y la \u00e9tica, la filosof\u00eda que se une con la base para cualquier gesti\u00f3n o mejora constante, garantizando la visibilidad y el valor de mercado.<\/h3>\n\t<p>La satisfacci\u00f3n completa del cliente, la utilizaci\u00f3n \u00f3ptima de los recursos, la calidad ambiental interior y exterior, la m\u00e1xima atenci\u00f3n a la seguridad de los empleados en el trabajo, la participaci\u00f3n del personal: son directrices y criterios de funcionamiento en los que se basa la sistema integrado de gesti\u00f3n de calidad, seguridad y medioambiente del Grupo Esprinet.<\/p>\n\t<p>Con un fuerte enfoque hacia la calidad, el Grupo Esprinet ha optado por garantizar el cumplimiento de las disposiciones legales, reglamentarias y compromisos en todos los \u00e1mbitos y especialmente en el medioambiente, la salud y seguridad en el trabajo con el mantenimiento de las siguientes certificaciones:<\/p>\n<ul>\n<li>Calidad, de acuerdo a la norma <strong>ISO 9001:2015<\/strong>;<\/li>\n<li>Seguridad y protecci\u00f3n de la salud de acuerdo a la norma <strong>ISO 45001:2018<\/strong>;<\/li>\n<li>Medioambiente, de acuerdo a la norma<strong> ISO 14001:2015<\/strong>.<\/li>\n<\/ul>\n<p>Los certificados multisede se aplican a todas las sedes de las siguientes sociedades del Grupo:<\/p>\n<ul>\n<li>Esprinet S.p.A<\/li>\n<li>V-Valley S.r.l.<\/li>\n<li>Esprinet Iberica SLU<\/li>\n<li>V-Valley Advanced Solutions Espa\u00f1a SAU<\/li>\n<li>Zeliatech S.r.l<\/li>\n<\/ul>\n<p>Para los siguientes alcances:<\/p>\n<ul>\n<li>Venta y distribuci\u00f3n de productos (TIC, servicios cloud, electr\u00f3nica de consumo, accesorios para telefon\u00eda y multimedia, productos de tecnolog\u00eda deportiva y outdoor, productos de oficina y papeler\u00eda) y servicios inform\u00e1ticos mediante manipulaci\u00f3n, almacenamiento, embalaje y env\u00edo. Montaje e integraci\u00f3n de sistemas de plataformas hardware y software.<\/li>\n<li>Venta y distribuci\u00f3n de tecnolog\u00edas para la generaci\u00f3n y distribuci\u00f3n de electricidad (por ejemplo, paneles solares, etc.) y de instrumentos para el control del clima en hogares, oficinas o industria a trav\u00e9s de medios electr\u00f3nicos.<\/li>\n<\/ul>\n<p>Para obtener m\u00e1s informaci\u00f3n sobre el tema est\u00e1n disponibles en las siguientes direcciones:<\/p>\n<p>Para Italia:<\/p>\n<p><a href=\"mailto:qualitaesprinet@esprinet.com\">qualitaesprinet@esprinet.com<\/a><\/p>\n<p><a href=\"mailto:sicurezzambiente@esprinet.com\">sicurezzambiente@esprinet.com<\/a><\/p>\n<p>Para Espa\u00f1a y Portugal:<\/p>\n<p><a href=\"mailto:CalidadIberica@esprinet.com\">CalidadIberica@esprinet.com<\/a><\/p>\n<p><a href=\"mailto:InternalAuditIberica@esprinet.com\">InternalAuditIberica@esprinet.com<\/a><\/p>\n\t<p>La Pol\u00edtica del Grupo Esprinet se detalla en la visi\u00f3n, en la misi\u00f3n y los valores que inspiran y dirigen el comportamiento empresarial a todos los niveles, se puede descargar en el siguiente link:<\/p>\n\t<a href=\"https:\/\/statics.v-valley.com\/prod\/2025\/02\/ESLIG00001-POLITICA-EMPRESARIAL-MULTISEDE.pdf\" target=\"_self\" role=\"button\" download=\"Pol\u00edtica empresarial Grupo Esprinet\" aria-label=\"Pol\u00edtica empresarial Grupo Esprinet\">\n\t\t\t\t\t\tPol\u00edtica empresarial Grupo Esprinet\n\t\t\t\t\t<\/a>\n\t<p>Para descargar los certificados de V-Valley Advanced Solutions Espa\u00f1a:<\/p>\n\t<a href=\"https:\/\/statics.v-valley.com\/prod\/2024\/12\/Ecertificate-EMS-769475es.pdf\" target=\"_self\" role=\"button\" download=\"ISO14001\" aria-label=\"ISO14001\">\n\t\t\t\t\t\tISO14001\n\t\t\t\t\t<\/a>\n\t<a href=\"https:\/\/statics.v-valley.com\/prod\/2024\/12\/FS-769472-es.pdf\" target=\"_self\" role=\"button\" download=\" ISO 9001\" aria-label=\" ISO 9001\">\n\t\t\t\t\t\t ISO 9001\n\t\t\t\t\t<\/a>\n\t<a href=\"https:\/\/statics.v-valley.com\/prod\/2024\/12\/Ecertificate-OHS-769477es.pdf\" target=\"_self\" role=\"button\" download=\" ISO45001\" aria-label=\" ISO45001\">\n\t\t\t\t\t\t ISO45001\n\t\t\t\t\t<\/a>\n\n","protected":false},"excerpt":{"rendered":"<p>El\u00a0Grupo Esprinet\u00a0se ha comprometido con la excelencia en los sistemas de gesti\u00f3n relativos a la calidad, el medioambiente, la seguridad y la \u00e9tica, la filosof\u00eda que se une con la base para cualquier gesti\u00f3n o mejora constante, garantizando la visibilidad y el valor de mercado. La satisfacci\u00f3n completa del cliente, la utilizaci\u00f3n \u00f3ptima de los [&hellip;]<\/p>\n","protected":false},"author":6,"featured_media":0,"parent":0,"menu_order":0,"comment_status":"closed","ping_status":"closed","template":"templates\/template-generic-full-content.php","meta":{"_acf_changed":false,"_genesis_hide_title":false,"_genesis_hide_breadcrumbs":false,"_genesis_hide_singular_image":false,"_genesis_hide_footer_widgets":false,"_genesis_custom_body_class":"","_genesis_custom_post_class":"","_genesis_layout":"","footnotes":""},"class_list":{"0":"post-84012","1":"page","2":"type-page","3":"status-publish","5":"entry"},"acf":[],"_links":{"self":[{"href":"https:\/\/www.v-valley.com\/es\/wp-json\/wp\/v2\/pages\/84012","targetHints":{"allow":["GET"]}}],"collection":[{"href":"https:\/\/www.v-valley.com\/es\/wp-json\/wp\/v2\/pages"}],"about":[{"href":"https:\/\/www.v-valley.com\/es\/wp-json\/wp\/v2\/types\/page"}],"author":[{"embeddable":true,"href":"https:\/\/www.v-valley.com\/es\/wp-json\/wp\/v2\/users\/6"}],"replies":[{"embeddable":true,"href":"https:\/\/www.v-valley.com\/es\/wp-json\/wp\/v2\/comments?post=84012"}],"version-history":[{"count":5,"href":"https:\/\/www.v-valley.com\/es\/wp-json\/wp\/v2\/pages\/84012\/revisions"}],"predecessor-version":[{"id":509979,"href":"https:\/\/www.v-valley.com\/es\/wp-json\/wp\/v2\/pages\/84012\/revisions\/509979"}],"wp:attachment":[{"href":"https:\/\/www.v-valley.com\/es\/wp-json\/wp\/v2\/media?parent=84012"}],"curies":[{"name":"wp","href":"https:\/\/api.w.org\/{rel}","templated":true}]}}