{"id":83959,"date":"2023-03-08T15:42:06","date_gmt":"2023-03-08T14:42:06","guid":{"rendered":"https:\/\/www.v-valley.com\/?page_id=83959"},"modified":"2023-03-16T10:47:17","modified_gmt":"2023-03-16T09:47:17","slug":"aviso-legal","status":"publish","type":"page","link":"https:\/\/www.v-valley.com\/es\/aviso-legal\/","title":{"rendered":"Aviso legal"},"content":{"rendered":"\r\n\r\n\t<p>En cumplimiento del deber de informaci\u00f3n que establece la Ley 34\/2002, de 11 de julio, de servicios de la sociedad de la informaci\u00f3n y de comercio electr\u00f3nico, le comunicamos que el sitio web\u00a0<a href=\"https:\/\/www.v-valley.com\/es\">https:\/\/www.v-valley.com\/es<\/a>\u00a0(en adelante, el \u00ab<strong>Sitio Web<\/strong>\u00ab) est\u00e1 operado por V-Valley Advanced Solutions Espa\u00f1a, S.A.U.- inscrita en el Registro Mercantil de Madrid, al tomo 773, folio 1, hoja M-15807, NIF: A-78098308 \u00a0(en adelante,\u00a0<strong>\u00abV-Valley\u00bb<\/strong>). .<\/p>\r\n<p>El uso de este Sitio Web, as\u00ed como el uso de los servicios y\/o adquirir los productos ofertados a trav\u00e9s del mismo, implica la aceptaci\u00f3n de los T\u00e9rminos y Condiciones establecidos en este Aviso Legal, la\u00a0<a href=\"https:\/\/www.v-valley.com\/es\/politica-de-confidencialidad\/\">Pol\u00edtica de Privacidad<\/a>\u00a0y la\u00a0<a href=\"https:\/\/www.v-valley.com\/es\/politica-cookies\/\">Pol\u00edtica de Cookies<\/a>, que el usuario conoce y acepta de manera \u00edntegra y sin ning\u00fan tipo de reserva debiendo cesar en su uso inmediatamente si no acepta alguno de ellos.<\/p>\r\n<p><strong>\u00a0A.\u00a0<\/strong><strong>Contenidos y referencias a la propiedad intelectual e industrial<\/strong><\/p>\r\n<ol>\r\n<li>El contenido de este Sitio Web: estructura, ordenaci\u00f3n, textos, im\u00e1genes, sonido, documentos, bases de datos, c\u00f3digos fuente, v\u00eddeo, etc&#8230; (en adelante, el \u00ab<strong>Contenido<\/strong>\u00ab) son propiedad de V-Valley y est\u00e1 protegido por las leyes de propiedad intelectual.<\/li>\r\n<li>No est\u00e1 permitido distribuir, modificar, transmitir, reenviar, exhibir o usar el Contenido de este Sitio Web, total o parcialmente, para alguna finalidad comercial o p\u00fablica sin el permiso escrito de V-Valley.<\/li>\r\n<li>El uso no autorizado del Sitio Web o del Contenido puede violar las leyes de propiedad intelectual, propiedad industrial, derechos personales, derechos de publicidad y de comunicaci\u00f3n, ley de la competencia y otras regulaciones. V-Valley declina cualquier responsabilidad derivada de estos posibles usos no autorizados.<\/li>\r\n<li>Los nombres, marcas, y logotipos propiedad de terceros, expuestos en este Sitio Web, est\u00e1n protegidos por sus respectivas pol\u00edticas legales.<\/li>\r\n<li>V-Valley no garantiza la exactitud o exhaustividad del Contenido de este Sitio Web, y rechaza cualquier responsabilidad derivada de estas posibles irregularidades en la informaci\u00f3n.<\/li>\r\n<li>V-Valley se reserva el derecho de cambiar, ampliar, modificar los Contenidos de este Sitio Web en cualquier momento y sin previo aviso.<\/li>\r\n<\/ol>\r\n<strong><br \/>\r\nB. Responsabilidad limitada<\/strong>\r\n<ol>\r\n<li>V-Valley no se responsabiliza del uso que Ud. pueda hacer de la informaci\u00f3n y servicios disponibles en este Sitio Web, ni de posibles infracciones de derechos de terceros que puedan cometerse por personas que hagan uso de forma fraudulenta de los permisos de acceso a este Sitio Web.<\/li>\r\n<li>El inter\u00e9s de V-Valley es que este Sitio Web funcione en perfectas condiciones y cumpla la finalidad para la que ha sido creado, ampliamente descrita en el propio Sitio Web. En ning\u00fan caso V-Valley, sus suministradores o terceras empresas mencionadas en este Sitio Web ser responsabiliza de posibles anomal\u00edas en su funcionamiento (interrupciones del servicio, virus inform\u00e1ticos, sobrecargas en internet&#8230;), ni de que esta finalidad no coincida con el uso que Ud. quiere hacer de \u00e9l. Ante posibles incorrecciones o mal funcionamientos, V-Valley pondr\u00e1 su esfuerzo en su soluci\u00f3n con los m\u00e1ximos medios de que disponga, a la mayor brevedad posible.<\/li>\r\n<\/ol>\r\n<strong><br \/>\r\nC. Pol\u00edtica de privacidad y confidencialidad de datos<\/strong>\r\n<ol>\r\n<li>Revise nuestra Pol\u00edtica de privacidad para conocer al detalle los t\u00e9rminos y condiciones sobre la protecci\u00f3n de los datos almacenados en este Sitio Web.<\/li>\r\n<\/ol>\r\n<strong><br \/>\r\nD. Condiciones generales de venta<\/strong>\r\n<ol>\r\n<li>Revise nuestras Condiciones Generales de venta para conocer al detalle los t\u00e9rminos y condiciones sobre la compra y contrataci\u00f3n de productos y servicios en este Sitio Web.<\/li>\r\n<\/ol>\r\n<p>V-Valley podr\u00e1 modificar estos T\u00e9rminos y Condiciones, actualizando este Aviso Legal, por lo que se le recomienda que lo consulte con una periodicidad razonable por si se han producido cambios en los mismos. Las modificaciones que se produzcan en este Aviso Legal entran en vigencia en el mismo momento de su incorporaci\u00f3n.<\/p>\r\n<p>Si tiene cualquier duda en relaci\u00f3n a este Aviso Legal, contacte con nosotros.<\/p>\r\n\r\n","protected":false},"excerpt":{"rendered":"<p>En cumplimiento del deber de informaci\u00f3n que establece la Ley 34\/2002, de 11 de julio, de servicios de la sociedad de la informaci\u00f3n y de comercio electr\u00f3nico, le comunicamos que el sitio web\u00a0https:\/\/www.v-valley.com\/es\u00a0(en adelante, el \u00abSitio Web\u00ab) est\u00e1 operado por V-Valley Advanced Solutions Espa\u00f1a, S.A.U.- inscrita en el Registro Mercantil de Madrid, al tomo 773, [&hellip;]<\/p>\n","protected":false},"author":6,"featured_media":0,"parent":0,"menu_order":0,"comment_status":"closed","ping_status":"closed","template":"templates\/template-generic-full-content.php","meta":{"_acf_changed":false,"_genesis_hide_title":false,"_genesis_hide_breadcrumbs":false,"_genesis_hide_singular_image":false,"_genesis_hide_footer_widgets":false,"_genesis_custom_body_class":"","_genesis_custom_post_class":"","_genesis_layout":"","footnotes":""},"class_list":{"0":"post-83959","1":"page","2":"type-page","3":"status-publish","5":"entry"},"acf":[],"_links":{"self":[{"href":"https:\/\/www.v-valley.com\/es\/wp-json\/wp\/v2\/pages\/83959","targetHints":{"allow":["GET"]}}],"collection":[{"href":"https:\/\/www.v-valley.com\/es\/wp-json\/wp\/v2\/pages"}],"about":[{"href":"https:\/\/www.v-valley.com\/es\/wp-json\/wp\/v2\/types\/page"}],"author":[{"embeddable":true,"href":"https:\/\/www.v-valley.com\/es\/wp-json\/wp\/v2\/users\/6"}],"replies":[{"embeddable":true,"href":"https:\/\/www.v-valley.com\/es\/wp-json\/wp\/v2\/comments?post=83959"}],"version-history":[{"count":0,"href":"https:\/\/www.v-valley.com\/es\/wp-json\/wp\/v2\/pages\/83959\/revisions"}],"wp:attachment":[{"href":"https:\/\/www.v-valley.com\/es\/wp-json\/wp\/v2\/media?parent=83959"}],"curies":[{"name":"wp","href":"https:\/\/api.w.org\/{rel}","templated":true}]}}